{"id":7629,"date":"2020-11-23T17:24:48","date_gmt":"2020-11-23T16:24:48","guid":{"rendered":"http:\/\/meeplendice.net\/?page_id=7629"},"modified":"2020-11-23T17:36:47","modified_gmt":"2020-11-23T16:36:47","slug":"light-hunters","status":"publish","type":"page","link":"https:\/\/meeplendice.net\/?page_id=7629","title":{"rendered":"Light Hunters : Battalion of Darkness"},"content":{"rendered":"<div id=\"pl-7629\"  class=\"panel-layout\" ><div id=\"pg-7629-0\"  class=\"panel-grid panel-no-style\" ><div id=\"pgc-7629-0-0\"  class=\"panel-grid-cell\" ><div id=\"panel-7629-0-0-0\" class=\"so-panel widget widget_sow-editor panel-first-child panel-last-child\" data-index=\"0\" ><div\n\t\t\t\n\t\t\tclass=\"so-widget-sow-editor so-widget-sow-editor-base\"\n\t\t\t\n\t\t>\n<div class=\"siteorigin-widget-tinymce textwidget\">\n\t<p style=\"text-align: center;\"><strong>Nombre de joueurs :<\/strong><br \/>\n2 - 8<\/p>\n<\/div>\n<\/div><\/div><\/div><div id=\"pgc-7629-0-1\"  class=\"panel-grid-cell\" ><div id=\"panel-7629-0-1-0\" class=\"so-panel widget widget_sow-editor panel-first-child panel-last-child\" data-index=\"1\" ><div\n\t\t\t\n\t\t\tclass=\"so-widget-sow-editor so-widget-sow-editor-base\"\n\t\t\t\n\t\t>\n<div class=\"siteorigin-widget-tinymce textwidget\">\n\t<p style=\"text-align: center;\"><strong>Dur\u00e9e moyenne :<\/strong><br \/>\n15 min<\/p>\n<\/div>\n<\/div><\/div><\/div><div id=\"pgc-7629-0-2\"  class=\"panel-grid-cell\" ><div id=\"panel-7629-0-2-0\" class=\"so-panel widget widget_sow-editor panel-first-child panel-last-child\" data-index=\"2\" ><div\n\t\t\t\n\t\t\tclass=\"so-widget-sow-editor so-widget-sow-editor-base\"\n\t\t\t\n\t\t>\n<div class=\"siteorigin-widget-tinymce textwidget\">\n\t<p style=\"text-align: center;\"><strong>Age :<\/strong><br \/>\n10 ans et plus<\/p>\n<\/div>\n<\/div><\/div><\/div><\/div><div id=\"pg-7629-1\"  class=\"panel-grid panel-no-style\" ><div id=\"pgc-7629-1-0\"  class=\"panel-grid-cell\" ><div id=\"panel-7629-1-0-0\" class=\"so-panel widget widget_sow-editor panel-first-child panel-last-child\" data-index=\"3\" ><div\n\t\t\t\n\t\t\tclass=\"so-widget-sow-editor so-widget-sow-editor-base\"\n\t\t\t\n\t\t>\n<div class=\"siteorigin-widget-tinymce textwidget\">\n\t<p style=\"text-align: center;\"><strong>Auteur(s) :<br \/>\n<\/strong>Sergio Matsumoto<\/p>\n<\/div>\n<\/div><\/div><\/div><div id=\"pgc-7629-1-1\"  class=\"panel-grid-cell\" ><div id=\"panel-7629-1-1-0\" class=\"so-panel widget widget_sow-editor panel-first-child panel-last-child\" data-index=\"4\" ><div\n\t\t\t\n\t\t\tclass=\"so-widget-sow-editor so-widget-sow-editor-base\"\n\t\t\t\n\t\t>\n<div class=\"siteorigin-widget-tinymce textwidget\">\n\t<p style=\"text-align: center;\"><strong>Illustrations :<\/strong><br \/>\nManon Potier<\/p>\n<\/div>\n<\/div><\/div><\/div><div id=\"pgc-7629-1-2\"  class=\"panel-grid-cell\" ><div id=\"panel-7629-1-2-0\" class=\"so-panel widget widget_sow-editor panel-first-child panel-last-child\" data-index=\"5\" ><div\n\t\t\t\n\t\t\tclass=\"so-widget-sow-editor so-widget-sow-editor-base\"\n\t\t\t\n\t\t>\n<div class=\"siteorigin-widget-tinymce textwidget\">\n\t<p style=\"text-align: center;\"><strong>\u00c9dition :<\/strong><br \/>\nDTDA<br \/>\n2017<\/p>\n<\/div>\n<\/div><\/div><\/div><div id=\"pgc-7629-1-3\"  class=\"panel-grid-cell\" ><div id=\"panel-7629-1-3-0\" class=\"so-panel widget widget_sow-editor panel-first-child panel-last-child\" data-index=\"6\" ><div\n\t\t\t\n\t\t\tclass=\"so-widget-sow-editor so-widget-sow-editor-base\"\n\t\t\t\n\t\t>\n<div class=\"siteorigin-widget-tinymce textwidget\">\n\t<p style=\"text-align: center;\"><strong>Version :<\/strong><br \/>\nFran\u00e7aise<\/p>\n<\/div>\n<\/div><\/div><\/div><\/div><div id=\"pg-7629-2\"  class=\"panel-grid panel-no-style\" ><div id=\"pgc-7629-2-0\"  class=\"panel-grid-cell\" ><div id=\"panel-7629-2-0-0\" class=\"so-panel widget widget_sow-editor panel-first-child panel-last-child\" data-index=\"7\" ><div\n\t\t\t\n\t\t\tclass=\"so-widget-sow-editor so-widget-sow-editor-base\"\n\t\t\t\n\t\t>\n<div class=\"siteorigin-widget-tinymce textwidget\">\n\t<hr \/>\n<p>H\u00e9ros puissant du monde d'o\u00f9 tu viens, tu fus exil\u00e9 dans cette sombre for\u00eat,<br \/>\nToi qui jadis brillais parmi les tiens, tu erres dans les t\u00e9n\u00e8bres d\u00e9sormais.<br \/>\nEntour\u00e9 de criminels, tu cherches \u00e0 pr\u00e9sent ton honneur pass\u00e9,<br \/>\nAgis en v\u00e9ritable h\u00e9ros, pour reconqu\u00e9rir un jour ta libert\u00e9.<\/p>\n<p>Pour retrouver ta terre natale, tu poss\u00e8de encore un espoir.<br \/>\nAllie-toi \u00e0 d'autres h\u00e9ros, et conduis ton camp vers la gloire.<br \/>\nInvoque les Esprits de la Lumi\u00e8res, et abreuve-toi de leur \u00e9nergie.<br \/>\nAffronte ta destin\u00e9e, et d\u00e9cime le bataillon ennemis.<\/p>\n<p>Une fois victorieux, les tiens tu pourras en retrouver.<br \/>\nLoin de ta prison, les Dieux t\u2019auront finalement pardonn\u00e9.<\/p>\n<\/div>\n<\/div><\/div><\/div><\/div><div id=\"pg-7629-3\"  class=\"panel-grid panel-no-style\" ><div id=\"pgc-7629-3-0\"  class=\"panel-grid-cell\" ><div id=\"panel-7629-3-0-0\" class=\"so-panel widget widget_sow-editor panel-first-child panel-last-child\" data-index=\"8\" ><div\n\t\t\t\n\t\t\tclass=\"so-widget-sow-editor so-widget-sow-editor-base\"\n\t\t\t\n\t\t>\n<div class=\"siteorigin-widget-tinymce textwidget\">\n\t<hr \/>\n<p style=\"text-align: center;\"><strong>En vid\u00e9o<\/strong><\/p>\n<\/div>\n<\/div><\/div><\/div><\/div><div id=\"pg-7629-4\"  class=\"panel-grid panel-no-style\" ><div id=\"pgc-7629-4-0\"  class=\"panel-grid-cell\" ><div id=\"panel-7629-4-0-0\" class=\"so-panel widget widget_sow-editor panel-first-child panel-last-child\" data-index=\"9\" ><div\n\t\t\t\n\t\t\tclass=\"so-widget-sow-editor so-widget-sow-editor-base\"\n\t\t\t\n\t\t>\n<div class=\"siteorigin-widget-tinymce textwidget\">\n\t<hr \/>\n<p style=\"text-align: center;\"><strong>Pour aller plus loin<\/strong><\/p>\n<\/div>\n<\/div><\/div><\/div><\/div><\/div>","protected":false},"excerpt":{"rendered":"<p>Nombre de joueurs : 2 &#8211; 8 Dur\u00e9e moyenne : 15 min Age : 10 ans et plus Auteur(s) : Sergio Matsumoto Illustrations : Manon Potier \u00c9dition : DTDA 2017 Version : Fran\u00e7aise<\/p>\n","protected":false},"author":2,"featured_media":7132,"parent":0,"menu_order":0,"comment_status":"closed","ping_status":"closed","template":"","meta":{"footnotes":""},"class_list":["post-7629","page","type-page","status-publish","has-post-thumbnail","hentry"],"acf":[],"rttpg_featured_image_url":{"full":["https:\/\/meeplendice.net\/wp-content\/uploads\/2020\/11\/Light_Hunters.png",350,350,false],"landscape":["https:\/\/meeplendice.net\/wp-content\/uploads\/2020\/11\/Light_Hunters.png",350,350,false],"portraits":["https:\/\/meeplendice.net\/wp-content\/uploads\/2020\/11\/Light_Hunters.png",350,350,false],"thumbnail":["https:\/\/meeplendice.net\/wp-content\/uploads\/2020\/11\/Light_Hunters-150x150.png",150,150,true],"medium":["https:\/\/meeplendice.net\/wp-content\/uploads\/2020\/11\/Light_Hunters-300x300.png",300,300,true],"large":["https:\/\/meeplendice.net\/wp-content\/uploads\/2020\/11\/Light_Hunters.png",350,350,false],"ug_big":["https:\/\/meeplendice.net\/wp-content\/uploads\/2020\/11\/Light_Hunters.png",350,350,false],"1536x1536":["https:\/\/meeplendice.net\/wp-content\/uploads\/2020\/11\/Light_Hunters.png",350,350,false],"2048x2048":["https:\/\/meeplendice.net\/wp-content\/uploads\/2020\/11\/Light_Hunters.png",350,350,false],"ashe-slider-grid-thumbnail":["https:\/\/meeplendice.net\/wp-content\/uploads\/2020\/11\/Light_Hunters.png",350,350,false],"ashe-full-thumbnail":["https:\/\/meeplendice.net\/wp-content\/uploads\/2020\/11\/Light_Hunters.png",350,350,false],"ashe-grid-thumbnail":["https:\/\/meeplendice.net\/wp-content\/uploads\/2020\/11\/Light_Hunters-350x330.png",350,330,true],"ashe-list-thumbnail":["https:\/\/meeplendice.net\/wp-content\/uploads\/2020\/11\/Light_Hunters-300x300.png",300,300,true],"ashe-single-navigation":["https:\/\/meeplendice.net\/wp-content\/uploads\/2020\/11\/Light_Hunters-75x75.png",75,75,true],"mailpoet_newsletter_max":["https:\/\/meeplendice.net\/wp-content\/uploads\/2020\/11\/Light_Hunters.png",350,350,false],"rpwe-thumbnail":["https:\/\/meeplendice.net\/wp-content\/uploads\/2020\/11\/Light_Hunters-45x45.png",45,45,true],"sow-carousel-default":["https:\/\/meeplendice.net\/wp-content\/uploads\/2020\/11\/Light_Hunters-272x182.png",272,182,true],"rt_custom":["https:\/\/meeplendice.net\/wp-content\/uploads\/2020\/11\/Light_Hunters.png",350,350,false]},"rttpg_author":{"display_name":"Karnby","author_link":"https:\/\/meeplendice.net\/?author=2"},"rttpg_comment":0,"rttpg_category":null,"rttpg_excerpt":"Nombre de joueurs : 2 - 8 Dur\u00e9e moyenne : 15 min Age : 10 ans et plus Auteur(s) : Sergio Matsumoto Illustrations : Manon Potier \u00c9dition : DTDA 2017 Version : Fran\u00e7aise","_links":{"self":[{"href":"https:\/\/meeplendice.net\/index.php?rest_route=\/wp\/v2\/pages\/7629","targetHints":{"allow":["GET"]}}],"collection":[{"href":"https:\/\/meeplendice.net\/index.php?rest_route=\/wp\/v2\/pages"}],"about":[{"href":"https:\/\/meeplendice.net\/index.php?rest_route=\/wp\/v2\/types\/page"}],"author":[{"embeddable":true,"href":"https:\/\/meeplendice.net\/index.php?rest_route=\/wp\/v2\/users\/2"}],"replies":[{"embeddable":true,"href":"https:\/\/meeplendice.net\/index.php?rest_route=%2Fwp%2Fv2%2Fcomments&post=7629"}],"version-history":[{"count":5,"href":"https:\/\/meeplendice.net\/index.php?rest_route=\/wp\/v2\/pages\/7629\/revisions"}],"predecessor-version":[{"id":7634,"href":"https:\/\/meeplendice.net\/index.php?rest_route=\/wp\/v2\/pages\/7629\/revisions\/7634"}],"wp:featuredmedia":[{"embeddable":true,"href":"https:\/\/meeplendice.net\/index.php?rest_route=\/wp\/v2\/media\/7132"}],"wp:attachment":[{"href":"https:\/\/meeplendice.net\/index.php?rest_route=%2Fwp%2Fv2%2Fmedia&parent=7629"}],"curies":[{"name":"wp","href":"https:\/\/api.w.org\/{rel}","templated":true}]}}