{"id":7642,"date":"2020-11-23T18:47:59","date_gmt":"2020-11-23T17:47:59","guid":{"rendered":"http:\/\/meeplendice.net\/?page_id=7642"},"modified":"2020-11-23T18:47:59","modified_gmt":"2020-11-23T17:47:59","slug":"saline-2","status":"publish","type":"page","link":"https:\/\/meeplendice.net\/?page_id=7642","title":{"rendered":"Saline"},"content":{"rendered":"<div id=\"pl-7642\"  class=\"panel-layout\" ><div id=\"pg-7642-0\"  class=\"panel-grid panel-no-style\" ><div id=\"pgc-7642-0-0\"  class=\"panel-grid-cell\" ><div id=\"panel-7642-0-0-0\" class=\"so-panel widget widget_sow-editor panel-first-child panel-last-child\" data-index=\"0\" ><div\n\t\t\t\n\t\t\tclass=\"so-widget-sow-editor so-widget-sow-editor-base\"\n\t\t\t\n\t\t>\n<div class=\"siteorigin-widget-tinymce textwidget\">\n\t<p style=\"text-align: center;\"><strong>Nombre de joueurs :<\/strong><br \/>\n3 - 4<\/p>\n<\/div>\n<\/div><\/div><\/div><div id=\"pgc-7642-0-1\"  class=\"panel-grid-cell\" ><div id=\"panel-7642-0-1-0\" class=\"so-panel widget widget_sow-editor panel-first-child panel-last-child\" data-index=\"1\" ><div\n\t\t\t\n\t\t\tclass=\"so-widget-sow-editor so-widget-sow-editor-base\"\n\t\t\t\n\t\t>\n<div class=\"siteorigin-widget-tinymce textwidget\">\n\t<p style=\"text-align: center;\"><strong>Dur\u00e9e moyenne :<\/strong><br \/>\n40 min<\/p>\n<\/div>\n<\/div><\/div><\/div><div id=\"pgc-7642-0-2\"  class=\"panel-grid-cell\" ><div id=\"panel-7642-0-2-0\" class=\"so-panel widget widget_sow-editor panel-first-child panel-last-child\" data-index=\"2\" ><div\n\t\t\t\n\t\t\tclass=\"so-widget-sow-editor so-widget-sow-editor-base\"\n\t\t\t\n\t\t>\n<div class=\"siteorigin-widget-tinymce textwidget\">\n\t<p style=\"text-align: center;\"><strong>Age :<\/strong><br \/>\n8 ans et plus<\/p>\n<\/div>\n<\/div><\/div><\/div><\/div><div id=\"pg-7642-1\"  class=\"panel-grid panel-no-style\" ><div id=\"pgc-7642-1-0\"  class=\"panel-grid-cell\" ><div id=\"panel-7642-1-0-0\" class=\"so-panel widget widget_sow-editor panel-first-child panel-last-child\" data-index=\"3\" ><div\n\t\t\t\n\t\t\tclass=\"so-widget-sow-editor so-widget-sow-editor-base\"\n\t\t\t\n\t\t>\n<div class=\"siteorigin-widget-tinymce textwidget\">\n\t<p style=\"text-align: center;\"><strong>Auteur(s) :<br \/>\n<\/strong>Maxime Blandin<\/p>\n<\/div>\n<\/div><\/div><\/div><div id=\"pgc-7642-1-1\"  class=\"panel-grid-cell\" ><div id=\"panel-7642-1-1-0\" class=\"so-panel widget widget_sow-editor panel-first-child panel-last-child\" data-index=\"4\" ><div\n\t\t\t\n\t\t\tclass=\"so-widget-sow-editor so-widget-sow-editor-base\"\n\t\t\t\n\t\t>\n<div class=\"siteorigin-widget-tinymce textwidget\">\n\t<p style=\"text-align: center;\"><strong>Illustrations :<br \/>\n<\/strong>Ronan Pincemin<\/p>\n<\/div>\n<\/div><\/div><\/div><div id=\"pgc-7642-1-2\"  class=\"panel-grid-cell\" ><div id=\"panel-7642-1-2-0\" class=\"so-panel widget widget_sow-editor panel-first-child panel-last-child\" data-index=\"5\" ><div\n\t\t\t\n\t\t\tclass=\"so-widget-sow-editor so-widget-sow-editor-base\"\n\t\t\t\n\t\t>\n<div class=\"siteorigin-widget-tinymce textwidget\">\n\t<p style=\"text-align: center;\"><strong>\u00c9dition :<\/strong><br \/>\nCh\u00e8vre Edition<br \/>\n2020<\/p>\n<\/div>\n<\/div><\/div><\/div><div id=\"pgc-7642-1-3\"  class=\"panel-grid-cell\" ><div id=\"panel-7642-1-3-0\" class=\"so-panel widget widget_sow-editor panel-first-child panel-last-child\" data-index=\"6\" ><div\n\t\t\t\n\t\t\tclass=\"so-widget-sow-editor so-widget-sow-editor-base\"\n\t\t\t\n\t\t>\n<div class=\"siteorigin-widget-tinymce textwidget\">\n\t<p style=\"text-align: center;\"><strong>Version :<\/strong><br \/>\nFran\u00e7aise<\/p>\n<\/div>\n<\/div><\/div><\/div><\/div><div id=\"pg-7642-2\"  class=\"panel-grid panel-no-style\" ><div id=\"pgc-7642-2-0\"  class=\"panel-grid-cell\" ><div id=\"panel-7642-2-0-0\" class=\"so-panel widget widget_sow-editor panel-first-child panel-last-child\" data-index=\"7\" ><div\n\t\t\t\n\t\t\tclass=\"so-widget-sow-editor so-widget-sow-editor-base\"\n\t\t\t\n\t\t>\n<div class=\"siteorigin-widget-tinymce textwidget\">\n\t<hr \/>\n<p>Nous nous situons dans les ann\u00e9es 1770, en pleine saison estivale dans le village de Selak, en bordure de l'oc\u00e9an Atlantique. La saison salicole bat son plein et vous allez devoir travailler dur pour devenir le paludier (exploitant des marais salants) le plus prestigieux du royaume.<\/p>\n<p>Pour cela, vous devez cr\u00e9er votre saline (maris salant) en achetant des \u0153illets (bassin d'\u00e9vaporation) au march\u00e9 et en les pla\u00e7ant de mani\u00e8re judicieuse autour de votre mulon (tas de sel) pour r\u00e9aliser des objectifs.<\/p>\n<p>Tel un magicien, le paludier m\u00e9tamorphose l'eau de mer en or blanc avec la complicit\u00e9 du soleil et du vent... Mais attention aux orages qui emp\u00eachent les productions !<\/p>\n<p>G\u00e9rez votre production de seul et vendez-la au bon moment pour vous faire un maximum de liards (monnaie). Prenez garde \u00e0 la gabelle (imp\u00f4t sur le sel) qui fluctue tout au long de la partie !<\/p>\n<p>Enfin, jouez des cartes \u00e9v\u00e8nements pour am\u00e9liorer vos strat\u00e9gies.<\/p>\n<p>Saline est un jeu, parfois sournois, o\u00f9 tous les coups bas sont permis.<\/p>\n<\/div>\n<\/div><\/div><\/div><\/div><div id=\"pg-7642-3\"  class=\"panel-grid panel-no-style\" ><div id=\"pgc-7642-3-0\"  class=\"panel-grid-cell\" ><div id=\"panel-7642-3-0-0\" class=\"so-panel widget widget_sow-editor panel-first-child panel-last-child\" data-index=\"8\" ><div\n\t\t\t\n\t\t\tclass=\"so-widget-sow-editor so-widget-sow-editor-base\"\n\t\t\t\n\t\t>\n<div class=\"siteorigin-widget-tinymce textwidget\">\n\t<hr \/>\n<p style=\"text-align: center;\"><strong>En vid\u00e9o<\/strong><\/p>\n<\/div>\n<\/div><\/div><\/div><\/div><div id=\"pg-7642-4\"  class=\"panel-grid panel-no-style\" ><div id=\"pgc-7642-4-0\"  class=\"panel-grid-cell\" ><div id=\"panel-7642-4-0-0\" class=\"so-panel widget widget_sow-editor panel-first-child panel-last-child\" data-index=\"9\" ><div\n\t\t\t\n\t\t\tclass=\"so-widget-sow-editor so-widget-sow-editor-base\"\n\t\t\t\n\t\t>\n<div class=\"siteorigin-widget-tinymce textwidget\">\n\t<hr \/>\n<p style=\"text-align: center;\"><strong>Pour aller plus loin<\/strong><\/p>\n<\/div>\n<\/div><\/div><\/div><\/div><\/div>","protected":false},"excerpt":{"rendered":"<p>Nombre de joueurs : 3 &#8211; 4 Dur\u00e9e moyenne : 40 min Age : 8 ans et plus Auteur(s) : Maxime Blandin Illustrations : Ronan Pincemin \u00c9dition : Ch\u00e8vre Edition 2020 Version : Fran\u00e7aise<\/p>\n","protected":false},"author":2,"featured_media":7134,"parent":0,"menu_order":0,"comment_status":"closed","ping_status":"closed","template":"","meta":{"footnotes":""},"class_list":["post-7642","page","type-page","status-publish","has-post-thumbnail","hentry"],"acf":[],"rttpg_featured_image_url":{"full":["https:\/\/meeplendice.net\/wp-content\/uploads\/2020\/11\/Saline.png",350,350,false],"landscape":["https:\/\/meeplendice.net\/wp-content\/uploads\/2020\/11\/Saline.png",350,350,false],"portraits":["https:\/\/meeplendice.net\/wp-content\/uploads\/2020\/11\/Saline.png",350,350,false],"thumbnail":["https:\/\/meeplendice.net\/wp-content\/uploads\/2020\/11\/Saline-150x150.png",150,150,true],"medium":["https:\/\/meeplendice.net\/wp-content\/uploads\/2020\/11\/Saline-300x300.png",300,300,true],"large":["https:\/\/meeplendice.net\/wp-content\/uploads\/2020\/11\/Saline.png",350,350,false],"ug_big":["https:\/\/meeplendice.net\/wp-content\/uploads\/2020\/11\/Saline.png",350,350,false],"1536x1536":["https:\/\/meeplendice.net\/wp-content\/uploads\/2020\/11\/Saline.png",350,350,false],"2048x2048":["https:\/\/meeplendice.net\/wp-content\/uploads\/2020\/11\/Saline.png",350,350,false],"ashe-slider-grid-thumbnail":["https:\/\/meeplendice.net\/wp-content\/uploads\/2020\/11\/Saline.png",350,350,false],"ashe-full-thumbnail":["https:\/\/meeplendice.net\/wp-content\/uploads\/2020\/11\/Saline.png",350,350,false],"ashe-grid-thumbnail":["https:\/\/meeplendice.net\/wp-content\/uploads\/2020\/11\/Saline-350x330.png",350,330,true],"ashe-list-thumbnail":["https:\/\/meeplendice.net\/wp-content\/uploads\/2020\/11\/Saline-300x300.png",300,300,true],"ashe-single-navigation":["https:\/\/meeplendice.net\/wp-content\/uploads\/2020\/11\/Saline-75x75.png",75,75,true],"mailpoet_newsletter_max":["https:\/\/meeplendice.net\/wp-content\/uploads\/2020\/11\/Saline.png",350,350,false],"rpwe-thumbnail":["https:\/\/meeplendice.net\/wp-content\/uploads\/2020\/11\/Saline-45x45.png",45,45,true],"sow-carousel-default":["https:\/\/meeplendice.net\/wp-content\/uploads\/2020\/11\/Saline-272x182.png",272,182,true],"rt_custom":["https:\/\/meeplendice.net\/wp-content\/uploads\/2020\/11\/Saline.png",350,350,false]},"rttpg_author":{"display_name":"Karnby","author_link":"https:\/\/meeplendice.net\/?author=2"},"rttpg_comment":0,"rttpg_category":null,"rttpg_excerpt":"Nombre de joueurs : 3 - 4 Dur\u00e9e moyenne : 40 min Age : 8 ans et plus Auteur(s) : Maxime Blandin Illustrations : Ronan Pincemin \u00c9dition : Ch\u00e8vre Edition 2020 Version : Fran\u00e7aise","_links":{"self":[{"href":"https:\/\/meeplendice.net\/index.php?rest_route=\/wp\/v2\/pages\/7642","targetHints":{"allow":["GET"]}}],"collection":[{"href":"https:\/\/meeplendice.net\/index.php?rest_route=\/wp\/v2\/pages"}],"about":[{"href":"https:\/\/meeplendice.net\/index.php?rest_route=\/wp\/v2\/types\/page"}],"author":[{"embeddable":true,"href":"https:\/\/meeplendice.net\/index.php?rest_route=\/wp\/v2\/users\/2"}],"replies":[{"embeddable":true,"href":"https:\/\/meeplendice.net\/index.php?rest_route=%2Fwp%2Fv2%2Fcomments&post=7642"}],"version-history":[{"count":2,"href":"https:\/\/meeplendice.net\/index.php?rest_route=\/wp\/v2\/pages\/7642\/revisions"}],"predecessor-version":[{"id":7644,"href":"https:\/\/meeplendice.net\/index.php?rest_route=\/wp\/v2\/pages\/7642\/revisions\/7644"}],"wp:featuredmedia":[{"embeddable":true,"href":"https:\/\/meeplendice.net\/index.php?rest_route=\/wp\/v2\/media\/7134"}],"wp:attachment":[{"href":"https:\/\/meeplendice.net\/index.php?rest_route=%2Fwp%2Fv2%2Fmedia&parent=7642"}],"curies":[{"name":"wp","href":"https:\/\/api.w.org\/{rel}","templated":true}]}}