{"id":7650,"date":"2020-11-23T19:48:55","date_gmt":"2020-11-23T18:48:55","guid":{"rendered":"http:\/\/meeplendice.net\/?page_id=7650"},"modified":"2022-01-23T20:26:58","modified_gmt":"2022-01-23T19:26:58","slug":"the-loop","status":"publish","type":"page","link":"https:\/\/meeplendice.net\/?page_id=7650","title":{"rendered":"The Loop"},"content":{"rendered":"<div id=\"pl-7650\"  class=\"panel-layout\" ><div id=\"pg-7650-0\"  class=\"panel-grid panel-no-style\" ><div id=\"pgc-7650-0-0\"  class=\"panel-grid-cell\" ><div id=\"panel-7650-0-0-0\" class=\"so-panel widget widget_sow-editor panel-first-child panel-last-child\" data-index=\"0\" ><div\n\t\t\t\n\t\t\tclass=\"so-widget-sow-editor so-widget-sow-editor-base\"\n\t\t\t\n\t\t>\n<div class=\"siteorigin-widget-tinymce textwidget\">\n\t<p style=\"text-align: center;\"><strong>Nombre de joueurs :<\/strong><br \/>\n1 - 4<\/p>\n<\/div>\n<\/div><\/div><\/div><div id=\"pgc-7650-0-1\"  class=\"panel-grid-cell\" ><div id=\"panel-7650-0-1-0\" class=\"so-panel widget widget_sow-editor panel-first-child panel-last-child\" data-index=\"1\" ><div\n\t\t\t\n\t\t\tclass=\"so-widget-sow-editor so-widget-sow-editor-base\"\n\t\t\t\n\t\t>\n<div class=\"siteorigin-widget-tinymce textwidget\">\n\t<p style=\"text-align: center;\"><strong>Dur\u00e9e moyenne :<\/strong><br \/>\n60 min<\/p>\n<\/div>\n<\/div><\/div><\/div><div id=\"pgc-7650-0-2\"  class=\"panel-grid-cell\" ><div id=\"panel-7650-0-2-0\" class=\"so-panel widget widget_sow-editor panel-first-child panel-last-child\" data-index=\"2\" ><div\n\t\t\t\n\t\t\tclass=\"so-widget-sow-editor so-widget-sow-editor-base\"\n\t\t\t\n\t\t>\n<div class=\"siteorigin-widget-tinymce textwidget\">\n\t<p style=\"text-align: center;\"><strong>Age :<\/strong><br \/>\n12 ans et plus<\/p>\n<\/div>\n<\/div><\/div><\/div><\/div><div id=\"pg-7650-1\"  class=\"panel-grid panel-no-style\" ><div id=\"pgc-7650-1-0\"  class=\"panel-grid-cell\" ><div id=\"panel-7650-1-0-0\" class=\"so-panel widget widget_sow-editor panel-first-child panel-last-child\" data-index=\"3\" ><div\n\t\t\t\n\t\t\tclass=\"so-widget-sow-editor so-widget-sow-editor-base\"\n\t\t\t\n\t\t>\n<div class=\"siteorigin-widget-tinymce textwidget\">\n\t<p style=\"text-align: center;\"><strong>Auteur(s) :<br \/>\n<\/strong>Th\u00e9o Rivi\u00e8re<br \/>\nMaxime Rambourg<\/p>\n<\/div>\n<\/div><\/div><\/div><div id=\"pgc-7650-1-1\"  class=\"panel-grid-cell\" ><div id=\"panel-7650-1-1-0\" class=\"so-panel widget widget_sow-editor panel-first-child panel-last-child\" data-index=\"4\" ><div\n\t\t\t\n\t\t\tclass=\"so-widget-sow-editor so-widget-sow-editor-base\"\n\t\t\t\n\t\t>\n<div class=\"siteorigin-widget-tinymce textwidget\">\n\t<p style=\"text-align: center;\"><strong>Illustrations :<\/strong><br \/>\nSimon Caruso<\/p>\n<\/div>\n<\/div><\/div><\/div><div id=\"pgc-7650-1-2\"  class=\"panel-grid-cell\" ><div id=\"panel-7650-1-2-0\" class=\"so-panel widget widget_sow-editor panel-first-child panel-last-child\" data-index=\"5\" ><div\n\t\t\t\n\t\t\tclass=\"so-widget-sow-editor so-widget-sow-editor-base\"\n\t\t\t\n\t\t>\n<div class=\"siteorigin-widget-tinymce textwidget\">\n\t<p style=\"text-align: center;\"><strong>\u00c9dition :<\/strong><br \/>\nCatch Up Games<br \/>\n2020<\/p>\n<\/div>\n<\/div><\/div><\/div><div id=\"pgc-7650-1-3\"  class=\"panel-grid-cell\" ><div id=\"panel-7650-1-3-0\" class=\"so-panel widget widget_sow-editor panel-first-child panel-last-child\" data-index=\"6\" ><div\n\t\t\t\n\t\t\tclass=\"so-widget-sow-editor so-widget-sow-editor-base\"\n\t\t\t\n\t\t>\n<div class=\"siteorigin-widget-tinymce textwidget\">\n\t<p style=\"text-align: center;\"><strong>Version :<\/strong><br \/>\nFran\u00e7aise<\/p>\n<\/div>\n<\/div><\/div><\/div><\/div><div id=\"pg-7650-2\"  class=\"panel-grid panel-no-style\" ><div id=\"pgc-7650-2-0\"  class=\"panel-grid-cell\" ><div id=\"panel-7650-2-0-0\" class=\"so-panel widget widget_sow-editor panel-first-child panel-last-child\" data-index=\"7\" ><div\n\t\t\t\n\t\t\tclass=\"so-widget-sow-editor so-widget-sow-editor-base\"\n\t\t\t\n\t\t>\n<div class=\"siteorigin-widget-tinymce textwidget\">\n\t<hr \/>\n<div>\n<p><strong>Le Docteur Foo cherche \u00e0 devenir le ma\u00eetre du monde !<\/strong><\/p>\n<p>Pour y parvenir, il met au point une machine \u00e0 voyager dans le temps. Gr\u00e2ce \u00e0 cela, il place des clones de lui-m\u00eame \u00e0 travers le temps uniquement \u00e0 des postes essentiels, en tant que roi ou personne influente dans le pass\u00e9. \u00c0 vous, les voyageurs du temps, d\u2019emp\u00eacher le Docteur Foo de mener \u00e0 bien son plan de contr\u00f4le du monde.<\/p>\n<\/div>\n<div><\/div>\n<div>Derri\u00e8re son th\u00e8me d\u00e9cal\u00e9, The LOOP est un jeu coop\u00e9ratif plein de challenge, qui vous oppose au mal\u00e9fique Docteur Foo \u00e0 travers 4 modes de jeu, tous diff\u00e9rents et rejouables. A chaque tour, le Dr Foo cr\u00e9e de nouveaux clones de lui-m\u00eame et vous oblige \u00e0 jeter des failles spatio-temporelles \u00e0 l\u2019int\u00e9rieur de sa Machine temporelle pour les r\u00e9partir dans l\u2019Espace-Temps. Tirez le meilleur parti des cartes Artefact et du pouvoir unique de votre Agent Temporel pour le combattre. R\u00e9cup\u00e9rez de nouvelles cartes surpuissantes pour am\u00e9liorer votre Agent. En choisissant bien leur Dimension et leur effet, vous pourrez r\u00e9utiliser vos cartes plusieurs fois dans des encha\u00eenements impressionnants, gr\u00e2ce au LOOP. Faites preuve d\u2019esprit d\u2019\u00e9quipe pour \u00e9viter les Vortex et vaincre le Dr Foo avant que l\u2019Univers soit d\u00e9truit.<\/div>\n<\/div>\n<\/div><\/div><\/div><\/div><div id=\"pg-7650-3\"  class=\"panel-grid panel-no-style\" ><div id=\"pgc-7650-3-0\"  class=\"panel-grid-cell\" ><div id=\"panel-7650-3-0-0\" class=\"so-panel widget widget_sow-editor panel-first-child panel-last-child\" data-index=\"8\" ><div\n\t\t\t\n\t\t\tclass=\"so-widget-sow-editor so-widget-sow-editor-base\"\n\t\t\t\n\t\t>\n<div class=\"siteorigin-widget-tinymce textwidget\">\n\t<hr \/>\n<h3 style=\"text-align: center;\">En vid\u00e9o<\/h3>\n<\/div>\n<\/div><\/div><\/div><\/div><div id=\"pg-7650-4\"  class=\"panel-grid panel-no-style\" ><div id=\"pgc-7650-4-0\"  class=\"panel-grid-cell\" ><div id=\"panel-7650-4-0-0\" class=\"so-panel widget widget_sow-editor panel-first-child panel-last-child\" data-index=\"9\" ><div\n\t\t\t\n\t\t\tclass=\"so-widget-sow-editor so-widget-sow-editor-base\"\n\t\t\t\n\t\t>\n<div class=\"siteorigin-widget-tinymce textwidget\">\n\t<hr \/>\n<h3 style=\"text-align: center;\">Extension(s)<\/h3>\n<p style=\"text-align: center;\"><style type='text\/css' media='all'>#rt-tpg-container-3806910397 .read-more a{border-radius:px;}#rt-tpg-container-3806910397 .rt-img-holder img.rt-img-responsive,#rt-tpg-container-3806910397 .rt-img-holder,\n\t\t\t\t\t#rt-tpg-container-3806910397 .rt-post-overlay .post-img,\n\t\t\t\t\t#rt-tpg-container-3806910397 .post-sm .post-img,\n\t\t\t\t\t#rt-tpg-container-3806910397 .rt-post-grid .post-img,\n\t\t\t\t\t#rt-tpg-container-3806910397 .post-img img {border-radius:px;}#rt-tpg-container-3806910397 .layout9 .rt-holder h2.entry-title,\n\t\t\t\t\t#rt-tpg-container-3806910397 .layout9 .rt-holder h3.entry-title,\n\t\t\t\t\t#rt-tpg-container-3806910397 .layout9 .rt-holder h4.entry-title,\n\t\t\t\t\t#rt-tpg-container-3806910397 .layout9 .rt-holder h2.entry-title a,\n\t\t\t\t\t#rt-tpg-container-3806910397 .layout9 .rt-holder h3.entry-title a,\n\t\t\t\t\t#rt-tpg-container-3806910397 .layout9 .rt-holder h4.entry-title a,\n\t\t\t\t\t#rt-tpg-container-3806910397 .rt-holder .rt-woo-info h2 a,\n\t\t\t\t\t#rt-tpg-container-3806910397 .rt-holder .rt-woo-info h3 a,\n\t\t\t\t\t#rt-tpg-container-3806910397 .rt-holder .rt-woo-info h4 a,\n\t\t\t\t\t#rt-tpg-container-3806910397 .post-content .post-title,\n\t\t\t\t\t#rt-tpg-container-3806910397 .rt-post-grid .post-title,\n\t\t\t\t\t#rt-tpg-container-3806910397 .rt-post-grid .post-title a,\n\t\t\t\t\t#rt-tpg-container-3806910397 .post-content .post-title a,\n\t\t\t\t\t#rt-tpg-container-3806910397 .rt-holder .rt-woo-info h2,\n\t\t\t\t\t#rt-tpg-container-3806910397 .rt-holder .rt-woo-info h3,\n\t\t\t\t\t#rt-tpg-container-3806910397 .rt-holder .rt-woo-info h4{font-size:16px;line-height:26px;font-weight:normal;text-align:center;}#rt-tpg-container-3806910397 .post-grid-lg-style-1 .post-title,\n\t\t\t\t\t\t#rt-tpg-container-3806910397 .post-grid-lg-style-1 .post-title a,\n\t\t\t\t\t\t#rt-tpg-container-3806910397 .big-layout .post-title,\n\t\t\t\t\t\t#rt-tpg-container-3806910397 .big-layout .post-title a,\n\t\t\t\t\t\t#rt-tpg-container-3806910397 .post-grid-lg-style-1 .post-title,\n\t\t\t\t\t\t#rt-tpg-container-3806910397 .post-grid-lg-style-1 .post-title a {font-size:24px;line-height:34px;}<\/style><div class='rt-container-fluid rt-tpg-container tpg-shortcode-main-wrapper ' id='rt-tpg-container-3806910397'   data-layout='layout9' data-grid-style='even' data-desktop-col='3'  data-tab-col='2'  data-mobile-col='1' data-sc-id='9422'><div data-title='Loading ...' class='rt-row rt-content-loader   layout9 tpg-even '><div class=\"rt-col-md-4 rt-col-sm-6 rt-col-xs-12 even-grid-item rt-grid-item img_zoom_in\" data-id=\"9424\"><div class=\"rt-holder\"><div class='overlay'><a data-id='9424' class=' tpg-single-popup' href='https:\/\/meeplendice.net\/?page_id=9424'><img loading=\"lazy\" decoding=\"async\" width=\"350\" height=\"350\" src=\"https:\/\/meeplendice.net\/wp-content\/uploads\/2022\/01\/Loop_Foozilla.png\" class=\"rt-img-responsive \" alt=\"\" \/><\/a><\/div><div class='post-info'><h3 class=\"entry-title\"><a data-id=\"9424\" class=\" tpg-single-popup\" href=\"https:\/\/meeplendice.net\/?page_id=9424\">La Revanche de Floozilla !<\/a><\/h3><div class='post-meta-user '><\/div><\/div><\/div><\/div><div class=\"rt-col-md-4 rt-col-sm-6 rt-col-xs-12 even-grid-item rt-grid-item img_zoom_in\" data-id=\"10576\"><div class=\"rt-holder\"><div class='overlay'><a data-id='10576' class=' tpg-single-popup' href='https:\/\/meeplendice.net\/?page_id=10576'><img loading=\"lazy\" decoding=\"async\" width=\"350\" height=\"350\" src=\"https:\/\/meeplendice.net\/wp-content\/uploads\/2023\/02\/Loop_Brigade.png\" class=\"rt-img-responsive \" alt=\"\" \/><\/a><\/div><div class='post-info'><h3 class=\"entry-title\"><a data-id=\"10576\" class=\" tpg-single-popup\" href=\"https:\/\/meeplendice.net\/?page_id=10576\">Brigade \u00e0 Poils<\/a><\/h3><div class='post-meta-user '><\/div><\/div><\/div><\/div><\/div><div class='rt-pagination-wrap' data-total-pages='1' data-posts-per-page='3' data-type='pagination_ajax'  ><div class='rt-page-numbers'><\/div><\/div><\/div><\/p>\n<\/div>\n<\/div><\/div><\/div><\/div><div id=\"pg-7650-5\"  class=\"panel-grid panel-no-style\" ><div id=\"pgc-7650-5-0\"  class=\"panel-grid-cell\" ><div id=\"panel-7650-5-0-0\" class=\"so-panel widget widget_sow-editor panel-first-child panel-last-child\" data-index=\"10\" ><div\n\t\t\t\n\t\t\tclass=\"so-widget-sow-editor so-widget-sow-editor-base\"\n\t\t\t\n\t\t>\n<div class=\"siteorigin-widget-tinymce textwidget\">\n\t<hr \/>\n<h3 style=\"text-align: center;\">Pour aller plus loin<\/h3>\n<\/div>\n<\/div><\/div><\/div><\/div><\/div>","protected":false},"excerpt":{"rendered":"<p>Nombre de joueurs : 1 &#8211; 4 Dur\u00e9e moyenne : 60 min Age : 12 ans et plus Auteur(s) : Th\u00e9o Rivi\u00e8re Maxime Rambourg Illustrations : Simon Caruso \u00c9dition : Catch Up Games 2020 Version : Fran\u00e7aise<\/p>\n","protected":false},"author":2,"featured_media":7133,"parent":0,"menu_order":0,"comment_status":"closed","ping_status":"closed","template":"","meta":{"footnotes":""},"class_list":["post-7650","page","type-page","status-publish","has-post-thumbnail","hentry"],"acf":[],"rttpg_featured_image_url":{"full":["https:\/\/meeplendice.net\/wp-content\/uploads\/2020\/11\/The_Loop.png",350,350,false],"landscape":["https:\/\/meeplendice.net\/wp-content\/uploads\/2020\/11\/The_Loop.png",350,350,false],"portraits":["https:\/\/meeplendice.net\/wp-content\/uploads\/2020\/11\/The_Loop.png",350,350,false],"thumbnail":["https:\/\/meeplendice.net\/wp-content\/uploads\/2020\/11\/The_Loop-150x150.png",150,150,true],"medium":["https:\/\/meeplendice.net\/wp-content\/uploads\/2020\/11\/The_Loop-300x300.png",300,300,true],"large":["https:\/\/meeplendice.net\/wp-content\/uploads\/2020\/11\/The_Loop.png",350,350,false],"ug_big":["https:\/\/meeplendice.net\/wp-content\/uploads\/2020\/11\/The_Loop.png",350,350,false],"1536x1536":["https:\/\/meeplendice.net\/wp-content\/uploads\/2020\/11\/The_Loop.png",350,350,false],"2048x2048":["https:\/\/meeplendice.net\/wp-content\/uploads\/2020\/11\/The_Loop.png",350,350,false],"ashe-slider-grid-thumbnail":["https:\/\/meeplendice.net\/wp-content\/uploads\/2020\/11\/The_Loop.png",350,350,false],"ashe-full-thumbnail":["https:\/\/meeplendice.net\/wp-content\/uploads\/2020\/11\/The_Loop.png",350,350,false],"ashe-grid-thumbnail":["https:\/\/meeplendice.net\/wp-content\/uploads\/2020\/11\/The_Loop-350x330.png",350,330,true],"ashe-list-thumbnail":["https:\/\/meeplendice.net\/wp-content\/uploads\/2020\/11\/The_Loop-300x300.png",300,300,true],"ashe-single-navigation":["https:\/\/meeplendice.net\/wp-content\/uploads\/2020\/11\/The_Loop-75x75.png",75,75,true],"mailpoet_newsletter_max":["https:\/\/meeplendice.net\/wp-content\/uploads\/2020\/11\/The_Loop.png",350,350,false],"rpwe-thumbnail":["https:\/\/meeplendice.net\/wp-content\/uploads\/2020\/11\/The_Loop-45x45.png",45,45,true],"sow-carousel-default":["https:\/\/meeplendice.net\/wp-content\/uploads\/2020\/11\/The_Loop-272x182.png",272,182,true],"rt_custom":["https:\/\/meeplendice.net\/wp-content\/uploads\/2020\/11\/The_Loop.png",350,350,false]},"rttpg_author":{"display_name":"Karnby","author_link":"https:\/\/meeplendice.net\/?author=2"},"rttpg_comment":0,"rttpg_category":null,"rttpg_excerpt":"Nombre de joueurs : 1 - 4 Dur\u00e9e moyenne : 60 min Age : 12 ans et plus Auteur(s) : Th\u00e9o Rivi\u00e8re Maxime Rambourg Illustrations : Simon Caruso \u00c9dition : Catch Up Games 2020 Version : Fran\u00e7aise","_links":{"self":[{"href":"https:\/\/meeplendice.net\/index.php?rest_route=\/wp\/v2\/pages\/7650","targetHints":{"allow":["GET"]}}],"collection":[{"href":"https:\/\/meeplendice.net\/index.php?rest_route=\/wp\/v2\/pages"}],"about":[{"href":"https:\/\/meeplendice.net\/index.php?rest_route=\/wp\/v2\/types\/page"}],"author":[{"embeddable":true,"href":"https:\/\/meeplendice.net\/index.php?rest_route=\/wp\/v2\/users\/2"}],"replies":[{"embeddable":true,"href":"https:\/\/meeplendice.net\/index.php?rest_route=%2Fwp%2Fv2%2Fcomments&post=7650"}],"version-history":[{"count":5,"href":"https:\/\/meeplendice.net\/index.php?rest_route=\/wp\/v2\/pages\/7650\/revisions"}],"predecessor-version":[{"id":7654,"href":"https:\/\/meeplendice.net\/index.php?rest_route=\/wp\/v2\/pages\/7650\/revisions\/7654"}],"wp:featuredmedia":[{"embeddable":true,"href":"https:\/\/meeplendice.net\/index.php?rest_route=\/wp\/v2\/media\/7133"}],"wp:attachment":[{"href":"https:\/\/meeplendice.net\/index.php?rest_route=%2Fwp%2Fv2%2Fmedia&parent=7650"}],"curies":[{"name":"wp","href":"https:\/\/api.w.org\/{rel}","templated":true}]}}