{"id":7657,"date":"2020-11-24T14:22:39","date_gmt":"2020-11-24T13:22:39","guid":{"rendered":"http:\/\/meeplendice.net\/?page_id=7657"},"modified":"2020-11-24T14:55:15","modified_gmt":"2020-11-24T13:55:15","slug":"sanctuary","status":"publish","type":"page","link":"https:\/\/meeplendice.net\/?page_id=7657","title":{"rendered":"Sanctuary"},"content":{"rendered":"<p><em>Vous n&rsquo;\u00eates pas les seuls&#8230; Ni les premiers a explorer Artemia !<br \/>\n<\/em><\/p>\n<p><em>Secourez les autres survivants du crash et fortifiez la ville de Sanctuary pour vous abriter d&rsquo;une Cr\u00e9ature en pleine \u00e9volution.<\/em><\/p>\n<p>Sanctuary propose aux Traqu\u00e9s une condition de victoire alternative et introduit de nouvelles cartes qui personnalisent la Cr\u00e9ature et les Traqu\u00e9s.<\/p>\n<p><span id=\"result_box\" class=\"\" lang=\"fr\"><span class=\"\">\u00a0<\/span><\/span><\/p>\n","protected":false},"excerpt":{"rendered":"<p>Vous n&rsquo;\u00eates pas les seuls&#8230; Ni les premiers a explorer Artemia ! Secourez les autres survivants du crash et fortifiez la ville de Sanctuary pour vous abriter d&rsquo;une Cr\u00e9ature en pleine \u00e9volution. Sanctuary propose aux Traqu\u00e9s une condition de victoire alternative et introduit de nouvelles cartes qui personnalisent la Cr\u00e9ature et les Traqu\u00e9s. \u00a0<\/p>\n","protected":false},"author":2,"featured_media":7143,"parent":2242,"menu_order":2,"comment_status":"closed","ping_status":"closed","template":"","meta":{"footnotes":""},"class_list":["post-7657","page","type-page","status-publish","has-post-thumbnail","hentry"],"acf":[],"rttpg_featured_image_url":{"full":["https:\/\/meeplendice.net\/wp-content\/uploads\/2020\/11\/Notalone_sanctuary.png",350,350,false],"landscape":["https:\/\/meeplendice.net\/wp-content\/uploads\/2020\/11\/Notalone_sanctuary.png",350,350,false],"portraits":["https:\/\/meeplendice.net\/wp-content\/uploads\/2020\/11\/Notalone_sanctuary.png",350,350,false],"thumbnail":["https:\/\/meeplendice.net\/wp-content\/uploads\/2020\/11\/Notalone_sanctuary-150x150.png",150,150,true],"medium":["https:\/\/meeplendice.net\/wp-content\/uploads\/2020\/11\/Notalone_sanctuary-300x300.png",300,300,true],"large":["https:\/\/meeplendice.net\/wp-content\/uploads\/2020\/11\/Notalone_sanctuary.png",350,350,false],"ug_big":["https:\/\/meeplendice.net\/wp-content\/uploads\/2020\/11\/Notalone_sanctuary.png",350,350,false],"1536x1536":["https:\/\/meeplendice.net\/wp-content\/uploads\/2020\/11\/Notalone_sanctuary.png",350,350,false],"2048x2048":["https:\/\/meeplendice.net\/wp-content\/uploads\/2020\/11\/Notalone_sanctuary.png",350,350,false],"ashe-slider-grid-thumbnail":["https:\/\/meeplendice.net\/wp-content\/uploads\/2020\/11\/Notalone_sanctuary.png",350,350,false],"ashe-full-thumbnail":["https:\/\/meeplendice.net\/wp-content\/uploads\/2020\/11\/Notalone_sanctuary.png",350,350,false],"ashe-grid-thumbnail":["https:\/\/meeplendice.net\/wp-content\/uploads\/2020\/11\/Notalone_sanctuary-350x330.png",350,330,true],"ashe-list-thumbnail":["https:\/\/meeplendice.net\/wp-content\/uploads\/2020\/11\/Notalone_sanctuary-300x300.png",300,300,true],"ashe-single-navigation":["https:\/\/meeplendice.net\/wp-content\/uploads\/2020\/11\/Notalone_sanctuary-75x75.png",75,75,true],"mailpoet_newsletter_max":["https:\/\/meeplendice.net\/wp-content\/uploads\/2020\/11\/Notalone_sanctuary.png",350,350,false],"rpwe-thumbnail":["https:\/\/meeplendice.net\/wp-content\/uploads\/2020\/11\/Notalone_sanctuary-45x45.png",45,45,true],"sow-carousel-default":["https:\/\/meeplendice.net\/wp-content\/uploads\/2020\/11\/Notalone_sanctuary-272x182.png",272,182,true],"rt_custom":["https:\/\/meeplendice.net\/wp-content\/uploads\/2020\/11\/Notalone_sanctuary.png",350,350,false]},"rttpg_author":{"display_name":"Karnby","author_link":"https:\/\/meeplendice.net\/?author=2"},"rttpg_comment":0,"rttpg_category":null,"rttpg_excerpt":"Vous n&rsquo;\u00eates pas les seuls&#8230; Ni les premiers a explorer Artemia ! Secourez les autres survivants du crash et fortifiez la ville de Sanctuary pour vous abriter d&rsquo;une Cr\u00e9ature en pleine \u00e9volution. Sanctuary propose aux Traqu\u00e9s une condition de victoire alternative et introduit de nouvelles cartes qui personnalisent la Cr\u00e9ature et les Traqu\u00e9s. \u00a0","_links":{"self":[{"href":"https:\/\/meeplendice.net\/index.php?rest_route=\/wp\/v2\/pages\/7657","targetHints":{"allow":["GET"]}}],"collection":[{"href":"https:\/\/meeplendice.net\/index.php?rest_route=\/wp\/v2\/pages"}],"about":[{"href":"https:\/\/meeplendice.net\/index.php?rest_route=\/wp\/v2\/types\/page"}],"author":[{"embeddable":true,"href":"https:\/\/meeplendice.net\/index.php?rest_route=\/wp\/v2\/users\/2"}],"replies":[{"embeddable":true,"href":"https:\/\/meeplendice.net\/index.php?rest_route=%2Fwp%2Fv2%2Fcomments&post=7657"}],"version-history":[{"count":1,"href":"https:\/\/meeplendice.net\/index.php?rest_route=\/wp\/v2\/pages\/7657\/revisions"}],"predecessor-version":[{"id":7658,"href":"https:\/\/meeplendice.net\/index.php?rest_route=\/wp\/v2\/pages\/7657\/revisions\/7658"}],"up":[{"embeddable":true,"href":"https:\/\/meeplendice.net\/index.php?rest_route=\/wp\/v2\/pages\/2242"}],"wp:featuredmedia":[{"embeddable":true,"href":"https:\/\/meeplendice.net\/index.php?rest_route=\/wp\/v2\/media\/7143"}],"wp:attachment":[{"href":"https:\/\/meeplendice.net\/index.php?rest_route=%2Fwp%2Fv2%2Fmedia&parent=7657"}],"curies":[{"name":"wp","href":"https:\/\/api.w.org\/{rel}","templated":true}]}}