{"id":7659,"date":"2020-11-24T14:36:11","date_gmt":"2020-11-24T13:36:11","guid":{"rendered":"http:\/\/meeplendice.net\/?page_id=7659"},"modified":"2020-11-24T14:54:51","modified_gmt":"2020-11-24T13:54:51","slug":"yin-yang","status":"publish","type":"page","link":"https:\/\/meeplendice.net\/?page_id=7659","title":{"rendered":"Yin Yang"},"content":{"rendered":"<p>Plus d&rsquo;interaction et une rejouabilit\u00e9 d\u00e9cupl\u00e9e, gr\u00e2ce \u00e0 4 modules combinables \u00e0 souhait !<\/p>\n<ol>\n<li>De nouvelle \u00e9nergies aux pouvoirs diff\u00e9rents<\/li>\n<li>Des capacit\u00e9s sp\u00e9ciales<\/li>\n<li>Une course aux objectifs<\/li>\n<li>Des bonus d&rsquo;harmonisation<\/li>\n<\/ol>\n<p><span id=\"result_box\" class=\"\" lang=\"fr\"><span class=\"\">\u00a0<\/span><\/span><\/p>\n","protected":false},"excerpt":{"rendered":"<p>Plus d&rsquo;interaction et une rejouabilit\u00e9 d\u00e9cupl\u00e9e, gr\u00e2ce \u00e0 4 modules combinables \u00e0 souhait ! De nouvelle \u00e9nergies aux pouvoirs diff\u00e9rents Des capacit\u00e9s sp\u00e9ciales Une course aux objectifs Des bonus d&rsquo;harmonisation \u00a0<\/p>\n","protected":false},"author":2,"featured_media":7142,"parent":5007,"menu_order":1,"comment_status":"closed","ping_status":"closed","template":"","meta":{"footnotes":""},"class_list":["post-7659","page","type-page","status-publish","has-post-thumbnail","hentry"],"acf":[],"rttpg_featured_image_url":{"full":["https:\/\/meeplendice.net\/wp-content\/uploads\/2020\/11\/Chakra_YingYang.png",350,350,false],"landscape":["https:\/\/meeplendice.net\/wp-content\/uploads\/2020\/11\/Chakra_YingYang.png",350,350,false],"portraits":["https:\/\/meeplendice.net\/wp-content\/uploads\/2020\/11\/Chakra_YingYang.png",350,350,false],"thumbnail":["https:\/\/meeplendice.net\/wp-content\/uploads\/2020\/11\/Chakra_YingYang-150x150.png",150,150,true],"medium":["https:\/\/meeplendice.net\/wp-content\/uploads\/2020\/11\/Chakra_YingYang-300x300.png",300,300,true],"large":["https:\/\/meeplendice.net\/wp-content\/uploads\/2020\/11\/Chakra_YingYang.png",350,350,false],"ug_big":["https:\/\/meeplendice.net\/wp-content\/uploads\/2020\/11\/Chakra_YingYang.png",350,350,false],"1536x1536":["https:\/\/meeplendice.net\/wp-content\/uploads\/2020\/11\/Chakra_YingYang.png",350,350,false],"2048x2048":["https:\/\/meeplendice.net\/wp-content\/uploads\/2020\/11\/Chakra_YingYang.png",350,350,false],"ashe-slider-grid-thumbnail":["https:\/\/meeplendice.net\/wp-content\/uploads\/2020\/11\/Chakra_YingYang.png",350,350,false],"ashe-full-thumbnail":["https:\/\/meeplendice.net\/wp-content\/uploads\/2020\/11\/Chakra_YingYang.png",350,350,false],"ashe-grid-thumbnail":["https:\/\/meeplendice.net\/wp-content\/uploads\/2020\/11\/Chakra_YingYang-350x330.png",350,330,true],"ashe-list-thumbnail":["https:\/\/meeplendice.net\/wp-content\/uploads\/2020\/11\/Chakra_YingYang-300x300.png",300,300,true],"ashe-single-navigation":["https:\/\/meeplendice.net\/wp-content\/uploads\/2020\/11\/Chakra_YingYang-75x75.png",75,75,true],"mailpoet_newsletter_max":["https:\/\/meeplendice.net\/wp-content\/uploads\/2020\/11\/Chakra_YingYang.png",350,350,false],"rpwe-thumbnail":["https:\/\/meeplendice.net\/wp-content\/uploads\/2020\/11\/Chakra_YingYang-45x45.png",45,45,true],"sow-carousel-default":["https:\/\/meeplendice.net\/wp-content\/uploads\/2020\/11\/Chakra_YingYang-272x182.png",272,182,true],"rt_custom":["https:\/\/meeplendice.net\/wp-content\/uploads\/2020\/11\/Chakra_YingYang.png",350,350,false]},"rttpg_author":{"display_name":"Karnby","author_link":"https:\/\/meeplendice.net\/?author=2"},"rttpg_comment":0,"rttpg_category":null,"rttpg_excerpt":"Plus d&rsquo;interaction et une rejouabilit\u00e9 d\u00e9cupl\u00e9e, gr\u00e2ce \u00e0 4 modules combinables \u00e0 souhait ! De nouvelle \u00e9nergies aux pouvoirs diff\u00e9rents Des capacit\u00e9s sp\u00e9ciales Une course aux objectifs Des bonus d&rsquo;harmonisation \u00a0","_links":{"self":[{"href":"https:\/\/meeplendice.net\/index.php?rest_route=\/wp\/v2\/pages\/7659","targetHints":{"allow":["GET"]}}],"collection":[{"href":"https:\/\/meeplendice.net\/index.php?rest_route=\/wp\/v2\/pages"}],"about":[{"href":"https:\/\/meeplendice.net\/index.php?rest_route=\/wp\/v2\/types\/page"}],"author":[{"embeddable":true,"href":"https:\/\/meeplendice.net\/index.php?rest_route=\/wp\/v2\/users\/2"}],"replies":[{"embeddable":true,"href":"https:\/\/meeplendice.net\/index.php?rest_route=%2Fwp%2Fv2%2Fcomments&post=7659"}],"version-history":[{"count":1,"href":"https:\/\/meeplendice.net\/index.php?rest_route=\/wp\/v2\/pages\/7659\/revisions"}],"predecessor-version":[{"id":7660,"href":"https:\/\/meeplendice.net\/index.php?rest_route=\/wp\/v2\/pages\/7659\/revisions\/7660"}],"up":[{"embeddable":true,"href":"https:\/\/meeplendice.net\/index.php?rest_route=\/wp\/v2\/pages\/5007"}],"wp:featuredmedia":[{"embeddable":true,"href":"https:\/\/meeplendice.net\/index.php?rest_route=\/wp\/v2\/media\/7142"}],"wp:attachment":[{"href":"https:\/\/meeplendice.net\/index.php?rest_route=%2Fwp%2Fv2%2Fmedia&parent=7659"}],"curies":[{"name":"wp","href":"https:\/\/api.w.org\/{rel}","templated":true}]}}