{"id":7664,"date":"2020-11-24T14:56:28","date_gmt":"2020-11-24T13:56:28","guid":{"rendered":"http:\/\/meeplendice.net\/?page_id=7664"},"modified":"2022-05-24T16:17:40","modified_gmt":"2022-05-24T15:17:40","slug":"derniers-arrivants","status":"publish","type":"page","link":"https:\/\/meeplendice.net\/?page_id=7664","title":{"rendered":"Derniers arrivants"},"content":{"rendered":"<p>Cette extension comprend 2 nouveaux bateaux de joueurs vous permettant de jouer jusqu\u2019\u00e0 6 personnes.<br \/>\nDu contenu suppl\u00e9mentaire avec plus de chats, de bateaux et de modules, vous pouvez d\u00e9sormais profiter encore plus d\u2019options tout en jouant \u00e0 l\u2019\u00eele des Chats !<\/p>\n","protected":false},"excerpt":{"rendered":"<p>Cette extension comprend 2 nouveaux bateaux de joueurs vous permettant de jouer jusqu\u2019\u00e0 6 personnes. Du contenu suppl\u00e9mentaire avec plus de chats, de bateaux et de modules, vous pouvez d\u00e9sormais profiter encore plus d\u2019options tout en jouant \u00e0 l\u2019\u00eele des Chats !<\/p>\n","protected":false},"author":2,"featured_media":9768,"parent":7024,"menu_order":1,"comment_status":"closed","ping_status":"closed","template":"","meta":{"footnotes":""},"class_list":["post-7664","page","type-page","status-publish","has-post-thumbnail","hentry"],"acf":[],"rttpg_featured_image_url":{"full":["https:\/\/meeplendice.net\/wp-content\/uploads\/2022\/05\/IDC_Derniers_arrivants.png",350,350,false],"landscape":["https:\/\/meeplendice.net\/wp-content\/uploads\/2022\/05\/IDC_Derniers_arrivants.png",350,350,false],"portraits":["https:\/\/meeplendice.net\/wp-content\/uploads\/2022\/05\/IDC_Derniers_arrivants.png",350,350,false],"thumbnail":["https:\/\/meeplendice.net\/wp-content\/uploads\/2022\/05\/IDC_Derniers_arrivants-150x150.png",150,150,true],"medium":["https:\/\/meeplendice.net\/wp-content\/uploads\/2022\/05\/IDC_Derniers_arrivants-300x300.png",300,300,true],"large":["https:\/\/meeplendice.net\/wp-content\/uploads\/2022\/05\/IDC_Derniers_arrivants.png",350,350,false],"ug_big":["https:\/\/meeplendice.net\/wp-content\/uploads\/2022\/05\/IDC_Derniers_arrivants.png",350,350,false],"1536x1536":["https:\/\/meeplendice.net\/wp-content\/uploads\/2022\/05\/IDC_Derniers_arrivants.png",350,350,false],"2048x2048":["https:\/\/meeplendice.net\/wp-content\/uploads\/2022\/05\/IDC_Derniers_arrivants.png",350,350,false],"ashe-slider-grid-thumbnail":["https:\/\/meeplendice.net\/wp-content\/uploads\/2022\/05\/IDC_Derniers_arrivants.png",350,350,false],"ashe-full-thumbnail":["https:\/\/meeplendice.net\/wp-content\/uploads\/2022\/05\/IDC_Derniers_arrivants.png",350,350,false],"ashe-grid-thumbnail":["https:\/\/meeplendice.net\/wp-content\/uploads\/2022\/05\/IDC_Derniers_arrivants-350x330.png",350,330,true],"ashe-list-thumbnail":["https:\/\/meeplendice.net\/wp-content\/uploads\/2022\/05\/IDC_Derniers_arrivants-300x300.png",300,300,true],"ashe-single-navigation":["https:\/\/meeplendice.net\/wp-content\/uploads\/2022\/05\/IDC_Derniers_arrivants-75x75.png",75,75,true],"mailpoet_newsletter_max":["https:\/\/meeplendice.net\/wp-content\/uploads\/2022\/05\/IDC_Derniers_arrivants.png",350,350,false],"rpwe-thumbnail":["https:\/\/meeplendice.net\/wp-content\/uploads\/2022\/05\/IDC_Derniers_arrivants-45x45.png",45,45,true],"sow-carousel-default":["https:\/\/meeplendice.net\/wp-content\/uploads\/2022\/05\/IDC_Derniers_arrivants-272x182.png",272,182,true],"rt_custom":["https:\/\/meeplendice.net\/wp-content\/uploads\/2022\/05\/IDC_Derniers_arrivants.png",350,350,false]},"rttpg_author":{"display_name":"Karnby","author_link":"https:\/\/meeplendice.net\/?author=2"},"rttpg_comment":0,"rttpg_category":null,"rttpg_excerpt":"Cette extension comprend 2 nouveaux bateaux de joueurs vous permettant de jouer jusqu\u2019\u00e0 6 personnes. Du contenu suppl\u00e9mentaire avec plus de chats, de bateaux et de modules, vous pouvez d\u00e9sormais profiter encore plus d\u2019options tout en jouant \u00e0 l\u2019\u00eele des Chats !","_links":{"self":[{"href":"https:\/\/meeplendice.net\/index.php?rest_route=\/wp\/v2\/pages\/7664","targetHints":{"allow":["GET"]}}],"collection":[{"href":"https:\/\/meeplendice.net\/index.php?rest_route=\/wp\/v2\/pages"}],"about":[{"href":"https:\/\/meeplendice.net\/index.php?rest_route=\/wp\/v2\/types\/page"}],"author":[{"embeddable":true,"href":"https:\/\/meeplendice.net\/index.php?rest_route=\/wp\/v2\/users\/2"}],"replies":[{"embeddable":true,"href":"https:\/\/meeplendice.net\/index.php?rest_route=%2Fwp%2Fv2%2Fcomments&post=7664"}],"version-history":[{"count":1,"href":"https:\/\/meeplendice.net\/index.php?rest_route=\/wp\/v2\/pages\/7664\/revisions"}],"predecessor-version":[{"id":7665,"href":"https:\/\/meeplendice.net\/index.php?rest_route=\/wp\/v2\/pages\/7664\/revisions\/7665"}],"up":[{"embeddable":true,"href":"https:\/\/meeplendice.net\/index.php?rest_route=\/wp\/v2\/pages\/7024"}],"wp:featuredmedia":[{"embeddable":true,"href":"https:\/\/meeplendice.net\/index.php?rest_route=\/wp\/v2\/media\/9768"}],"wp:attachment":[{"href":"https:\/\/meeplendice.net\/index.php?rest_route=%2Fwp%2Fv2%2Fmedia&parent=7664"}],"curies":[{"name":"wp","href":"https:\/\/api.w.org\/{rel}","templated":true}]}}