{"id":7674,"date":"2020-11-24T15:30:36","date_gmt":"2020-11-24T14:30:36","guid":{"rendered":"http:\/\/meeplendice.net\/?page_id=7674"},"modified":"2020-11-24T16:17:34","modified_gmt":"2020-11-24T15:17:34","slug":"cleopatre-et-la-societe-des-architectes","status":"publish","type":"page","link":"https:\/\/meeplendice.net\/?page_id=7674","title":{"rendered":"Cl\u00e9opatre et la Soci\u00e9t\u00e9 des Architectes"},"content":{"rendered":"<div id=\"pl-7674\"  class=\"panel-layout\" ><div id=\"pg-7674-0\"  class=\"panel-grid panel-no-style\" ><div id=\"pgc-7674-0-0\"  class=\"panel-grid-cell\" ><div id=\"panel-7674-0-0-0\" class=\"so-panel widget widget_sow-editor panel-first-child panel-last-child\" data-index=\"0\" ><div\n\t\t\t\n\t\t\tclass=\"so-widget-sow-editor so-widget-sow-editor-base\"\n\t\t\t\n\t\t>\n<div class=\"siteorigin-widget-tinymce textwidget\">\n\t<p style=\"text-align: center;\"><strong>Nombre de joueurs :<\/strong><br \/>\n2 - 4<\/p>\n<\/div>\n<\/div><\/div><\/div><div id=\"pgc-7674-0-1\"  class=\"panel-grid-cell\" ><div id=\"panel-7674-0-1-0\" class=\"so-panel widget widget_sow-editor panel-first-child panel-last-child\" data-index=\"1\" ><div\n\t\t\t\n\t\t\tclass=\"so-widget-sow-editor so-widget-sow-editor-base\"\n\t\t\t\n\t\t>\n<div class=\"siteorigin-widget-tinymce textwidget\">\n\t<p style=\"text-align: center;\"><strong>Dur\u00e9e moyenne :<\/strong><br \/>\n60 min<\/p>\n<\/div>\n<\/div><\/div><\/div><div id=\"pgc-7674-0-2\"  class=\"panel-grid-cell\" ><div id=\"panel-7674-0-2-0\" class=\"so-panel widget widget_sow-editor panel-first-child panel-last-child\" data-index=\"2\" ><div\n\t\t\t\n\t\t\tclass=\"so-widget-sow-editor so-widget-sow-editor-base\"\n\t\t\t\n\t\t>\n<div class=\"siteorigin-widget-tinymce textwidget\">\n\t<p style=\"text-align: center;\"><strong>Age :<\/strong><br \/>\n10 ans et plus<\/p>\n<\/div>\n<\/div><\/div><\/div><\/div><div id=\"pg-7674-1\"  class=\"panel-grid panel-no-style\" ><div id=\"pgc-7674-1-0\"  class=\"panel-grid-cell\" ><div id=\"panel-7674-1-0-0\" class=\"so-panel widget widget_sow-editor panel-first-child panel-last-child\" data-index=\"3\" ><div\n\t\t\t\n\t\t\tclass=\"so-widget-sow-editor so-widget-sow-editor-base\"\n\t\t\t\n\t\t>\n<div class=\"siteorigin-widget-tinymce textwidget\">\n\t<p style=\"text-align: center;\"><strong>Auteur(s) :<br \/>\n<\/strong>Bruno Cathala<br \/>\nLudovic Maublanc<\/p>\n<\/div>\n<\/div><\/div><\/div><div id=\"pgc-7674-1-1\"  class=\"panel-grid-cell\" ><div id=\"panel-7674-1-1-0\" class=\"so-panel widget widget_sow-editor panel-first-child panel-last-child\" data-index=\"4\" ><div\n\t\t\t\n\t\t\tclass=\"so-widget-sow-editor so-widget-sow-editor-base\"\n\t\t\t\n\t\t>\n<div class=\"siteorigin-widget-tinymce textwidget\">\n\t<p style=\"text-align: center;\"><strong>Illustrations :<\/strong><br \/>\nMiguel Coimbra<\/p>\n<\/div>\n<\/div><\/div><\/div><div id=\"pgc-7674-1-2\"  class=\"panel-grid-cell\" ><div id=\"panel-7674-1-2-0\" class=\"so-panel widget widget_sow-editor panel-first-child panel-last-child\" data-index=\"5\" ><div\n\t\t\t\n\t\t\tclass=\"so-widget-sow-editor so-widget-sow-editor-base\"\n\t\t\t\n\t\t>\n<div class=\"siteorigin-widget-tinymce textwidget\">\n\t<p style=\"text-align: center;\"><strong>\u00c9dition :<\/strong><br \/>\nLucky Duck Games<br \/>\n2020<\/p>\n<\/div>\n<\/div><\/div><\/div><div id=\"pgc-7674-1-3\"  class=\"panel-grid-cell\" ><div id=\"panel-7674-1-3-0\" class=\"so-panel widget widget_sow-editor panel-first-child panel-last-child\" data-index=\"6\" ><div\n\t\t\t\n\t\t\tclass=\"so-widget-sow-editor so-widget-sow-editor-base\"\n\t\t\t\n\t\t>\n<div class=\"siteorigin-widget-tinymce textwidget\">\n\t<p style=\"text-align: center;\"><strong>Version :<\/strong><br \/>\nFran\u00e7aise<\/p>\n<\/div>\n<\/div><\/div><\/div><\/div><div id=\"pg-7674-2\"  class=\"panel-grid panel-no-style\" ><div id=\"pgc-7674-2-0\"  class=\"panel-grid-cell\" ><div id=\"panel-7674-2-0-0\" class=\"so-panel widget widget_sow-editor panel-first-child panel-last-child\" data-index=\"7\" ><div\n\t\t\t\n\t\t\tclass=\"so-widget-sow-editor so-widget-sow-editor-base\"\n\t\t\t\n\t\t>\n<div class=\"siteorigin-widget-tinymce textwidget\">\n\t<hr \/>\n<p>La Reine des Reines a demand\u00e9 un nouveau Palais, une Merveille qui sera la preuve \u00e9clatante de sa splendeur aux yeux du Monde !<\/p>\n<p>Le d\u00e9fi a commenc\u00e9 : chaque membre de la Soci\u00e9t\u00e9 des Architectes est impliqu\u00e9, tentant de d\u00e9montrer qu'il est le meilleur. Toutefois, les richesses promises par Cl\u00e9op\u00e2tre ont incit\u00e9 certains \u00e0 s'adjoindre l'aide de Sobek. Des rumeurs de plus en plus persistantes \u00e9voquent la tenue de rituels et de c\u00e9r\u00e9monies en l'honneur du Dieu-Crocodile, et des amulettes, ainsi que de bien \u00e9tranges inscriptions, ont commenc\u00e9 \u00e0 appara\u00eetre sur les b\u00e2timents en construction. Il faut prier pour que ces rumeurs ne parviennent pas aux oreilles de la Reine !<\/p>\n<p>Car autant Cl\u00e9op\u00e2tre peut faire preuve de grande g\u00e9n\u00e9rosit\u00e9 envers ceux qui exaucent ses volont\u00e9s, elle n'en est pas moins implacable avec ceux qui la trahissent.<\/p>\n<p>Serez-vous le meilleur, sans d\u00e9cevoir la Reine, devenant ainsi l'Architecte en Chef du Royaume, ou succomberez-vous aux tentations de Sobek et terminerez votre carri\u00e8re dans le ventre de l'animal de compagnie pr\u00e9f\u00e9r\u00e9 de Cl\u00e9op\u00e2tre ?<\/p>\n<\/div>\n<\/div><\/div><\/div><\/div><div id=\"pg-7674-3\"  class=\"panel-grid panel-no-style\" ><div id=\"pgc-7674-3-0\"  class=\"panel-grid-cell\" ><div id=\"panel-7674-3-0-0\" class=\"so-panel widget widget_sow-editor panel-first-child panel-last-child\" data-index=\"8\" ><div\n\t\t\t\n\t\t\tclass=\"so-widget-sow-editor so-widget-sow-editor-base\"\n\t\t\t\n\t\t>\n<div class=\"siteorigin-widget-tinymce textwidget\">\n\t<hr \/>\n<p style=\"text-align: center;\"><strong>En vid\u00e9o<\/strong><\/p>\n<\/div>\n<\/div><\/div><\/div><\/div><div id=\"pg-7674-4\"  class=\"panel-grid panel-no-style\" ><div id=\"pgc-7674-4-0\"  class=\"panel-grid-cell\" ><div id=\"panel-7674-4-0-0\" class=\"so-panel widget widget_sow-editor panel-first-child panel-last-child\" data-index=\"9\" ><div\n\t\t\t\n\t\t\tclass=\"so-widget-sow-editor so-widget-sow-editor-base\"\n\t\t\t\n\t\t>\n<div class=\"siteorigin-widget-tinymce textwidget\">\n\t<hr \/>\n<p style=\"text-align: center;\"><strong>Pour aller plus loin<\/strong><\/p>\n<\/div>\n<\/div><\/div><\/div><\/div><\/div>","protected":false},"excerpt":{"rendered":"<p>Nombre de joueurs : 2 &#8211; 4 Dur\u00e9e moyenne : 60 min Age : 10 ans et plus Auteur(s) : Bruno Cathala Ludovic Maublanc Illustrations : Miguel Coimbra \u00c9dition : Lucky Duck Games 2020 Version : Fran\u00e7aise<\/p>\n","protected":false},"author":2,"featured_media":7139,"parent":0,"menu_order":0,"comment_status":"closed","ping_status":"closed","template":"","meta":{"footnotes":""},"class_list":["post-7674","page","type-page","status-publish","has-post-thumbnail","hentry"],"acf":[],"rttpg_featured_image_url":{"full":["https:\/\/meeplendice.net\/wp-content\/uploads\/2020\/11\/Cleopatre.png",350,350,false],"landscape":["https:\/\/meeplendice.net\/wp-content\/uploads\/2020\/11\/Cleopatre.png",350,350,false],"portraits":["https:\/\/meeplendice.net\/wp-content\/uploads\/2020\/11\/Cleopatre.png",350,350,false],"thumbnail":["https:\/\/meeplendice.net\/wp-content\/uploads\/2020\/11\/Cleopatre-150x150.png",150,150,true],"medium":["https:\/\/meeplendice.net\/wp-content\/uploads\/2020\/11\/Cleopatre-300x300.png",300,300,true],"large":["https:\/\/meeplendice.net\/wp-content\/uploads\/2020\/11\/Cleopatre.png",350,350,false],"ug_big":["https:\/\/meeplendice.net\/wp-content\/uploads\/2020\/11\/Cleopatre.png",350,350,false],"1536x1536":["https:\/\/meeplendice.net\/wp-content\/uploads\/2020\/11\/Cleopatre.png",350,350,false],"2048x2048":["https:\/\/meeplendice.net\/wp-content\/uploads\/2020\/11\/Cleopatre.png",350,350,false],"ashe-slider-grid-thumbnail":["https:\/\/meeplendice.net\/wp-content\/uploads\/2020\/11\/Cleopatre.png",350,350,false],"ashe-full-thumbnail":["https:\/\/meeplendice.net\/wp-content\/uploads\/2020\/11\/Cleopatre.png",350,350,false],"ashe-grid-thumbnail":["https:\/\/meeplendice.net\/wp-content\/uploads\/2020\/11\/Cleopatre-350x330.png",350,330,true],"ashe-list-thumbnail":["https:\/\/meeplendice.net\/wp-content\/uploads\/2020\/11\/Cleopatre-300x300.png",300,300,true],"ashe-single-navigation":["https:\/\/meeplendice.net\/wp-content\/uploads\/2020\/11\/Cleopatre-75x75.png",75,75,true],"mailpoet_newsletter_max":["https:\/\/meeplendice.net\/wp-content\/uploads\/2020\/11\/Cleopatre.png",350,350,false],"rpwe-thumbnail":["https:\/\/meeplendice.net\/wp-content\/uploads\/2020\/11\/Cleopatre-45x45.png",45,45,true],"sow-carousel-default":["https:\/\/meeplendice.net\/wp-content\/uploads\/2020\/11\/Cleopatre-272x182.png",272,182,true],"rt_custom":["https:\/\/meeplendice.net\/wp-content\/uploads\/2020\/11\/Cleopatre.png",350,350,false]},"rttpg_author":{"display_name":"Karnby","author_link":"https:\/\/meeplendice.net\/?author=2"},"rttpg_comment":0,"rttpg_category":null,"rttpg_excerpt":"Nombre de joueurs : 2 - 4 Dur\u00e9e moyenne : 60 min Age : 10 ans et plus Auteur(s) : Bruno Cathala Ludovic Maublanc Illustrations : Miguel Coimbra \u00c9dition : Lucky Duck Games 2020 Version : Fran\u00e7aise","_links":{"self":[{"href":"https:\/\/meeplendice.net\/index.php?rest_route=\/wp\/v2\/pages\/7674","targetHints":{"allow":["GET"]}}],"collection":[{"href":"https:\/\/meeplendice.net\/index.php?rest_route=\/wp\/v2\/pages"}],"about":[{"href":"https:\/\/meeplendice.net\/index.php?rest_route=\/wp\/v2\/types\/page"}],"author":[{"embeddable":true,"href":"https:\/\/meeplendice.net\/index.php?rest_route=\/wp\/v2\/users\/2"}],"replies":[{"embeddable":true,"href":"https:\/\/meeplendice.net\/index.php?rest_route=%2Fwp%2Fv2%2Fcomments&post=7674"}],"version-history":[{"count":4,"href":"https:\/\/meeplendice.net\/index.php?rest_route=\/wp\/v2\/pages\/7674\/revisions"}],"predecessor-version":[{"id":7678,"href":"https:\/\/meeplendice.net\/index.php?rest_route=\/wp\/v2\/pages\/7674\/revisions\/7678"}],"wp:featuredmedia":[{"embeddable":true,"href":"https:\/\/meeplendice.net\/index.php?rest_route=\/wp\/v2\/media\/7139"}],"wp:attachment":[{"href":"https:\/\/meeplendice.net\/index.php?rest_route=%2Fwp%2Fv2%2Fmedia&parent=7674"}],"curies":[{"name":"wp","href":"https:\/\/api.w.org\/{rel}","templated":true}]}}