{"id":7704,"date":"2020-11-25T17:52:57","date_gmt":"2020-11-25T16:52:57","guid":{"rendered":"http:\/\/meeplendice.net\/?page_id=7704"},"modified":"2025-12-15T17:17:30","modified_gmt":"2025-12-15T15:17:30","slug":"unlock-mythic-adventures","status":"publish","type":"page","link":"https:\/\/meeplendice.net\/?page_id=7704","title":{"rendered":"Mythic Adventures"},"content":{"rendered":"<div id=\"pl-7704\"  class=\"panel-layout\" ><div id=\"pg-7704-0\"  class=\"panel-grid panel-no-style\" ><div id=\"pgc-7704-0-0\"  class=\"panel-grid-cell\" ><div id=\"panel-7704-0-0-0\" class=\"so-panel widget widget_sow-editor panel-first-child panel-last-child\" data-index=\"0\" ><div\n\t\t\t\n\t\t\tclass=\"so-widget-sow-editor so-widget-sow-editor-base\"\n\t\t\t\n\t\t>\n<div class=\"siteorigin-widget-tinymce textwidget\">\n\t<p style=\"text-align: center;\"><strong>Auteur(s) :<br \/>\n<\/strong>Cyril Demaegd<br \/>\nArnaud Pincemaille<br \/>\nPerrine Kurtz<br \/>\nVincent Groyat<br \/>\nJeremy Koch<br \/>\nYohan Servais<br \/>\nJeremy Fraile<\/p>\n<\/div>\n<\/div><\/div><\/div><div id=\"pgc-7704-0-1\"  class=\"panel-grid-cell\" ><div id=\"panel-7704-0-1-0\" class=\"so-panel widget widget_sow-editor panel-first-child panel-last-child\" data-index=\"1\" ><div\n\t\t\t\n\t\t\tclass=\"so-widget-sow-editor so-widget-sow-editor-base\"\n\t\t\t\n\t\t>\n<div class=\"siteorigin-widget-tinymce textwidget\">\n\t<p style=\"text-align: center;\"><strong>Illustrations :<\/strong><br \/>\nMahulda Jelly<br \/>\nLegruth<br \/>\nCyrille Bertin<\/p>\n<\/div>\n<\/div><\/div><\/div><div id=\"pgc-7704-0-2\"  class=\"panel-grid-cell\" ><div id=\"panel-7704-0-2-0\" class=\"so-panel widget widget_sow-editor panel-first-child panel-last-child\" data-index=\"2\" ><div\n\t\t\t\n\t\t\tclass=\"so-widget-sow-editor so-widget-sow-editor-base\"\n\t\t\t\n\t\t>\n<div class=\"siteorigin-widget-tinymce textwidget\">\n\t<p style=\"text-align: center;\"><strong>\u00c9dition :<br \/>\n<\/strong>Space Cowboys<br \/>\n2020<\/p>\n<\/div>\n<\/div><\/div><\/div><div id=\"pgc-7704-0-3\"  class=\"panel-grid-cell\" ><div id=\"panel-7704-0-3-0\" class=\"so-panel widget widget_sow-editor panel-first-child panel-last-child\" data-index=\"3\" ><div\n\t\t\t\n\t\t\tclass=\"so-widget-sow-editor so-widget-sow-editor-base\"\n\t\t\t\n\t\t>\n<div class=\"siteorigin-widget-tinymce textwidget\">\n\t<p style=\"text-align: center;\"><strong>Version :<\/strong><br \/>\nFran\u00e7aise<\/p>\n<\/div>\n<\/div><\/div><\/div><\/div><div id=\"pg-7704-1\"  class=\"panel-grid panel-no-style\" ><div id=\"pgc-7704-1-0\"  class=\"panel-grid-cell\" ><div id=\"panel-7704-1-0-0\" class=\"so-panel widget widget_sow-editor panel-first-child panel-last-child\" data-index=\"4\" ><div\n\t\t\t\n\t\t\tclass=\"so-widget-sow-editor so-widget-sow-editor-base\"\n\t\t\t\n\t\t>\n<div class=\"siteorigin-widget-tinymce textwidget\">\n\t<p>La bo\u00eete <em>Unlock! Mythic Adventures<\/em> contient trois aventures :<\/p>\n<p><em><strong>Dans les griffes d'Had\u00e8s<\/strong><\/em><br \/>\nVous \u00eates Alix, une jeune esclave grecque. Gagner votre libert\u00e9 ne sera pas facile face aux dieux de l'Olympe. Ceux-ci sont joueurs et vous r\u00e9servent bien des surprises !<\/p>\n<p><em><strong>L'Aniomal-O-Matic du Professeur Noside<\/strong><\/em><br \/>\n\" L'Animal-O-Matic... projette l'esprit dans le corps d'un animal ! \"<br \/>\n\" Arr\u00eatez de bouger, James ! C'est sans danger, vous dis-je ! \"<\/p>\n<p><em><strong>Le tour du monde en 80 minutes<\/strong><\/em><br \/>\n\"J'ai pari\u00e9 avec ces gentlemen du Reform Club que nous ferons le tour du monde en 80 jours. Passepartout ! Le monde n'attend plus que l'exploit de Phileas Fogg ! \"<\/p>\n<p>&nbsp;<\/p>\n<\/div>\n<\/div><\/div><\/div><\/div><\/div>","protected":false},"excerpt":{"rendered":"<p>Auteur(s) : Cyril Demaegd Arnaud Pincemaille Perrine Kurtz Vincent Groyat Jeremy Koch Yohan Servais Jeremy Fraile Illustrations : Mahulda Jelly Legruth Cyrille Bertin \u00c9dition : Space Cowboys 2020 Version : Fran\u00e7aise La bo\u00eete Unlock! Mythic Adventures contient trois aventures : Dans les griffes d&rsquo;Had\u00e8s Vous \u00eates Alix, une jeune esclave grecque. Gagner votre libert\u00e9 ne sera pas facile face aux dieux de l&rsquo;Olympe. Ceux-ci sont joueurs et vous r\u00e9servent bien des surprises ! L&rsquo;Aniomal-O-Matic du Professeur Noside \u00a0\u00bb L&rsquo;Animal-O-Matic&#8230; projette l&rsquo;esprit dans le corps d&rsquo;un animal ! \u00a0\u00bb \u00a0\u00bb Arr\u00eatez de bouger, James ! C&rsquo;est sans danger, vous dis-je ! \u00a0\u00bb Le tour du monde en 80 minutes \u00ab\u00a0J&rsquo;ai pari\u00e9 avec ces gentlemen du Reform Club que nous ferons le tour du monde en 80 jours. Passepartout ! Le monde n&rsquo;attend plus que l&rsquo;exploit de Phileas Fogg ! \u00a0\u00bb &nbsp;<\/p>\n","protected":false},"author":2,"featured_media":13783,"parent":2446,"menu_order":8,"comment_status":"closed","ping_status":"closed","template":"","meta":{"footnotes":""},"class_list":["post-7704","page","type-page","status-publish","has-post-thumbnail","hentry"],"acf":[],"rttpg_featured_image_url":{"full":["https:\/\/meeplendice.net\/wp-content\/uploads\/2025\/12\/Unlock_Mystic.png",350,350,false],"landscape":["https:\/\/meeplendice.net\/wp-content\/uploads\/2025\/12\/Unlock_Mystic.png",350,350,false],"portraits":["https:\/\/meeplendice.net\/wp-content\/uploads\/2025\/12\/Unlock_Mystic.png",350,350,false],"thumbnail":["https:\/\/meeplendice.net\/wp-content\/uploads\/2025\/12\/Unlock_Mystic-150x150.png",150,150,true],"medium":["https:\/\/meeplendice.net\/wp-content\/uploads\/2025\/12\/Unlock_Mystic-300x300.png",300,300,true],"large":["https:\/\/meeplendice.net\/wp-content\/uploads\/2025\/12\/Unlock_Mystic.png",350,350,false],"ug_big":["https:\/\/meeplendice.net\/wp-content\/uploads\/2025\/12\/Unlock_Mystic.png",350,350,false],"1536x1536":["https:\/\/meeplendice.net\/wp-content\/uploads\/2025\/12\/Unlock_Mystic.png",350,350,false],"2048x2048":["https:\/\/meeplendice.net\/wp-content\/uploads\/2025\/12\/Unlock_Mystic.png",350,350,false],"ashe-slider-grid-thumbnail":["https:\/\/meeplendice.net\/wp-content\/uploads\/2025\/12\/Unlock_Mystic.png",350,350,false],"ashe-full-thumbnail":["https:\/\/meeplendice.net\/wp-content\/uploads\/2025\/12\/Unlock_Mystic.png",350,350,false],"ashe-grid-thumbnail":["https:\/\/meeplendice.net\/wp-content\/uploads\/2025\/12\/Unlock_Mystic-350x330.png",350,330,true],"ashe-list-thumbnail":["https:\/\/meeplendice.net\/wp-content\/uploads\/2025\/12\/Unlock_Mystic-300x300.png",300,300,true],"ashe-single-navigation":["https:\/\/meeplendice.net\/wp-content\/uploads\/2025\/12\/Unlock_Mystic-75x75.png",75,75,true],"mailpoet_newsletter_max":["https:\/\/meeplendice.net\/wp-content\/uploads\/2025\/12\/Unlock_Mystic.png",350,350,false],"rpwe-thumbnail":["https:\/\/meeplendice.net\/wp-content\/uploads\/2025\/12\/Unlock_Mystic-45x45.png",45,45,true],"sow-carousel-default":["https:\/\/meeplendice.net\/wp-content\/uploads\/2025\/12\/Unlock_Mystic-272x182.png",272,182,true],"rt_custom":["https:\/\/meeplendice.net\/wp-content\/uploads\/2025\/12\/Unlock_Mystic.png",350,350,false]},"rttpg_author":{"display_name":"Karnby","author_link":"https:\/\/meeplendice.net\/?author=2"},"rttpg_comment":0,"rttpg_category":null,"rttpg_excerpt":"Auteur(s) : Cyril Demaegd Arnaud Pincemaille Perrine Kurtz Vincent Groyat Jeremy Koch Yohan Servais Jeremy Fraile Illustrations : Mahulda Jelly Legruth Cyrille Bertin \u00c9dition : Space Cowboys 2020 Version : Fran\u00e7aise La bo\u00eete Unlock! Mythic Adventures contient trois aventures : Dans les griffes d'Had\u00e8s Vous \u00eates Alix, une jeune esclave grecque. Gagner votre libert\u00e9 ne\u2026","_links":{"self":[{"href":"https:\/\/meeplendice.net\/index.php?rest_route=\/wp\/v2\/pages\/7704","targetHints":{"allow":["GET"]}}],"collection":[{"href":"https:\/\/meeplendice.net\/index.php?rest_route=\/wp\/v2\/pages"}],"about":[{"href":"https:\/\/meeplendice.net\/index.php?rest_route=\/wp\/v2\/types\/page"}],"author":[{"embeddable":true,"href":"https:\/\/meeplendice.net\/index.php?rest_route=\/wp\/v2\/users\/2"}],"replies":[{"embeddable":true,"href":"https:\/\/meeplendice.net\/index.php?rest_route=%2Fwp%2Fv2%2Fcomments&post=7704"}],"version-history":[{"count":4,"href":"https:\/\/meeplendice.net\/index.php?rest_route=\/wp\/v2\/pages\/7704\/revisions"}],"predecessor-version":[{"id":13813,"href":"https:\/\/meeplendice.net\/index.php?rest_route=\/wp\/v2\/pages\/7704\/revisions\/13813"}],"up":[{"embeddable":true,"href":"https:\/\/meeplendice.net\/index.php?rest_route=\/wp\/v2\/pages\/2446"}],"wp:featuredmedia":[{"embeddable":true,"href":"https:\/\/meeplendice.net\/index.php?rest_route=\/wp\/v2\/media\/13783"}],"wp:attachment":[{"href":"https:\/\/meeplendice.net\/index.php?rest_route=%2Fwp%2Fv2%2Fmedia&parent=7704"}],"curies":[{"name":"wp","href":"https:\/\/api.w.org\/{rel}","templated":true}]}}