{"id":7708,"date":"2020-11-25T18:02:49","date_gmt":"2020-11-25T17:02:49","guid":{"rendered":"http:\/\/meeplendice.net\/?page_id=7708"},"modified":"2022-10-02T21:00:47","modified_gmt":"2022-10-02T20:00:47","slug":"mysterium-park","status":"publish","type":"page","link":"https:\/\/meeplendice.net\/?page_id=7708","title":{"rendered":"Mysterium Park"},"content":{"rendered":"<div id=\"pl-7708\"  class=\"panel-layout\" ><div id=\"pg-7708-0\"  class=\"panel-grid panel-no-style\" ><div id=\"pgc-7708-0-0\"  class=\"panel-grid-cell\" ><div id=\"panel-7708-0-0-0\" class=\"so-panel widget widget_sow-editor panel-first-child panel-last-child\" data-index=\"0\" ><div\n\t\t\t\n\t\t\tclass=\"so-widget-sow-editor so-widget-sow-editor-base\"\n\t\t\t\n\t\t>\n<div class=\"siteorigin-widget-tinymce textwidget\">\n\t<p style=\"text-align: center;\"><strong>Nombre de joueurs :<\/strong><br \/>\n2 - 6<\/p>\n<\/div>\n<\/div><\/div><\/div><div id=\"pgc-7708-0-1\"  class=\"panel-grid-cell\" ><div id=\"panel-7708-0-1-0\" class=\"so-panel widget widget_sow-editor panel-first-child panel-last-child\" data-index=\"1\" ><div\n\t\t\t\n\t\t\tclass=\"so-widget-sow-editor so-widget-sow-editor-base\"\n\t\t\t\n\t\t>\n<div class=\"siteorigin-widget-tinymce textwidget\">\n\t<p style=\"text-align: center;\"><strong>Dur\u00e9e moyenne :<\/strong><br \/>\n30 min<\/p>\n<\/div>\n<\/div><\/div><\/div><div id=\"pgc-7708-0-2\"  class=\"panel-grid-cell\" ><div id=\"panel-7708-0-2-0\" class=\"so-panel widget widget_sow-editor panel-first-child panel-last-child\" data-index=\"2\" ><div\n\t\t\t\n\t\t\tclass=\"so-widget-sow-editor so-widget-sow-editor-base\"\n\t\t\t\n\t\t>\n<div class=\"siteorigin-widget-tinymce textwidget\">\n\t<p style=\"text-align: center;\"><strong>Age :<\/strong><br \/>\n10 ans et plus<\/p>\n<\/div>\n<\/div><\/div><\/div><\/div><div id=\"pg-7708-1\"  class=\"panel-grid panel-no-style\" ><div id=\"pgc-7708-1-0\"  class=\"panel-grid-cell\" ><div id=\"panel-7708-1-0-0\" class=\"so-panel widget widget_sow-editor panel-first-child panel-last-child\" data-index=\"3\" ><div\n\t\t\t\n\t\t\tclass=\"so-widget-sow-editor so-widget-sow-editor-base\"\n\t\t\t\n\t\t>\n<div class=\"siteorigin-widget-tinymce textwidget\">\n\t<p style=\"text-align: center;\"><strong>Auteur(s) :<br \/>\n<\/strong>Oleg Sidorenko<br \/>\nOleksandr Nevskiy<\/p>\n<\/div>\n<\/div><\/div><\/div><div id=\"pgc-7708-1-1\"  class=\"panel-grid-cell\" ><div id=\"panel-7708-1-1-0\" class=\"so-panel widget widget_sow-editor panel-first-child panel-last-child\" data-index=\"4\" ><div\n\t\t\t\n\t\t\tclass=\"so-widget-sow-editor so-widget-sow-editor-base\"\n\t\t\t\n\t\t>\n<div class=\"siteorigin-widget-tinymce textwidget\">\n\t<p style=\"text-align: center;\"><strong>Illustrations :<\/strong><br \/>\nXavier Collette<br \/>\nM81 Studio<\/p>\n<\/div>\n<\/div><\/div><\/div><div id=\"pgc-7708-1-2\"  class=\"panel-grid-cell\" ><div id=\"panel-7708-1-2-0\" class=\"so-panel widget widget_sow-editor panel-first-child panel-last-child\" data-index=\"5\" ><div\n\t\t\t\n\t\t\tclass=\"so-widget-sow-editor so-widget-sow-editor-base\"\n\t\t\t\n\t\t>\n<div class=\"siteorigin-widget-tinymce textwidget\">\n\t<p style=\"text-align: center;\"><strong>\u00c9dition :<\/strong><br \/>\nLibellud<br \/>\n2020<\/p>\n<\/div>\n<\/div><\/div><\/div><div id=\"pgc-7708-1-3\"  class=\"panel-grid-cell\" ><div id=\"panel-7708-1-3-0\" class=\"so-panel widget widget_sow-editor panel-first-child panel-last-child\" data-index=\"6\" ><div\n\t\t\t\n\t\t\tclass=\"so-widget-sow-editor so-widget-sow-editor-base\"\n\t\t\t\n\t\t>\n<div class=\"siteorigin-widget-tinymce textwidget\">\n\t<p style=\"text-align: center;\"><strong>Version :<\/strong><br \/>\nFran\u00e7aise<\/p>\n<\/div>\n<\/div><\/div><\/div><\/div><div id=\"pg-7708-2\"  class=\"panel-grid panel-no-style\" ><div id=\"pgc-7708-2-0\"  class=\"panel-grid-cell\" ><div id=\"panel-7708-2-0-0\" class=\"so-panel widget widget_sow-editor panel-first-child panel-last-child\" data-index=\"7\" ><div\n\t\t\t\n\t\t\tclass=\"so-widget-sow-editor so-widget-sow-editor-base\"\n\t\t\t\n\t\t>\n<div class=\"siteorigin-widget-tinymce textwidget\">\n\t<hr \/>\n<p>Bienvenue a Mysterium Park !<\/p>\n<p>Ses barbes \u00e0 papa, son cirque et ses sombres secrets...<\/p>\n<p>L'ancien directeur a disparu et l'enqu\u00eate polici\u00e8re n'a rien donn\u00e9. Depuis, d'\u00e9tranges \u00e9v\u00e9nements ont lieu. En tant que m\u00e9diums, vous \u00eates convaincus que son fant\u00f4me hante cette f\u00eate foraine et vous \u00eates d\u00e9termin\u00e9s \u00e0 l'aider \u00e0 d\u00e9voiler la v\u00e9rit\u00e9.<\/p>\n<p>Dans ce jeu coop\u00e9ratif, le fant\u00f4me envoie des visions avec des cartes illustr\u00e9es. Les m\u00e9diums tentent de les interpr\u00e9ter pour innocenter les suspects puis \u00e9liminer les lieux potentiels. Gr\u00e2ce \u00e0 leurs d\u00e9ductions ils pourront identifier le coupable et le lieu du crime. Vous avez six agr\u00e9ables nuits avant que la f\u00eate foraine ne l\u00e8ve le camp.<\/p>\n<p>Ouvrez vos esprits et d\u00e9couvrez la v\u00e9rit\u00e9 !<\/p>\n<\/div>\n<\/div><\/div><\/div><\/div><div id=\"pg-7708-3\"  class=\"panel-grid panel-no-style\" ><div id=\"pgc-7708-3-0\"  class=\"panel-grid-cell\" ><div id=\"panel-7708-3-0-0\" class=\"so-panel widget widget_sow-editor panel-first-child panel-last-child\" data-index=\"8\" ><div\n\t\t\t\n\t\t\tclass=\"so-widget-sow-editor so-widget-sow-editor-base\"\n\t\t\t\n\t\t>\n<div class=\"siteorigin-widget-tinymce textwidget\">\n\t<hr \/>\n<p style=\"text-align: center;\"><strong>En vid\u00e9o<\/strong><\/p>\n<\/div>\n<\/div><\/div><\/div><\/div><div id=\"pg-7708-4\"  class=\"panel-grid panel-no-style\" ><div id=\"pgc-7708-4-0\"  class=\"panel-grid-cell\" ><div id=\"panel-7708-4-0-0\" class=\"so-panel widget widget_sow-editor panel-first-child panel-last-child\" data-index=\"9\" ><div\n\t\t\t\n\t\t\tclass=\"so-widget-sow-editor so-widget-sow-editor-base\"\n\t\t\t\n\t\t>\n<div class=\"siteorigin-widget-tinymce textwidget\">\n\t<hr \/>\n<p style=\"text-align: center;\"><strong>Pour aller plus loin<\/strong><\/p>\n<\/div>\n<\/div><\/div><\/div><\/div><\/div>","protected":false},"excerpt":{"rendered":"<p>Nombre de joueurs : 2 &#8211; 6 Dur\u00e9e moyenne : 30 min Age : 10 ans et plus Auteur(s) : Oleg Sidorenko Oleksandr Nevskiy Illustrations : Xavier Collette M81 Studio \u00c9dition : Libellud 2020 Version : Fran\u00e7aise<\/p>\n","protected":false},"author":2,"featured_media":7688,"parent":0,"menu_order":0,"comment_status":"closed","ping_status":"closed","template":"","meta":{"footnotes":""},"class_list":["post-7708","page","type-page","status-publish","has-post-thumbnail","hentry"],"acf":[],"rttpg_featured_image_url":{"full":["https:\/\/meeplendice.net\/wp-content\/uploads\/2020\/11\/Mysterium_park.png",350,350,false],"landscape":["https:\/\/meeplendice.net\/wp-content\/uploads\/2020\/11\/Mysterium_park.png",350,350,false],"portraits":["https:\/\/meeplendice.net\/wp-content\/uploads\/2020\/11\/Mysterium_park.png",350,350,false],"thumbnail":["https:\/\/meeplendice.net\/wp-content\/uploads\/2020\/11\/Mysterium_park-150x150.png",150,150,true],"medium":["https:\/\/meeplendice.net\/wp-content\/uploads\/2020\/11\/Mysterium_park-300x300.png",300,300,true],"large":["https:\/\/meeplendice.net\/wp-content\/uploads\/2020\/11\/Mysterium_park.png",350,350,false],"ug_big":["https:\/\/meeplendice.net\/wp-content\/uploads\/2020\/11\/Mysterium_park.png",350,350,false],"1536x1536":["https:\/\/meeplendice.net\/wp-content\/uploads\/2020\/11\/Mysterium_park.png",350,350,false],"2048x2048":["https:\/\/meeplendice.net\/wp-content\/uploads\/2020\/11\/Mysterium_park.png",350,350,false],"ashe-slider-grid-thumbnail":["https:\/\/meeplendice.net\/wp-content\/uploads\/2020\/11\/Mysterium_park.png",350,350,false],"ashe-full-thumbnail":["https:\/\/meeplendice.net\/wp-content\/uploads\/2020\/11\/Mysterium_park.png",350,350,false],"ashe-grid-thumbnail":["https:\/\/meeplendice.net\/wp-content\/uploads\/2020\/11\/Mysterium_park-350x330.png",350,330,true],"ashe-list-thumbnail":["https:\/\/meeplendice.net\/wp-content\/uploads\/2020\/11\/Mysterium_park-300x300.png",300,300,true],"ashe-single-navigation":["https:\/\/meeplendice.net\/wp-content\/uploads\/2020\/11\/Mysterium_park-75x75.png",75,75,true],"mailpoet_newsletter_max":["https:\/\/meeplendice.net\/wp-content\/uploads\/2020\/11\/Mysterium_park.png",350,350,false],"rpwe-thumbnail":["https:\/\/meeplendice.net\/wp-content\/uploads\/2020\/11\/Mysterium_park-45x45.png",45,45,true],"sow-carousel-default":["https:\/\/meeplendice.net\/wp-content\/uploads\/2020\/11\/Mysterium_park-272x182.png",272,182,true],"rt_custom":["https:\/\/meeplendice.net\/wp-content\/uploads\/2020\/11\/Mysterium_park.png",350,350,false]},"rttpg_author":{"display_name":"Karnby","author_link":"https:\/\/meeplendice.net\/?author=2"},"rttpg_comment":0,"rttpg_category":null,"rttpg_excerpt":"Nombre de joueurs : 2 - 6 Dur\u00e9e moyenne : 30 min Age : 10 ans et plus Auteur(s) : Oleg Sidorenko Oleksandr Nevskiy Illustrations : Xavier Collette M81 Studio \u00c9dition : Libellud 2020 Version : Fran\u00e7aise","_links":{"self":[{"href":"https:\/\/meeplendice.net\/index.php?rest_route=\/wp\/v2\/pages\/7708","targetHints":{"allow":["GET"]}}],"collection":[{"href":"https:\/\/meeplendice.net\/index.php?rest_route=\/wp\/v2\/pages"}],"about":[{"href":"https:\/\/meeplendice.net\/index.php?rest_route=\/wp\/v2\/types\/page"}],"author":[{"embeddable":true,"href":"https:\/\/meeplendice.net\/index.php?rest_route=\/wp\/v2\/users\/2"}],"replies":[{"embeddable":true,"href":"https:\/\/meeplendice.net\/index.php?rest_route=%2Fwp%2Fv2%2Fcomments&post=7708"}],"version-history":[{"count":5,"href":"https:\/\/meeplendice.net\/index.php?rest_route=\/wp\/v2\/pages\/7708\/revisions"}],"predecessor-version":[{"id":10287,"href":"https:\/\/meeplendice.net\/index.php?rest_route=\/wp\/v2\/pages\/7708\/revisions\/10287"}],"wp:featuredmedia":[{"embeddable":true,"href":"https:\/\/meeplendice.net\/index.php?rest_route=\/wp\/v2\/media\/7688"}],"wp:attachment":[{"href":"https:\/\/meeplendice.net\/index.php?rest_route=%2Fwp%2Fv2%2Fmedia&parent=7708"}],"curies":[{"name":"wp","href":"https:\/\/api.w.org\/{rel}","templated":true}]}}