{"id":7714,"date":"2020-11-25T18:15:52","date_gmt":"2020-11-25T17:15:52","guid":{"rendered":"http:\/\/meeplendice.net\/?page_id=7714"},"modified":"2020-11-25T18:31:51","modified_gmt":"2020-11-25T17:31:51","slug":"lantre-du-roi-de-la-montagne","status":"publish","type":"page","link":"https:\/\/meeplendice.net\/?page_id=7714","title":{"rendered":"L&rsquo;Antre du Roi de la Montagne"},"content":{"rendered":"<div id=\"pl-7714\"  class=\"panel-layout\" ><div id=\"pg-7714-0\"  class=\"panel-grid panel-no-style\" ><div id=\"pgc-7714-0-0\"  class=\"panel-grid-cell\" ><div id=\"panel-7714-0-0-0\" class=\"so-panel widget widget_sow-editor panel-first-child panel-last-child\" data-index=\"0\" ><div\n\t\t\t\n\t\t\tclass=\"so-widget-sow-editor so-widget-sow-editor-base\"\n\t\t\t\n\t\t>\n<div class=\"siteorigin-widget-tinymce textwidget\">\n\t<p style=\"text-align: center;\"><strong>Nombre de joueurs :<\/strong><br \/>\n1 - 5<\/p>\n<\/div>\n<\/div><\/div><\/div><div id=\"pgc-7714-0-1\"  class=\"panel-grid-cell\" ><div id=\"panel-7714-0-1-0\" class=\"so-panel widget widget_sow-editor panel-first-child panel-last-child\" data-index=\"1\" ><div\n\t\t\t\n\t\t\tclass=\"so-widget-sow-editor so-widget-sow-editor-base\"\n\t\t\t\n\t\t>\n<div class=\"siteorigin-widget-tinymce textwidget\">\n\t<p style=\"text-align: center;\"><strong>Dur\u00e9e moyenne :<\/strong><br \/>\n90 min<\/p>\n<\/div>\n<\/div><\/div><\/div><div id=\"pgc-7714-0-2\"  class=\"panel-grid-cell\" ><div id=\"panel-7714-0-2-0\" class=\"so-panel widget widget_sow-editor panel-first-child panel-last-child\" data-index=\"2\" ><div\n\t\t\t\n\t\t\tclass=\"so-widget-sow-editor so-widget-sow-editor-base\"\n\t\t\t\n\t\t>\n<div class=\"siteorigin-widget-tinymce textwidget\">\n\t<p style=\"text-align: center;\"><strong>Age :<\/strong><br \/>\n14 ans et plus<\/p>\n<\/div>\n<\/div><\/div><\/div><\/div><div id=\"pg-7714-1\"  class=\"panel-grid panel-no-style\" ><div id=\"pgc-7714-1-0\"  class=\"panel-grid-cell\" ><div id=\"panel-7714-1-0-0\" class=\"so-panel widget widget_sow-editor panel-first-child panel-last-child\" data-index=\"3\" ><div\n\t\t\t\n\t\t\tclass=\"so-widget-sow-editor so-widget-sow-editor-base\"\n\t\t\t\n\t\t>\n<div class=\"siteorigin-widget-tinymce textwidget\">\n\t<p style=\"text-align: center;\"><strong>Auteur(s) :<br \/>\n<\/strong>Jay Cormier<br \/>\nGraeme Jahns<\/p>\n<\/div>\n<\/div><\/div><\/div><div id=\"pgc-7714-1-1\"  class=\"panel-grid-cell\" ><div id=\"panel-7714-1-1-0\" class=\"so-panel widget widget_sow-editor panel-first-child panel-last-child\" data-index=\"4\" ><div\n\t\t\t\n\t\t\tclass=\"so-widget-sow-editor so-widget-sow-editor-base\"\n\t\t\t\n\t\t>\n<div class=\"siteorigin-widget-tinymce textwidget\">\n\t<p style=\"text-align: center;\"><strong>Illustrations :<\/strong><br \/>\nKwanchai Moriya<\/p>\n<\/div>\n<\/div><\/div><\/div><div id=\"pgc-7714-1-2\"  class=\"panel-grid-cell\" ><div id=\"panel-7714-1-2-0\" class=\"so-panel widget widget_sow-editor panel-first-child panel-last-child\" data-index=\"5\" ><div\n\t\t\t\n\t\t\tclass=\"so-widget-sow-editor so-widget-sow-editor-base\"\n\t\t\t\n\t\t>\n<div class=\"siteorigin-widget-tinymce textwidget\">\n\t<p style=\"text-align: center;\"><strong>\u00c9dition :<\/strong><br \/>\nIello<br \/>\n2020<\/p>\n<\/div>\n<\/div><\/div><\/div><div id=\"pgc-7714-1-3\"  class=\"panel-grid-cell\" ><div id=\"panel-7714-1-3-0\" class=\"so-panel widget widget_sow-editor panel-first-child panel-last-child\" data-index=\"6\" ><div\n\t\t\t\n\t\t\tclass=\"so-widget-sow-editor so-widget-sow-editor-base\"\n\t\t\t\n\t\t>\n<div class=\"siteorigin-widget-tinymce textwidget\">\n\t<p style=\"text-align: center;\"><strong>Version :<\/strong><br \/>\nFran\u00e7aise<\/p>\n<\/div>\n<\/div><\/div><\/div><\/div><div id=\"pg-7714-2\"  class=\"panel-grid panel-no-style\" ><div id=\"pgc-7714-2-0\"  class=\"panel-grid-cell\" ><div id=\"panel-7714-2-0-0\" class=\"so-panel widget widget_sow-editor panel-first-child panel-last-child\" data-index=\"7\" ><div\n\t\t\t\n\t\t\tclass=\"so-widget-sow-editor so-widget-sow-editor-base\"\n\t\t\t\n\t\t>\n<div class=\"siteorigin-widget-tinymce textwidget\">\n\t<hr \/>\n<p><em>\" Trolls, vous avez tous entendu l'appel de la montagne ! Il est temps de retrouver le chemin de notre foyer. Rassemblez vos clans ! Reprenons possession de nos galeries ancestrales ! Creusons le d\u00e9combres abandonn\u00e9es par ces maudits gnomes, fouillons les grandes salles, retrouvons les statues de nos anc\u00eatres et faisons renaitre notre royaume !<\/em><\/p>\n<p><em>Le plus digne d'entre nous sera couronn\u00e9 Roi de la Montagne et entrera \u00e0 tout jamais dans la l\u00e9gende. \"<\/em><\/p>\n<p>Recrutez des Trollas parmi la horde afin de gagner en polyvalence et lancez des Sorts pour infl\u00e9chir le destin selon votre volont\u00e9.<br \/>\nGagnez de l'Honneur pour ravir la couronne en creusant des Tunnels \u00e0 travers des min\u00e9raux de plus en plus pr\u00e9cieux, en convoyant des Statues au travers de vos Tunnels jusqu'au plus pr\u00e8s du c\u0153ur de la montagne (id\u00e9alement sur les Pi\u00e9destaux des clans correspondants), et en am\u00e9nageant de Grandes Salles.<\/p>\n<p>A l'heure du couronnement, le chef ayant le plus d'Honneur l'emportera : il sera proclam\u00e9 Roi de la Montagne et r\u00e9gnera sur les clans unifi\u00e9s !<\/p>\n<\/div>\n<\/div><\/div><\/div><\/div><div id=\"pg-7714-3\"  class=\"panel-grid panel-no-style\" ><div id=\"pgc-7714-3-0\"  class=\"panel-grid-cell\" ><div id=\"panel-7714-3-0-0\" class=\"so-panel widget widget_sow-editor panel-first-child panel-last-child\" data-index=\"8\" ><div\n\t\t\t\n\t\t\tclass=\"so-widget-sow-editor so-widget-sow-editor-base\"\n\t\t\t\n\t\t>\n<div class=\"siteorigin-widget-tinymce textwidget\">\n\t<hr \/>\n<p style=\"text-align: center;\"><strong>En vid\u00e9o<\/strong><\/p>\n<\/div>\n<\/div><\/div><\/div><\/div><div id=\"pg-7714-4\"  class=\"panel-grid panel-no-style\" ><div id=\"pgc-7714-4-0\"  class=\"panel-grid-cell\" ><div id=\"panel-7714-4-0-0\" class=\"so-panel widget widget_sow-editor panel-first-child panel-last-child\" data-index=\"9\" ><div\n\t\t\t\n\t\t\tclass=\"so-widget-sow-editor so-widget-sow-editor-base\"\n\t\t\t\n\t\t>\n<div class=\"siteorigin-widget-tinymce textwidget\">\n\t<hr \/>\n<p style=\"text-align: center;\"><strong>Pour aller plus loin<\/strong><\/p>\n<\/div>\n<\/div><\/div><\/div><\/div><\/div>","protected":false},"excerpt":{"rendered":"<p>Nombre de joueurs : 1 &#8211; 5 Dur\u00e9e moyenne : 90 min Age : 14 ans et plus Auteur(s) : Jay Cormier Graeme Jahns Illustrations : Kwanchai Moriya \u00c9dition : Iello 2020 Version : Fran\u00e7aise<\/p>\n","protected":false},"author":2,"featured_media":7693,"parent":0,"menu_order":0,"comment_status":"closed","ping_status":"closed","template":"","meta":{"footnotes":""},"class_list":["post-7714","page","type-page","status-publish","has-post-thumbnail","hentry"],"acf":[],"rttpg_featured_image_url":{"full":["https:\/\/meeplendice.net\/wp-content\/uploads\/2020\/11\/Antreduroimontagne.png",350,350,false],"landscape":["https:\/\/meeplendice.net\/wp-content\/uploads\/2020\/11\/Antreduroimontagne.png",350,350,false],"portraits":["https:\/\/meeplendice.net\/wp-content\/uploads\/2020\/11\/Antreduroimontagne.png",350,350,false],"thumbnail":["https:\/\/meeplendice.net\/wp-content\/uploads\/2020\/11\/Antreduroimontagne-150x150.png",150,150,true],"medium":["https:\/\/meeplendice.net\/wp-content\/uploads\/2020\/11\/Antreduroimontagne-300x300.png",300,300,true],"large":["https:\/\/meeplendice.net\/wp-content\/uploads\/2020\/11\/Antreduroimontagne.png",350,350,false],"ug_big":["https:\/\/meeplendice.net\/wp-content\/uploads\/2020\/11\/Antreduroimontagne.png",350,350,false],"1536x1536":["https:\/\/meeplendice.net\/wp-content\/uploads\/2020\/11\/Antreduroimontagne.png",350,350,false],"2048x2048":["https:\/\/meeplendice.net\/wp-content\/uploads\/2020\/11\/Antreduroimontagne.png",350,350,false],"ashe-slider-grid-thumbnail":["https:\/\/meeplendice.net\/wp-content\/uploads\/2020\/11\/Antreduroimontagne.png",350,350,false],"ashe-full-thumbnail":["https:\/\/meeplendice.net\/wp-content\/uploads\/2020\/11\/Antreduroimontagne.png",350,350,false],"ashe-grid-thumbnail":["https:\/\/meeplendice.net\/wp-content\/uploads\/2020\/11\/Antreduroimontagne-350x330.png",350,330,true],"ashe-list-thumbnail":["https:\/\/meeplendice.net\/wp-content\/uploads\/2020\/11\/Antreduroimontagne-300x300.png",300,300,true],"ashe-single-navigation":["https:\/\/meeplendice.net\/wp-content\/uploads\/2020\/11\/Antreduroimontagne-75x75.png",75,75,true],"mailpoet_newsletter_max":["https:\/\/meeplendice.net\/wp-content\/uploads\/2020\/11\/Antreduroimontagne.png",350,350,false],"rpwe-thumbnail":["https:\/\/meeplendice.net\/wp-content\/uploads\/2020\/11\/Antreduroimontagne-45x45.png",45,45,true],"sow-carousel-default":["https:\/\/meeplendice.net\/wp-content\/uploads\/2020\/11\/Antreduroimontagne-272x182.png",272,182,true],"rt_custom":["https:\/\/meeplendice.net\/wp-content\/uploads\/2020\/11\/Antreduroimontagne.png",350,350,false]},"rttpg_author":{"display_name":"Karnby","author_link":"https:\/\/meeplendice.net\/?author=2"},"rttpg_comment":0,"rttpg_category":null,"rttpg_excerpt":"Nombre de joueurs : 1 - 5 Dur\u00e9e moyenne : 90 min Age : 14 ans et plus Auteur(s) : Jay Cormier Graeme Jahns Illustrations : Kwanchai Moriya \u00c9dition : Iello 2020 Version : Fran\u00e7aise","_links":{"self":[{"href":"https:\/\/meeplendice.net\/index.php?rest_route=\/wp\/v2\/pages\/7714","targetHints":{"allow":["GET"]}}],"collection":[{"href":"https:\/\/meeplendice.net\/index.php?rest_route=\/wp\/v2\/pages"}],"about":[{"href":"https:\/\/meeplendice.net\/index.php?rest_route=\/wp\/v2\/types\/page"}],"author":[{"embeddable":true,"href":"https:\/\/meeplendice.net\/index.php?rest_route=\/wp\/v2\/users\/2"}],"replies":[{"embeddable":true,"href":"https:\/\/meeplendice.net\/index.php?rest_route=%2Fwp%2Fv2%2Fcomments&post=7714"}],"version-history":[{"count":4,"href":"https:\/\/meeplendice.net\/index.php?rest_route=\/wp\/v2\/pages\/7714\/revisions"}],"predecessor-version":[{"id":7718,"href":"https:\/\/meeplendice.net\/index.php?rest_route=\/wp\/v2\/pages\/7714\/revisions\/7718"}],"wp:featuredmedia":[{"embeddable":true,"href":"https:\/\/meeplendice.net\/index.php?rest_route=\/wp\/v2\/media\/7693"}],"wp:attachment":[{"href":"https:\/\/meeplendice.net\/index.php?rest_route=%2Fwp%2Fv2%2Fmedia&parent=7714"}],"curies":[{"name":"wp","href":"https:\/\/api.w.org\/{rel}","templated":true}]}}