{"id":7720,"date":"2020-11-25T18:48:27","date_gmt":"2020-11-25T17:48:27","guid":{"rendered":"http:\/\/meeplendice.net\/?page_id=7720"},"modified":"2020-11-25T18:49:19","modified_gmt":"2020-11-25T17:49:19","slug":"comanautes-2","status":"publish","type":"page","link":"https:\/\/meeplendice.net\/?page_id=7720","title":{"rendered":"Comanautes"},"content":{"rendered":"<div id=\"pl-7720\"  class=\"panel-layout\" ><div id=\"pg-7720-0\"  class=\"panel-grid panel-no-style\" ><div id=\"pgc-7720-0-0\"  class=\"panel-grid-cell\" ><div id=\"panel-7720-0-0-0\" class=\"so-panel widget widget_sow-editor panel-first-child panel-last-child\" data-index=\"0\" ><div\n\t\t\t\n\t\t\tclass=\"so-widget-sow-editor so-widget-sow-editor-base\"\n\t\t\t\n\t\t>\n<div class=\"siteorigin-widget-tinymce textwidget\">\n\t<p style=\"text-align: center;\"><strong>Nombre de joueurs :<\/strong><br \/>\n2 - 4<\/p>\n<\/div>\n<\/div><\/div><\/div><div id=\"pgc-7720-0-1\"  class=\"panel-grid-cell\" ><div id=\"panel-7720-0-1-0\" class=\"so-panel widget widget_sow-editor panel-first-child panel-last-child\" data-index=\"1\" ><div\n\t\t\t\n\t\t\tclass=\"so-widget-sow-editor so-widget-sow-editor-base\"\n\t\t\t\n\t\t>\n<div class=\"siteorigin-widget-tinymce textwidget\">\n\t<p style=\"text-align: center;\"><strong>Dur\u00e9e moyenne :<\/strong><br \/>\n120 min<\/p>\n<\/div>\n<\/div><\/div><\/div><div id=\"pgc-7720-0-2\"  class=\"panel-grid-cell\" ><div id=\"panel-7720-0-2-0\" class=\"so-panel widget widget_sow-editor panel-first-child panel-last-child\" data-index=\"2\" ><div\n\t\t\t\n\t\t\tclass=\"so-widget-sow-editor so-widget-sow-editor-base\"\n\t\t\t\n\t\t>\n<div class=\"siteorigin-widget-tinymce textwidget\">\n\t<p style=\"text-align: center;\"><strong>Age :<\/strong><br \/>\n14 ans et plus<\/p>\n<\/div>\n<\/div><\/div><\/div><\/div><div id=\"pg-7720-1\"  class=\"panel-grid panel-no-style\" ><div id=\"pgc-7720-1-0\"  class=\"panel-grid-cell\" ><div id=\"panel-7720-1-0-0\" class=\"so-panel widget widget_sow-editor panel-first-child panel-last-child\" data-index=\"3\" ><div\n\t\t\t\n\t\t\tclass=\"so-widget-sow-editor so-widget-sow-editor-base\"\n\t\t\t\n\t\t>\n<div class=\"siteorigin-widget-tinymce textwidget\">\n\t<p style=\"text-align: center;\"><strong>Auteur(s) :<br \/>\n<\/strong>Jerry Hawthorne<\/p>\n<\/div>\n<\/div><\/div><\/div><div id=\"pgc-7720-1-1\"  class=\"panel-grid-cell\" ><div id=\"panel-7720-1-1-0\" class=\"so-panel widget widget_sow-editor panel-first-child panel-last-child\" data-index=\"4\" ><div\n\t\t\t\n\t\t\tclass=\"so-widget-sow-editor so-widget-sow-editor-base\"\n\t\t\t\n\t\t>\n<div class=\"siteorigin-widget-tinymce textwidget\">\n\t<p style=\"text-align: center;\"><strong>Illustrations :<\/strong><br \/>\nJimmy Xia<br \/>\nTregis<\/p>\n<\/div>\n<\/div><\/div><\/div><div id=\"pgc-7720-1-2\"  class=\"panel-grid-cell\" ><div id=\"panel-7720-1-2-0\" class=\"so-panel widget widget_sow-editor panel-first-child panel-last-child\" data-index=\"5\" ><div\n\t\t\t\n\t\t\tclass=\"so-widget-sow-editor so-widget-sow-editor-base\"\n\t\t\t\n\t\t>\n<div class=\"siteorigin-widget-tinymce textwidget\">\n\t<p style=\"text-align: center;\"><strong>\u00c9dition :<\/strong><br \/>\nPlaid Hat Games<br \/>\nEdge Entertainement<br \/>\n2019<\/p>\n<\/div>\n<\/div><\/div><\/div><div id=\"pgc-7720-1-3\"  class=\"panel-grid-cell\" ><div id=\"panel-7720-1-3-0\" class=\"so-panel widget widget_sow-editor panel-first-child panel-last-child\" data-index=\"6\" ><div\n\t\t\t\n\t\t\tclass=\"so-widget-sow-editor so-widget-sow-editor-base\"\n\t\t\t\n\t\t>\n<div class=\"siteorigin-widget-tinymce textwidget\">\n\t<p style=\"text-align: center;\"><strong>Version :<\/strong><br \/>\nFran\u00e7aise<\/p>\n<\/div>\n<\/div><\/div><\/div><\/div><div id=\"pg-7720-2\"  class=\"panel-grid panel-no-style\" ><div id=\"pgc-7720-2-0\"  class=\"panel-grid-cell\" ><div id=\"panel-7720-2-0-0\" class=\"so-panel widget widget_sow-editor panel-first-child panel-last-child\" data-index=\"7\" ><div\n\t\t\t\n\t\t\tclass=\"so-widget-sow-editor so-widget-sow-editor-base\"\n\t\t\t\n\t\t>\n<div class=\"siteorigin-widget-tinymce textwidget\">\n\t<hr \/>\n<p><em>Alors qu'il s'appr\u00eatait \u00e0 sauver le monde gr\u00e2ce \u00e0 son dispositif appel\u00e9 Anneau de M\u00f6bius, un accident de laboratoire plongea le Dr Matin Strobal dans le coma. Un minuscule trou noir est d\u00e9sormais en train de se former, mena\u00e7ant d'an\u00e9antir la Terre. De courageux comanautes doivent p\u00e9n\u00e9trer dans le monde onirique irradi\u00e9 qu'est l'esprit du Dr Strobal, \u00e9lucider les myst\u00e8res qui enferment le scientifique dans son coma cauchemardesque et vaincre les d\u00e9mons int\u00e9rieurs qu'il y r\u00f4dent. Seul le r\u00e9veil du docteur pourra offrir au monde le salut dont il a si d\u00e9sesp\u00e9r\u00e9ment besoin.<br \/>\n<\/em><\/p>\n<div class=\"add-top p_collection\">\n<p><em>Comanautes <\/em>est un jeu d\u2019aventure coop\u00e9ratif pour 2 \u00e0 4 joueurs. Chacun d\u2019eux endosse le r\u00f4le d\u2019un Comanaute, un explorateur qui p\u00e9n\u00e8tre dans le paysage onirique irradi\u00e9 qu\u2019est le subconscient du Dr Martin Strobal, esp\u00e9rant le sortir du coma dans lequel il est plong\u00e9 et ainsi sauver le monde.<\/p>\n<p>Dans chaque partie de <em>Comanautes<\/em>, les joueurs tentent de d\u00e9busquer et vaincre le D\u00e9mon Int\u00e9rieur (D.I.) Majeur, l\u2019entit\u00e9 qui tourmente actuellement le Dr Strobal. Pour ce faire, ils entrent dans des zones de coma \u2013 des lieux stables du r\u00eave dans lequel est plong\u00e9 l\u2019esprit du scientifique \u2013 et essaient de retrouver l\u2019enfant qui sommeille en lui. Gr\u00e2ce \u00e0 des interactions fructueuses avec lui, les joueurs obtiennent des indices sur l\u2019emplacement secret de l\u2019antre du D.I. Majeur. Accordez toute votre attention \u00e0 ces renseignements ! Les Comanautes passeront d\u2019une zone de coma \u00e0 l\u2019autre jusqu\u2019\u00e0 ce qu\u2019ils aient mis la main sur le D.I. Majeur ; mais s\u2019ils passent trop de temps dans les mauvais endroits, le subconscient du Dr Strobal se retournera contre eux et cherchera \u00e0 les \u00e9puiser !<\/p>\n<p><em>Comanautes <\/em>peut \u00eatre jou\u00e9 en sessions individuelles ou selon une campagne compl\u00e8te, ce qui induit que chaque partie ne r\u00e9v\u00e8le qu\u2019une fraction de la narration totale. Chaque session de jeu se focalise sur un seul des D.I. qui tourmentent le Dr Strobal \u00e0 un moment donn\u00e9. En encha\u00eenant plusieurs parties et en terrassant d\u2019autres D\u00e9mons Int\u00e9rieurs, les joueurs d\u00e9couvriront la suite de l\u2019histoire et r\u00e9ussiront finalement \u00e0 remporter la campagne.<\/p>\n<\/div>\n<\/div>\n<\/div><\/div><\/div><\/div><div id=\"pg-7720-3\"  class=\"panel-grid panel-no-style\" ><div id=\"pgc-7720-3-0\"  class=\"panel-grid-cell\" ><div id=\"panel-7720-3-0-0\" class=\"so-panel widget widget_sow-editor panel-first-child panel-last-child\" data-index=\"8\" ><div\n\t\t\t\n\t\t\tclass=\"so-widget-sow-editor so-widget-sow-editor-base\"\n\t\t\t\n\t\t>\n<div class=\"siteorigin-widget-tinymce textwidget\">\n\t<hr \/>\n<p style=\"text-align: center;\"><strong>En vid\u00e9o<\/strong><\/p>\n<p>De l'explication des r\u00e8gles &amp; de la partie :<\/p>\n<ul>\n<li>Tric Trac<\/li>\n<\/ul>\n<p><a href=\"https:\/\/www.trictrac.net\/video\/Comanautes_De_Lexplipartie\" target=\"_blank\" rel=\"noopener noreferrer\"><img loading=\"lazy\" decoding=\"async\" class=\"alignnone wp-image-513 size-full\" src=\"http:\/\/meeplendice.net\/wp-content\/uploads\/2016\/08\/TT_explipartie_1.png\" alt=\"TT_explipartie_1\" width=\"200\" height=\"170\" \/><\/a><\/p>\n<\/div>\n<\/div><\/div><\/div><\/div><div id=\"pg-7720-4\"  class=\"panel-grid panel-no-style\" ><div id=\"pgc-7720-4-0\"  class=\"panel-grid-cell\" ><div id=\"panel-7720-4-0-0\" class=\"so-panel widget widget_sow-editor panel-first-child panel-last-child\" data-index=\"9\" ><div\n\t\t\t\n\t\t\tclass=\"so-widget-sow-editor so-widget-sow-editor-base\"\n\t\t\t\n\t\t>\n<div class=\"siteorigin-widget-tinymce textwidget\">\n\t<hr \/>\n<p style=\"text-align: center;\"><strong>Pour aller plus loin<\/strong><\/p>\n<\/div>\n<\/div><\/div><\/div><\/div><\/div>","protected":false},"excerpt":{"rendered":"<p>Nombre de joueurs : 2 &#8211; 4 Dur\u00e9e moyenne : 120 min Age : 14 ans et plus Auteur(s) : Jerry Hawthorne Illustrations : Jimmy Xia Tregis \u00c9dition : Plaid Hat Games Edge Entertainement 2019 Version : Fran\u00e7aise<\/p>\n","protected":false},"author":2,"featured_media":7692,"parent":0,"menu_order":0,"comment_status":"closed","ping_status":"closed","template":"","meta":{"footnotes":""},"class_list":["post-7720","page","type-page","status-publish","has-post-thumbnail","hentry"],"acf":[],"rttpg_featured_image_url":{"full":["https:\/\/meeplendice.net\/wp-content\/uploads\/2020\/11\/Comanautes.png",350,350,false],"landscape":["https:\/\/meeplendice.net\/wp-content\/uploads\/2020\/11\/Comanautes.png",350,350,false],"portraits":["https:\/\/meeplendice.net\/wp-content\/uploads\/2020\/11\/Comanautes.png",350,350,false],"thumbnail":["https:\/\/meeplendice.net\/wp-content\/uploads\/2020\/11\/Comanautes-150x150.png",150,150,true],"medium":["https:\/\/meeplendice.net\/wp-content\/uploads\/2020\/11\/Comanautes-300x300.png",300,300,true],"large":["https:\/\/meeplendice.net\/wp-content\/uploads\/2020\/11\/Comanautes.png",350,350,false],"ug_big":["https:\/\/meeplendice.net\/wp-content\/uploads\/2020\/11\/Comanautes.png",350,350,false],"1536x1536":["https:\/\/meeplendice.net\/wp-content\/uploads\/2020\/11\/Comanautes.png",350,350,false],"2048x2048":["https:\/\/meeplendice.net\/wp-content\/uploads\/2020\/11\/Comanautes.png",350,350,false],"ashe-slider-grid-thumbnail":["https:\/\/meeplendice.net\/wp-content\/uploads\/2020\/11\/Comanautes.png",350,350,false],"ashe-full-thumbnail":["https:\/\/meeplendice.net\/wp-content\/uploads\/2020\/11\/Comanautes.png",350,350,false],"ashe-grid-thumbnail":["https:\/\/meeplendice.net\/wp-content\/uploads\/2020\/11\/Comanautes-350x330.png",350,330,true],"ashe-list-thumbnail":["https:\/\/meeplendice.net\/wp-content\/uploads\/2020\/11\/Comanautes-300x300.png",300,300,true],"ashe-single-navigation":["https:\/\/meeplendice.net\/wp-content\/uploads\/2020\/11\/Comanautes-75x75.png",75,75,true],"mailpoet_newsletter_max":["https:\/\/meeplendice.net\/wp-content\/uploads\/2020\/11\/Comanautes.png",350,350,false],"rpwe-thumbnail":["https:\/\/meeplendice.net\/wp-content\/uploads\/2020\/11\/Comanautes-45x45.png",45,45,true],"sow-carousel-default":["https:\/\/meeplendice.net\/wp-content\/uploads\/2020\/11\/Comanautes-272x182.png",272,182,true],"rt_custom":["https:\/\/meeplendice.net\/wp-content\/uploads\/2020\/11\/Comanautes.png",350,350,false]},"rttpg_author":{"display_name":"Karnby","author_link":"https:\/\/meeplendice.net\/?author=2"},"rttpg_comment":0,"rttpg_category":null,"rttpg_excerpt":"Nombre de joueurs : 2 - 4 Dur\u00e9e moyenne : 120 min Age : 14 ans et plus Auteur(s) : Jerry Hawthorne Illustrations : Jimmy Xia Tregis \u00c9dition : Plaid Hat Games Edge Entertainement 2019 Version : Fran\u00e7aise","_links":{"self":[{"href":"https:\/\/meeplendice.net\/index.php?rest_route=\/wp\/v2\/pages\/7720","targetHints":{"allow":["GET"]}}],"collection":[{"href":"https:\/\/meeplendice.net\/index.php?rest_route=\/wp\/v2\/pages"}],"about":[{"href":"https:\/\/meeplendice.net\/index.php?rest_route=\/wp\/v2\/types\/page"}],"author":[{"embeddable":true,"href":"https:\/\/meeplendice.net\/index.php?rest_route=\/wp\/v2\/users\/2"}],"replies":[{"embeddable":true,"href":"https:\/\/meeplendice.net\/index.php?rest_route=%2Fwp%2Fv2%2Fcomments&post=7720"}],"version-history":[{"count":3,"href":"https:\/\/meeplendice.net\/index.php?rest_route=\/wp\/v2\/pages\/7720\/revisions"}],"predecessor-version":[{"id":7723,"href":"https:\/\/meeplendice.net\/index.php?rest_route=\/wp\/v2\/pages\/7720\/revisions\/7723"}],"wp:featuredmedia":[{"embeddable":true,"href":"https:\/\/meeplendice.net\/index.php?rest_route=\/wp\/v2\/media\/7692"}],"wp:attachment":[{"href":"https:\/\/meeplendice.net\/index.php?rest_route=%2Fwp%2Fv2%2Fmedia&parent=7720"}],"curies":[{"name":"wp","href":"https:\/\/api.w.org\/{rel}","templated":true}]}}