{"id":7726,"date":"2020-12-05T12:57:27","date_gmt":"2020-12-05T11:57:27","guid":{"rendered":"http:\/\/meeplendice.net\/?page_id=7726"},"modified":"2020-12-05T12:57:27","modified_gmt":"2020-12-05T11:57:27","slug":"corruption-ascension","status":"publish","type":"page","link":"https:\/\/meeplendice.net\/?page_id=7726","title":{"rendered":"Corruption &#038; Ascension"},"content":{"rendered":"<p>Vous \u00eates toujours \u00e0 la t\u00eate d&rsquo;un Empire en plein d\u00e9veloppement. Allez-vous privil\u00e9gier la voie de la Finance, de la Guerre, de la Science, ou peut-\u00eatre une toute autre voie ? En continuant \u00e0 d\u00e9ployer votre influence, vous devrez faire face \u00e0 de nouveaux enjeux comme la corruption.<\/p>\n<p>Ce nouveau jeu de cartes compl\u00e8te les cartes existantes de It&rsquo;s a Wonderful World. D\u00e9sormais, \u00e0 chaque tour, vous jouerez un m\u00e9lange de cartes classiques de D\u00e9veloppement et de cartes d&rsquo;Ascension. Les cartes d&rsquo;Ascension introduisent de nouvelles fa\u00e7ons de jouer, notamment par le biais de la corruption.<\/p>\n<p>Ce nouveau jeu de cartes vous permet \u00e9galement de jouer avec un maximum de 6 joueurs.<br \/>\nD\u00e9veloppez votre Empire pour qu\u2019il devienne le meilleur des mondes !<\/p>\n","protected":false},"excerpt":{"rendered":"<p>Vous \u00eates toujours \u00e0 la t\u00eate d&rsquo;un Empire en plein d\u00e9veloppement. Allez-vous privil\u00e9gier la voie de la Finance, de la Guerre, de la Science, ou peut-\u00eatre une toute autre voie ? En continuant \u00e0 d\u00e9ployer votre influence, vous devrez faire face \u00e0 de nouveaux enjeux comme la corruption. Ce nouveau jeu de cartes compl\u00e8te les cartes existantes de It&rsquo;s a Wonderful World. D\u00e9sormais, \u00e0 chaque tour, vous jouerez un m\u00e9lange de cartes classiques de D\u00e9veloppement et de cartes d&rsquo;Ascension. Les cartes d&rsquo;Ascension introduisent de nouvelles fa\u00e7ons de jouer, notamment par le biais de la corruption. Ce nouveau jeu de cartes vous permet \u00e9galement de jouer avec un maximum de 6 joueurs. D\u00e9veloppez votre Empire pour qu\u2019il devienne le meilleur des mondes !<\/p>\n","protected":false},"author":2,"featured_media":7728,"parent":5441,"menu_order":2,"comment_status":"closed","ping_status":"closed","template":"","meta":{"footnotes":""},"class_list":["post-7726","page","type-page","status-publish","has-post-thumbnail","hentry"],"acf":[],"rttpg_featured_image_url":{"full":["https:\/\/meeplendice.net\/wp-content\/uploads\/2020\/12\/IAWW_CorruptionAscension.png",350,350,false],"landscape":["https:\/\/meeplendice.net\/wp-content\/uploads\/2020\/12\/IAWW_CorruptionAscension.png",350,350,false],"portraits":["https:\/\/meeplendice.net\/wp-content\/uploads\/2020\/12\/IAWW_CorruptionAscension.png",350,350,false],"thumbnail":["https:\/\/meeplendice.net\/wp-content\/uploads\/2020\/12\/IAWW_CorruptionAscension-150x150.png",150,150,true],"medium":["https:\/\/meeplendice.net\/wp-content\/uploads\/2020\/12\/IAWW_CorruptionAscension-300x300.png",300,300,true],"large":["https:\/\/meeplendice.net\/wp-content\/uploads\/2020\/12\/IAWW_CorruptionAscension.png",350,350,false],"ug_big":["https:\/\/meeplendice.net\/wp-content\/uploads\/2020\/12\/IAWW_CorruptionAscension.png",350,350,false],"1536x1536":["https:\/\/meeplendice.net\/wp-content\/uploads\/2020\/12\/IAWW_CorruptionAscension.png",350,350,false],"2048x2048":["https:\/\/meeplendice.net\/wp-content\/uploads\/2020\/12\/IAWW_CorruptionAscension.png",350,350,false],"ashe-slider-grid-thumbnail":["https:\/\/meeplendice.net\/wp-content\/uploads\/2020\/12\/IAWW_CorruptionAscension.png",350,350,false],"ashe-full-thumbnail":["https:\/\/meeplendice.net\/wp-content\/uploads\/2020\/12\/IAWW_CorruptionAscension.png",350,350,false],"ashe-grid-thumbnail":["https:\/\/meeplendice.net\/wp-content\/uploads\/2020\/12\/IAWW_CorruptionAscension-350x330.png",350,330,true],"ashe-list-thumbnail":["https:\/\/meeplendice.net\/wp-content\/uploads\/2020\/12\/IAWW_CorruptionAscension-300x300.png",300,300,true],"ashe-single-navigation":["https:\/\/meeplendice.net\/wp-content\/uploads\/2020\/12\/IAWW_CorruptionAscension-75x75.png",75,75,true],"mailpoet_newsletter_max":["https:\/\/meeplendice.net\/wp-content\/uploads\/2020\/12\/IAWW_CorruptionAscension.png",350,350,false],"rpwe-thumbnail":["https:\/\/meeplendice.net\/wp-content\/uploads\/2020\/12\/IAWW_CorruptionAscension-45x45.png",45,45,true],"sow-carousel-default":["https:\/\/meeplendice.net\/wp-content\/uploads\/2020\/12\/IAWW_CorruptionAscension-272x182.png",272,182,true],"rt_custom":["https:\/\/meeplendice.net\/wp-content\/uploads\/2020\/12\/IAWW_CorruptionAscension.png",350,350,false]},"rttpg_author":{"display_name":"Karnby","author_link":"https:\/\/meeplendice.net\/?author=2"},"rttpg_comment":0,"rttpg_category":null,"rttpg_excerpt":"Vous \u00eates toujours \u00e0 la t\u00eate d&rsquo;un Empire en plein d\u00e9veloppement. Allez-vous privil\u00e9gier la voie de la Finance, de la Guerre, de la Science, ou peut-\u00eatre une toute autre voie ? En continuant \u00e0 d\u00e9ployer votre influence, vous devrez faire face \u00e0 de nouveaux enjeux comme la corruption. Ce nouveau jeu de cartes compl\u00e8te les\u2026","_links":{"self":[{"href":"https:\/\/meeplendice.net\/index.php?rest_route=\/wp\/v2\/pages\/7726","targetHints":{"allow":["GET"]}}],"collection":[{"href":"https:\/\/meeplendice.net\/index.php?rest_route=\/wp\/v2\/pages"}],"about":[{"href":"https:\/\/meeplendice.net\/index.php?rest_route=\/wp\/v2\/types\/page"}],"author":[{"embeddable":true,"href":"https:\/\/meeplendice.net\/index.php?rest_route=\/wp\/v2\/users\/2"}],"replies":[{"embeddable":true,"href":"https:\/\/meeplendice.net\/index.php?rest_route=%2Fwp%2Fv2%2Fcomments&post=7726"}],"version-history":[{"count":1,"href":"https:\/\/meeplendice.net\/index.php?rest_route=\/wp\/v2\/pages\/7726\/revisions"}],"predecessor-version":[{"id":7730,"href":"https:\/\/meeplendice.net\/index.php?rest_route=\/wp\/v2\/pages\/7726\/revisions\/7730"}],"up":[{"embeddable":true,"href":"https:\/\/meeplendice.net\/index.php?rest_route=\/wp\/v2\/pages\/5441"}],"wp:featuredmedia":[{"embeddable":true,"href":"https:\/\/meeplendice.net\/index.php?rest_route=\/wp\/v2\/media\/7728"}],"wp:attachment":[{"href":"https:\/\/meeplendice.net\/index.php?rest_route=%2Fwp%2Fv2%2Fmedia&parent=7726"}],"curies":[{"name":"wp","href":"https:\/\/api.w.org\/{rel}","templated":true}]}}