{"id":7737,"date":"2020-12-05T13:30:39","date_gmt":"2020-12-05T12:30:39","guid":{"rendered":"http:\/\/meeplendice.net\/?page_id=7737"},"modified":"2022-01-18T21:13:14","modified_gmt":"2022-01-18T20:13:14","slug":"dune","status":"publish","type":"page","link":"https:\/\/meeplendice.net\/?page_id=7737","title":{"rendered":"Dune"},"content":{"rendered":"<div id=\"pl-7737\"  class=\"panel-layout\" ><div id=\"pg-7737-0\"  class=\"panel-grid panel-no-style\" ><div id=\"pgc-7737-0-0\"  class=\"panel-grid-cell\" ><div id=\"panel-7737-0-0-0\" class=\"so-panel widget widget_sow-editor panel-first-child panel-last-child\" data-index=\"0\" ><div\n\t\t\t\n\t\t\tclass=\"so-widget-sow-editor so-widget-sow-editor-base\"\n\t\t\t\n\t\t>\n<div class=\"siteorigin-widget-tinymce textwidget\">\n\t<p style=\"text-align: center;\"><strong>Nombre de joueurs :<\/strong><br \/>\n2 - 6<\/p>\n<\/div>\n<\/div><\/div><\/div><div id=\"pgc-7737-0-1\"  class=\"panel-grid-cell\" ><div id=\"panel-7737-0-1-0\" class=\"so-panel widget widget_sow-editor panel-first-child panel-last-child\" data-index=\"1\" ><div\n\t\t\t\n\t\t\tclass=\"so-widget-sow-editor so-widget-sow-editor-base\"\n\t\t\t\n\t\t>\n<div class=\"siteorigin-widget-tinymce textwidget\">\n\t<p style=\"text-align: center;\"><strong>Dur\u00e9e moyenne :<\/strong><br \/>\n120 min<\/p>\n<\/div>\n<\/div><\/div><\/div><div id=\"pgc-7737-0-2\"  class=\"panel-grid-cell\" ><div id=\"panel-7737-0-2-0\" class=\"so-panel widget widget_sow-editor panel-first-child panel-last-child\" data-index=\"2\" ><div\n\t\t\t\n\t\t\tclass=\"so-widget-sow-editor so-widget-sow-editor-base\"\n\t\t\t\n\t\t>\n<div class=\"siteorigin-widget-tinymce textwidget\">\n\t<p style=\"text-align: center;\"><strong>Age :<\/strong><br \/>\n14 ans et plus<\/p>\n<\/div>\n<\/div><\/div><\/div><\/div><div id=\"pg-7737-1\"  class=\"panel-grid panel-no-style\" ><div id=\"pgc-7737-1-0\"  class=\"panel-grid-cell\" ><div id=\"panel-7737-1-0-0\" class=\"so-panel widget widget_sow-editor panel-first-child panel-last-child\" data-index=\"3\" ><div\n\t\t\t\n\t\t\tclass=\"so-widget-sow-editor so-widget-sow-editor-base\"\n\t\t\t\n\t\t>\n<div class=\"siteorigin-widget-tinymce textwidget\">\n\t<p style=\"text-align: center;\"><strong>Auteur(s) :<br \/>\n<\/strong>Peter Olotka<br \/>\nJack Kittredge<br \/>\nBill Eberle<\/p>\n<\/div>\n<\/div><\/div><\/div><div id=\"pgc-7737-1-1\"  class=\"panel-grid-cell\" ><div id=\"panel-7737-1-1-0\" class=\"so-panel widget widget_sow-editor panel-first-child panel-last-child\" data-index=\"4\" ><div\n\t\t\t\n\t\t\tclass=\"so-widget-sow-editor so-widget-sow-editor-base\"\n\t\t\t\n\t\t>\n<div class=\"siteorigin-widget-tinymce textwidget\">\n\t<p style=\"text-align: center;\"><strong>Illustrations :<\/strong><br \/>\nIlya Baranovsky<\/p>\n<\/div>\n<\/div><\/div><\/div><div id=\"pgc-7737-1-2\"  class=\"panel-grid-cell\" ><div id=\"panel-7737-1-2-0\" class=\"so-panel widget widget_sow-editor panel-first-child panel-last-child\" data-index=\"5\" ><div\n\t\t\t\n\t\t\tclass=\"so-widget-sow-editor so-widget-sow-editor-base\"\n\t\t\t\n\t\t>\n<div class=\"siteorigin-widget-tinymce textwidget\">\n\t<p style=\"text-align: center;\"><strong>\u00c9dition :<\/strong><br \/>\nGale Force Nine<br \/>\n2020<\/p>\n<\/div>\n<\/div><\/div><\/div><div id=\"pgc-7737-1-3\"  class=\"panel-grid-cell\" ><div id=\"panel-7737-1-3-0\" class=\"so-panel widget widget_sow-editor panel-first-child panel-last-child\" data-index=\"6\" ><div\n\t\t\t\n\t\t\tclass=\"so-widget-sow-editor so-widget-sow-editor-base\"\n\t\t\t\n\t\t>\n<div class=\"siteorigin-widget-tinymce textwidget\">\n\t<p style=\"text-align: center;\"><strong>Version :<\/strong><br \/>\nFran\u00e7aise<\/p>\n<\/div>\n<\/div><\/div><\/div><\/div><div id=\"pg-7737-2\"  class=\"panel-grid panel-no-style\" ><div id=\"pgc-7737-2-0\"  class=\"panel-grid-cell\" ><div id=\"panel-7737-2-0-0\" class=\"so-panel widget widget_sow-editor panel-first-child panel-last-child\" data-index=\"7\" ><div\n\t\t\t\n\t\t\tclass=\"so-widget-sow-editor so-widget-sow-editor-base\"\n\t\t\t\n\t\t>\n<div class=\"siteorigin-widget-tinymce textwidget\">\n\t<hr \/>\n<p><em>On ne trouve l'\u00c9pice que sur la plan\u00e8te Arrakis, la \u00ab plan\u00e8te des sables \u00bb que ses habitants autochtones, les Fremens, appellent \u00ab Dune \u00bb.<\/em><\/p>\n<p>Imaginez que vous puissiez contr\u00f4ler les forces d'une famille noble, d'une guilde ou d'un ordre religieux sur une plan\u00e8te aride qui est la seule source de la substance la plus pr\u00e9cieuse de l'univers connu.<\/p>\n<p>Bienvenue dans ce classique des jeux de soci\u00e9t\u00e9, n\u00e9 il y a plus de 40 ans, et qui vous propose de recr\u00e9er l'incroyable univers de DUNE, le classique de Frank Herbert.<\/p>\n<p>Vous \u00eates le chef de l'une des 6 grandes factions. Elles souhaitent toutes contr\u00f4ler la ressource la plus pr\u00e9cieuse de l'univers : Le M\u00e9lange, cette myst\u00e9rieuse Epice que l'on extrait sur la plan\u00e8te DUNE. Comme le dit le duc Leta Atr\u00e9ides : \"Mais tout cela n'est rien \u00e0 c\u00f4t\u00e9 du M\u00e9lange. Une seule poign\u00e9e suffit \u00e0 s'acheter une demeure sur Tupile. On ne peut le produire. Il faut l'extraire du sol d'Arrakis. Le M\u00e9lange est unique en son genre et ses propri\u00e9t\u00e9s g\u00e9riatriques sont reconnues\".<br \/>\nEt sans le M\u00e9lange, les voyages dans l'espace seraient impossibles. Ce n'est qu'en consommant cette drogue (provoquant une forte d\u00e9pendance) que les Navigateurs de la Guilde peuvent avoir les visions du futur leur permettant de trouver leur voie dans l'Hyperespace.<\/p>\n<p>Qui parviendra \u00e0 prendre le contr\u00f4le de DUNE ? Incarnez le personnage de votre choix et... r\u00e9pondez vous-m\u00eame \u00e0 cette question !<\/p>\n<\/div>\n<\/div><\/div><\/div><\/div><div id=\"pg-7737-3\"  class=\"panel-grid panel-no-style\" ><div id=\"pgc-7737-3-0\"  class=\"panel-grid-cell\" ><div id=\"panel-7737-3-0-0\" class=\"so-panel widget widget_sow-editor panel-first-child panel-last-child\" data-index=\"8\" ><div\n\t\t\t\n\t\t\tclass=\"so-widget-sow-editor so-widget-sow-editor-base\"\n\t\t\t\n\t\t>\n<div class=\"siteorigin-widget-tinymce textwidget\">\n\t<hr \/>\n<h3 style=\"text-align: center;\">En vid\u00e9o<\/h3>\n<\/div>\n<\/div><\/div><\/div><\/div><div id=\"pg-7737-4\"  class=\"panel-grid panel-no-style\" ><div id=\"pgc-7737-4-0\"  class=\"panel-grid-cell\" ><div id=\"panel-7737-4-0-0\" class=\"so-panel widget widget_sow-editor panel-first-child panel-last-child\" data-index=\"9\" ><div\n\t\t\t\n\t\t\tclass=\"so-widget-sow-editor so-widget-sow-editor-base\"\n\t\t\t\n\t\t>\n<div class=\"siteorigin-widget-tinymce textwidget\">\n\t<hr \/>\n<h3 style=\"text-align: center;\">Extension(s)<\/h3>\n<p style=\"text-align: center;\"><style type='text\/css' media='all'>#rt-tpg-container-323506652 .read-more a{border-radius:px;}#rt-tpg-container-323506652 .rt-img-holder img.rt-img-responsive,#rt-tpg-container-323506652 .rt-img-holder,\n\t\t\t\t\t#rt-tpg-container-323506652 .rt-post-overlay .post-img,\n\t\t\t\t\t#rt-tpg-container-323506652 .post-sm .post-img,\n\t\t\t\t\t#rt-tpg-container-323506652 .rt-post-grid .post-img,\n\t\t\t\t\t#rt-tpg-container-323506652 .post-img img {border-radius:px;}#rt-tpg-container-323506652 .layout9 .rt-holder h2.entry-title,\n\t\t\t\t\t#rt-tpg-container-323506652 .layout9 .rt-holder h3.entry-title,\n\t\t\t\t\t#rt-tpg-container-323506652 .layout9 .rt-holder h4.entry-title,\n\t\t\t\t\t#rt-tpg-container-323506652 .layout9 .rt-holder h2.entry-title a,\n\t\t\t\t\t#rt-tpg-container-323506652 .layout9 .rt-holder h3.entry-title a,\n\t\t\t\t\t#rt-tpg-container-323506652 .layout9 .rt-holder h4.entry-title a,\n\t\t\t\t\t#rt-tpg-container-323506652 .rt-holder .rt-woo-info h2 a,\n\t\t\t\t\t#rt-tpg-container-323506652 .rt-holder .rt-woo-info h3 a,\n\t\t\t\t\t#rt-tpg-container-323506652 .rt-holder .rt-woo-info h4 a,\n\t\t\t\t\t#rt-tpg-container-323506652 .post-content .post-title,\n\t\t\t\t\t#rt-tpg-container-323506652 .rt-post-grid .post-title,\n\t\t\t\t\t#rt-tpg-container-323506652 .rt-post-grid .post-title a,\n\t\t\t\t\t#rt-tpg-container-323506652 .post-content .post-title a,\n\t\t\t\t\t#rt-tpg-container-323506652 .rt-holder .rt-woo-info h2,\n\t\t\t\t\t#rt-tpg-container-323506652 .rt-holder .rt-woo-info h3,\n\t\t\t\t\t#rt-tpg-container-323506652 .rt-holder .rt-woo-info h4{font-size:16px;line-height:26px;font-weight:normal;text-align:center;}#rt-tpg-container-323506652 .post-grid-lg-style-1 .post-title,\n\t\t\t\t\t\t#rt-tpg-container-323506652 .post-grid-lg-style-1 .post-title a,\n\t\t\t\t\t\t#rt-tpg-container-323506652 .big-layout .post-title,\n\t\t\t\t\t\t#rt-tpg-container-323506652 .big-layout .post-title a,\n\t\t\t\t\t\t#rt-tpg-container-323506652 .post-grid-lg-style-1 .post-title,\n\t\t\t\t\t\t#rt-tpg-container-323506652 .post-grid-lg-style-1 .post-title a {font-size:24px;line-height:34px;}<\/style><div class='rt-container-fluid rt-tpg-container tpg-shortcode-main-wrapper ' id='rt-tpg-container-323506652'   data-layout='layout9' data-grid-style='even' data-desktop-col='3'  data-tab-col='2'  data-mobile-col='1' data-sc-id='9168'><div data-title='Loading ...' class='rt-row rt-content-loader   layout9 tpg-even '><div class=\"rt-col-md-4 rt-col-sm-6 rt-col-xs-12 even-grid-item rt-grid-item img_zoom_in\" data-id=\"9166\"><div class=\"rt-holder\"><div class='overlay'><a data-id='9166' class=' tpg-single-popup' href='https:\/\/meeplendice.net\/?page_id=9166'><img loading=\"lazy\" decoding=\"async\" width=\"350\" height=\"350\" src=\"https:\/\/meeplendice.net\/wp-content\/uploads\/2021\/12\/Dune_IT.png\" class=\"rt-img-responsive \" alt=\"\" \/><\/a><\/div><div class='post-info'><h3 class=\"entry-title\"><a data-id=\"9166\" class=\" tpg-single-popup\" href=\"https:\/\/meeplendice.net\/?page_id=9166\">Ixiens &#038; Tleilaxu<\/a><\/h3><div class='post-meta-user '><\/div><\/div><\/div><\/div><\/div><div class='rt-pagination-wrap' data-total-pages='1' data-posts-per-page='3' data-type='pagination_ajax'  ><div class='rt-page-numbers'><\/div><\/div><\/div><\/p>\n<\/div>\n<\/div><\/div><\/div><\/div><div id=\"pg-7737-5\"  class=\"panel-grid panel-no-style\" ><div id=\"pgc-7737-5-0\"  class=\"panel-grid-cell\" ><div id=\"panel-7737-5-0-0\" class=\"so-panel widget widget_sow-editor panel-first-child panel-last-child\" data-index=\"10\" ><div\n\t\t\t\n\t\t\tclass=\"so-widget-sow-editor so-widget-sow-editor-base\"\n\t\t\t\n\t\t>\n<div class=\"siteorigin-widget-tinymce textwidget\">\n\t<hr \/>\n<h3 style=\"text-align: center;\">Pour aller plus loin<\/h3>\n<\/div>\n<\/div><\/div><\/div><\/div><\/div>","protected":false},"excerpt":{"rendered":"<p>Nombre de joueurs : 2 &#8211; 6 Dur\u00e9e moyenne : 120 min Age : 14 ans et plus Auteur(s) : Peter Olotka Jack Kittredge Bill Eberle Illustrations : Ilya Baranovsky \u00c9dition : Gale Force Nine 2020 Version : Fran\u00e7aise<\/p>\n","protected":false},"author":2,"featured_media":7729,"parent":0,"menu_order":0,"comment_status":"closed","ping_status":"closed","template":"","meta":{"footnotes":""},"class_list":["post-7737","page","type-page","status-publish","has-post-thumbnail","hentry"],"acf":[],"rttpg_featured_image_url":{"full":["https:\/\/meeplendice.net\/wp-content\/uploads\/2020\/12\/Dune.png",350,350,false],"landscape":["https:\/\/meeplendice.net\/wp-content\/uploads\/2020\/12\/Dune.png",350,350,false],"portraits":["https:\/\/meeplendice.net\/wp-content\/uploads\/2020\/12\/Dune.png",350,350,false],"thumbnail":["https:\/\/meeplendice.net\/wp-content\/uploads\/2020\/12\/Dune-150x150.png",150,150,true],"medium":["https:\/\/meeplendice.net\/wp-content\/uploads\/2020\/12\/Dune-300x300.png",300,300,true],"large":["https:\/\/meeplendice.net\/wp-content\/uploads\/2020\/12\/Dune.png",350,350,false],"ug_big":["https:\/\/meeplendice.net\/wp-content\/uploads\/2020\/12\/Dune.png",350,350,false],"1536x1536":["https:\/\/meeplendice.net\/wp-content\/uploads\/2020\/12\/Dune.png",350,350,false],"2048x2048":["https:\/\/meeplendice.net\/wp-content\/uploads\/2020\/12\/Dune.png",350,350,false],"ashe-slider-grid-thumbnail":["https:\/\/meeplendice.net\/wp-content\/uploads\/2020\/12\/Dune.png",350,350,false],"ashe-full-thumbnail":["https:\/\/meeplendice.net\/wp-content\/uploads\/2020\/12\/Dune.png",350,350,false],"ashe-grid-thumbnail":["https:\/\/meeplendice.net\/wp-content\/uploads\/2020\/12\/Dune-350x330.png",350,330,true],"ashe-list-thumbnail":["https:\/\/meeplendice.net\/wp-content\/uploads\/2020\/12\/Dune-300x300.png",300,300,true],"ashe-single-navigation":["https:\/\/meeplendice.net\/wp-content\/uploads\/2020\/12\/Dune-75x75.png",75,75,true],"mailpoet_newsletter_max":["https:\/\/meeplendice.net\/wp-content\/uploads\/2020\/12\/Dune.png",350,350,false],"rpwe-thumbnail":["https:\/\/meeplendice.net\/wp-content\/uploads\/2020\/12\/Dune-45x45.png",45,45,true],"sow-carousel-default":["https:\/\/meeplendice.net\/wp-content\/uploads\/2020\/12\/Dune-272x182.png",272,182,true],"rt_custom":["https:\/\/meeplendice.net\/wp-content\/uploads\/2020\/12\/Dune.png",350,350,false]},"rttpg_author":{"display_name":"Karnby","author_link":"https:\/\/meeplendice.net\/?author=2"},"rttpg_comment":0,"rttpg_category":null,"rttpg_excerpt":"Nombre de joueurs : 2 - 6 Dur\u00e9e moyenne : 120 min Age : 14 ans et plus Auteur(s) : Peter Olotka Jack Kittredge Bill Eberle Illustrations : Ilya Baranovsky \u00c9dition : Gale Force Nine 2020 Version : Fran\u00e7aise","_links":{"self":[{"href":"https:\/\/meeplendice.net\/index.php?rest_route=\/wp\/v2\/pages\/7737","targetHints":{"allow":["GET"]}}],"collection":[{"href":"https:\/\/meeplendice.net\/index.php?rest_route=\/wp\/v2\/pages"}],"about":[{"href":"https:\/\/meeplendice.net\/index.php?rest_route=\/wp\/v2\/types\/page"}],"author":[{"embeddable":true,"href":"https:\/\/meeplendice.net\/index.php?rest_route=\/wp\/v2\/users\/2"}],"replies":[{"embeddable":true,"href":"https:\/\/meeplendice.net\/index.php?rest_route=%2Fwp%2Fv2%2Fcomments&post=7737"}],"version-history":[{"count":6,"href":"https:\/\/meeplendice.net\/index.php?rest_route=\/wp\/v2\/pages\/7737\/revisions"}],"predecessor-version":[{"id":9169,"href":"https:\/\/meeplendice.net\/index.php?rest_route=\/wp\/v2\/pages\/7737\/revisions\/9169"}],"wp:featuredmedia":[{"embeddable":true,"href":"https:\/\/meeplendice.net\/index.php?rest_route=\/wp\/v2\/media\/7729"}],"wp:attachment":[{"href":"https:\/\/meeplendice.net\/index.php?rest_route=%2Fwp%2Fv2%2Fmedia&parent=7737"}],"curies":[{"name":"wp","href":"https:\/\/api.w.org\/{rel}","templated":true}]}}