{"id":7844,"date":"2020-12-23T22:49:26","date_gmt":"2020-12-23T21:49:26","guid":{"rendered":"http:\/\/meeplendice.net\/?page_id=7844"},"modified":"2020-12-23T22:49:26","modified_gmt":"2020-12-23T21:49:26","slug":"thingvellir","status":"publish","type":"page","link":"https:\/\/meeplendice.net\/?page_id=7844","title":{"rendered":"Thingvellir"},"content":{"rendered":"<div class=\"p_collection\">\n<div class=\"p_collection\">Elvalands, maitrisez de nouvelles strat\u00e9gies avec des mercenaires aux deux classes, des artefacts aux pouvoirs divins et de nouveaux h\u00e9ros et h\u00e9ro\u00efnes qui vous permettront des combinaisons fabuleuses !<\/div>\n<div>\nUne nouvelle option s&rsquo;offre \u00e0 vous : vous rendez au camp des nomades&#8230; et d\u00e9couvrir leur puissance.<\/div>\n<div><\/div>\n<\/div>\n<p>&nbsp;<\/p>\n<p><span id=\"result_box\" class=\"\" lang=\"fr\"><span class=\"\">\u00a0<\/span><\/span><\/p>\n","protected":false},"excerpt":{"rendered":"<p>Elvalands, maitrisez de nouvelles strat\u00e9gies avec des mercenaires aux deux classes, des artefacts aux pouvoirs divins et de nouveaux h\u00e9ros et h\u00e9ro\u00efnes qui vous permettront des combinaisons fabuleuses ! Une nouvelle option s&rsquo;offre \u00e0 vous : vous rendez au camp des nomades&#8230; et d\u00e9couvrir leur puissance. &nbsp; \u00a0<\/p>\n","protected":false},"author":2,"featured_media":7830,"parent":7033,"menu_order":1,"comment_status":"closed","ping_status":"closed","template":"","meta":{"footnotes":""},"class_list":["post-7844","page","type-page","status-publish","has-post-thumbnail","hentry"],"acf":[],"rttpg_featured_image_url":{"full":["https:\/\/meeplendice.net\/wp-content\/uploads\/2020\/12\/Nidavellir_Thingvellir.png",350,350,false],"landscape":["https:\/\/meeplendice.net\/wp-content\/uploads\/2020\/12\/Nidavellir_Thingvellir.png",350,350,false],"portraits":["https:\/\/meeplendice.net\/wp-content\/uploads\/2020\/12\/Nidavellir_Thingvellir.png",350,350,false],"thumbnail":["https:\/\/meeplendice.net\/wp-content\/uploads\/2020\/12\/Nidavellir_Thingvellir-150x150.png",150,150,true],"medium":["https:\/\/meeplendice.net\/wp-content\/uploads\/2020\/12\/Nidavellir_Thingvellir-300x300.png",300,300,true],"large":["https:\/\/meeplendice.net\/wp-content\/uploads\/2020\/12\/Nidavellir_Thingvellir.png",350,350,false],"ug_big":["https:\/\/meeplendice.net\/wp-content\/uploads\/2020\/12\/Nidavellir_Thingvellir.png",350,350,false],"1536x1536":["https:\/\/meeplendice.net\/wp-content\/uploads\/2020\/12\/Nidavellir_Thingvellir.png",350,350,false],"2048x2048":["https:\/\/meeplendice.net\/wp-content\/uploads\/2020\/12\/Nidavellir_Thingvellir.png",350,350,false],"ashe-slider-grid-thumbnail":["https:\/\/meeplendice.net\/wp-content\/uploads\/2020\/12\/Nidavellir_Thingvellir.png",350,350,false],"ashe-full-thumbnail":["https:\/\/meeplendice.net\/wp-content\/uploads\/2020\/12\/Nidavellir_Thingvellir.png",350,350,false],"ashe-grid-thumbnail":["https:\/\/meeplendice.net\/wp-content\/uploads\/2020\/12\/Nidavellir_Thingvellir-350x330.png",350,330,true],"ashe-list-thumbnail":["https:\/\/meeplendice.net\/wp-content\/uploads\/2020\/12\/Nidavellir_Thingvellir-300x300.png",300,300,true],"ashe-single-navigation":["https:\/\/meeplendice.net\/wp-content\/uploads\/2020\/12\/Nidavellir_Thingvellir-75x75.png",75,75,true],"mailpoet_newsletter_max":["https:\/\/meeplendice.net\/wp-content\/uploads\/2020\/12\/Nidavellir_Thingvellir.png",350,350,false],"rpwe-thumbnail":["https:\/\/meeplendice.net\/wp-content\/uploads\/2020\/12\/Nidavellir_Thingvellir-45x45.png",45,45,true],"sow-carousel-default":["https:\/\/meeplendice.net\/wp-content\/uploads\/2020\/12\/Nidavellir_Thingvellir-272x182.png",272,182,true],"rt_custom":["https:\/\/meeplendice.net\/wp-content\/uploads\/2020\/12\/Nidavellir_Thingvellir.png",350,350,false]},"rttpg_author":{"display_name":"Karnby","author_link":"https:\/\/meeplendice.net\/?author=2"},"rttpg_comment":0,"rttpg_category":null,"rttpg_excerpt":"Elvalands, maitrisez de nouvelles strat\u00e9gies avec des mercenaires aux deux classes, des artefacts aux pouvoirs divins et de nouveaux h\u00e9ros et h\u00e9ro\u00efnes qui vous permettront des combinaisons fabuleuses ! Une nouvelle option s&rsquo;offre \u00e0 vous : vous rendez au camp des nomades&#8230; et d\u00e9couvrir leur puissance. &nbsp; \u00a0","_links":{"self":[{"href":"https:\/\/meeplendice.net\/index.php?rest_route=\/wp\/v2\/pages\/7844","targetHints":{"allow":["GET"]}}],"collection":[{"href":"https:\/\/meeplendice.net\/index.php?rest_route=\/wp\/v2\/pages"}],"about":[{"href":"https:\/\/meeplendice.net\/index.php?rest_route=\/wp\/v2\/types\/page"}],"author":[{"embeddable":true,"href":"https:\/\/meeplendice.net\/index.php?rest_route=\/wp\/v2\/users\/2"}],"replies":[{"embeddable":true,"href":"https:\/\/meeplendice.net\/index.php?rest_route=%2Fwp%2Fv2%2Fcomments&post=7844"}],"version-history":[{"count":1,"href":"https:\/\/meeplendice.net\/index.php?rest_route=\/wp\/v2\/pages\/7844\/revisions"}],"predecessor-version":[{"id":7845,"href":"https:\/\/meeplendice.net\/index.php?rest_route=\/wp\/v2\/pages\/7844\/revisions\/7845"}],"up":[{"embeddable":true,"href":"https:\/\/meeplendice.net\/index.php?rest_route=\/wp\/v2\/pages\/7033"}],"wp:featuredmedia":[{"embeddable":true,"href":"https:\/\/meeplendice.net\/index.php?rest_route=\/wp\/v2\/media\/7830"}],"wp:attachment":[{"href":"https:\/\/meeplendice.net\/index.php?rest_route=%2Fwp%2Fv2%2Fmedia&parent=7844"}],"curies":[{"name":"wp","href":"https:\/\/api.w.org\/{rel}","templated":true}]}}