{"id":7847,"date":"2020-12-24T00:09:03","date_gmt":"2020-12-23T23:09:03","guid":{"rendered":"http:\/\/meeplendice.net\/?page_id=7847"},"modified":"2024-07-02T11:18:56","modified_gmt":"2024-07-02T10:18:56","slug":"new-corp-order","status":"publish","type":"page","link":"https:\/\/meeplendice.net\/?page_id=7847","title":{"rendered":"New Corp Order"},"content":{"rendered":"<div id=\"pl-7847\"  class=\"panel-layout\" ><div id=\"pg-7847-0\"  class=\"panel-grid panel-no-style\" ><div id=\"pgc-7847-0-0\"  class=\"panel-grid-cell\" ><div id=\"panel-7847-0-0-0\" class=\"so-panel widget widget_sow-editor panel-first-child panel-last-child\" data-index=\"0\" ><div\n\t\t\t\n\t\t\tclass=\"so-widget-sow-editor so-widget-sow-editor-base\"\n\t\t\t\n\t\t>\n<div class=\"siteorigin-widget-tinymce textwidget\">\n\t<p style=\"text-align: center;\"><strong>Nombre de joueurs :<\/strong><br \/>\n1 - 4<\/p>\n<\/div>\n<\/div><\/div><\/div><div id=\"pgc-7847-0-1\"  class=\"panel-grid-cell\" ><div id=\"panel-7847-0-1-0\" class=\"so-panel widget widget_sow-editor panel-first-child panel-last-child\" data-index=\"1\" ><div\n\t\t\t\n\t\t\tclass=\"so-widget-sow-editor so-widget-sow-editor-base\"\n\t\t\t\n\t\t>\n<div class=\"siteorigin-widget-tinymce textwidget\">\n\t<p style=\"text-align: center;\"><strong>Dur\u00e9e moyenne :<\/strong><br \/>\n30 min<\/p>\n<\/div>\n<\/div><\/div><\/div><div id=\"pgc-7847-0-2\"  class=\"panel-grid-cell\" ><div id=\"panel-7847-0-2-0\" class=\"so-panel widget widget_sow-editor panel-first-child panel-last-child\" data-index=\"2\" ><div\n\t\t\t\n\t\t\tclass=\"so-widget-sow-editor so-widget-sow-editor-base\"\n\t\t\t\n\t\t>\n<div class=\"siteorigin-widget-tinymce textwidget\">\n\t<p style=\"text-align: center;\"><strong>Age :<\/strong><br \/>\n12 ans et plus<\/p>\n<\/div>\n<\/div><\/div><\/div><\/div><div id=\"pg-7847-1\"  class=\"panel-grid panel-no-style\" ><div id=\"pgc-7847-1-0\"  class=\"panel-grid-cell\" ><div id=\"panel-7847-1-0-0\" class=\"so-panel widget widget_sow-editor panel-first-child panel-last-child\" data-index=\"3\" ><div\n\t\t\t\n\t\t\tclass=\"so-widget-sow-editor so-widget-sow-editor-base\"\n\t\t\t\n\t\t>\n<div class=\"siteorigin-widget-tinymce textwidget\">\n\t<p style=\"text-align: center;\"><strong>Auteur(s) :<br \/>\n<\/strong>Miguel Bruque<\/p>\n<\/div>\n<\/div><\/div><\/div><div id=\"pgc-7847-1-1\"  class=\"panel-grid-cell\" ><div id=\"panel-7847-1-1-0\" class=\"so-panel widget widget_sow-editor panel-first-child panel-last-child\" data-index=\"4\" ><div\n\t\t\t\n\t\t\tclass=\"so-widget-sow-editor so-widget-sow-editor-base\"\n\t\t\t\n\t\t>\n<div class=\"siteorigin-widget-tinymce textwidget\">\n\t<p style=\"text-align: center;\"><strong>Illustrations :<\/strong><br \/>\nHeiko G\u00fcnther<\/p>\n<\/div>\n<\/div><\/div><\/div><div id=\"pgc-7847-1-2\"  class=\"panel-grid-cell\" ><div id=\"panel-7847-1-2-0\" class=\"so-panel widget widget_sow-editor panel-first-child panel-last-child\" data-index=\"5\" ><div\n\t\t\t\n\t\t\tclass=\"so-widget-sow-editor so-widget-sow-editor-base\"\n\t\t\t\n\t\t>\n<div class=\"siteorigin-widget-tinymce textwidget\">\n\t<p style=\"text-align: center;\"><strong>\u00c9dition :<\/strong><br \/>\n2 Tomatoes Games<br \/>\n2019<\/p>\n<\/div>\n<\/div><\/div><\/div><div id=\"pgc-7847-1-3\"  class=\"panel-grid-cell\" ><div id=\"panel-7847-1-3-0\" class=\"so-panel widget widget_sow-editor panel-first-child panel-last-child\" data-index=\"6\" ><div\n\t\t\t\n\t\t\tclass=\"so-widget-sow-editor so-widget-sow-editor-base\"\n\t\t\t\n\t\t>\n<div class=\"siteorigin-widget-tinymce textwidget\">\n\t<p style=\"text-align: center;\"><strong>Version :<\/strong><br \/>\nFran\u00e7aise<\/p>\n<\/div>\n<\/div><\/div><\/div><\/div><div id=\"pg-7847-2\"  class=\"panel-grid panel-no-style\" ><div id=\"pgc-7847-2-0\"  class=\"panel-grid-cell\" ><div id=\"panel-7847-2-0-0\" class=\"so-panel widget widget_sow-editor panel-first-child panel-last-child\" data-index=\"7\" ><div\n\t\t\t\n\t\t\tclass=\"so-widget-sow-editor so-widget-sow-editor-base\"\n\t\t\t\n\t\t>\n<div class=\"siteorigin-widget-tinymce textwidget\">\n\t<hr \/>\n<p>Avec l'influence d\u00e9clinante des gouvernements coupables, les M\u00e9ga-Corporations commencent \u00e0 contr\u00f4ler le monde. Mais elles doivent \u00eatre prudentes dans ce nouveau monde de citoyens hyper-connect\u00e9s, m\u00e9fiants \u00e0 cause des erreurs du pass\u00e9, o\u00f9 les Conglom\u00e9rats de M\u00e9dia d\u00e9tiennent la cl\u00e9 pour la domination de la plan\u00e8te.<\/p>\n<p>En tant que cadre dirigeant d'une des plus grandes Corporations du monde, votre t\u00e2che est d'am\u00e9liorer l'image publique de votre compagnie en manipulant habilement les 4 plus grands Conglom\u00e9rats de M\u00e9dia. infiltrez leur structure et utilisez cette influence \u00e0 votre avantage m\u00eame si cela signifie utiliser un conglom\u00e9rat contre un autre.<\/p>\n<p>Apr\u00e8s tout, la r\u00e9compense est grande : le monde.<\/p>\n<\/div>\n<\/div><\/div><\/div><\/div><div id=\"pg-7847-3\"  class=\"panel-grid panel-no-style\" ><div id=\"pgc-7847-3-0\"  class=\"panel-grid-cell\" ><div id=\"panel-7847-3-0-0\" class=\"so-panel widget widget_sow-editor panel-first-child panel-last-child\" data-index=\"8\" ><div\n\t\t\t\n\t\t\tclass=\"so-widget-sow-editor so-widget-sow-editor-base\"\n\t\t\t\n\t\t>\n<div class=\"siteorigin-widget-tinymce textwidget\">\n\t<hr \/>\n<p style=\"text-align: center;\"><strong>En vid\u00e9o<\/strong><\/p>\n<p>&nbsp;<\/p>\n<\/div>\n<\/div><\/div><\/div><\/div><div id=\"pg-7847-4\"  class=\"panel-grid panel-no-style\" ><div id=\"pgc-7847-4-0\"  class=\"panel-grid-cell\" ><div id=\"panel-7847-4-0-0\" class=\"so-panel widget widget_sow-editor panel-first-child panel-last-child\" data-index=\"9\" ><div\n\t\t\t\n\t\t\tclass=\"so-widget-sow-editor so-widget-sow-editor-base\"\n\t\t\t\n\t\t>\n<div class=\"siteorigin-widget-tinymce textwidget\">\n\t<hr \/>\n<p style=\"text-align: center;\"><strong>Pour aller plus loin<\/strong><\/p>\n<\/div>\n<\/div><\/div><\/div><\/div><\/div>","protected":false},"excerpt":{"rendered":"<p>Nombre de joueurs : 1 &#8211; 4 Dur\u00e9e moyenne : 30 min Age : 12 ans et plus Auteur(s) : Miguel Bruque Illustrations : Heiko G\u00fcnther \u00c9dition : 2 Tomatoes Games 2019 Version : Fran\u00e7aise<\/p>\n","protected":false},"author":2,"featured_media":12167,"parent":0,"menu_order":0,"comment_status":"closed","ping_status":"closed","template":"","meta":{"footnotes":""},"class_list":["post-7847","page","type-page","status-publish","has-post-thumbnail","hentry"],"acf":[],"rttpg_featured_image_url":{"full":["https:\/\/meeplendice.net\/wp-content\/uploads\/2024\/07\/New_corp_order.png",350,350,false],"landscape":["https:\/\/meeplendice.net\/wp-content\/uploads\/2024\/07\/New_corp_order.png",350,350,false],"portraits":["https:\/\/meeplendice.net\/wp-content\/uploads\/2024\/07\/New_corp_order.png",350,350,false],"thumbnail":["https:\/\/meeplendice.net\/wp-content\/uploads\/2024\/07\/New_corp_order-150x150.png",150,150,true],"medium":["https:\/\/meeplendice.net\/wp-content\/uploads\/2024\/07\/New_corp_order-300x300.png",300,300,true],"large":["https:\/\/meeplendice.net\/wp-content\/uploads\/2024\/07\/New_corp_order.png",350,350,false],"ug_big":["https:\/\/meeplendice.net\/wp-content\/uploads\/2024\/07\/New_corp_order.png",350,350,false],"1536x1536":["https:\/\/meeplendice.net\/wp-content\/uploads\/2024\/07\/New_corp_order.png",350,350,false],"2048x2048":["https:\/\/meeplendice.net\/wp-content\/uploads\/2024\/07\/New_corp_order.png",350,350,false],"ashe-slider-grid-thumbnail":["https:\/\/meeplendice.net\/wp-content\/uploads\/2024\/07\/New_corp_order.png",350,350,false],"ashe-full-thumbnail":["https:\/\/meeplendice.net\/wp-content\/uploads\/2024\/07\/New_corp_order.png",350,350,false],"ashe-grid-thumbnail":["https:\/\/meeplendice.net\/wp-content\/uploads\/2024\/07\/New_corp_order-350x330.png",350,330,true],"ashe-list-thumbnail":["https:\/\/meeplendice.net\/wp-content\/uploads\/2024\/07\/New_corp_order-300x300.png",300,300,true],"ashe-single-navigation":["https:\/\/meeplendice.net\/wp-content\/uploads\/2024\/07\/New_corp_order-75x75.png",75,75,true],"mailpoet_newsletter_max":["https:\/\/meeplendice.net\/wp-content\/uploads\/2024\/07\/New_corp_order.png",350,350,false],"rpwe-thumbnail":["https:\/\/meeplendice.net\/wp-content\/uploads\/2024\/07\/New_corp_order-45x45.png",45,45,true],"sow-carousel-default":["https:\/\/meeplendice.net\/wp-content\/uploads\/2024\/07\/New_corp_order-272x182.png",272,182,true],"rt_custom":["https:\/\/meeplendice.net\/wp-content\/uploads\/2024\/07\/New_corp_order.png",350,350,false]},"rttpg_author":{"display_name":"Karnby","author_link":"https:\/\/meeplendice.net\/?author=2"},"rttpg_comment":0,"rttpg_category":null,"rttpg_excerpt":"Nombre de joueurs : 1 - 4 Dur\u00e9e moyenne : 30 min Age : 12 ans et plus Auteur(s) : Miguel Bruque Illustrations : Heiko G\u00fcnther \u00c9dition : 2 Tomatoes Games 2019 Version : Fran\u00e7aise","_links":{"self":[{"href":"https:\/\/meeplendice.net\/index.php?rest_route=\/wp\/v2\/pages\/7847","targetHints":{"allow":["GET"]}}],"collection":[{"href":"https:\/\/meeplendice.net\/index.php?rest_route=\/wp\/v2\/pages"}],"about":[{"href":"https:\/\/meeplendice.net\/index.php?rest_route=\/wp\/v2\/types\/page"}],"author":[{"embeddable":true,"href":"https:\/\/meeplendice.net\/index.php?rest_route=\/wp\/v2\/users\/2"}],"replies":[{"embeddable":true,"href":"https:\/\/meeplendice.net\/index.php?rest_route=%2Fwp%2Fv2%2Fcomments&post=7847"}],"version-history":[{"count":3,"href":"https:\/\/meeplendice.net\/index.php?rest_route=\/wp\/v2\/pages\/7847\/revisions"}],"predecessor-version":[{"id":12173,"href":"https:\/\/meeplendice.net\/index.php?rest_route=\/wp\/v2\/pages\/7847\/revisions\/12173"}],"wp:featuredmedia":[{"embeddable":true,"href":"https:\/\/meeplendice.net\/index.php?rest_route=\/wp\/v2\/media\/12167"}],"wp:attachment":[{"href":"https:\/\/meeplendice.net\/index.php?rest_route=%2Fwp%2Fv2%2Fmedia&parent=7847"}],"curies":[{"name":"wp","href":"https:\/\/api.w.org\/{rel}","templated":true}]}}