{"id":7856,"date":"2020-12-24T00:57:14","date_gmt":"2020-12-23T23:57:14","guid":{"rendered":"http:\/\/meeplendice.net\/?page_id=7856"},"modified":"2020-12-24T00:57:14","modified_gmt":"2020-12-23T23:57:14","slug":"magnastorm-2","status":"publish","type":"page","link":"https:\/\/meeplendice.net\/?page_id=7856","title":{"rendered":"Magnastorm"},"content":{"rendered":"<div id=\"pl-7856\"  class=\"panel-layout\" ><div id=\"pg-7856-0\"  class=\"panel-grid panel-no-style\" ><div id=\"pgc-7856-0-0\"  class=\"panel-grid-cell\" ><div id=\"panel-7856-0-0-0\" class=\"so-panel widget widget_sow-editor panel-first-child panel-last-child\" data-index=\"0\" ><div\n\t\t\t\n\t\t\tclass=\"so-widget-sow-editor so-widget-sow-editor-base\"\n\t\t\t\n\t\t>\n<div class=\"siteorigin-widget-tinymce textwidget\">\n\t<p style=\"text-align: center;\"><strong>Nombre de joueurs :<\/strong><br \/>\n1 - 4<\/p>\n<\/div>\n<\/div><\/div><\/div><div id=\"pgc-7856-0-1\"  class=\"panel-grid-cell\" ><div id=\"panel-7856-0-1-0\" class=\"so-panel widget widget_sow-editor panel-first-child panel-last-child\" data-index=\"1\" ><div\n\t\t\t\n\t\t\tclass=\"so-widget-sow-editor so-widget-sow-editor-base\"\n\t\t\t\n\t\t>\n<div class=\"siteorigin-widget-tinymce textwidget\">\n\t<p style=\"text-align: center;\"><strong>Dur\u00e9e moyenne :<\/strong><br \/>\n150 min<\/p>\n<\/div>\n<\/div><\/div><\/div><div id=\"pgc-7856-0-2\"  class=\"panel-grid-cell\" ><div id=\"panel-7856-0-2-0\" class=\"so-panel widget widget_sow-editor panel-first-child panel-last-child\" data-index=\"2\" ><div\n\t\t\t\n\t\t\tclass=\"so-widget-sow-editor so-widget-sow-editor-base\"\n\t\t\t\n\t\t>\n<div class=\"siteorigin-widget-tinymce textwidget\">\n\t<p style=\"text-align: center;\"><strong>Age :<\/strong><br \/>\n14 ans et plus<\/p>\n<\/div>\n<\/div><\/div><\/div><\/div><div id=\"pg-7856-1\"  class=\"panel-grid panel-no-style\" ><div id=\"pgc-7856-1-0\"  class=\"panel-grid-cell\" ><div id=\"panel-7856-1-0-0\" class=\"so-panel widget widget_sow-editor panel-first-child panel-last-child\" data-index=\"3\" ><div\n\t\t\t\n\t\t\tclass=\"so-widget-sow-editor so-widget-sow-editor-base\"\n\t\t\t\n\t\t>\n<div class=\"siteorigin-widget-tinymce textwidget\">\n\t<p style=\"text-align: center;\"><strong>Auteur(s) :<br \/>\n<\/strong>Bauldric &amp; Friends<\/p>\n<\/div>\n<\/div><\/div><\/div><div id=\"pgc-7856-1-1\"  class=\"panel-grid-cell\" ><div id=\"panel-7856-1-1-0\" class=\"so-panel widget widget_sow-editor panel-first-child panel-last-child\" data-index=\"4\" ><div\n\t\t\t\n\t\t\tclass=\"so-widget-sow-editor so-widget-sow-editor-base\"\n\t\t\t\n\t\t>\n<div class=\"siteorigin-widget-tinymce textwidget\">\n\t<p style=\"text-align: center;\"><strong>Illustrations :<\/strong><br \/>\nMichael Menzel<\/p>\n<\/div>\n<\/div><\/div><\/div><div id=\"pgc-7856-1-2\"  class=\"panel-grid-cell\" ><div id=\"panel-7856-1-2-0\" class=\"so-panel widget widget_sow-editor panel-first-child panel-last-child\" data-index=\"5\" ><div\n\t\t\t\n\t\t\tclass=\"so-widget-sow-editor so-widget-sow-editor-base\"\n\t\t\t\n\t\t>\n<div class=\"siteorigin-widget-tinymce textwidget\">\n\t<p style=\"text-align: center;\"><strong>\u00c9dition :<\/strong><br \/>\nSuper Meeple<br \/>\n2019<\/p>\n<\/div>\n<\/div><\/div><\/div><div id=\"pgc-7856-1-3\"  class=\"panel-grid-cell\" ><div id=\"panel-7856-1-3-0\" class=\"so-panel widget widget_sow-editor panel-first-child panel-last-child\" data-index=\"6\" ><div\n\t\t\t\n\t\t\tclass=\"so-widget-sow-editor so-widget-sow-editor-base\"\n\t\t\t\n\t\t>\n<div class=\"siteorigin-widget-tinymce textwidget\">\n\t<p style=\"text-align: center;\"><strong>Version :<\/strong><br \/>\nFran\u00e7aise<\/p>\n<\/div>\n<\/div><\/div><\/div><\/div><div id=\"pg-7856-2\"  class=\"panel-grid panel-no-style\" ><div id=\"pgc-7856-2-0\"  class=\"panel-grid-cell\" ><div id=\"panel-7856-2-0-0\" class=\"so-panel widget widget_sow-editor panel-first-child panel-last-child\" data-index=\"7\" ><div\n\t\t\t\n\t\t\tclass=\"so-widget-sow-editor so-widget-sow-editor-base\"\n\t\t\t\n\t\t>\n<div class=\"siteorigin-widget-tinymce textwidget\">\n\t<hr \/>\n<p><em>Lorsque les premiers vaisseaux d'exploration p\u00e9n\u00e9tr\u00e8rent l'atmosph\u00e8re nuageuse de la plan\u00e8te Magnastorm, ils d\u00e9couvrirent non seulement des ressources naturelles en abondance, mais \u00e9galement les vestiges d'une ancienne civilisation extra-terrestre. A la demande de leur \u00e9tat-major, des Scout Runners furent envoy\u00e9s sur la surface d\u00e9sertique pour y rechercher des sites miniers exploitables.<\/em><\/p>\n<p><em>Une fois cette t\u00e2che accomplie, de gigantesques machines de minage surnomm\u00e9es \" laboratoires tortue \" entr\u00e8rent en sc\u00e8ne. Elles ne creus\u00e8rent pas uniquement pour r\u00e9colter des ressources, mais aussi pour exhumer des traces de la myst\u00e9rieuse civilisation \u00e9teinte.<\/em><\/p>\n<p><em>Vous \u00eates le repr\u00e9sentant d'un des quatre grands gouvernements terriens, votre mission est de superviser la prospection et la recherche sur Magnastorm.<\/em><\/p>\n<p>Magnastorm est un grand jeu de plateau strat\u00e9gique. Choisissez le bon moment pour r\u00e9aliser vos actions ou user de votre influence pour obtenir de l'aide de personnes utiles. Vous obtiendrez les meilleurs r\u00e9sultats en combinant bonne gestion des ressources, logistique habile et minutage pr\u00e9cis, tout en gardant un \u0153il sur les actions de vos adversaires.<\/p>\n<p>A la fin de la partie chaque joueur pourra recevoir une des 120 cartes de r\u00e9compense, qui pourront \u00eatre utilis\u00e9es lors des parties suivantes pour compenser les diff\u00e9rences de niveau entre les joueurs.<\/p>\n<p>&nbsp;<\/p>\n<p>&nbsp;<\/p>\n<\/div>\n<\/div><\/div><\/div><\/div><div id=\"pg-7856-3\"  class=\"panel-grid panel-no-style\" ><div id=\"pgc-7856-3-0\"  class=\"panel-grid-cell\" ><div id=\"panel-7856-3-0-0\" class=\"so-panel widget widget_sow-editor panel-first-child panel-last-child\" data-index=\"8\" ><div\n\t\t\t\n\t\t\tclass=\"so-widget-sow-editor so-widget-sow-editor-base\"\n\t\t\t\n\t\t>\n<div class=\"siteorigin-widget-tinymce textwidget\">\n\t<hr \/>\n<p style=\"text-align: center;\"><strong>En vid\u00e9o<\/strong><\/p>\n<\/div>\n<\/div><\/div><\/div><\/div><div id=\"pg-7856-4\"  class=\"panel-grid panel-no-style\" ><div id=\"pgc-7856-4-0\"  class=\"panel-grid-cell\" ><div id=\"panel-7856-4-0-0\" class=\"so-panel widget widget_sow-editor panel-first-child panel-last-child\" data-index=\"9\" ><div\n\t\t\t\n\t\t\tclass=\"so-widget-sow-editor so-widget-sow-editor-base\"\n\t\t\t\n\t\t>\n<div class=\"siteorigin-widget-tinymce textwidget\">\n\t<hr \/>\n<p style=\"text-align: center;\"><strong>Pour aller plus loin<\/strong><\/p>\n<\/div>\n<\/div><\/div><\/div><\/div><\/div>","protected":false},"excerpt":{"rendered":"<p>Nombre de joueurs : 1 &#8211; 4 Dur\u00e9e moyenne : 150 min Age : 14 ans et plus Auteur(s) : Bauldric &amp; Friends Illustrations : Michael Menzel \u00c9dition : Super Meeple 2019 Version : Fran\u00e7aise<\/p>\n","protected":false},"author":2,"featured_media":7834,"parent":0,"menu_order":0,"comment_status":"closed","ping_status":"closed","template":"","meta":{"footnotes":""},"class_list":["post-7856","page","type-page","status-publish","has-post-thumbnail","hentry"],"acf":[],"rttpg_featured_image_url":{"full":["https:\/\/meeplendice.net\/wp-content\/uploads\/2020\/12\/Magnastorm.png",350,350,false],"landscape":["https:\/\/meeplendice.net\/wp-content\/uploads\/2020\/12\/Magnastorm.png",350,350,false],"portraits":["https:\/\/meeplendice.net\/wp-content\/uploads\/2020\/12\/Magnastorm.png",350,350,false],"thumbnail":["https:\/\/meeplendice.net\/wp-content\/uploads\/2020\/12\/Magnastorm-150x150.png",150,150,true],"medium":["https:\/\/meeplendice.net\/wp-content\/uploads\/2020\/12\/Magnastorm-300x300.png",300,300,true],"large":["https:\/\/meeplendice.net\/wp-content\/uploads\/2020\/12\/Magnastorm.png",350,350,false],"ug_big":["https:\/\/meeplendice.net\/wp-content\/uploads\/2020\/12\/Magnastorm.png",350,350,false],"1536x1536":["https:\/\/meeplendice.net\/wp-content\/uploads\/2020\/12\/Magnastorm.png",350,350,false],"2048x2048":["https:\/\/meeplendice.net\/wp-content\/uploads\/2020\/12\/Magnastorm.png",350,350,false],"ashe-slider-grid-thumbnail":["https:\/\/meeplendice.net\/wp-content\/uploads\/2020\/12\/Magnastorm.png",350,350,false],"ashe-full-thumbnail":["https:\/\/meeplendice.net\/wp-content\/uploads\/2020\/12\/Magnastorm.png",350,350,false],"ashe-grid-thumbnail":["https:\/\/meeplendice.net\/wp-content\/uploads\/2020\/12\/Magnastorm-350x330.png",350,330,true],"ashe-list-thumbnail":["https:\/\/meeplendice.net\/wp-content\/uploads\/2020\/12\/Magnastorm-300x300.png",300,300,true],"ashe-single-navigation":["https:\/\/meeplendice.net\/wp-content\/uploads\/2020\/12\/Magnastorm-75x75.png",75,75,true],"mailpoet_newsletter_max":["https:\/\/meeplendice.net\/wp-content\/uploads\/2020\/12\/Magnastorm.png",350,350,false],"rpwe-thumbnail":["https:\/\/meeplendice.net\/wp-content\/uploads\/2020\/12\/Magnastorm-45x45.png",45,45,true],"sow-carousel-default":["https:\/\/meeplendice.net\/wp-content\/uploads\/2020\/12\/Magnastorm-272x182.png",272,182,true],"rt_custom":["https:\/\/meeplendice.net\/wp-content\/uploads\/2020\/12\/Magnastorm.png",350,350,false]},"rttpg_author":{"display_name":"Karnby","author_link":"https:\/\/meeplendice.net\/?author=2"},"rttpg_comment":0,"rttpg_category":null,"rttpg_excerpt":"Nombre de joueurs : 1 - 4 Dur\u00e9e moyenne : 150 min Age : 14 ans et plus Auteur(s) : Bauldric &amp; Friends Illustrations : Michael Menzel \u00c9dition : Super Meeple 2019 Version : Fran\u00e7aise","_links":{"self":[{"href":"https:\/\/meeplendice.net\/index.php?rest_route=\/wp\/v2\/pages\/7856","targetHints":{"allow":["GET"]}}],"collection":[{"href":"https:\/\/meeplendice.net\/index.php?rest_route=\/wp\/v2\/pages"}],"about":[{"href":"https:\/\/meeplendice.net\/index.php?rest_route=\/wp\/v2\/types\/page"}],"author":[{"embeddable":true,"href":"https:\/\/meeplendice.net\/index.php?rest_route=\/wp\/v2\/users\/2"}],"replies":[{"embeddable":true,"href":"https:\/\/meeplendice.net\/index.php?rest_route=%2Fwp%2Fv2%2Fcomments&post=7856"}],"version-history":[{"count":2,"href":"https:\/\/meeplendice.net\/index.php?rest_route=\/wp\/v2\/pages\/7856\/revisions"}],"predecessor-version":[{"id":7858,"href":"https:\/\/meeplendice.net\/index.php?rest_route=\/wp\/v2\/pages\/7856\/revisions\/7858"}],"wp:featuredmedia":[{"embeddable":true,"href":"https:\/\/meeplendice.net\/index.php?rest_route=\/wp\/v2\/media\/7834"}],"wp:attachment":[{"href":"https:\/\/meeplendice.net\/index.php?rest_route=%2Fwp%2Fv2%2Fmedia&parent=7856"}],"curies":[{"name":"wp","href":"https:\/\/api.w.org\/{rel}","templated":true}]}}