{"id":7863,"date":"2020-12-24T10:27:04","date_gmt":"2020-12-24T09:27:04","guid":{"rendered":"http:\/\/meeplendice.net\/?page_id=7863"},"modified":"2024-03-31T22:27:06","modified_gmt":"2024-03-31T21:27:06","slug":"spacecorp-2025-2300","status":"publish","type":"page","link":"https:\/\/meeplendice.net\/?page_id=7863","title":{"rendered":"SpaceCorp 2025-2300"},"content":{"rendered":"<div id=\"pl-7863\"  class=\"panel-layout\" ><div id=\"pg-7863-0\"  class=\"panel-grid panel-no-style\" ><div id=\"pgc-7863-0-0\"  class=\"panel-grid-cell\" ><div id=\"panel-7863-0-0-0\" class=\"so-panel widget widget_sow-editor panel-first-child panel-last-child\" data-index=\"0\" ><div\n\t\t\t\n\t\t\tclass=\"so-widget-sow-editor so-widget-sow-editor-base\"\n\t\t\t\n\t\t>\n<div class=\"siteorigin-widget-tinymce textwidget\">\n\t<p style=\"text-align: center;\"><strong>Nombre de joueurs :<\/strong><br \/>\n1 - 4<\/p>\n<\/div>\n<\/div><\/div><\/div><div id=\"pgc-7863-0-1\"  class=\"panel-grid-cell\" ><div id=\"panel-7863-0-1-0\" class=\"so-panel widget widget_sow-editor panel-first-child panel-last-child\" data-index=\"1\" ><div\n\t\t\t\n\t\t\tclass=\"so-widget-sow-editor so-widget-sow-editor-base\"\n\t\t\t\n\t\t>\n<div class=\"siteorigin-widget-tinymce textwidget\">\n\t<p style=\"text-align: center;\"><strong>Dur\u00e9e moyenne :<\/strong><br \/>\n180 min<\/p>\n<\/div>\n<\/div><\/div><\/div><div id=\"pgc-7863-0-2\"  class=\"panel-grid-cell\" ><div id=\"panel-7863-0-2-0\" class=\"so-panel widget widget_sow-editor panel-first-child panel-last-child\" data-index=\"2\" ><div\n\t\t\t\n\t\t\tclass=\"so-widget-sow-editor so-widget-sow-editor-base\"\n\t\t\t\n\t\t>\n<div class=\"siteorigin-widget-tinymce textwidget\">\n\t<p style=\"text-align: center;\"><strong>Age :<\/strong><br \/>\n14 ans et plus<\/p>\n<\/div>\n<\/div><\/div><\/div><\/div><div id=\"pg-7863-1\"  class=\"panel-grid panel-no-style\" ><div id=\"pgc-7863-1-0\"  class=\"panel-grid-cell\" ><div id=\"panel-7863-1-0-0\" class=\"so-panel widget widget_sow-editor panel-first-child panel-last-child\" data-index=\"3\" ><div\n\t\t\t\n\t\t\tclass=\"so-widget-sow-editor so-widget-sow-editor-base\"\n\t\t\t\n\t\t>\n<div class=\"siteorigin-widget-tinymce textwidget\">\n\t<p style=\"text-align: center;\"><strong>Auteur(s) :<br \/>\n<\/strong>John Butterfield<\/p>\n<\/div>\n<\/div><\/div><\/div><div id=\"pgc-7863-1-1\"  class=\"panel-grid-cell\" ><div id=\"panel-7863-1-1-0\" class=\"so-panel widget widget_sow-editor panel-first-child panel-last-child\" data-index=\"4\" ><div\n\t\t\t\n\t\t\tclass=\"so-widget-sow-editor so-widget-sow-editor-base\"\n\t\t\t\n\t\t>\n<div class=\"siteorigin-widget-tinymce textwidget\">\n\t<p style=\"text-align: center;\"><strong>Illustrations :<br \/>\n<\/strong>Kurt Miller<br \/>\nShrox<\/p>\n<\/div>\n<\/div><\/div><\/div><div id=\"pgc-7863-1-2\"  class=\"panel-grid-cell\" ><div id=\"panel-7863-1-2-0\" class=\"so-panel widget widget_sow-editor panel-first-child panel-last-child\" data-index=\"5\" ><div\n\t\t\t\n\t\t\tclass=\"so-widget-sow-editor so-widget-sow-editor-base\"\n\t\t\t\n\t\t>\n<div class=\"siteorigin-widget-tinymce textwidget\">\n\t<p style=\"text-align: center;\"><strong>\u00c9dition :<\/strong><br \/>\nNuts Publishing<br \/>\n2020<\/p>\n<\/div>\n<\/div><\/div><\/div><div id=\"pgc-7863-1-3\"  class=\"panel-grid-cell\" ><div id=\"panel-7863-1-3-0\" class=\"so-panel widget widget_sow-editor panel-first-child panel-last-child\" data-index=\"6\" ><div\n\t\t\t\n\t\t\tclass=\"so-widget-sow-editor so-widget-sow-editor-base\"\n\t\t\t\n\t\t>\n<div class=\"siteorigin-widget-tinymce textwidget\">\n\t<p style=\"text-align: center;\"><strong>Version :<\/strong><br \/>\nFran\u00e7aise<\/p>\n<\/div>\n<\/div><\/div><\/div><\/div><div id=\"pg-7863-2\"  class=\"panel-grid panel-no-style\" ><div id=\"pgc-7863-2-0\"  class=\"panel-grid-cell\" ><div id=\"panel-7863-2-0-0\" class=\"so-panel widget widget_sow-editor panel-first-child panel-last-child\" data-index=\"7\" ><div\n\t\t\t\n\t\t\tclass=\"so-widget-sow-editor so-widget-sow-editor-base\"\n\t\t\t\n\t\t>\n<div class=\"siteorigin-widget-tinymce textwidget\">\n\t<hr \/>\n<p>SpaceCorp : 2025-2300 est un jeu de plateau rapide dans lequel un \u00e0 quatre joueurs explorent l'espace infini et s'y d\u00e9veloppent \u00e0 travers trois \u00e9poques. Chaque joueur contr\u00f4le une entreprise bas\u00e9e sur Terre \u00e0 la recherche de profit, conduisant l'expansion de l'humanit\u00e9 dans le Syst\u00e8me Solaire et au-del\u00e0.<\/p>\n<p>Chaque \u00e9poque se joue sur un plateau diff\u00e9rent :<br \/>\n- La 1ere \u00e9poque, les Navigateurs, couvre l'exploration et le d\u00e9veloppement jusqu'\u00e0 Mars.<br \/>\n- Dans Plan\u00e9taires, les joueurs s'installent dans le syst\u00e8me solaire.<br \/>\n- Dans Stellaires, les joueurs envoient des missions dans les syst\u00e8mes stellaires proches et \u00e9tablissent des colonies interstellaires.<\/p>\n<p>Vous engrangez du profit gr\u00e2ce aux d\u00e9couvertes des explorations, en produisant sur les sites de ressources et en remplissant des contrats.<\/p>\n<p>Vous concentrerez-vous :<br \/>\n- \u00e0 \u00eatre le premier \u00e0 explorer de nouveaux horizons au-del\u00e0 de l'espace connu ?<br \/>\n- \u00e0 d\u00e9velopper la g\u00e9n\u00e9tique et les avanc\u00e9es technologiques pour une humanit\u00e9 en qu\u00eate d'espace ?<br \/>\n- \u00e0 exploiter les ressources de l'espace ?<br \/>\n- \u00e0 battre les autres joueurs pour les r\u00e9compenses de contrats ?<br \/>\n- \u00e0 dominer des secteurs de l'espace avec vos bases de s\u00e9curit\u00e9 ?<\/p>\n<p>Jouer SpaceCorp en solitaire est une exp\u00e9rience de jeu \u00e0 part enti\u00e8re avec son propre livret de r\u00e8gles et aide de jeu. Battrez-vous la concurrence unifi\u00e9e vers les \u00e9toiles ?<\/p>\n<\/div>\n<\/div><\/div><\/div><\/div><div id=\"pg-7863-3\"  class=\"panel-grid panel-no-style\" ><div id=\"pgc-7863-3-0\"  class=\"panel-grid-cell\" ><div id=\"panel-7863-3-0-0\" class=\"so-panel widget widget_sow-editor panel-first-child panel-last-child\" data-index=\"8\" ><div\n\t\t\t\n\t\t\tclass=\"so-widget-sow-editor so-widget-sow-editor-base\"\n\t\t\t\n\t\t>\n<div class=\"siteorigin-widget-tinymce textwidget\">\n\t<hr \/>\n<h3 style=\"text-align: center;\">En vid\u00e9o<\/h3>\n<\/div>\n<\/div><\/div><\/div><\/div><div id=\"pg-7863-4\"  class=\"panel-grid panel-no-style\" ><div id=\"pgc-7863-4-0\"  class=\"panel-grid-cell\" ><div id=\"panel-7863-4-0-0\" class=\"so-panel widget widget_sow-editor panel-first-child panel-last-child\" data-index=\"9\" ><div\n\t\t\t\n\t\t\tclass=\"so-widget-sow-editor so-widget-sow-editor-base\"\n\t\t\t\n\t\t>\n<div class=\"siteorigin-widget-tinymce textwidget\">\n\t<hr \/>\n<h3 style=\"text-align: center;\">Extension(s)<\/h3>\n<p style=\"text-align: center;\"><style type='text\/css' media='all'>#rt-tpg-container-861135530 .read-more a{border-radius:px;}#rt-tpg-container-861135530 .rt-img-holder img.rt-img-responsive,#rt-tpg-container-861135530 .rt-img-holder,\n\t\t\t\t\t#rt-tpg-container-861135530 .rt-post-overlay .post-img,\n\t\t\t\t\t#rt-tpg-container-861135530 .post-sm .post-img,\n\t\t\t\t\t#rt-tpg-container-861135530 .rt-post-grid .post-img,\n\t\t\t\t\t#rt-tpg-container-861135530 .post-img img {border-radius:px;}#rt-tpg-container-861135530 .layout9 .rt-holder h2.entry-title,\n\t\t\t\t\t#rt-tpg-container-861135530 .layout9 .rt-holder h3.entry-title,\n\t\t\t\t\t#rt-tpg-container-861135530 .layout9 .rt-holder h4.entry-title,\n\t\t\t\t\t#rt-tpg-container-861135530 .layout9 .rt-holder h2.entry-title a,\n\t\t\t\t\t#rt-tpg-container-861135530 .layout9 .rt-holder h3.entry-title a,\n\t\t\t\t\t#rt-tpg-container-861135530 .layout9 .rt-holder h4.entry-title a,\n\t\t\t\t\t#rt-tpg-container-861135530 .rt-holder .rt-woo-info h2 a,\n\t\t\t\t\t#rt-tpg-container-861135530 .rt-holder .rt-woo-info h3 a,\n\t\t\t\t\t#rt-tpg-container-861135530 .rt-holder .rt-woo-info h4 a,\n\t\t\t\t\t#rt-tpg-container-861135530 .post-content .post-title,\n\t\t\t\t\t#rt-tpg-container-861135530 .rt-post-grid .post-title,\n\t\t\t\t\t#rt-tpg-container-861135530 .rt-post-grid .post-title a,\n\t\t\t\t\t#rt-tpg-container-861135530 .post-content .post-title a,\n\t\t\t\t\t#rt-tpg-container-861135530 .rt-holder .rt-woo-info h2,\n\t\t\t\t\t#rt-tpg-container-861135530 .rt-holder .rt-woo-info h3,\n\t\t\t\t\t#rt-tpg-container-861135530 .rt-holder .rt-woo-info h4{font-size:16px;line-height:26px;font-weight:normal;text-align:center;}#rt-tpg-container-861135530 .post-grid-lg-style-1 .post-title,\n\t\t\t\t\t\t#rt-tpg-container-861135530 .post-grid-lg-style-1 .post-title a,\n\t\t\t\t\t\t#rt-tpg-container-861135530 .big-layout .post-title,\n\t\t\t\t\t\t#rt-tpg-container-861135530 .big-layout .post-title a,\n\t\t\t\t\t\t#rt-tpg-container-861135530 .post-grid-lg-style-1 .post-title,\n\t\t\t\t\t\t#rt-tpg-container-861135530 .post-grid-lg-style-1 .post-title a {font-size:24px;line-height:34px;}<\/style><div class='rt-container-fluid rt-tpg-container tpg-shortcode-main-wrapper ' id='rt-tpg-container-861135530'   data-layout='layout9' data-grid-style='masonry' data-desktop-col='3'  data-tab-col='2'  data-mobile-col='1' data-sc-id='12016'><div data-title='Loading ...' class='rt-row rt-content-loader   layout9 tpg-masonry '><div class=\"rt-col-md-4 rt-col-sm-6 rt-col-xs-12 masonry-grid-item rt-grid-item img_zoom_in\" data-id=\"12014\"><div class=\"rt-holder\"><div class='overlay'><a data-id='12014' class=' tpg-single-popup' href='https:\/\/meeplendice.net\/?page_id=12014'><img loading=\"lazy\" decoding=\"async\" width=\"350\" height=\"350\" src=\"https:\/\/meeplendice.net\/wp-content\/uploads\/2024\/03\/SpaceCorp_Entreprises.png\" class=\"rt-img-responsive \" alt=\"\" \/><\/a><\/div><div class='post-info'><h3 class=\"entry-title\"><a data-id=\"12014\" class=\" tpg-single-popup\" href=\"https:\/\/meeplendice.net\/?page_id=12014\">Entreprises<\/a><\/h3><div class='post-meta-user '><\/div><\/div><\/div><\/div><\/div><div class='rt-pagination-wrap' data-total-pages='1' data-posts-per-page='3' data-type='pagination_ajax'  ><div class='rt-page-numbers'><\/div><\/div><\/div><\/p>\n<\/div>\n<\/div><\/div><\/div><\/div><div id=\"pg-7863-5\"  class=\"panel-grid panel-no-style\" ><div id=\"pgc-7863-5-0\"  class=\"panel-grid-cell\" ><div id=\"panel-7863-5-0-0\" class=\"so-panel widget widget_sow-editor panel-first-child panel-last-child\" data-index=\"10\" ><div\n\t\t\t\n\t\t\tclass=\"so-widget-sow-editor so-widget-sow-editor-base\"\n\t\t\t\n\t\t>\n<div class=\"siteorigin-widget-tinymce textwidget\">\n\t<hr \/>\n<h3 style=\"text-align: center;\">Pour aller plus loin<\/h3>\n<\/div>\n<\/div><\/div><\/div><\/div><\/div>","protected":false},"excerpt":{"rendered":"<p>Nombre de joueurs : 1 &#8211; 4 Dur\u00e9e moyenne : 180 min Age : 14 ans et plus Auteur(s) : John Butterfield Illustrations : Kurt Miller Shrox \u00c9dition : Nuts Publishing 2020 Version : Fran\u00e7aise<\/p>\n","protected":false},"author":2,"featured_media":7835,"parent":0,"menu_order":0,"comment_status":"closed","ping_status":"closed","template":"","meta":{"footnotes":""},"class_list":["post-7863","page","type-page","status-publish","has-post-thumbnail","hentry"],"acf":[],"rttpg_featured_image_url":{"full":["https:\/\/meeplendice.net\/wp-content\/uploads\/2020\/12\/SpaceCorp2025-2300.png",350,350,false],"landscape":["https:\/\/meeplendice.net\/wp-content\/uploads\/2020\/12\/SpaceCorp2025-2300.png",350,350,false],"portraits":["https:\/\/meeplendice.net\/wp-content\/uploads\/2020\/12\/SpaceCorp2025-2300.png",350,350,false],"thumbnail":["https:\/\/meeplendice.net\/wp-content\/uploads\/2020\/12\/SpaceCorp2025-2300-150x150.png",150,150,true],"medium":["https:\/\/meeplendice.net\/wp-content\/uploads\/2020\/12\/SpaceCorp2025-2300-300x300.png",300,300,true],"large":["https:\/\/meeplendice.net\/wp-content\/uploads\/2020\/12\/SpaceCorp2025-2300.png",350,350,false],"ug_big":["https:\/\/meeplendice.net\/wp-content\/uploads\/2020\/12\/SpaceCorp2025-2300.png",350,350,false],"1536x1536":["https:\/\/meeplendice.net\/wp-content\/uploads\/2020\/12\/SpaceCorp2025-2300.png",350,350,false],"2048x2048":["https:\/\/meeplendice.net\/wp-content\/uploads\/2020\/12\/SpaceCorp2025-2300.png",350,350,false],"ashe-slider-grid-thumbnail":["https:\/\/meeplendice.net\/wp-content\/uploads\/2020\/12\/SpaceCorp2025-2300.png",350,350,false],"ashe-full-thumbnail":["https:\/\/meeplendice.net\/wp-content\/uploads\/2020\/12\/SpaceCorp2025-2300.png",350,350,false],"ashe-grid-thumbnail":["https:\/\/meeplendice.net\/wp-content\/uploads\/2020\/12\/SpaceCorp2025-2300-350x330.png",350,330,true],"ashe-list-thumbnail":["https:\/\/meeplendice.net\/wp-content\/uploads\/2020\/12\/SpaceCorp2025-2300-300x300.png",300,300,true],"ashe-single-navigation":["https:\/\/meeplendice.net\/wp-content\/uploads\/2020\/12\/SpaceCorp2025-2300-75x75.png",75,75,true],"mailpoet_newsletter_max":["https:\/\/meeplendice.net\/wp-content\/uploads\/2020\/12\/SpaceCorp2025-2300.png",350,350,false],"rpwe-thumbnail":["https:\/\/meeplendice.net\/wp-content\/uploads\/2020\/12\/SpaceCorp2025-2300-45x45.png",45,45,true],"sow-carousel-default":["https:\/\/meeplendice.net\/wp-content\/uploads\/2020\/12\/SpaceCorp2025-2300-272x182.png",272,182,true],"rt_custom":["https:\/\/meeplendice.net\/wp-content\/uploads\/2020\/12\/SpaceCorp2025-2300.png",350,350,false]},"rttpg_author":{"display_name":"Karnby","author_link":"https:\/\/meeplendice.net\/?author=2"},"rttpg_comment":0,"rttpg_category":null,"rttpg_excerpt":"Nombre de joueurs : 1 - 4 Dur\u00e9e moyenne : 180 min Age : 14 ans et plus Auteur(s) : John Butterfield Illustrations : Kurt Miller Shrox \u00c9dition : Nuts Publishing 2020 Version : Fran\u00e7aise","_links":{"self":[{"href":"https:\/\/meeplendice.net\/index.php?rest_route=\/wp\/v2\/pages\/7863","targetHints":{"allow":["GET"]}}],"collection":[{"href":"https:\/\/meeplendice.net\/index.php?rest_route=\/wp\/v2\/pages"}],"about":[{"href":"https:\/\/meeplendice.net\/index.php?rest_route=\/wp\/v2\/types\/page"}],"author":[{"embeddable":true,"href":"https:\/\/meeplendice.net\/index.php?rest_route=\/wp\/v2\/users\/2"}],"replies":[{"embeddable":true,"href":"https:\/\/meeplendice.net\/index.php?rest_route=%2Fwp%2Fv2%2Fcomments&post=7863"}],"version-history":[{"count":6,"href":"https:\/\/meeplendice.net\/index.php?rest_route=\/wp\/v2\/pages\/7863\/revisions"}],"predecessor-version":[{"id":12018,"href":"https:\/\/meeplendice.net\/index.php?rest_route=\/wp\/v2\/pages\/7863\/revisions\/12018"}],"wp:featuredmedia":[{"embeddable":true,"href":"https:\/\/meeplendice.net\/index.php?rest_route=\/wp\/v2\/media\/7835"}],"wp:attachment":[{"href":"https:\/\/meeplendice.net\/index.php?rest_route=%2Fwp%2Fv2%2Fmedia&parent=7863"}],"curies":[{"name":"wp","href":"https:\/\/api.w.org\/{rel}","templated":true}]}}