{"id":7872,"date":"2020-12-24T10:52:05","date_gmt":"2020-12-24T09:52:05","guid":{"rendered":"http:\/\/meeplendice.net\/?page_id=7872"},"modified":"2020-12-24T11:26:06","modified_gmt":"2020-12-24T10:26:06","slug":"le-dilemme-du-roi","status":"publish","type":"page","link":"https:\/\/meeplendice.net\/?page_id=7872","title":{"rendered":"Le Dilemme du Roi"},"content":{"rendered":"<div id=\"pl-7872\"  class=\"panel-layout\" ><div id=\"pg-7872-0\"  class=\"panel-grid panel-no-style\" ><div id=\"pgc-7872-0-0\"  class=\"panel-grid-cell\" ><div id=\"panel-7872-0-0-0\" class=\"so-panel widget widget_sow-editor panel-first-child panel-last-child\" data-index=\"0\" ><div\n\t\t\t\n\t\t\tclass=\"so-widget-sow-editor so-widget-sow-editor-base\"\n\t\t\t\n\t\t>\n<div class=\"siteorigin-widget-tinymce textwidget\">\n\t<p style=\"text-align: center;\"><strong>Nombre de joueurs :<\/strong><br \/>\n3 - 5<\/p>\n<\/div>\n<\/div><\/div><\/div><div id=\"pgc-7872-0-1\"  class=\"panel-grid-cell\" ><div id=\"panel-7872-0-1-0\" class=\"so-panel widget widget_sow-editor panel-first-child panel-last-child\" data-index=\"1\" ><div\n\t\t\t\n\t\t\tclass=\"so-widget-sow-editor so-widget-sow-editor-base\"\n\t\t\t\n\t\t>\n<div class=\"siteorigin-widget-tinymce textwidget\">\n\t<p style=\"text-align: center;\"><strong>Dur\u00e9e moyenne :<\/strong><br \/>\n60 min<\/p>\n<\/div>\n<\/div><\/div><\/div><div id=\"pgc-7872-0-2\"  class=\"panel-grid-cell\" ><div id=\"panel-7872-0-2-0\" class=\"so-panel widget widget_sow-editor panel-first-child panel-last-child\" data-index=\"2\" ><div\n\t\t\t\n\t\t\tclass=\"so-widget-sow-editor so-widget-sow-editor-base\"\n\t\t\t\n\t\t>\n<div class=\"siteorigin-widget-tinymce textwidget\">\n\t<p style=\"text-align: center;\"><strong>Age :<\/strong><br \/>\n14 ans et plus<\/p>\n<\/div>\n<\/div><\/div><\/div><\/div><div id=\"pg-7872-1\"  class=\"panel-grid panel-no-style\" ><div id=\"pgc-7872-1-0\"  class=\"panel-grid-cell\" ><div id=\"panel-7872-1-0-0\" class=\"so-panel widget widget_sow-editor panel-first-child panel-last-child\" data-index=\"3\" ><div\n\t\t\t\n\t\t\tclass=\"so-widget-sow-editor so-widget-sow-editor-base\"\n\t\t\t\n\t\t>\n<div class=\"siteorigin-widget-tinymce textwidget\">\n\t<p style=\"text-align: center;\"><strong>Auteur(s) :<br \/>\n<\/strong>Lorenzo Silva<br \/>\nHjalmar Hach<\/p>\n<\/div>\n<\/div><\/div><\/div><div id=\"pgc-7872-1-1\"  class=\"panel-grid-cell\" ><div id=\"panel-7872-1-1-0\" class=\"so-panel widget widget_sow-editor panel-first-child panel-last-child\" data-index=\"4\" ><div\n\t\t\t\n\t\t\tclass=\"so-widget-sow-editor so-widget-sow-editor-base\"\n\t\t\t\n\t\t>\n<div class=\"siteorigin-widget-tinymce textwidget\">\n\t<p style=\"text-align: center;\"><strong>Illustrations :<\/strong><br \/>\nGiorgio Baroni<br \/>\nCarlo Burelli<\/p>\n<\/div>\n<\/div><\/div><\/div><div id=\"pgc-7872-1-2\"  class=\"panel-grid-cell\" ><div id=\"panel-7872-1-2-0\" class=\"so-panel widget widget_sow-editor panel-first-child panel-last-child\" data-index=\"5\" ><div\n\t\t\t\n\t\t\tclass=\"so-widget-sow-editor so-widget-sow-editor-base\"\n\t\t\t\n\t\t>\n<div class=\"siteorigin-widget-tinymce textwidget\">\n\t<p style=\"text-align: center;\"><strong>\u00c9dition :<\/strong><br \/>\nIello<br \/>\n2020<\/p>\n<\/div>\n<\/div><\/div><\/div><div id=\"pgc-7872-1-3\"  class=\"panel-grid-cell\" ><div id=\"panel-7872-1-3-0\" class=\"so-panel widget widget_sow-editor panel-first-child panel-last-child\" data-index=\"6\" ><div\n\t\t\t\n\t\t\tclass=\"so-widget-sow-editor so-widget-sow-editor-base\"\n\t\t\t\n\t\t>\n<div class=\"siteorigin-widget-tinymce textwidget\">\n\t<p style=\"text-align: center;\"><strong>Version :<\/strong><br \/>\nFran\u00e7aise<\/p>\n<\/div>\n<\/div><\/div><\/div><\/div><div id=\"pg-7872-2\"  class=\"panel-grid panel-no-style\" ><div id=\"pgc-7872-2-0\"  class=\"panel-grid-cell\" ><div id=\"panel-7872-2-0-0\" class=\"so-panel widget widget_sow-editor panel-first-child panel-last-child\" data-index=\"7\" ><div\n\t\t\t\n\t\t\tclass=\"so-widget-sow-editor so-widget-sow-editor-base\"\n\t\t\t\n\t\t>\n<div class=\"siteorigin-widget-tinymce textwidget\">\n\t<hr \/>\n<p>Le Dilemme du Roi\u2122 est d\u00e9sormais le v\u00f4tre. Immergez-vous dans une aventure narrative et \u00e9volutive (legacy) qui peut suivre de multiples arborescences. Piochez une carte dans le paquet d\u2019\u00e9v\u00e9nements, prenez des d\u00e9cisions\u2026 et assumez-en les cons\u00e9quences.<\/p>\n<p>Chaque joueur repr\u00e9sente l\u2019une des diff\u00e9rentes Maisons \u00e0 la t\u00eate du royaume d\u2019Anclisse. \u00c0 chaque tour de jeu, un nouveau dilemme se pr\u00e9sente \u00e0 vous, alors que l\u2019histoire se d\u00e9voile au fil des \u00e9v\u00e9nements. Chaque carte est unique et soul\u00e8ve un probl\u00e8me que le Conseil doit r\u00e9soudre. En tant que proches du roi, ce sont vos d\u00e9cisions qui d\u00e9terminent le destin du royaume. Discutez, parlementez avec les autres joueurs et faites votre choix. Ainsi, vous ferez progresser l\u2019histoire, et vous serez alors confront\u00e9s \u00e0 d\u2019autres \u00e9v\u00e9nements.<\/p>\n<p>Mais prenez garde ! Si vous devez gouverner pour le bien commun, ne perdez pas de vue les int\u00e9r\u00eats de votre Maison. Les priorit\u00e9s du royaume ne sont pas n\u00e9cessairement les v\u00f4tres ! Prendrez-vous le risque de mener le peuple \u00e0 la famine et \u00e0 l\u2019insurrection pour votre seule gloire ?<\/p>\n<\/div>\n<\/div><\/div><\/div><\/div><div id=\"pg-7872-3\"  class=\"panel-grid panel-no-style\" ><div id=\"pgc-7872-3-0\"  class=\"panel-grid-cell\" ><div id=\"panel-7872-3-0-0\" class=\"so-panel widget widget_sow-editor panel-first-child panel-last-child\" data-index=\"8\" ><div\n\t\t\t\n\t\t\tclass=\"so-widget-sow-editor so-widget-sow-editor-base\"\n\t\t\t\n\t\t>\n<div class=\"siteorigin-widget-tinymce textwidget\">\n\t<hr \/>\n<p style=\"text-align: center;\"><strong>En vid\u00e9o<\/strong><\/p>\n<\/div>\n<\/div><\/div><\/div><div id=\"pgc-7872-3-1\"  class=\"panel-grid-cell\" ><div id=\"panel-7872-3-1-0\" class=\"so-panel widget widget_sow-editor panel-first-child panel-last-child\" data-index=\"9\" ><div\n\t\t\t\n\t\t\tclass=\"so-widget-sow-editor so-widget-sow-editor-base\"\n\t\t\t\n\t\t>\n<div class=\"siteorigin-widget-tinymce textwidget\">\n\t<hr \/>\n<p style=\"text-align: center;\"><strong>Extension(s)<\/strong><\/p>\n<style type='text\/css' media='all'>#rt-tpg-container-1722309336 .read-more a{border-radius:px;}#rt-tpg-container-1722309336 .rt-img-holder img.rt-img-responsive,#rt-tpg-container-1722309336 .rt-img-holder,\n\t\t\t\t\t#rt-tpg-container-1722309336 .rt-post-overlay .post-img,\n\t\t\t\t\t#rt-tpg-container-1722309336 .post-sm .post-img,\n\t\t\t\t\t#rt-tpg-container-1722309336 .rt-post-grid .post-img,\n\t\t\t\t\t#rt-tpg-container-1722309336 .post-img img {border-radius:px;}#rt-tpg-container-1722309336 .layout9 .rt-holder h2.entry-title,\n\t\t\t\t\t#rt-tpg-container-1722309336 .layout9 .rt-holder h3.entry-title,\n\t\t\t\t\t#rt-tpg-container-1722309336 .layout9 .rt-holder h4.entry-title,\n\t\t\t\t\t#rt-tpg-container-1722309336 .layout9 .rt-holder h2.entry-title a,\n\t\t\t\t\t#rt-tpg-container-1722309336 .layout9 .rt-holder h3.entry-title a,\n\t\t\t\t\t#rt-tpg-container-1722309336 .layout9 .rt-holder h4.entry-title a,\n\t\t\t\t\t#rt-tpg-container-1722309336 .rt-holder .rt-woo-info h2 a,\n\t\t\t\t\t#rt-tpg-container-1722309336 .rt-holder .rt-woo-info h3 a,\n\t\t\t\t\t#rt-tpg-container-1722309336 .rt-holder .rt-woo-info h4 a,\n\t\t\t\t\t#rt-tpg-container-1722309336 .post-content .post-title,\n\t\t\t\t\t#rt-tpg-container-1722309336 .rt-post-grid .post-title,\n\t\t\t\t\t#rt-tpg-container-1722309336 .rt-post-grid .post-title a,\n\t\t\t\t\t#rt-tpg-container-1722309336 .post-content .post-title a,\n\t\t\t\t\t#rt-tpg-container-1722309336 .rt-holder .rt-woo-info h2,\n\t\t\t\t\t#rt-tpg-container-1722309336 .rt-holder .rt-woo-info h3,\n\t\t\t\t\t#rt-tpg-container-1722309336 .rt-holder .rt-woo-info h4{font-size:16px;line-height:26px;font-weight:normal;text-align:center;}#rt-tpg-container-1722309336 .post-grid-lg-style-1 .post-title,\n\t\t\t\t\t\t#rt-tpg-container-1722309336 .post-grid-lg-style-1 .post-title a,\n\t\t\t\t\t\t#rt-tpg-container-1722309336 .big-layout .post-title,\n\t\t\t\t\t\t#rt-tpg-container-1722309336 .big-layout .post-title a,\n\t\t\t\t\t\t#rt-tpg-container-1722309336 .post-grid-lg-style-1 .post-title,\n\t\t\t\t\t\t#rt-tpg-container-1722309336 .post-grid-lg-style-1 .post-title a {font-size:24px;line-height:34px;}<\/style><div class='rt-container-fluid rt-tpg-container tpg-shortcode-main-wrapper ' id='rt-tpg-container-1722309336'   data-layout='layout9' data-grid-style='even' data-desktop-col='3'  data-tab-col='2'  data-mobile-col='1' data-sc-id='7882'><div data-title='Loading ...' class='rt-row rt-content-loader   layout9 tpg-even '><div class=\"rt-col-md-4 rt-col-sm-6 rt-col-xs-12 even-grid-item rt-grid-item img_zoom_in\" data-id=\"7881\"><div class=\"rt-holder\"><div class='overlay'><a data-id='7881' class=' tpg-single-popup' href='https:\/\/meeplendice.net\/?page_id=7881'><img loading=\"lazy\" decoding=\"async\" width=\"350\" height=\"350\" src=\"https:\/\/meeplendice.net\/wp-content\/uploads\/2020\/12\/LDDR_Prelude.png\" class=\"rt-img-responsive \" alt=\"\" \/><\/a><\/div><div class='post-info'><h2 class=\"entry-title\"><a data-id=\"7881\" class=\" tpg-single-popup\" href=\"https:\/\/meeplendice.net\/?page_id=7881\">Pr\u00e9lude<\/a><\/h2><div class='post-meta-user '><\/div><\/div><\/div><\/div><\/div><div class='rt-pagination-wrap' data-total-pages='1' data-posts-per-page='3' data-type='pagination_ajax'  ><div class='rt-page-numbers'><\/div><\/div><\/div>\n<\/div>\n<\/div><\/div><\/div><\/div><div id=\"pg-7872-4\"  class=\"panel-grid panel-no-style\" ><div id=\"pgc-7872-4-0\"  class=\"panel-grid-cell\" ><div id=\"panel-7872-4-0-0\" class=\"so-panel widget widget_sow-editor panel-first-child panel-last-child\" data-index=\"10\" ><div\n\t\t\t\n\t\t\tclass=\"so-widget-sow-editor so-widget-sow-editor-base\"\n\t\t\t\n\t\t>\n<div class=\"siteorigin-widget-tinymce textwidget\">\n\t<hr \/>\n<p style=\"text-align: center;\"><strong>Pour aller plus loin<\/strong><\/p>\n<\/div>\n<\/div><\/div><\/div><\/div><\/div>","protected":false},"excerpt":{"rendered":"<p>Nombre de joueurs : 3 &#8211; 5 Dur\u00e9e moyenne : 60 min Age : 14 ans et plus Auteur(s) : Lorenzo Silva Hjalmar Hach Illustrations : Giorgio Baroni Carlo Burelli \u00c9dition : Iello 2020 Version : Fran\u00e7aise<\/p>\n","protected":false},"author":2,"featured_media":7839,"parent":0,"menu_order":0,"comment_status":"closed","ping_status":"closed","template":"","meta":{"footnotes":""},"class_list":["post-7872","page","type-page","status-publish","has-post-thumbnail","hentry"],"acf":[],"rttpg_featured_image_url":{"full":["https:\/\/meeplendice.net\/wp-content\/uploads\/2020\/12\/Dilemme_roi.png",350,350,false],"landscape":["https:\/\/meeplendice.net\/wp-content\/uploads\/2020\/12\/Dilemme_roi.png",350,350,false],"portraits":["https:\/\/meeplendice.net\/wp-content\/uploads\/2020\/12\/Dilemme_roi.png",350,350,false],"thumbnail":["https:\/\/meeplendice.net\/wp-content\/uploads\/2020\/12\/Dilemme_roi-150x150.png",150,150,true],"medium":["https:\/\/meeplendice.net\/wp-content\/uploads\/2020\/12\/Dilemme_roi-300x300.png",300,300,true],"large":["https:\/\/meeplendice.net\/wp-content\/uploads\/2020\/12\/Dilemme_roi.png",350,350,false],"ug_big":["https:\/\/meeplendice.net\/wp-content\/uploads\/2020\/12\/Dilemme_roi.png",350,350,false],"1536x1536":["https:\/\/meeplendice.net\/wp-content\/uploads\/2020\/12\/Dilemme_roi.png",350,350,false],"2048x2048":["https:\/\/meeplendice.net\/wp-content\/uploads\/2020\/12\/Dilemme_roi.png",350,350,false],"ashe-slider-grid-thumbnail":["https:\/\/meeplendice.net\/wp-content\/uploads\/2020\/12\/Dilemme_roi.png",350,350,false],"ashe-full-thumbnail":["https:\/\/meeplendice.net\/wp-content\/uploads\/2020\/12\/Dilemme_roi.png",350,350,false],"ashe-grid-thumbnail":["https:\/\/meeplendice.net\/wp-content\/uploads\/2020\/12\/Dilemme_roi-350x330.png",350,330,true],"ashe-list-thumbnail":["https:\/\/meeplendice.net\/wp-content\/uploads\/2020\/12\/Dilemme_roi-300x300.png",300,300,true],"ashe-single-navigation":["https:\/\/meeplendice.net\/wp-content\/uploads\/2020\/12\/Dilemme_roi-75x75.png",75,75,true],"mailpoet_newsletter_max":["https:\/\/meeplendice.net\/wp-content\/uploads\/2020\/12\/Dilemme_roi.png",350,350,false],"rpwe-thumbnail":["https:\/\/meeplendice.net\/wp-content\/uploads\/2020\/12\/Dilemme_roi-45x45.png",45,45,true],"sow-carousel-default":["https:\/\/meeplendice.net\/wp-content\/uploads\/2020\/12\/Dilemme_roi-272x182.png",272,182,true],"rt_custom":["https:\/\/meeplendice.net\/wp-content\/uploads\/2020\/12\/Dilemme_roi.png",350,350,false]},"rttpg_author":{"display_name":"Karnby","author_link":"https:\/\/meeplendice.net\/?author=2"},"rttpg_comment":0,"rttpg_category":null,"rttpg_excerpt":"Nombre de joueurs : 3 - 5 Dur\u00e9e moyenne : 60 min Age : 14 ans et plus Auteur(s) : Lorenzo Silva Hjalmar Hach Illustrations : Giorgio Baroni Carlo Burelli \u00c9dition : Iello 2020 Version : Fran\u00e7aise","_links":{"self":[{"href":"https:\/\/meeplendice.net\/index.php?rest_route=\/wp\/v2\/pages\/7872","targetHints":{"allow":["GET"]}}],"collection":[{"href":"https:\/\/meeplendice.net\/index.php?rest_route=\/wp\/v2\/pages"}],"about":[{"href":"https:\/\/meeplendice.net\/index.php?rest_route=\/wp\/v2\/types\/page"}],"author":[{"embeddable":true,"href":"https:\/\/meeplendice.net\/index.php?rest_route=\/wp\/v2\/users\/2"}],"replies":[{"embeddable":true,"href":"https:\/\/meeplendice.net\/index.php?rest_route=%2Fwp%2Fv2%2Fcomments&post=7872"}],"version-history":[{"count":3,"href":"https:\/\/meeplendice.net\/index.php?rest_route=\/wp\/v2\/pages\/7872\/revisions"}],"predecessor-version":[{"id":7884,"href":"https:\/\/meeplendice.net\/index.php?rest_route=\/wp\/v2\/pages\/7872\/revisions\/7884"}],"wp:featuredmedia":[{"embeddable":true,"href":"https:\/\/meeplendice.net\/index.php?rest_route=\/wp\/v2\/media\/7839"}],"wp:attachment":[{"href":"https:\/\/meeplendice.net\/index.php?rest_route=%2Fwp%2Fv2%2Fmedia&parent=7872"}],"curies":[{"name":"wp","href":"https:\/\/api.w.org\/{rel}","templated":true}]}}