{"id":7877,"date":"2020-12-24T11:11:16","date_gmt":"2020-12-24T10:11:16","guid":{"rendered":"http:\/\/meeplendice.net\/?page_id=7877"},"modified":"2020-12-24T11:11:17","modified_gmt":"2020-12-24T10:11:17","slug":"deathwager-2","status":"publish","type":"page","link":"https:\/\/meeplendice.net\/?page_id=7877","title":{"rendered":"Deathwager"},"content":{"rendered":"<div id=\"pl-7877\"  class=\"panel-layout\" ><div id=\"pg-7877-0\"  class=\"panel-grid panel-no-style\" ><div id=\"pgc-7877-0-0\"  class=\"panel-grid-cell\" ><div id=\"panel-7877-0-0-0\" class=\"so-panel widget widget_sow-editor panel-first-child panel-last-child\" data-index=\"0\" ><div\n\t\t\t\n\t\t\tclass=\"so-widget-sow-editor so-widget-sow-editor-base\"\n\t\t\t\n\t\t>\n<div class=\"siteorigin-widget-tinymce textwidget\">\n\t<p style=\"text-align: center;\"><strong>Nombre de joueurs :<\/strong><br \/>\n2 - 6<\/p>\n<\/div>\n<\/div><\/div><\/div><div id=\"pgc-7877-0-1\"  class=\"panel-grid-cell\" ><div id=\"panel-7877-0-1-0\" class=\"so-panel widget widget_sow-editor panel-first-child panel-last-child\" data-index=\"1\" ><div\n\t\t\t\n\t\t\tclass=\"so-widget-sow-editor so-widget-sow-editor-base\"\n\t\t\t\n\t\t>\n<div class=\"siteorigin-widget-tinymce textwidget\">\n\t<p style=\"text-align: center;\"><strong>Dur\u00e9e moyenne :<\/strong><br \/>\n30 min<\/p>\n<\/div>\n<\/div><\/div><\/div><div id=\"pgc-7877-0-2\"  class=\"panel-grid-cell\" ><div id=\"panel-7877-0-2-0\" class=\"so-panel widget widget_sow-editor panel-first-child panel-last-child\" data-index=\"2\" ><div\n\t\t\t\n\t\t\tclass=\"so-widget-sow-editor so-widget-sow-editor-base\"\n\t\t\t\n\t\t>\n<div class=\"siteorigin-widget-tinymce textwidget\">\n\t<p style=\"text-align: center;\"><strong>Age :<\/strong><br \/>\n14 ans et plus<\/p>\n<\/div>\n<\/div><\/div><\/div><\/div><div id=\"pg-7877-1\"  class=\"panel-grid panel-no-style\" ><div id=\"pgc-7877-1-0\"  class=\"panel-grid-cell\" ><div id=\"panel-7877-1-0-0\" class=\"so-panel widget widget_sow-editor panel-first-child panel-last-child\" data-index=\"3\" ><div\n\t\t\t\n\t\t\tclass=\"so-widget-sow-editor so-widget-sow-editor-base\"\n\t\t\t\n\t\t>\n<div class=\"siteorigin-widget-tinymce textwidget\">\n\t<p style=\"text-align: center;\"><strong>Auteur(s) :<br \/>\n<\/strong>Micha\u00ebl Limas<br \/>\nMartin Mottet<br \/>\nJean-Marc Pernet<\/p>\n<\/div>\n<\/div><\/div><\/div><div id=\"pgc-7877-1-1\"  class=\"panel-grid-cell\" ><div id=\"panel-7877-1-1-0\" class=\"so-panel widget widget_sow-editor panel-first-child panel-last-child\" data-index=\"4\" ><div\n\t\t\t\n\t\t\tclass=\"so-widget-sow-editor so-widget-sow-editor-base\"\n\t\t\t\n\t\t>\n<div class=\"siteorigin-widget-tinymce textwidget\">\n\t<p style=\"text-align: center;\"><strong>Illustrations :<\/strong><br \/>\nMartin Mottet<\/p>\n<\/div>\n<\/div><\/div><\/div><div id=\"pgc-7877-1-2\"  class=\"panel-grid-cell\" ><div id=\"panel-7877-1-2-0\" class=\"so-panel widget widget_sow-editor panel-first-child panel-last-child\" data-index=\"5\" ><div\n\t\t\t\n\t\t\tclass=\"so-widget-sow-editor so-widget-sow-editor-base\"\n\t\t\t\n\t\t>\n<div class=\"siteorigin-widget-tinymce textwidget\">\n\t<p style=\"text-align: center;\"><strong>\u00c9dition :<\/strong><br \/>\nOctoko<br \/>\n2020<\/p>\n<\/div>\n<\/div><\/div><\/div><div id=\"pgc-7877-1-3\"  class=\"panel-grid-cell\" ><div id=\"panel-7877-1-3-0\" class=\"so-panel widget widget_sow-editor panel-first-child panel-last-child\" data-index=\"6\" ><div\n\t\t\t\n\t\t\tclass=\"so-widget-sow-editor so-widget-sow-editor-base\"\n\t\t\t\n\t\t>\n<div class=\"siteorigin-widget-tinymce textwidget\">\n\t<p style=\"text-align: center;\"><strong>Version :<\/strong><br \/>\nFran\u00e7aise<\/p>\n<\/div>\n<\/div><\/div><\/div><\/div><div id=\"pg-7877-2\"  class=\"panel-grid panel-no-style\" ><div id=\"pgc-7877-2-0\"  class=\"panel-grid-cell\" ><div id=\"panel-7877-2-0-0\" class=\"so-panel widget widget_sow-editor panel-first-child panel-last-child\" data-index=\"7\" ><div\n\t\t\t\n\t\t\tclass=\"so-widget-sow-editor so-widget-sow-editor-base\"\n\t\t\t\n\t\t>\n<div class=\"siteorigin-widget-tinymce textwidget\">\n\t<hr \/>\n<p><em>Depuis la nuit des temps, de simples innocents se voient poss\u00e9d\u00e9s par de sombres entit\u00e9s voulant concevoir leur jeu avec le sang de ces victimes. A pr\u00e9sent, en votre possession, ce jeu \u00e0 la facult\u00e9 de faire basculer votre vie. Mais de quel c\u00f4t\u00e9 la balance penchera-t-elle ? <\/em><\/p>\n<p><em>Prenez place...<br \/>\n<\/em><\/p>\n<p>&nbsp;<\/p>\n<section id=\"tab-description\" class=\"page-product-box r-tabs-panel r-tabs-state-active\">\n<div class=\"rte\">\n<p>Votre argent ... Votre temps ... Votre vie ... devient votre mise.\u00a0 La carte roi d\u00e9termine une victoire \u00e0 la plus haute somme positive ou n\u00e9gative. Mais rien n'est certain ... faites basculer le jeu avec vos cartes faucheuses. La partie se termine quand toutes les cartes oeil sont pioch\u00e9es. Le joueur ayant la somme en concordance avec le roi, remporte la mise.<\/p>\n<div>Votre objectif sera de r\u00e9cup\u00e9rer des cartes \u0152il et d'accumuler un maximum de cartes Cr\u00e2nes et C\u0153urs en fonction de l'orientation de la carte Roi, afin de remporte la partie. Utilisez les cartes Faucheuses pour vous aider \u00e0 manipuler les cartes des autres joueurs et changer l'issu de la partie. La partie se termine quand toutes les cartes Oeil ont \u00e9t\u00e9 pioch\u00e9es. Ruse, bluff et coup bas.<\/div>\n<div>\n<div><\/div>\n<\/div>\n<div>D\u00e9couvrez les cartes en m\u00eame temps que les autres joueurs et d\u00e9brouillez-vous pour r\u00e9colter le plus de Coeurs et de Cr\u00e2nes.<\/div>\n<\/div>\n<\/section>\n<\/div>\n<\/div><\/div><\/div><\/div><div id=\"pg-7877-3\"  class=\"panel-grid panel-no-style\" ><div id=\"pgc-7877-3-0\"  class=\"panel-grid-cell\" ><div id=\"panel-7877-3-0-0\" class=\"so-panel widget widget_sow-editor panel-first-child panel-last-child\" data-index=\"8\" ><div\n\t\t\t\n\t\t\tclass=\"so-widget-sow-editor so-widget-sow-editor-base\"\n\t\t\t\n\t\t>\n<div class=\"siteorigin-widget-tinymce textwidget\">\n\t<hr \/>\n<p style=\"text-align: center;\"><strong>En vid\u00e9o<\/strong><\/p>\n<\/div>\n<\/div><\/div><\/div><\/div><div id=\"pg-7877-4\"  class=\"panel-grid panel-no-style\" ><div id=\"pgc-7877-4-0\"  class=\"panel-grid-cell\" ><div id=\"panel-7877-4-0-0\" class=\"so-panel widget widget_sow-editor panel-first-child panel-last-child\" data-index=\"9\" ><div\n\t\t\t\n\t\t\tclass=\"so-widget-sow-editor so-widget-sow-editor-base\"\n\t\t\t\n\t\t>\n<div class=\"siteorigin-widget-tinymce textwidget\">\n\t<hr \/>\n<p style=\"text-align: center;\"><strong>Pour aller plus loin<\/strong><\/p>\n<\/div>\n<\/div><\/div><\/div><\/div><\/div>","protected":false},"excerpt":{"rendered":"<p>Nombre de joueurs : 2 &#8211; 6 Dur\u00e9e moyenne : 30 min Age : 14 ans et plus Auteur(s) : Micha\u00ebl Limas Martin Mottet Jean-Marc Pernet Illustrations : Martin Mottet \u00c9dition : Octoko 2020 Version : Fran\u00e7aise<\/p>\n","protected":false},"author":2,"featured_media":7833,"parent":0,"menu_order":0,"comment_status":"closed","ping_status":"closed","template":"","meta":{"footnotes":""},"class_list":["post-7877","page","type-page","status-publish","has-post-thumbnail","hentry"],"acf":[],"rttpg_featured_image_url":{"full":["https:\/\/meeplendice.net\/wp-content\/uploads\/2020\/12\/Deathwager.png",350,350,false],"landscape":["https:\/\/meeplendice.net\/wp-content\/uploads\/2020\/12\/Deathwager.png",350,350,false],"portraits":["https:\/\/meeplendice.net\/wp-content\/uploads\/2020\/12\/Deathwager.png",350,350,false],"thumbnail":["https:\/\/meeplendice.net\/wp-content\/uploads\/2020\/12\/Deathwager-150x150.png",150,150,true],"medium":["https:\/\/meeplendice.net\/wp-content\/uploads\/2020\/12\/Deathwager-300x300.png",300,300,true],"large":["https:\/\/meeplendice.net\/wp-content\/uploads\/2020\/12\/Deathwager.png",350,350,false],"ug_big":["https:\/\/meeplendice.net\/wp-content\/uploads\/2020\/12\/Deathwager.png",350,350,false],"1536x1536":["https:\/\/meeplendice.net\/wp-content\/uploads\/2020\/12\/Deathwager.png",350,350,false],"2048x2048":["https:\/\/meeplendice.net\/wp-content\/uploads\/2020\/12\/Deathwager.png",350,350,false],"ashe-slider-grid-thumbnail":["https:\/\/meeplendice.net\/wp-content\/uploads\/2020\/12\/Deathwager.png",350,350,false],"ashe-full-thumbnail":["https:\/\/meeplendice.net\/wp-content\/uploads\/2020\/12\/Deathwager.png",350,350,false],"ashe-grid-thumbnail":["https:\/\/meeplendice.net\/wp-content\/uploads\/2020\/12\/Deathwager-350x330.png",350,330,true],"ashe-list-thumbnail":["https:\/\/meeplendice.net\/wp-content\/uploads\/2020\/12\/Deathwager-300x300.png",300,300,true],"ashe-single-navigation":["https:\/\/meeplendice.net\/wp-content\/uploads\/2020\/12\/Deathwager-75x75.png",75,75,true],"mailpoet_newsletter_max":["https:\/\/meeplendice.net\/wp-content\/uploads\/2020\/12\/Deathwager.png",350,350,false],"rpwe-thumbnail":["https:\/\/meeplendice.net\/wp-content\/uploads\/2020\/12\/Deathwager-45x45.png",45,45,true],"sow-carousel-default":["https:\/\/meeplendice.net\/wp-content\/uploads\/2020\/12\/Deathwager-272x182.png",272,182,true],"rt_custom":["https:\/\/meeplendice.net\/wp-content\/uploads\/2020\/12\/Deathwager.png",350,350,false]},"rttpg_author":{"display_name":"Karnby","author_link":"https:\/\/meeplendice.net\/?author=2"},"rttpg_comment":0,"rttpg_category":null,"rttpg_excerpt":"Nombre de joueurs : 2 - 6 Dur\u00e9e moyenne : 30 min Age : 14 ans et plus Auteur(s) : Micha\u00ebl Limas Martin Mottet Jean-Marc Pernet Illustrations : Martin Mottet \u00c9dition : Octoko 2020 Version : Fran\u00e7aise","_links":{"self":[{"href":"https:\/\/meeplendice.net\/index.php?rest_route=\/wp\/v2\/pages\/7877","targetHints":{"allow":["GET"]}}],"collection":[{"href":"https:\/\/meeplendice.net\/index.php?rest_route=\/wp\/v2\/pages"}],"about":[{"href":"https:\/\/meeplendice.net\/index.php?rest_route=\/wp\/v2\/types\/page"}],"author":[{"embeddable":true,"href":"https:\/\/meeplendice.net\/index.php?rest_route=\/wp\/v2\/users\/2"}],"replies":[{"embeddable":true,"href":"https:\/\/meeplendice.net\/index.php?rest_route=%2Fwp%2Fv2%2Fcomments&post=7877"}],"version-history":[{"count":2,"href":"https:\/\/meeplendice.net\/index.php?rest_route=\/wp\/v2\/pages\/7877\/revisions"}],"predecessor-version":[{"id":7879,"href":"https:\/\/meeplendice.net\/index.php?rest_route=\/wp\/v2\/pages\/7877\/revisions\/7879"}],"wp:featuredmedia":[{"embeddable":true,"href":"https:\/\/meeplendice.net\/index.php?rest_route=\/wp\/v2\/media\/7833"}],"wp:attachment":[{"href":"https:\/\/meeplendice.net\/index.php?rest_route=%2Fwp%2Fv2%2Fmedia&parent=7877"}],"curies":[{"name":"wp","href":"https:\/\/api.w.org\/{rel}","templated":true}]}}