{"id":7881,"date":"2020-12-24T11:23:57","date_gmt":"2020-12-24T10:23:57","guid":{"rendered":"http:\/\/meeplendice.net\/?page_id=7881"},"modified":"2020-12-24T11:24:57","modified_gmt":"2020-12-24T10:24:57","slug":"prelude","status":"publish","type":"page","link":"https:\/\/meeplendice.net\/?page_id=7881","title":{"rendered":"Pr\u00e9lude"},"content":{"rendered":"<p>Vos choix forgent le Royaume !<\/p>\n<p><i>Le raclement de la chaise r\u00e9sonne dans la salle du Conseil. Vous si\u00e9gez pour la premi\u00e8re fois parmi les puissants. Vos premi\u00e8res d\u00e9cisions vont avoir des r\u00e9percussions sur l\u2019ensemble du royaume. Serez-vous \u00e0 la hauteur de cette immense responsabilit\u00e9 ?<\/i><\/p>\n<div>D\u00e9couvrez \u00ab Pr\u00e9lude \u00bb, et prenez vos premi\u00e8res d\u00e9cisions cruciales avant m\u00eame le lancement de votre premi\u00e8re partie. Vous saurez ainsi si vous \u00eates aptes \u00e0 gouverner !<\/div>\n","protected":false},"excerpt":{"rendered":"<p>Vos choix forgent le Royaume ! Le raclement de la chaise r\u00e9sonne dans la salle du Conseil. Vous si\u00e9gez pour la premi\u00e8re fois parmi les puissants. Vos premi\u00e8res d\u00e9cisions vont avoir des r\u00e9percussions sur l\u2019ensemble du royaume. Serez-vous \u00e0 la hauteur de cette immense responsabilit\u00e9 ? D\u00e9couvrez \u00ab Pr\u00e9lude \u00bb, et prenez vos premi\u00e8res d\u00e9cisions cruciales avant m\u00eame le lancement de votre premi\u00e8re partie. Vous saurez ainsi si vous \u00eates aptes \u00e0 gouverner !<\/p>\n","protected":false},"author":2,"featured_media":7832,"parent":0,"menu_order":1,"comment_status":"closed","ping_status":"closed","template":"","meta":{"footnotes":""},"class_list":["post-7881","page","type-page","status-publish","has-post-thumbnail","hentry"],"acf":[],"rttpg_featured_image_url":{"full":["https:\/\/meeplendice.net\/wp-content\/uploads\/2020\/12\/LDDR_Prelude.png",350,350,false],"landscape":["https:\/\/meeplendice.net\/wp-content\/uploads\/2020\/12\/LDDR_Prelude.png",350,350,false],"portraits":["https:\/\/meeplendice.net\/wp-content\/uploads\/2020\/12\/LDDR_Prelude.png",350,350,false],"thumbnail":["https:\/\/meeplendice.net\/wp-content\/uploads\/2020\/12\/LDDR_Prelude-150x150.png",150,150,true],"medium":["https:\/\/meeplendice.net\/wp-content\/uploads\/2020\/12\/LDDR_Prelude-300x300.png",300,300,true],"large":["https:\/\/meeplendice.net\/wp-content\/uploads\/2020\/12\/LDDR_Prelude.png",350,350,false],"ug_big":["https:\/\/meeplendice.net\/wp-content\/uploads\/2020\/12\/LDDR_Prelude.png",350,350,false],"1536x1536":["https:\/\/meeplendice.net\/wp-content\/uploads\/2020\/12\/LDDR_Prelude.png",350,350,false],"2048x2048":["https:\/\/meeplendice.net\/wp-content\/uploads\/2020\/12\/LDDR_Prelude.png",350,350,false],"ashe-slider-grid-thumbnail":["https:\/\/meeplendice.net\/wp-content\/uploads\/2020\/12\/LDDR_Prelude.png",350,350,false],"ashe-full-thumbnail":["https:\/\/meeplendice.net\/wp-content\/uploads\/2020\/12\/LDDR_Prelude.png",350,350,false],"ashe-grid-thumbnail":["https:\/\/meeplendice.net\/wp-content\/uploads\/2020\/12\/LDDR_Prelude-350x330.png",350,330,true],"ashe-list-thumbnail":["https:\/\/meeplendice.net\/wp-content\/uploads\/2020\/12\/LDDR_Prelude-300x300.png",300,300,true],"ashe-single-navigation":["https:\/\/meeplendice.net\/wp-content\/uploads\/2020\/12\/LDDR_Prelude-75x75.png",75,75,true],"mailpoet_newsletter_max":["https:\/\/meeplendice.net\/wp-content\/uploads\/2020\/12\/LDDR_Prelude.png",350,350,false],"rpwe-thumbnail":["https:\/\/meeplendice.net\/wp-content\/uploads\/2020\/12\/LDDR_Prelude-45x45.png",45,45,true],"sow-carousel-default":["https:\/\/meeplendice.net\/wp-content\/uploads\/2020\/12\/LDDR_Prelude-272x182.png",272,182,true],"rt_custom":["https:\/\/meeplendice.net\/wp-content\/uploads\/2020\/12\/LDDR_Prelude.png",350,350,false]},"rttpg_author":{"display_name":"Karnby","author_link":"https:\/\/meeplendice.net\/?author=2"},"rttpg_comment":0,"rttpg_category":null,"rttpg_excerpt":"Vos choix forgent le Royaume ! Le raclement de la chaise r\u00e9sonne dans la salle du Conseil. Vous si\u00e9gez pour la premi\u00e8re fois parmi les puissants. Vos premi\u00e8res d\u00e9cisions vont avoir des r\u00e9percussions sur l\u2019ensemble du royaume. Serez-vous \u00e0 la hauteur de cette immense responsabilit\u00e9 ? D\u00e9couvrez \u00ab Pr\u00e9lude \u00bb, et prenez vos premi\u00e8res d\u00e9cisions\u2026","_links":{"self":[{"href":"https:\/\/meeplendice.net\/index.php?rest_route=\/wp\/v2\/pages\/7881","targetHints":{"allow":["GET"]}}],"collection":[{"href":"https:\/\/meeplendice.net\/index.php?rest_route=\/wp\/v2\/pages"}],"about":[{"href":"https:\/\/meeplendice.net\/index.php?rest_route=\/wp\/v2\/types\/page"}],"author":[{"embeddable":true,"href":"https:\/\/meeplendice.net\/index.php?rest_route=\/wp\/v2\/users\/2"}],"replies":[{"embeddable":true,"href":"https:\/\/meeplendice.net\/index.php?rest_route=%2Fwp%2Fv2%2Fcomments&post=7881"}],"version-history":[{"count":1,"href":"https:\/\/meeplendice.net\/index.php?rest_route=\/wp\/v2\/pages\/7881\/revisions"}],"predecessor-version":[{"id":7883,"href":"https:\/\/meeplendice.net\/index.php?rest_route=\/wp\/v2\/pages\/7881\/revisions\/7883"}],"wp:featuredmedia":[{"embeddable":true,"href":"https:\/\/meeplendice.net\/index.php?rest_route=\/wp\/v2\/media\/7832"}],"wp:attachment":[{"href":"https:\/\/meeplendice.net\/index.php?rest_route=%2Fwp%2Fv2%2Fmedia&parent=7881"}],"curies":[{"name":"wp","href":"https:\/\/api.w.org\/{rel}","templated":true}]}}