{"id":7887,"date":"2020-12-24T11:36:33","date_gmt":"2020-12-24T10:36:33","guid":{"rendered":"http:\/\/meeplendice.net\/?page_id=7887"},"modified":"2020-12-24T11:36:33","modified_gmt":"2020-12-24T10:36:33","slug":"chimera","status":"publish","type":"page","link":"https:\/\/meeplendice.net\/?page_id=7887","title":{"rendered":"Chimera"},"content":{"rendered":"<p><em>\u00ab\u00a0Les bricoleurs ont d\u00e9couvert des fragments de r\u00eaves.\u00a0\u00bb<\/em><\/p>\n<p><em>Au m\u00eame moment la Direction d&rsquo;Imaginarium a not\u00e9 une hausse de la productivit\u00e9. Elle a donc d\u00e9cid\u00e9 de lancer le programme Chimera d&rsquo;incitation au r\u00eave. De nouveaux \u00e9l\u00e9ments sont mis \u00e0 la disposition des bricoleurs et r\u00eavasser devient une action officiel !<\/em><\/p>\n<p>Chimera est une extension pour le jeu Imaginarium et ne peut pas \u00eatre jou\u00e9e sans. Elle permet \u00e9galement de jouer en \u00e9quipe, \u00e0 4 ou 6 joueurs, et contient tous les \u00e9l\u00e9ments pour le 6e joueur.<\/p>\n<p><span id=\"result_box\" class=\"\" lang=\"fr\"><span class=\"\">\u00a0<\/span><\/span><\/p>\n","protected":false},"excerpt":{"rendered":"<p>\u00ab\u00a0Les bricoleurs ont d\u00e9couvert des fragments de r\u00eaves.\u00a0\u00bb Au m\u00eame moment la Direction d&rsquo;Imaginarium a not\u00e9 une hausse de la productivit\u00e9. Elle a donc d\u00e9cid\u00e9 de lancer le programme Chimera d&rsquo;incitation au r\u00eave. De nouveaux \u00e9l\u00e9ments sont mis \u00e0 la disposition des bricoleurs et r\u00eavasser devient une action officiel ! Chimera est une extension pour le jeu Imaginarium et ne peut pas \u00eatre jou\u00e9e sans. Elle permet \u00e9galement de jouer en \u00e9quipe, \u00e0 4 ou 6 joueurs, et contient tous les \u00e9l\u00e9ments pour le 6e joueur. \u00a0<\/p>\n","protected":false},"author":2,"featured_media":7889,"parent":0,"menu_order":0,"comment_status":"closed","ping_status":"closed","template":"","meta":{"footnotes":""},"class_list":["post-7887","page","type-page","status-publish","has-post-thumbnail","hentry"],"acf":[],"rttpg_featured_image_url":{"full":["https:\/\/meeplendice.net\/wp-content\/uploads\/2020\/12\/Imaginarium_chimera.png",350,350,false],"landscape":["https:\/\/meeplendice.net\/wp-content\/uploads\/2020\/12\/Imaginarium_chimera.png",350,350,false],"portraits":["https:\/\/meeplendice.net\/wp-content\/uploads\/2020\/12\/Imaginarium_chimera.png",350,350,false],"thumbnail":["https:\/\/meeplendice.net\/wp-content\/uploads\/2020\/12\/Imaginarium_chimera-150x150.png",150,150,true],"medium":["https:\/\/meeplendice.net\/wp-content\/uploads\/2020\/12\/Imaginarium_chimera-300x300.png",300,300,true],"large":["https:\/\/meeplendice.net\/wp-content\/uploads\/2020\/12\/Imaginarium_chimera.png",350,350,false],"ug_big":["https:\/\/meeplendice.net\/wp-content\/uploads\/2020\/12\/Imaginarium_chimera.png",350,350,false],"1536x1536":["https:\/\/meeplendice.net\/wp-content\/uploads\/2020\/12\/Imaginarium_chimera.png",350,350,false],"2048x2048":["https:\/\/meeplendice.net\/wp-content\/uploads\/2020\/12\/Imaginarium_chimera.png",350,350,false],"ashe-slider-grid-thumbnail":["https:\/\/meeplendice.net\/wp-content\/uploads\/2020\/12\/Imaginarium_chimera.png",350,350,false],"ashe-full-thumbnail":["https:\/\/meeplendice.net\/wp-content\/uploads\/2020\/12\/Imaginarium_chimera.png",350,350,false],"ashe-grid-thumbnail":["https:\/\/meeplendice.net\/wp-content\/uploads\/2020\/12\/Imaginarium_chimera-350x330.png",350,330,true],"ashe-list-thumbnail":["https:\/\/meeplendice.net\/wp-content\/uploads\/2020\/12\/Imaginarium_chimera-300x300.png",300,300,true],"ashe-single-navigation":["https:\/\/meeplendice.net\/wp-content\/uploads\/2020\/12\/Imaginarium_chimera-75x75.png",75,75,true],"mailpoet_newsletter_max":["https:\/\/meeplendice.net\/wp-content\/uploads\/2020\/12\/Imaginarium_chimera.png",350,350,false],"rpwe-thumbnail":["https:\/\/meeplendice.net\/wp-content\/uploads\/2020\/12\/Imaginarium_chimera-45x45.png",45,45,true],"sow-carousel-default":["https:\/\/meeplendice.net\/wp-content\/uploads\/2020\/12\/Imaginarium_chimera-272x182.png",272,182,true],"rt_custom":["https:\/\/meeplendice.net\/wp-content\/uploads\/2020\/12\/Imaginarium_chimera.png",350,350,false]},"rttpg_author":{"display_name":"Karnby","author_link":"https:\/\/meeplendice.net\/?author=2"},"rttpg_comment":0,"rttpg_category":null,"rttpg_excerpt":"\u00ab\u00a0Les bricoleurs ont d\u00e9couvert des fragments de r\u00eaves.\u00a0\u00bb Au m\u00eame moment la Direction d&rsquo;Imaginarium a not\u00e9 une hausse de la productivit\u00e9. Elle a donc d\u00e9cid\u00e9 de lancer le programme Chimera d&rsquo;incitation au r\u00eave. De nouveaux \u00e9l\u00e9ments sont mis \u00e0 la disposition des bricoleurs et r\u00eavasser devient une action officiel ! Chimera est une extension pour\u2026","_links":{"self":[{"href":"https:\/\/meeplendice.net\/index.php?rest_route=\/wp\/v2\/pages\/7887","targetHints":{"allow":["GET"]}}],"collection":[{"href":"https:\/\/meeplendice.net\/index.php?rest_route=\/wp\/v2\/pages"}],"about":[{"href":"https:\/\/meeplendice.net\/index.php?rest_route=\/wp\/v2\/types\/page"}],"author":[{"embeddable":true,"href":"https:\/\/meeplendice.net\/index.php?rest_route=\/wp\/v2\/users\/2"}],"replies":[{"embeddable":true,"href":"https:\/\/meeplendice.net\/index.php?rest_route=%2Fwp%2Fv2%2Fcomments&post=7887"}],"version-history":[{"count":1,"href":"https:\/\/meeplendice.net\/index.php?rest_route=\/wp\/v2\/pages\/7887\/revisions"}],"predecessor-version":[{"id":7890,"href":"https:\/\/meeplendice.net\/index.php?rest_route=\/wp\/v2\/pages\/7887\/revisions\/7890"}],"wp:featuredmedia":[{"embeddable":true,"href":"https:\/\/meeplendice.net\/index.php?rest_route=\/wp\/v2\/media\/7889"}],"wp:attachment":[{"href":"https:\/\/meeplendice.net\/index.php?rest_route=%2Fwp%2Fv2%2Fmedia&parent=7887"}],"curies":[{"name":"wp","href":"https:\/\/api.w.org\/{rel}","templated":true}]}}