{"id":7978,"date":"2021-03-04T16:04:48","date_gmt":"2021-03-04T15:04:48","guid":{"rendered":"http:\/\/meeplendice.net\/?page_id=7978"},"modified":"2024-11-20T13:35:53","modified_gmt":"2024-11-20T11:35:53","slug":"umatched-combats-de-legendes-volume-1","status":"publish","type":"page","link":"https:\/\/meeplendice.net\/?page_id=7978","title":{"rendered":"Unmatched : Combats de L\u00e9gendes &#8211; Volume 1"},"content":{"rendered":"<div id=\"pl-7978\"  class=\"panel-layout\" ><div id=\"pg-7978-0\"  class=\"panel-grid panel-no-style\" ><div id=\"pgc-7978-0-0\"  class=\"panel-grid-cell\" ><div id=\"panel-7978-0-0-0\" class=\"so-panel widget widget_sow-editor panel-first-child panel-last-child\" data-index=\"0\" ><div\n\t\t\t\n\t\t\tclass=\"so-widget-sow-editor so-widget-sow-editor-base\"\n\t\t\t\n\t\t>\n<div class=\"siteorigin-widget-tinymce textwidget\">\n\t<p style=\"text-align: center;\"><strong>Nombre de joueurs :<\/strong><br \/>\n2 - 4<\/p>\n<\/div>\n<\/div><\/div><\/div><div id=\"pgc-7978-0-1\"  class=\"panel-grid-cell\" ><div id=\"panel-7978-0-1-0\" class=\"so-panel widget widget_sow-editor panel-first-child panel-last-child\" data-index=\"1\" ><div\n\t\t\t\n\t\t\tclass=\"so-widget-sow-editor so-widget-sow-editor-base\"\n\t\t\t\n\t\t>\n<div class=\"siteorigin-widget-tinymce textwidget\">\n\t<p style=\"text-align: center;\"><strong>Auteur(s) :<br \/>\n<\/strong>Rob Daviau<br \/>\nJustin D. Jacobson<\/p>\n<\/div>\n<\/div><\/div><\/div><div id=\"pgc-7978-0-2\"  class=\"panel-grid-cell\" ><div id=\"panel-7978-0-2-0\" class=\"so-panel widget widget_sow-editor panel-first-child panel-last-child\" data-index=\"2\" ><div\n\t\t\t\n\t\t\tclass=\"so-widget-sow-editor so-widget-sow-editor-base\"\n\t\t\t\n\t\t>\n<div class=\"siteorigin-widget-tinymce textwidget\">\n\t<p style=\"text-align: center;\"><strong>Illustrations :<br \/>\n<\/strong>Olivier Barret<br \/>\nAlexander Wells<\/p>\n<\/div>\n<\/div><\/div><\/div><div id=\"pgc-7978-0-3\"  class=\"panel-grid-cell\" ><div id=\"panel-7978-0-3-0\" class=\"so-panel widget widget_sow-editor panel-first-child panel-last-child\" data-index=\"3\" ><div\n\t\t\t\n\t\t\tclass=\"so-widget-sow-editor so-widget-sow-editor-base\"\n\t\t\t\n\t\t>\n<div class=\"siteorigin-widget-tinymce textwidget\">\n\t<p style=\"text-align: center;\"><strong>\u00c9dition :<\/strong><br \/>\nIello<br \/>\n2021<\/p>\n<\/div>\n<\/div><\/div><\/div><div id=\"pgc-7978-0-4\"  class=\"panel-grid-cell\" ><div id=\"panel-7978-0-4-0\" class=\"so-panel widget widget_sow-editor panel-first-child panel-last-child\" data-index=\"4\" ><div\n\t\t\t\n\t\t\tclass=\"so-widget-sow-editor so-widget-sow-editor-base\"\n\t\t\t\n\t\t>\n<div class=\"siteorigin-widget-tinymce textwidget\">\n\t<p style=\"text-align: center;\"><strong>Version :<\/strong><br \/>\nFran\u00e7aise<\/p>\n<\/div>\n<\/div><\/div><\/div><\/div><div id=\"pg-7978-1\"  class=\"panel-grid panel-no-style\" ><div id=\"pgc-7978-1-0\"  class=\"panel-grid-cell\" ><div id=\"panel-7978-1-0-0\" class=\"so-panel widget widget_sow-editor panel-first-child panel-last-child\" data-index=\"5\" ><div\n\t\t\t\n\t\t\tclass=\"so-widget-sow-editor so-widget-sow-editor-base\"\n\t\t\t\n\t\t>\n<div class=\"siteorigin-widget-tinymce textwidget\">\n\t<hr \/>\n<p>Ce premier volume <em>d\u2019Unmatched<\/em> vous permet d\u2019incarner Le Roi Arthur, Alice au Pays des Merveilles, M\u00e9duse ou Sinbad le Marin.<\/p>\n<ul>\n<li>Le Roi Arthur - Acolyte Merlin<br \/>\n<em>La puissante Excalibur dans une main, Merlin et ses ruses marchant \u00e0 ses c\u00f4t\u00e9s, une foi in\u00e9branlable et un sens du sacrifice sont ses plus grandes forces pour mener \u00e0 bien sa noble qu\u00eate.<\/em><em><br \/>\n<\/em><\/li>\n<\/ul>\n<p>&nbsp;<\/p>\n<ul>\n<li>Alice - Acolyte Jabberwocky<br \/>\n<em>Petite, mais costaude. Elle est pass\u00e9e de l'autre c\u00f4t\u00e9 du miroir et en est revenue avec une lame vorpale et le Jabberwocky marchant sur ses talons. Gare \u00e0 sa taille lorsque vous l'attrapez car, si vous vous trompez, ce sera \u00e9chec et mat... pour vous.<\/em><\/li>\n<\/ul>\n<p>&nbsp;<\/p>\n<ul>\n<li>Sinbad - Acolyte Portefaix<br \/>\n<em>A chacun de ses palpitants voyages, il gagne en sagesse et en puissance. Affrontez-le sans tarder, lui et son fid\u00e8le Portefaix, avant que sa sagesse ne le rende imbattable et qu'il ne mette un terme un peu trop h\u00e2tif \u00e0 votre propre histoire.<\/em><\/li>\n<\/ul>\n<p>&nbsp;<\/p>\n<ul>\n<li>M\u00e9duse - Acolytes Harpies<br \/>\n<em>Son regard a fig\u00e9s des arm\u00e9es enti\u00e8res. D\u00e9sormais accompagn\u00e9e de ses harpies, la Gorgone est un redoutable ennemi. Assurez-vous d'avoir bien pr\u00e9par\u00e9 vos d\u00e9fenses avant qu'elle ne tourne ses yeux vers vous.<\/em><\/li>\n<\/ul>\n<\/div>\n<\/div><\/div><\/div><\/div><\/div>","protected":false},"excerpt":{"rendered":"<p>Nombre de joueurs : 2 &#8211; 4 Auteur(s) : Rob Daviau Justin D. Jacobson Illustrations : Olivier Barret Alexander Wells \u00c9dition : Iello 2021 Version : Fran\u00e7aise Ce premier volume d\u2019Unmatched vous permet d\u2019incarner Le Roi Arthur, Alice au Pays des Merveilles, M\u00e9duse ou Sinbad le Marin. Le Roi Arthur &#8211; Acolyte Merlin La puissante Excalibur dans une main, Merlin et ses ruses marchant \u00e0 ses c\u00f4t\u00e9s, une foi in\u00e9branlable et un sens du sacrifice sont ses plus grandes forces pour mener \u00e0 bien sa noble qu\u00eate. &nbsp; Alice &#8211; Acolyte Jabberwocky Petite, mais costaude. Elle est pass\u00e9e de l&rsquo;autre c\u00f4t\u00e9 du miroir et en est revenue avec une lame vorpale et le Jabberwocky marchant sur ses talons. Gare \u00e0 sa taille lorsque vous l&rsquo;attrapez car, si vous vous trompez, ce sera \u00e9chec et mat&#8230; pour vous. &nbsp; Sinbad &#8211; Acolyte Portefaix A chacun de ses palpitants voyages, il gagne en sagesse et en puissance. Affrontez-le sans tarder, lui et son fid\u00e8le Portefaix, avant que sa sagesse ne le rende imbattable et qu&rsquo;il ne mette un terme un peu trop h\u00e2tif \u00e0 votre propre histoire. &nbsp; M\u00e9duse &#8211; Acolytes Harpies Son regard a fig\u00e9s des arm\u00e9es enti\u00e8res. D\u00e9sormais accompagn\u00e9e de ses harpies, la Gorgone est un redoutable ennemi. Assurez-vous d&rsquo;avoir bien pr\u00e9par\u00e9 vos d\u00e9fenses avant qu&rsquo;elle ne tourne ses yeux vers vous.<\/p>\n","protected":false},"author":2,"featured_media":12916,"parent":12879,"menu_order":1,"comment_status":"closed","ping_status":"closed","template":"","meta":{"footnotes":""},"class_list":["post-7978","page","type-page","status-publish","has-post-thumbnail","hentry"],"acf":[],"rttpg_featured_image_url":{"full":["https:\/\/meeplendice.net\/wp-content\/uploads\/2024\/11\/Unmatched_Vol01_vol.png",350,350,false],"landscape":["https:\/\/meeplendice.net\/wp-content\/uploads\/2024\/11\/Unmatched_Vol01_vol.png",350,350,false],"portraits":["https:\/\/meeplendice.net\/wp-content\/uploads\/2024\/11\/Unmatched_Vol01_vol.png",350,350,false],"thumbnail":["https:\/\/meeplendice.net\/wp-content\/uploads\/2024\/11\/Unmatched_Vol01_vol-150x150.png",150,150,true],"medium":["https:\/\/meeplendice.net\/wp-content\/uploads\/2024\/11\/Unmatched_Vol01_vol-300x300.png",300,300,true],"large":["https:\/\/meeplendice.net\/wp-content\/uploads\/2024\/11\/Unmatched_Vol01_vol.png",350,350,false],"ug_big":["https:\/\/meeplendice.net\/wp-content\/uploads\/2024\/11\/Unmatched_Vol01_vol.png",350,350,false],"1536x1536":["https:\/\/meeplendice.net\/wp-content\/uploads\/2024\/11\/Unmatched_Vol01_vol.png",350,350,false],"2048x2048":["https:\/\/meeplendice.net\/wp-content\/uploads\/2024\/11\/Unmatched_Vol01_vol.png",350,350,false],"ashe-slider-grid-thumbnail":["https:\/\/meeplendice.net\/wp-content\/uploads\/2024\/11\/Unmatched_Vol01_vol.png",350,350,false],"ashe-full-thumbnail":["https:\/\/meeplendice.net\/wp-content\/uploads\/2024\/11\/Unmatched_Vol01_vol.png",350,350,false],"ashe-grid-thumbnail":["https:\/\/meeplendice.net\/wp-content\/uploads\/2024\/11\/Unmatched_Vol01_vol-350x330.png",350,330,true],"ashe-list-thumbnail":["https:\/\/meeplendice.net\/wp-content\/uploads\/2024\/11\/Unmatched_Vol01_vol-300x300.png",300,300,true],"ashe-single-navigation":["https:\/\/meeplendice.net\/wp-content\/uploads\/2024\/11\/Unmatched_Vol01_vol-75x75.png",75,75,true],"mailpoet_newsletter_max":["https:\/\/meeplendice.net\/wp-content\/uploads\/2024\/11\/Unmatched_Vol01_vol.png",350,350,false],"rpwe-thumbnail":["https:\/\/meeplendice.net\/wp-content\/uploads\/2024\/11\/Unmatched_Vol01_vol-45x45.png",45,45,true],"sow-carousel-default":["https:\/\/meeplendice.net\/wp-content\/uploads\/2024\/11\/Unmatched_Vol01_vol-272x182.png",272,182,true],"rt_custom":["https:\/\/meeplendice.net\/wp-content\/uploads\/2024\/11\/Unmatched_Vol01_vol.png",350,350,false]},"rttpg_author":{"display_name":"Karnby","author_link":"https:\/\/meeplendice.net\/?author=2"},"rttpg_comment":0,"rttpg_category":null,"rttpg_excerpt":"Nombre de joueurs : 2 - 4 Auteur(s) : Rob Daviau Justin D. Jacobson Illustrations : Olivier Barret Alexander Wells \u00c9dition : Iello 2021 Version : Fran\u00e7aise Ce premier volume d\u2019Unmatched vous permet d\u2019incarner Le Roi Arthur, Alice au Pays des Merveilles, M\u00e9duse ou Sinbad le Marin. Le Roi Arthur - Acolyte Merlin La puissante\u2026","_links":{"self":[{"href":"https:\/\/meeplendice.net\/index.php?rest_route=\/wp\/v2\/pages\/7978","targetHints":{"allow":["GET"]}}],"collection":[{"href":"https:\/\/meeplendice.net\/index.php?rest_route=\/wp\/v2\/pages"}],"about":[{"href":"https:\/\/meeplendice.net\/index.php?rest_route=\/wp\/v2\/types\/page"}],"author":[{"embeddable":true,"href":"https:\/\/meeplendice.net\/index.php?rest_route=\/wp\/v2\/users\/2"}],"replies":[{"embeddable":true,"href":"https:\/\/meeplendice.net\/index.php?rest_route=%2Fwp%2Fv2%2Fcomments&post=7978"}],"version-history":[{"count":24,"href":"https:\/\/meeplendice.net\/index.php?rest_route=\/wp\/v2\/pages\/7978\/revisions"}],"predecessor-version":[{"id":12925,"href":"https:\/\/meeplendice.net\/index.php?rest_route=\/wp\/v2\/pages\/7978\/revisions\/12925"}],"up":[{"embeddable":true,"href":"https:\/\/meeplendice.net\/index.php?rest_route=\/wp\/v2\/pages\/12879"}],"wp:featuredmedia":[{"embeddable":true,"href":"https:\/\/meeplendice.net\/index.php?rest_route=\/wp\/v2\/media\/12916"}],"wp:attachment":[{"href":"https:\/\/meeplendice.net\/index.php?rest_route=%2Fwp%2Fv2%2Fmedia&parent=7978"}],"curies":[{"name":"wp","href":"https:\/\/api.w.org\/{rel}","templated":true}]}}