{"id":8001,"date":"2021-03-04T16:24:07","date_gmt":"2021-03-04T15:24:07","guid":{"rendered":"http:\/\/meeplendice.net\/?page_id=8001"},"modified":"2021-03-04T17:21:22","modified_gmt":"2021-03-04T16:21:22","slug":"shamans","status":"publish","type":"page","link":"https:\/\/meeplendice.net\/?page_id=8001","title":{"rendered":"Shamans"},"content":{"rendered":"<div id=\"pl-8001\"  class=\"panel-layout\" ><div id=\"pg-8001-0\"  class=\"panel-grid panel-no-style\" ><div id=\"pgc-8001-0-0\"  class=\"panel-grid-cell\" ><div id=\"panel-8001-0-0-0\" class=\"so-panel widget widget_sow-editor panel-first-child panel-last-child\" data-index=\"0\" ><div\n\t\t\t\n\t\t\tclass=\"so-widget-sow-editor so-widget-sow-editor-base\"\n\t\t\t\n\t\t>\n<div class=\"siteorigin-widget-tinymce textwidget\">\n\t<p style=\"text-align: center;\"><strong>Nombre de joueurs :<\/strong><br \/>\n3 - 5<\/p>\n<\/div>\n<\/div><\/div><\/div><div id=\"pgc-8001-0-1\"  class=\"panel-grid-cell\" ><div id=\"panel-8001-0-1-0\" class=\"so-panel widget widget_sow-editor panel-first-child panel-last-child\" data-index=\"1\" ><div\n\t\t\t\n\t\t\tclass=\"so-widget-sow-editor so-widget-sow-editor-base\"\n\t\t\t\n\t\t>\n<div class=\"siteorigin-widget-tinymce textwidget\">\n\t<p style=\"text-align: center;\"><strong>Dur\u00e9e moyenne :<\/strong><br \/>\n40 min<\/p>\n<\/div>\n<\/div><\/div><\/div><div id=\"pgc-8001-0-2\"  class=\"panel-grid-cell\" ><div id=\"panel-8001-0-2-0\" class=\"so-panel widget widget_sow-editor panel-first-child panel-last-child\" data-index=\"2\" ><div\n\t\t\t\n\t\t\tclass=\"so-widget-sow-editor so-widget-sow-editor-base\"\n\t\t\t\n\t\t>\n<div class=\"siteorigin-widget-tinymce textwidget\">\n\t<p style=\"text-align: center;\"><strong>Age :<\/strong><br \/>\n10 ans et plus<\/p>\n<\/div>\n<\/div><\/div><\/div><\/div><div id=\"pg-8001-1\"  class=\"panel-grid panel-no-style\" ><div id=\"pgc-8001-1-0\"  class=\"panel-grid-cell\" ><div id=\"panel-8001-1-0-0\" class=\"so-panel widget widget_sow-editor panel-first-child panel-last-child\" data-index=\"3\" ><div\n\t\t\t\n\t\t\tclass=\"so-widget-sow-editor so-widget-sow-editor-base\"\n\t\t\t\n\t\t>\n<div class=\"siteorigin-widget-tinymce textwidget\">\n\t<p style=\"text-align: center;\"><strong>Auteur(s) :<br \/>\n<\/strong>C\u00e9drick Chaboussit<\/p>\n<\/div>\n<\/div><\/div><\/div><div id=\"pgc-8001-1-1\"  class=\"panel-grid-cell\" ><div id=\"panel-8001-1-1-0\" class=\"so-panel widget widget_sow-editor panel-first-child panel-last-child\" data-index=\"4\" ><div\n\t\t\t\n\t\t\tclass=\"so-widget-sow-editor so-widget-sow-editor-base\"\n\t\t\t\n\t\t>\n<div class=\"siteorigin-widget-tinymce textwidget\">\n\t<p style=\"text-align: center;\"><strong>Illustrations :<\/strong><br \/>\nMaud Chalmel<\/p>\n<\/div>\n<\/div><\/div><\/div><div id=\"pgc-8001-1-2\"  class=\"panel-grid-cell\" ><div id=\"panel-8001-1-2-0\" class=\"so-panel widget widget_sow-editor panel-first-child panel-last-child\" data-index=\"5\" ><div\n\t\t\t\n\t\t\tclass=\"so-widget-sow-editor so-widget-sow-editor-base\"\n\t\t\t\n\t\t>\n<div class=\"siteorigin-widget-tinymce textwidget\">\n\t<p style=\"text-align: center;\"><strong>\u00c9dition :<\/strong><br \/>\nStudio H<br \/>\n2021<\/p>\n<\/div>\n<\/div><\/div><\/div><div id=\"pgc-8001-1-3\"  class=\"panel-grid-cell\" ><div id=\"panel-8001-1-3-0\" class=\"so-panel widget widget_sow-editor panel-first-child panel-last-child\" data-index=\"6\" ><div\n\t\t\t\n\t\t\tclass=\"so-widget-sow-editor so-widget-sow-editor-base\"\n\t\t\t\n\t\t>\n<div class=\"siteorigin-widget-tinymce textwidget\">\n\t<p style=\"text-align: center;\"><strong>Version :<\/strong><br \/>\nFran\u00e7aise<\/p>\n<\/div>\n<\/div><\/div><\/div><\/div><div id=\"pg-8001-2\"  class=\"panel-grid panel-no-style\" ><div id=\"pgc-8001-2-0\"  class=\"panel-grid-cell\" ><div id=\"panel-8001-2-0-0\" class=\"so-panel widget widget_sow-editor panel-first-child panel-last-child\" data-index=\"7\" ><div\n\t\t\t\n\t\t\tclass=\"so-widget-sow-editor so-widget-sow-editor-base\"\n\t\t\t\n\t\t>\n<div class=\"siteorigin-widget-tinymce textwidget\">\n\t<hr \/>\n<p>Vous \u00eates un Shaman.<\/p>\n<p>Depuis l'aube des temps, vous prot\u00e9gez les mondes des esprits de la menace de l'ombre. Jamais votre mission n'a \u00e9t\u00e9 aussi p\u00e9rilleuse. Avant que la lune ne soit au z\u00e9nith, vous devez r\u00e9tablir l'\u00e9quilibre des diff\u00e9rents mondes pour emp\u00eacher l'univers de sombrer dans le chaos.<\/p>\n<p>Mais le danger pourrait-il venir de vos propres rangs ?<br \/>\nCertains Shamans, corrompu par l'ombre, \u0153uvrent secr\u00e8tement \u00e0 votre \u00e9chec... peut-\u00eatre en faites-vous partie ?<\/p>\n<p>Lorsque l'heure viendra, saurez-vous lire les desseins de vos rivaux et vous trouver du bon c\u00f4t\u00e9 de cette lutte mill\u00e9naire ?<\/p>\n<\/div>\n<\/div><\/div><\/div><\/div><div id=\"pg-8001-3\"  class=\"panel-grid panel-no-style\" ><div id=\"pgc-8001-3-0\"  class=\"panel-grid-cell\" ><div id=\"panel-8001-3-0-0\" class=\"so-panel widget widget_sow-editor panel-first-child panel-last-child\" data-index=\"8\" ><div\n\t\t\t\n\t\t\tclass=\"so-widget-sow-editor so-widget-sow-editor-base\"\n\t\t\t\n\t\t>\n<div class=\"siteorigin-widget-tinymce textwidget\">\n\t<hr \/>\n<p style=\"text-align: center;\"><strong>En vid\u00e9o<\/strong><\/p>\n<\/div>\n<\/div><\/div><\/div><\/div><div id=\"pg-8001-4\"  class=\"panel-grid panel-no-style\" ><div id=\"pgc-8001-4-0\"  class=\"panel-grid-cell\" ><div id=\"panel-8001-4-0-0\" class=\"so-panel widget widget_sow-editor panel-first-child panel-last-child\" data-index=\"9\" ><div\n\t\t\t\n\t\t\tclass=\"so-widget-sow-editor so-widget-sow-editor-base\"\n\t\t\t\n\t\t>\n<div class=\"siteorigin-widget-tinymce textwidget\">\n\t<hr \/>\n<p style=\"text-align: center;\"><strong>Pour aller plus loin<\/strong><\/p>\n<\/div>\n<\/div><\/div><\/div><\/div><\/div>","protected":false},"excerpt":{"rendered":"<p>Nombre de joueurs : 3 &#8211; 5 Dur\u00e9e moyenne : 40 min Age : 10 ans et plus Auteur(s) : C\u00e9drick Chaboussit Illustrations : Maud Chalmel \u00c9dition : Studio H 2021 Version : Fran\u00e7aise<\/p>\n","protected":false},"author":2,"featured_media":7981,"parent":0,"menu_order":0,"comment_status":"closed","ping_status":"closed","template":"","meta":{"footnotes":""},"class_list":["post-8001","page","type-page","status-publish","has-post-thumbnail","hentry"],"acf":[],"rttpg_featured_image_url":{"full":["https:\/\/meeplendice.net\/wp-content\/uploads\/2021\/03\/Shamans.png",350,350,false],"landscape":["https:\/\/meeplendice.net\/wp-content\/uploads\/2021\/03\/Shamans.png",350,350,false],"portraits":["https:\/\/meeplendice.net\/wp-content\/uploads\/2021\/03\/Shamans.png",350,350,false],"thumbnail":["https:\/\/meeplendice.net\/wp-content\/uploads\/2021\/03\/Shamans-150x150.png",150,150,true],"medium":["https:\/\/meeplendice.net\/wp-content\/uploads\/2021\/03\/Shamans-300x300.png",300,300,true],"large":["https:\/\/meeplendice.net\/wp-content\/uploads\/2021\/03\/Shamans.png",350,350,false],"ug_big":["https:\/\/meeplendice.net\/wp-content\/uploads\/2021\/03\/Shamans.png",350,350,false],"1536x1536":["https:\/\/meeplendice.net\/wp-content\/uploads\/2021\/03\/Shamans.png",350,350,false],"2048x2048":["https:\/\/meeplendice.net\/wp-content\/uploads\/2021\/03\/Shamans.png",350,350,false],"ashe-slider-grid-thumbnail":["https:\/\/meeplendice.net\/wp-content\/uploads\/2021\/03\/Shamans.png",350,350,false],"ashe-full-thumbnail":["https:\/\/meeplendice.net\/wp-content\/uploads\/2021\/03\/Shamans.png",350,350,false],"ashe-grid-thumbnail":["https:\/\/meeplendice.net\/wp-content\/uploads\/2021\/03\/Shamans-350x330.png",350,330,true],"ashe-list-thumbnail":["https:\/\/meeplendice.net\/wp-content\/uploads\/2021\/03\/Shamans-300x300.png",300,300,true],"ashe-single-navigation":["https:\/\/meeplendice.net\/wp-content\/uploads\/2021\/03\/Shamans-75x75.png",75,75,true],"mailpoet_newsletter_max":["https:\/\/meeplendice.net\/wp-content\/uploads\/2021\/03\/Shamans.png",350,350,false],"rpwe-thumbnail":["https:\/\/meeplendice.net\/wp-content\/uploads\/2021\/03\/Shamans-45x45.png",45,45,true],"sow-carousel-default":["https:\/\/meeplendice.net\/wp-content\/uploads\/2021\/03\/Shamans-272x182.png",272,182,true],"rt_custom":["https:\/\/meeplendice.net\/wp-content\/uploads\/2021\/03\/Shamans.png",350,350,false]},"rttpg_author":{"display_name":"Karnby","author_link":"https:\/\/meeplendice.net\/?author=2"},"rttpg_comment":0,"rttpg_category":null,"rttpg_excerpt":"Nombre de joueurs : 3 - 5 Dur\u00e9e moyenne : 40 min Age : 10 ans et plus Auteur(s) : C\u00e9drick Chaboussit Illustrations : Maud Chalmel \u00c9dition : Studio H 2021 Version : Fran\u00e7aise","_links":{"self":[{"href":"https:\/\/meeplendice.net\/index.php?rest_route=\/wp\/v2\/pages\/8001","targetHints":{"allow":["GET"]}}],"collection":[{"href":"https:\/\/meeplendice.net\/index.php?rest_route=\/wp\/v2\/pages"}],"about":[{"href":"https:\/\/meeplendice.net\/index.php?rest_route=\/wp\/v2\/types\/page"}],"author":[{"embeddable":true,"href":"https:\/\/meeplendice.net\/index.php?rest_route=\/wp\/v2\/users\/2"}],"replies":[{"embeddable":true,"href":"https:\/\/meeplendice.net\/index.php?rest_route=%2Fwp%2Fv2%2Fcomments&post=8001"}],"version-history":[{"count":5,"href":"https:\/\/meeplendice.net\/index.php?rest_route=\/wp\/v2\/pages\/8001\/revisions"}],"predecessor-version":[{"id":8029,"href":"https:\/\/meeplendice.net\/index.php?rest_route=\/wp\/v2\/pages\/8001\/revisions\/8029"}],"wp:featuredmedia":[{"embeddable":true,"href":"https:\/\/meeplendice.net\/index.php?rest_route=\/wp\/v2\/media\/7981"}],"wp:attachment":[{"href":"https:\/\/meeplendice.net\/index.php?rest_route=%2Fwp%2Fv2%2Fmedia&parent=8001"}],"curies":[{"name":"wp","href":"https:\/\/api.w.org\/{rel}","templated":true}]}}