{"id":8041,"date":"2021-03-04T18:03:15","date_gmt":"2021-03-04T17:03:15","guid":{"rendered":"http:\/\/meeplendice.net\/?page_id=8041"},"modified":"2021-03-04T18:03:15","modified_gmt":"2021-03-04T17:03:15","slug":"volfyirion","status":"publish","type":"page","link":"https:\/\/meeplendice.net\/?page_id=8041","title":{"rendered":"Volfyirion"},"content":{"rendered":"<div id=\"pl-8041\"  class=\"panel-layout\" ><div id=\"pg-8041-0\"  class=\"panel-grid panel-no-style\" ><div id=\"pgc-8041-0-0\"  class=\"panel-grid-cell\" ><div id=\"panel-8041-0-0-0\" class=\"so-panel widget widget_sow-editor panel-first-child panel-last-child\" data-index=\"0\" ><div\n\t\t\t\n\t\t\tclass=\"so-widget-sow-editor so-widget-sow-editor-base\"\n\t\t\t\n\t\t>\n<div class=\"siteorigin-widget-tinymce textwidget\">\n\t<p style=\"text-align: center;\"><strong>Nombre de joueurs :<\/strong><br \/>\n1 - 2<\/p>\n<\/div>\n<\/div><\/div><\/div><div id=\"pgc-8041-0-1\"  class=\"panel-grid-cell\" ><div id=\"panel-8041-0-1-0\" class=\"so-panel widget widget_sow-editor panel-first-child panel-last-child\" data-index=\"1\" ><div\n\t\t\t\n\t\t\tclass=\"so-widget-sow-editor so-widget-sow-editor-base\"\n\t\t\t\n\t\t>\n<div class=\"siteorigin-widget-tinymce textwidget\">\n\t<p style=\"text-align: center;\"><strong>Dur\u00e9e moyenne :<\/strong><br \/>\n30 min<\/p>\n<\/div>\n<\/div><\/div><\/div><div id=\"pgc-8041-0-2\"  class=\"panel-grid-cell\" ><div id=\"panel-8041-0-2-0\" class=\"so-panel widget widget_sow-editor panel-first-child panel-last-child\" data-index=\"2\" ><div\n\t\t\t\n\t\t\tclass=\"so-widget-sow-editor so-widget-sow-editor-base\"\n\t\t\t\n\t\t>\n<div class=\"siteorigin-widget-tinymce textwidget\">\n\t<p style=\"text-align: center;\"><strong>Age :<\/strong><br \/>\n14 ans et plus<\/p>\n<\/div>\n<\/div><\/div><\/div><\/div><div id=\"pg-8041-1\"  class=\"panel-grid panel-no-style\" ><div id=\"pgc-8041-1-0\"  class=\"panel-grid-cell\" ><div id=\"panel-8041-1-0-0\" class=\"so-panel widget widget_sow-editor panel-first-child panel-last-child\" data-index=\"3\" ><div\n\t\t\t\n\t\t\tclass=\"so-widget-sow-editor so-widget-sow-editor-base\"\n\t\t\t\n\t\t>\n<div class=\"siteorigin-widget-tinymce textwidget\">\n\t<p style=\"text-align: center;\"><strong>Auteur(s) :<br \/>\n<\/strong>Federico Tini<br \/>\nAlessandro Veracchi<\/p>\n<\/div>\n<\/div><\/div><\/div><div id=\"pgc-8041-1-1\"  class=\"panel-grid-cell\" ><div id=\"panel-8041-1-1-0\" class=\"so-panel widget widget_sow-editor panel-first-child panel-last-child\" data-index=\"4\" ><div\n\t\t\t\n\t\t\tclass=\"so-widget-sow-editor so-widget-sow-editor-base\"\n\t\t\t\n\t\t>\n<div class=\"siteorigin-widget-tinymce textwidget\">\n\t<p style=\"text-align: center;\"><strong>Illustrations :<\/strong><br \/>\nTravis Anderson<br \/>\nValentina Biagiotti<br \/>\nEleonora Teloni<br \/>\n...<\/p>\n<\/div>\n<\/div><\/div><\/div><div id=\"pgc-8041-1-2\"  class=\"panel-grid-cell\" ><div id=\"panel-8041-1-2-0\" class=\"so-panel widget widget_sow-editor panel-first-child panel-last-child\" data-index=\"5\" ><div\n\t\t\t\n\t\t\tclass=\"so-widget-sow-editor so-widget-sow-editor-base\"\n\t\t\t\n\t\t>\n<div class=\"siteorigin-widget-tinymce textwidget\">\n\t<p style=\"text-align: center;\"><strong>\u00c9dition :<\/strong><br \/>\nL\u00e9gion Distribution<br \/>\n2019<\/p>\n<\/div>\n<\/div><\/div><\/div><div id=\"pgc-8041-1-3\"  class=\"panel-grid-cell\" ><div id=\"panel-8041-1-3-0\" class=\"so-panel widget widget_sow-editor panel-first-child panel-last-child\" data-index=\"6\" ><div\n\t\t\t\n\t\t\tclass=\"so-widget-sow-editor so-widget-sow-editor-base\"\n\t\t\t\n\t\t>\n<div class=\"siteorigin-widget-tinymce textwidget\">\n\t<p style=\"text-align: center;\"><strong>Version :<\/strong><br \/>\nFran\u00e7aise<\/p>\n<\/div>\n<\/div><\/div><\/div><\/div><div id=\"pg-8041-2\"  class=\"panel-grid panel-no-style\" ><div id=\"pgc-8041-2-0\"  class=\"panel-grid-cell\" ><div id=\"panel-8041-2-0-0\" class=\"so-panel widget widget_sow-editor panel-first-child panel-last-child\" data-index=\"7\" ><div\n\t\t\t\n\t\t\tclass=\"so-widget-sow-editor so-widget-sow-editor-base\"\n\t\t\t\n\t\t>\n<div class=\"siteorigin-widget-tinymce textwidget\">\n\t<hr \/>\n<p>Lorsque la possibilit\u00e9 de contr\u00f4ler Volfyirion, le terrifiant dragon habitant les ruines de Kyradar, devint r\u00e9elle, la rivalit\u00e9 tacite entre la Maison Volarees et la Maison Rorius d\u00e9g\u00e9n\u00e9ra en guerre. L'envie de dominer la puissante b\u00eate r\u00e9sulta en un conflit entre les deux forces, pr\u00eates \u00e0 employer tous les moyens disponibles.<br \/>\nD\u00e9sormais les combats font rage, les cit\u00e9s sont assi\u00e9g\u00e9es, les troupes se d\u00e9ploient sur les remparts, des \u00e9claireurs s'aventurent dans les ruines de Kyradar, les civils r\u00e9parent les d\u00e9g\u00e2ts et les \u00e9rudits sont \u00e0 la recherche de savoir interdits. Mais la guerre est loin d'\u00eatre termin\u00e9e, car aucune des Maisons ne se rendra tant qu'elle contr\u00f4lera au moins une cit\u00e9.<\/p>\n<\/div>\n<\/div><\/div><\/div><\/div><div id=\"pg-8041-3\"  class=\"panel-grid panel-no-style\" ><div id=\"pgc-8041-3-0\"  class=\"panel-grid-cell\" ><div id=\"panel-8041-3-0-0\" class=\"so-panel widget widget_sow-editor panel-first-child panel-last-child\" data-index=\"8\" ><div\n\t\t\t\n\t\t\tclass=\"so-widget-sow-editor so-widget-sow-editor-base\"\n\t\t\t\n\t\t>\n<div class=\"siteorigin-widget-tinymce textwidget\">\n\t<hr \/>\n<p style=\"text-align: center;\"><strong>En vid\u00e9o<\/strong><\/p>\n<\/div>\n<\/div><\/div><\/div><\/div><div id=\"pg-8041-4\"  class=\"panel-grid panel-no-style\" ><div id=\"pgc-8041-4-0\"  class=\"panel-grid-cell\" ><div id=\"panel-8041-4-0-0\" class=\"so-panel widget widget_sow-editor panel-first-child panel-last-child\" data-index=\"9\" ><div\n\t\t\t\n\t\t\tclass=\"so-widget-sow-editor so-widget-sow-editor-base\"\n\t\t\t\n\t\t>\n<div class=\"siteorigin-widget-tinymce textwidget\">\n\t<hr \/>\n<p style=\"text-align: center;\"><strong>Pour aller plus loin<\/strong><\/p>\n<\/div>\n<\/div><\/div><\/div><\/div><\/div>","protected":false},"excerpt":{"rendered":"<p>Nombre de joueurs : 1 &#8211; 2 Dur\u00e9e moyenne : 30 min Age : 14 ans et plus Auteur(s) : Federico Tini Alessandro Veracchi Illustrations : Travis Anderson Valentina Biagiotti Eleonora Teloni &#8230; \u00c9dition : L\u00e9gion Distribution 2019 Version : Fran\u00e7aise<\/p>\n","protected":false},"author":2,"featured_media":7992,"parent":0,"menu_order":0,"comment_status":"closed","ping_status":"closed","template":"","meta":{"footnotes":""},"class_list":["post-8041","page","type-page","status-publish","has-post-thumbnail","hentry"],"acf":[],"rttpg_featured_image_url":{"full":["https:\/\/meeplendice.net\/wp-content\/uploads\/2021\/03\/Volfyrion.png",350,350,false],"landscape":["https:\/\/meeplendice.net\/wp-content\/uploads\/2021\/03\/Volfyrion.png",350,350,false],"portraits":["https:\/\/meeplendice.net\/wp-content\/uploads\/2021\/03\/Volfyrion.png",350,350,false],"thumbnail":["https:\/\/meeplendice.net\/wp-content\/uploads\/2021\/03\/Volfyrion-150x150.png",150,150,true],"medium":["https:\/\/meeplendice.net\/wp-content\/uploads\/2021\/03\/Volfyrion-300x300.png",300,300,true],"large":["https:\/\/meeplendice.net\/wp-content\/uploads\/2021\/03\/Volfyrion.png",350,350,false],"ug_big":["https:\/\/meeplendice.net\/wp-content\/uploads\/2021\/03\/Volfyrion.png",350,350,false],"1536x1536":["https:\/\/meeplendice.net\/wp-content\/uploads\/2021\/03\/Volfyrion.png",350,350,false],"2048x2048":["https:\/\/meeplendice.net\/wp-content\/uploads\/2021\/03\/Volfyrion.png",350,350,false],"ashe-slider-grid-thumbnail":["https:\/\/meeplendice.net\/wp-content\/uploads\/2021\/03\/Volfyrion.png",350,350,false],"ashe-full-thumbnail":["https:\/\/meeplendice.net\/wp-content\/uploads\/2021\/03\/Volfyrion.png",350,350,false],"ashe-grid-thumbnail":["https:\/\/meeplendice.net\/wp-content\/uploads\/2021\/03\/Volfyrion-350x330.png",350,330,true],"ashe-list-thumbnail":["https:\/\/meeplendice.net\/wp-content\/uploads\/2021\/03\/Volfyrion-300x300.png",300,300,true],"ashe-single-navigation":["https:\/\/meeplendice.net\/wp-content\/uploads\/2021\/03\/Volfyrion-75x75.png",75,75,true],"mailpoet_newsletter_max":["https:\/\/meeplendice.net\/wp-content\/uploads\/2021\/03\/Volfyrion.png",350,350,false],"rpwe-thumbnail":["https:\/\/meeplendice.net\/wp-content\/uploads\/2021\/03\/Volfyrion-45x45.png",45,45,true],"sow-carousel-default":["https:\/\/meeplendice.net\/wp-content\/uploads\/2021\/03\/Volfyrion-272x182.png",272,182,true],"rt_custom":["https:\/\/meeplendice.net\/wp-content\/uploads\/2021\/03\/Volfyrion.png",350,350,false]},"rttpg_author":{"display_name":"Karnby","author_link":"https:\/\/meeplendice.net\/?author=2"},"rttpg_comment":0,"rttpg_category":null,"rttpg_excerpt":"Nombre de joueurs : 1 - 2 Dur\u00e9e moyenne : 30 min Age : 14 ans et plus Auteur(s) : Federico Tini Alessandro Veracchi Illustrations : Travis Anderson Valentina Biagiotti Eleonora Teloni ... \u00c9dition : L\u00e9gion Distribution 2019 Version : Fran\u00e7aise","_links":{"self":[{"href":"https:\/\/meeplendice.net\/index.php?rest_route=\/wp\/v2\/pages\/8041","targetHints":{"allow":["GET"]}}],"collection":[{"href":"https:\/\/meeplendice.net\/index.php?rest_route=\/wp\/v2\/pages"}],"about":[{"href":"https:\/\/meeplendice.net\/index.php?rest_route=\/wp\/v2\/types\/page"}],"author":[{"embeddable":true,"href":"https:\/\/meeplendice.net\/index.php?rest_route=\/wp\/v2\/users\/2"}],"replies":[{"embeddable":true,"href":"https:\/\/meeplendice.net\/index.php?rest_route=%2Fwp%2Fv2%2Fcomments&post=8041"}],"version-history":[{"count":3,"href":"https:\/\/meeplendice.net\/index.php?rest_route=\/wp\/v2\/pages\/8041\/revisions"}],"predecessor-version":[{"id":8045,"href":"https:\/\/meeplendice.net\/index.php?rest_route=\/wp\/v2\/pages\/8041\/revisions\/8045"}],"wp:featuredmedia":[{"embeddable":true,"href":"https:\/\/meeplendice.net\/index.php?rest_route=\/wp\/v2\/media\/7992"}],"wp:attachment":[{"href":"https:\/\/meeplendice.net\/index.php?rest_route=%2Fwp%2Fv2%2Fmedia&parent=8041"}],"curies":[{"name":"wp","href":"https:\/\/api.w.org\/{rel}","templated":true}]}}