{"id":8046,"date":"2021-03-04T18:25:42","date_gmt":"2021-03-04T17:25:42","guid":{"rendered":"http:\/\/meeplendice.net\/?page_id=8046"},"modified":"2021-03-04T18:32:45","modified_gmt":"2021-03-04T17:32:45","slug":"tortuga-2199","status":"publish","type":"page","link":"https:\/\/meeplendice.net\/?page_id=8046","title":{"rendered":"Tortuga 2199"},"content":{"rendered":"<div id=\"pl-8046\"  class=\"panel-layout\" ><div id=\"pg-8046-0\"  class=\"panel-grid panel-no-style\" ><div id=\"pgc-8046-0-0\"  class=\"panel-grid-cell\" ><div id=\"panel-8046-0-0-0\" class=\"so-panel widget widget_sow-editor panel-first-child panel-last-child\" data-index=\"0\" ><div\n\t\t\t\n\t\t\tclass=\"so-widget-sow-editor so-widget-sow-editor-base\"\n\t\t\t\n\t\t>\n<div class=\"siteorigin-widget-tinymce textwidget\">\n\t<p><strong>Nombre de joueurs :<\/strong><br \/>\n2 - 4 (5 avec extension)<\/p>\n<\/div>\n<\/div><\/div><\/div><div id=\"pgc-8046-0-1\"  class=\"panel-grid-cell\" ><div id=\"panel-8046-0-1-0\" class=\"so-panel widget widget_sow-editor panel-first-child panel-last-child\" data-index=\"1\" ><div\n\t\t\t\n\t\t\tclass=\"so-widget-sow-editor so-widget-sow-editor-base\"\n\t\t\t\n\t\t>\n<div class=\"siteorigin-widget-tinymce textwidget\">\n\t<p style=\"text-align: center;\"><strong>Dur\u00e9e moyenne :<\/strong><br \/>\n90 min<\/p>\n<\/div>\n<\/div><\/div><\/div><div id=\"pgc-8046-0-2\"  class=\"panel-grid-cell\" ><div id=\"panel-8046-0-2-0\" class=\"so-panel widget widget_sow-editor panel-first-child panel-last-child\" data-index=\"2\" ><div\n\t\t\t\n\t\t\tclass=\"so-widget-sow-editor so-widget-sow-editor-base\"\n\t\t\t\n\t\t>\n<div class=\"siteorigin-widget-tinymce textwidget\">\n\t<p style=\"text-align: center;\"><strong>Age :<\/strong><br \/>\n14 ans et plus<\/p>\n<\/div>\n<\/div><\/div><\/div><\/div><div id=\"pg-8046-1\"  class=\"panel-grid panel-no-style\" ><div id=\"pgc-8046-1-0\"  class=\"panel-grid-cell\" ><div id=\"panel-8046-1-0-0\" class=\"so-panel widget widget_sow-editor panel-first-child panel-last-child\" data-index=\"3\" ><div\n\t\t\t\n\t\t\tclass=\"so-widget-sow-editor so-widget-sow-editor-base\"\n\t\t\t\n\t\t>\n<div class=\"siteorigin-widget-tinymce textwidget\">\n\t<p style=\"text-align: center;\"><strong>Auteur(s) :<br \/>\n<\/strong>Michael Loyko<br \/>\nDenis Plastinin<\/p>\n<\/div>\n<\/div><\/div><\/div><div id=\"pgc-8046-1-1\"  class=\"panel-grid-cell\" ><div id=\"panel-8046-1-1-0\" class=\"so-panel widget widget_sow-editor panel-first-child panel-last-child\" data-index=\"4\" ><div\n\t\t\t\n\t\t\tclass=\"so-widget-sow-editor so-widget-sow-editor-base\"\n\t\t\t\n\t\t>\n<div class=\"siteorigin-widget-tinymce textwidget\">\n\t<p style=\"text-align: center;\"><strong>Illustrations :<\/strong><br \/>\nAndrei Mironov<\/p>\n<\/div>\n<\/div><\/div><\/div><div id=\"pgc-8046-1-2\"  class=\"panel-grid-cell\" ><div id=\"panel-8046-1-2-0\" class=\"so-panel widget widget_sow-editor panel-first-child panel-last-child\" data-index=\"5\" ><div\n\t\t\t\n\t\t\tclass=\"so-widget-sow-editor so-widget-sow-editor-base\"\n\t\t\t\n\t\t>\n<div class=\"siteorigin-widget-tinymce textwidget\">\n\t<p style=\"text-align: center;\"><strong>\u00c9dition :<\/strong><br \/>\nOrigames<br \/>\n2021<\/p>\n<\/div>\n<\/div><\/div><\/div><div id=\"pgc-8046-1-3\"  class=\"panel-grid-cell\" ><div id=\"panel-8046-1-3-0\" class=\"so-panel widget widget_sow-editor panel-first-child panel-last-child\" data-index=\"6\" ><div\n\t\t\t\n\t\t\tclass=\"so-widget-sow-editor so-widget-sow-editor-base\"\n\t\t\t\n\t\t>\n<div class=\"siteorigin-widget-tinymce textwidget\">\n\t<p style=\"text-align: center;\"><strong>Version :<\/strong><br \/>\nFran\u00e7aise<\/p>\n<\/div>\n<\/div><\/div><\/div><\/div><div id=\"pg-8046-2\"  class=\"panel-grid panel-no-style\" ><div id=\"pgc-8046-2-0\"  class=\"panel-grid-cell\" ><div id=\"panel-8046-2-0-0\" class=\"so-panel widget widget_sow-editor panel-first-child panel-last-child\" data-index=\"7\" ><div\n\t\t\t\n\t\t\tclass=\"so-widget-sow-editor so-widget-sow-editor-base\"\n\t\t\t\n\t\t>\n<div class=\"siteorigin-widget-tinymce textwidget\">\n\t<hr \/>\n<p><em>Archives plan\u00e9taires \u2026 Tortuga \u2014 ancienne colonie mini\u00e8re de la Conf\u00e9d\u00e9ration Interstellaire.<br \/>\nSe d\u00e9marque par sa faune agressive et son environnement hostile. La plan\u00e8te est situ\u00e9e au sein de la zone neutre du secteur Om\u00e9ga.<br \/>\nOn y extrait une ressource importante appel\u00e9e l\u2019H\u00e9lium-3. Depuis la r\u00e9bellion des mineurs, la plan\u00e8te est pass\u00e9e sous le contr\u00f4le d\u2019insurg\u00e9s et de clans de mineurs d\u00e9sunis. Des vaisseaux non homologu\u00e9s de contrebandiers et d\u2019entreprises militaires priv\u00e9es ont aussi \u00e9t\u00e9 d\u00e9tect\u00e9s.<br \/>\nIl est fortement conseill\u00e9 aux vaisseaux de la Conf\u00e9d\u00e9ration de ne pas s\u2019y rendre.<\/em><\/p>\n<p>Dans \u00ab Tortuga 2199 \u00bb, vous incarnez un capitaine d\u2019un vaisseau pirate. Votre objectif est de devenir le capitaine le plus puissant afin d\u2019unir sous votre banni\u00e8re tous les secteurs et tous les clans de Tortuga.<br \/>\nAm\u00e9liorez votre vaisseau et engagez de nouveaux membres d\u2019\u00e9quipage.<br \/>\nExplorez et conqu\u00e9rez les diff\u00e9rents secteurs de la plan\u00e8te.<br \/>\nAffrontez des cr\u00e9atures de l\u2019espace et abordez les vaisseaux des autres capitaines.<br \/>\nToutes ces actions augmentent votre influence et vous aident \u00e0 atteindre votre objectif !<br \/>\nBonne chance, capitaine ! Que les vents de l\u2019espace vous soient favorables !<\/p>\n<\/div>\n<\/div><\/div><\/div><\/div><div id=\"pg-8046-3\"  class=\"panel-grid panel-no-style\" ><div id=\"pgc-8046-3-0\"  class=\"panel-grid-cell\" ><div id=\"panel-8046-3-0-0\" class=\"so-panel widget widget_sow-editor panel-first-child panel-last-child\" data-index=\"8\" ><div\n\t\t\t\n\t\t\tclass=\"so-widget-sow-editor so-widget-sow-editor-base\"\n\t\t\t\n\t\t>\n<div class=\"siteorigin-widget-tinymce textwidget\">\n\t<hr \/>\n<p style=\"text-align: center;\"><strong>En vid\u00e9o<\/strong><\/p>\n<\/div>\n<\/div><\/div><\/div><div id=\"pgc-8046-3-1\"  class=\"panel-grid-cell\" ><div id=\"panel-8046-3-1-0\" class=\"so-panel widget widget_sow-editor panel-first-child panel-last-child\" data-index=\"9\" ><div\n\t\t\t\n\t\t\tclass=\"so-widget-sow-editor so-widget-sow-editor-base\"\n\t\t\t\n\t\t>\n<div class=\"siteorigin-widget-tinymce textwidget\">\n\t<hr \/>\n<p style=\"text-align: center;\"><strong>Extension(s)<\/strong><\/p>\n<style type='text\/css' media='all'>#rt-tpg-container-3257142435 .read-more a{border-radius:px;}#rt-tpg-container-3257142435 .rt-img-holder img.rt-img-responsive,#rt-tpg-container-3257142435 .rt-img-holder,\n\t\t\t\t\t#rt-tpg-container-3257142435 .rt-post-overlay .post-img,\n\t\t\t\t\t#rt-tpg-container-3257142435 .post-sm .post-img,\n\t\t\t\t\t#rt-tpg-container-3257142435 .rt-post-grid .post-img,\n\t\t\t\t\t#rt-tpg-container-3257142435 .post-img img {border-radius:px;}#rt-tpg-container-3257142435 .layout9 .rt-holder h2.entry-title,\n\t\t\t\t\t#rt-tpg-container-3257142435 .layout9 .rt-holder h3.entry-title,\n\t\t\t\t\t#rt-tpg-container-3257142435 .layout9 .rt-holder h4.entry-title,\n\t\t\t\t\t#rt-tpg-container-3257142435 .layout9 .rt-holder h2.entry-title a,\n\t\t\t\t\t#rt-tpg-container-3257142435 .layout9 .rt-holder h3.entry-title a,\n\t\t\t\t\t#rt-tpg-container-3257142435 .layout9 .rt-holder h4.entry-title a,\n\t\t\t\t\t#rt-tpg-container-3257142435 .rt-holder .rt-woo-info h2 a,\n\t\t\t\t\t#rt-tpg-container-3257142435 .rt-holder .rt-woo-info h3 a,\n\t\t\t\t\t#rt-tpg-container-3257142435 .rt-holder .rt-woo-info h4 a,\n\t\t\t\t\t#rt-tpg-container-3257142435 .post-content .post-title,\n\t\t\t\t\t#rt-tpg-container-3257142435 .rt-post-grid .post-title,\n\t\t\t\t\t#rt-tpg-container-3257142435 .rt-post-grid .post-title a,\n\t\t\t\t\t#rt-tpg-container-3257142435 .post-content .post-title a,\n\t\t\t\t\t#rt-tpg-container-3257142435 .rt-holder .rt-woo-info h2,\n\t\t\t\t\t#rt-tpg-container-3257142435 .rt-holder .rt-woo-info h3,\n\t\t\t\t\t#rt-tpg-container-3257142435 .rt-holder .rt-woo-info h4{font-size:16px;line-height:26px;font-weight:normal;text-align:center;}#rt-tpg-container-3257142435 .post-grid-lg-style-1 .post-title,\n\t\t\t\t\t\t#rt-tpg-container-3257142435 .post-grid-lg-style-1 .post-title a,\n\t\t\t\t\t\t#rt-tpg-container-3257142435 .big-layout .post-title,\n\t\t\t\t\t\t#rt-tpg-container-3257142435 .big-layout .post-title a,\n\t\t\t\t\t\t#rt-tpg-container-3257142435 .post-grid-lg-style-1 .post-title,\n\t\t\t\t\t\t#rt-tpg-container-3257142435 .post-grid-lg-style-1 .post-title a {font-size:24px;line-height:34px;}<\/style><div class='rt-container-fluid rt-tpg-container tpg-shortcode-main-wrapper ' id='rt-tpg-container-3257142435'   data-layout='layout9' data-grid-style='even' data-desktop-col='3'  data-tab-col='2'  data-mobile-col='1' data-sc-id='8052'><div data-title='Loading ...' class='rt-row rt-content-loader   layout9 tpg-even '><div class=\"rt-col-md-4 rt-col-sm-6 rt-col-xs-12 even-grid-item rt-grid-item img_zoom_in\" data-id=\"8049\"><div class=\"rt-holder\"><div class='overlay'><a data-id='8049' class=' tpg-single-popup' href='https:\/\/meeplendice.net\/?page_id=8049'><img loading=\"lazy\" decoding=\"async\" width=\"350\" height=\"350\" src=\"https:\/\/meeplendice.net\/wp-content\/uploads\/2021\/03\/Tortuga_La_baie.png\" class=\"rt-img-responsive \" alt=\"\" \/><\/a><\/div><div class='post-info'><h2 class=\"entry-title\"><a data-id=\"8049\" class=\" tpg-single-popup\" href=\"https:\/\/meeplendice.net\/?page_id=8049\">La Baie des Naufrageurs<\/a><\/h2><div class='post-meta-user '><\/div><\/div><\/div><\/div><\/div><div class='rt-pagination-wrap' data-total-pages='1' data-posts-per-page='3' data-type='pagination_ajax'  ><div class='rt-page-numbers'><\/div><\/div><\/div>\n<\/div>\n<\/div><\/div><\/div><\/div><div id=\"pg-8046-4\"  class=\"panel-grid panel-no-style\" ><div id=\"pgc-8046-4-0\"  class=\"panel-grid-cell\" ><div id=\"panel-8046-4-0-0\" class=\"so-panel widget widget_sow-editor panel-first-child panel-last-child\" data-index=\"10\" ><div\n\t\t\t\n\t\t\tclass=\"so-widget-sow-editor so-widget-sow-editor-base\"\n\t\t\t\n\t\t>\n<div class=\"siteorigin-widget-tinymce textwidget\">\n\t<hr \/>\n<p style=\"text-align: center;\"><strong>Pour aller plus loin<\/strong><\/p>\n<\/div>\n<\/div><\/div><\/div><\/div><\/div>","protected":false},"excerpt":{"rendered":"<p>Nombre de joueurs : 2 &#8211; 4 (5 avec extension) Dur\u00e9e moyenne : 90 min Age : 14 ans et plus Auteur(s) : Michael Loyko Denis Plastinin Illustrations : Andrei Mironov \u00c9dition : Origames 2021 Version : Fran\u00e7aise<\/p>\n","protected":false},"author":2,"featured_media":7983,"parent":0,"menu_order":0,"comment_status":"closed","ping_status":"closed","template":"","meta":{"footnotes":""},"class_list":["post-8046","page","type-page","status-publish","has-post-thumbnail","hentry"],"acf":[],"rttpg_featured_image_url":{"full":["https:\/\/meeplendice.net\/wp-content\/uploads\/2021\/03\/Tortuga2199.png",350,350,false],"landscape":["https:\/\/meeplendice.net\/wp-content\/uploads\/2021\/03\/Tortuga2199.png",350,350,false],"portraits":["https:\/\/meeplendice.net\/wp-content\/uploads\/2021\/03\/Tortuga2199.png",350,350,false],"thumbnail":["https:\/\/meeplendice.net\/wp-content\/uploads\/2021\/03\/Tortuga2199-150x150.png",150,150,true],"medium":["https:\/\/meeplendice.net\/wp-content\/uploads\/2021\/03\/Tortuga2199-300x300.png",300,300,true],"large":["https:\/\/meeplendice.net\/wp-content\/uploads\/2021\/03\/Tortuga2199.png",350,350,false],"ug_big":["https:\/\/meeplendice.net\/wp-content\/uploads\/2021\/03\/Tortuga2199.png",350,350,false],"1536x1536":["https:\/\/meeplendice.net\/wp-content\/uploads\/2021\/03\/Tortuga2199.png",350,350,false],"2048x2048":["https:\/\/meeplendice.net\/wp-content\/uploads\/2021\/03\/Tortuga2199.png",350,350,false],"ashe-slider-grid-thumbnail":["https:\/\/meeplendice.net\/wp-content\/uploads\/2021\/03\/Tortuga2199.png",350,350,false],"ashe-full-thumbnail":["https:\/\/meeplendice.net\/wp-content\/uploads\/2021\/03\/Tortuga2199.png",350,350,false],"ashe-grid-thumbnail":["https:\/\/meeplendice.net\/wp-content\/uploads\/2021\/03\/Tortuga2199-350x330.png",350,330,true],"ashe-list-thumbnail":["https:\/\/meeplendice.net\/wp-content\/uploads\/2021\/03\/Tortuga2199-300x300.png",300,300,true],"ashe-single-navigation":["https:\/\/meeplendice.net\/wp-content\/uploads\/2021\/03\/Tortuga2199-75x75.png",75,75,true],"mailpoet_newsletter_max":["https:\/\/meeplendice.net\/wp-content\/uploads\/2021\/03\/Tortuga2199.png",350,350,false],"rpwe-thumbnail":["https:\/\/meeplendice.net\/wp-content\/uploads\/2021\/03\/Tortuga2199-45x45.png",45,45,true],"sow-carousel-default":["https:\/\/meeplendice.net\/wp-content\/uploads\/2021\/03\/Tortuga2199-272x182.png",272,182,true],"rt_custom":["https:\/\/meeplendice.net\/wp-content\/uploads\/2021\/03\/Tortuga2199.png",350,350,false]},"rttpg_author":{"display_name":"Karnby","author_link":"https:\/\/meeplendice.net\/?author=2"},"rttpg_comment":0,"rttpg_category":null,"rttpg_excerpt":"Nombre de joueurs : 2 - 4 (5 avec extension) Dur\u00e9e moyenne : 90 min Age : 14 ans et plus Auteur(s) : Michael Loyko Denis Plastinin Illustrations : Andrei Mironov \u00c9dition : Origames 2021 Version : Fran\u00e7aise","_links":{"self":[{"href":"https:\/\/meeplendice.net\/index.php?rest_route=\/wp\/v2\/pages\/8046","targetHints":{"allow":["GET"]}}],"collection":[{"href":"https:\/\/meeplendice.net\/index.php?rest_route=\/wp\/v2\/pages"}],"about":[{"href":"https:\/\/meeplendice.net\/index.php?rest_route=\/wp\/v2\/types\/page"}],"author":[{"embeddable":true,"href":"https:\/\/meeplendice.net\/index.php?rest_route=\/wp\/v2\/users\/2"}],"replies":[{"embeddable":true,"href":"https:\/\/meeplendice.net\/index.php?rest_route=%2Fwp%2Fv2%2Fcomments&post=8046"}],"version-history":[{"count":5,"href":"https:\/\/meeplendice.net\/index.php?rest_route=\/wp\/v2\/pages\/8046\/revisions"}],"predecessor-version":[{"id":8055,"href":"https:\/\/meeplendice.net\/index.php?rest_route=\/wp\/v2\/pages\/8046\/revisions\/8055"}],"wp:featuredmedia":[{"embeddable":true,"href":"https:\/\/meeplendice.net\/index.php?rest_route=\/wp\/v2\/media\/7983"}],"wp:attachment":[{"href":"https:\/\/meeplendice.net\/index.php?rest_route=%2Fwp%2Fv2%2Fmedia&parent=8046"}],"curies":[{"name":"wp","href":"https:\/\/api.w.org\/{rel}","templated":true}]}}