{"id":8049,"date":"2021-03-04T18:29:53","date_gmt":"2021-03-04T17:29:53","guid":{"rendered":"http:\/\/meeplendice.net\/?page_id=8049"},"modified":"2021-03-04T18:29:53","modified_gmt":"2021-03-04T17:29:53","slug":"la-baie-des-naufrageurs","status":"publish","type":"page","link":"https:\/\/meeplendice.net\/?page_id=8049","title":{"rendered":"La Baie des Naufrageurs"},"content":{"rendered":"<p><em>La plan\u00e8te Tortuga cache d\u00e9cid\u00e9ment bien des surprises. D\u00e9couvrez la Baie des naufrageurs, un secteur ind\u00e9tectable gr\u00e2ce \u00e0 son puissant brouilleur de signal, ainsi que le secteur Sentinelle, v\u00e9ritable centre de contr\u00f4le de la plan\u00e8te.<\/em><\/p>\n<p>La Baie des naufrageurs permet de placer des cartes D\u00e9faillance syst\u00e8me dans le deck de vos rivaux, tandis que le Secteur Sentinelle vous donne acc\u00e8s aux mines que vous allez laisser d\u00e9river pour tendre des pi\u00e8ges. Chaque secteur arrive avec de nouvelles cartes pour renouveler toujours plus vos strat\u00e9gies !<\/p>\n<p>Jouez jusqu\u2019\u00e0 5 joueurs, dans un style encore plus agressif, en piratant le deck de vos adversaires !<\/p>\n","protected":false},"excerpt":{"rendered":"<p>La plan\u00e8te Tortuga cache d\u00e9cid\u00e9ment bien des surprises. D\u00e9couvrez la Baie des naufrageurs, un secteur ind\u00e9tectable gr\u00e2ce \u00e0 son puissant brouilleur de signal, ainsi que le secteur Sentinelle, v\u00e9ritable centre de contr\u00f4le de la plan\u00e8te. La Baie des naufrageurs permet de placer des cartes D\u00e9faillance syst\u00e8me dans le deck de vos rivaux, tandis que le Secteur Sentinelle vous donne acc\u00e8s aux mines que vous allez laisser d\u00e9river pour tendre des pi\u00e8ges. Chaque secteur arrive avec de nouvelles cartes pour renouveler toujours plus vos strat\u00e9gies ! Jouez jusqu\u2019\u00e0 5 joueurs, dans un style encore plus agressif, en piratant le deck de vos adversaires !<\/p>\n","protected":false},"author":2,"featured_media":7996,"parent":8046,"menu_order":1,"comment_status":"closed","ping_status":"closed","template":"","meta":{"footnotes":""},"class_list":["post-8049","page","type-page","status-publish","has-post-thumbnail","hentry"],"acf":[],"rttpg_featured_image_url":{"full":["https:\/\/meeplendice.net\/wp-content\/uploads\/2021\/03\/Tortuga_La_baie.png",350,350,false],"landscape":["https:\/\/meeplendice.net\/wp-content\/uploads\/2021\/03\/Tortuga_La_baie.png",350,350,false],"portraits":["https:\/\/meeplendice.net\/wp-content\/uploads\/2021\/03\/Tortuga_La_baie.png",350,350,false],"thumbnail":["https:\/\/meeplendice.net\/wp-content\/uploads\/2021\/03\/Tortuga_La_baie-150x150.png",150,150,true],"medium":["https:\/\/meeplendice.net\/wp-content\/uploads\/2021\/03\/Tortuga_La_baie-300x300.png",300,300,true],"large":["https:\/\/meeplendice.net\/wp-content\/uploads\/2021\/03\/Tortuga_La_baie.png",350,350,false],"ug_big":["https:\/\/meeplendice.net\/wp-content\/uploads\/2021\/03\/Tortuga_La_baie.png",350,350,false],"1536x1536":["https:\/\/meeplendice.net\/wp-content\/uploads\/2021\/03\/Tortuga_La_baie.png",350,350,false],"2048x2048":["https:\/\/meeplendice.net\/wp-content\/uploads\/2021\/03\/Tortuga_La_baie.png",350,350,false],"ashe-slider-grid-thumbnail":["https:\/\/meeplendice.net\/wp-content\/uploads\/2021\/03\/Tortuga_La_baie.png",350,350,false],"ashe-full-thumbnail":["https:\/\/meeplendice.net\/wp-content\/uploads\/2021\/03\/Tortuga_La_baie.png",350,350,false],"ashe-grid-thumbnail":["https:\/\/meeplendice.net\/wp-content\/uploads\/2021\/03\/Tortuga_La_baie-350x330.png",350,330,true],"ashe-list-thumbnail":["https:\/\/meeplendice.net\/wp-content\/uploads\/2021\/03\/Tortuga_La_baie-300x300.png",300,300,true],"ashe-single-navigation":["https:\/\/meeplendice.net\/wp-content\/uploads\/2021\/03\/Tortuga_La_baie-75x75.png",75,75,true],"mailpoet_newsletter_max":["https:\/\/meeplendice.net\/wp-content\/uploads\/2021\/03\/Tortuga_La_baie.png",350,350,false],"rpwe-thumbnail":["https:\/\/meeplendice.net\/wp-content\/uploads\/2021\/03\/Tortuga_La_baie-45x45.png",45,45,true],"sow-carousel-default":["https:\/\/meeplendice.net\/wp-content\/uploads\/2021\/03\/Tortuga_La_baie-272x182.png",272,182,true],"rt_custom":["https:\/\/meeplendice.net\/wp-content\/uploads\/2021\/03\/Tortuga_La_baie.png",350,350,false]},"rttpg_author":{"display_name":"Karnby","author_link":"https:\/\/meeplendice.net\/?author=2"},"rttpg_comment":0,"rttpg_category":null,"rttpg_excerpt":"La plan\u00e8te Tortuga cache d\u00e9cid\u00e9ment bien des surprises. D\u00e9couvrez la Baie des naufrageurs, un secteur ind\u00e9tectable gr\u00e2ce \u00e0 son puissant brouilleur de signal, ainsi que le secteur Sentinelle, v\u00e9ritable centre de contr\u00f4le de la plan\u00e8te. La Baie des naufrageurs permet de placer des cartes D\u00e9faillance syst\u00e8me dans le deck de vos rivaux, tandis que le\u2026","_links":{"self":[{"href":"https:\/\/meeplendice.net\/index.php?rest_route=\/wp\/v2\/pages\/8049","targetHints":{"allow":["GET"]}}],"collection":[{"href":"https:\/\/meeplendice.net\/index.php?rest_route=\/wp\/v2\/pages"}],"about":[{"href":"https:\/\/meeplendice.net\/index.php?rest_route=\/wp\/v2\/types\/page"}],"author":[{"embeddable":true,"href":"https:\/\/meeplendice.net\/index.php?rest_route=\/wp\/v2\/users\/2"}],"replies":[{"embeddable":true,"href":"https:\/\/meeplendice.net\/index.php?rest_route=%2Fwp%2Fv2%2Fcomments&post=8049"}],"version-history":[{"count":1,"href":"https:\/\/meeplendice.net\/index.php?rest_route=\/wp\/v2\/pages\/8049\/revisions"}],"predecessor-version":[{"id":8051,"href":"https:\/\/meeplendice.net\/index.php?rest_route=\/wp\/v2\/pages\/8049\/revisions\/8051"}],"up":[{"embeddable":true,"href":"https:\/\/meeplendice.net\/index.php?rest_route=\/wp\/v2\/pages\/8046"}],"wp:featuredmedia":[{"embeddable":true,"href":"https:\/\/meeplendice.net\/index.php?rest_route=\/wp\/v2\/media\/7996"}],"wp:attachment":[{"href":"https:\/\/meeplendice.net\/index.php?rest_route=%2Fwp%2Fv2%2Fmedia&parent=8049"}],"curies":[{"name":"wp","href":"https:\/\/api.w.org\/{rel}","templated":true}]}}