{"id":8061,"date":"2021-03-04T18:46:07","date_gmt":"2021-03-04T17:46:07","guid":{"rendered":"http:\/\/meeplendice.net\/?page_id=8061"},"modified":"2021-03-04T18:46:49","modified_gmt":"2021-03-04T17:46:49","slug":"sno","status":"publish","type":"page","link":"https:\/\/meeplendice.net\/?page_id=8061","title":{"rendered":"SN\u00d8"},"content":{"rendered":"<p><em>Le public retient son souffle alors qu&rsquo;elle brise l&rsquo;obscurit\u00e9, per\u00e7ant le silence telle la glace, faisant tourbillonner la poussi\u00e8re gel\u00e9e comme une v\u00e9ritable temp\u00eate de neige.<\/em><br \/>\n<em>Faite place \u00e0 Sn\u00d8, la Magnifique.<\/em><\/p>\n<p>Avec cette extension de The Magnificent, d\u00e9couvrez Sn\u00d8, une toute nouvelle artiste qui entre en jeu avec ses propres tuiles campement et cartes affiche.<\/p>\n<p>Vous pouvez maintenant profiter du jeu jusqu\u2019\u00e0 5 joueurs. Les cartes ma\u00eetre in\u00e9dites de cette extension proposent de nouveaux bonus et de nouvelles fa\u00e7ons de marquer des points. Les tuiles talent renouvellent quand \u00e0 elles vos mani\u00e8res de modifier vos actions.<\/p>\n<p>Le Plateau Ma\u00eetre optionnel donne aux joueurs une action sp\u00e9ciale \u00e0 chaque manche, renfon\u00e7ant ainsi la dimension strat\u00e9gique du jeu.<\/p>\n","protected":false},"excerpt":{"rendered":"<p>Le public retient son souffle alors qu&rsquo;elle brise l&rsquo;obscurit\u00e9, per\u00e7ant le silence telle la glace, faisant tourbillonner la poussi\u00e8re gel\u00e9e comme une v\u00e9ritable temp\u00eate de neige. Faite place \u00e0 Sn\u00d8, la Magnifique. Avec cette extension de The Magnificent, d\u00e9couvrez Sn\u00d8, une toute nouvelle artiste qui entre en jeu avec ses propres tuiles campement et cartes affiche. Vous pouvez maintenant profiter du jeu jusqu\u2019\u00e0 5 joueurs. Les cartes ma\u00eetre in\u00e9dites de cette extension proposent de nouveaux bonus et de nouvelles fa\u00e7ons de marquer des points. Les tuiles talent renouvellent quand \u00e0 elles vos mani\u00e8res de modifier vos actions. Le Plateau Ma\u00eetre optionnel donne aux joueurs une action sp\u00e9ciale \u00e0 chaque manche, renfon\u00e7ant ainsi la dimension strat\u00e9gique du jeu.<\/p>\n","protected":false},"author":2,"featured_media":7995,"parent":7005,"menu_order":1,"comment_status":"closed","ping_status":"closed","template":"","meta":{"footnotes":""},"class_list":["post-8061","page","type-page","status-publish","has-post-thumbnail","hentry"],"acf":[],"rttpg_featured_image_url":{"full":["https:\/\/meeplendice.net\/wp-content\/uploads\/2021\/03\/TheMagnificent_SN0.png",350,350,false],"landscape":["https:\/\/meeplendice.net\/wp-content\/uploads\/2021\/03\/TheMagnificent_SN0.png",350,350,false],"portraits":["https:\/\/meeplendice.net\/wp-content\/uploads\/2021\/03\/TheMagnificent_SN0.png",350,350,false],"thumbnail":["https:\/\/meeplendice.net\/wp-content\/uploads\/2021\/03\/TheMagnificent_SN0-150x150.png",150,150,true],"medium":["https:\/\/meeplendice.net\/wp-content\/uploads\/2021\/03\/TheMagnificent_SN0-300x300.png",300,300,true],"large":["https:\/\/meeplendice.net\/wp-content\/uploads\/2021\/03\/TheMagnificent_SN0.png",350,350,false],"ug_big":["https:\/\/meeplendice.net\/wp-content\/uploads\/2021\/03\/TheMagnificent_SN0.png",350,350,false],"1536x1536":["https:\/\/meeplendice.net\/wp-content\/uploads\/2021\/03\/TheMagnificent_SN0.png",350,350,false],"2048x2048":["https:\/\/meeplendice.net\/wp-content\/uploads\/2021\/03\/TheMagnificent_SN0.png",350,350,false],"ashe-slider-grid-thumbnail":["https:\/\/meeplendice.net\/wp-content\/uploads\/2021\/03\/TheMagnificent_SN0.png",350,350,false],"ashe-full-thumbnail":["https:\/\/meeplendice.net\/wp-content\/uploads\/2021\/03\/TheMagnificent_SN0.png",350,350,false],"ashe-grid-thumbnail":["https:\/\/meeplendice.net\/wp-content\/uploads\/2021\/03\/TheMagnificent_SN0-350x330.png",350,330,true],"ashe-list-thumbnail":["https:\/\/meeplendice.net\/wp-content\/uploads\/2021\/03\/TheMagnificent_SN0-300x300.png",300,300,true],"ashe-single-navigation":["https:\/\/meeplendice.net\/wp-content\/uploads\/2021\/03\/TheMagnificent_SN0-75x75.png",75,75,true],"mailpoet_newsletter_max":["https:\/\/meeplendice.net\/wp-content\/uploads\/2021\/03\/TheMagnificent_SN0.png",350,350,false],"rpwe-thumbnail":["https:\/\/meeplendice.net\/wp-content\/uploads\/2021\/03\/TheMagnificent_SN0-45x45.png",45,45,true],"sow-carousel-default":["https:\/\/meeplendice.net\/wp-content\/uploads\/2021\/03\/TheMagnificent_SN0-272x182.png",272,182,true],"rt_custom":["https:\/\/meeplendice.net\/wp-content\/uploads\/2021\/03\/TheMagnificent_SN0.png",350,350,false]},"rttpg_author":{"display_name":"Karnby","author_link":"https:\/\/meeplendice.net\/?author=2"},"rttpg_comment":0,"rttpg_category":null,"rttpg_excerpt":"Le public retient son souffle alors qu&rsquo;elle brise l&rsquo;obscurit\u00e9, per\u00e7ant le silence telle la glace, faisant tourbillonner la poussi\u00e8re gel\u00e9e comme une v\u00e9ritable temp\u00eate de neige. Faite place \u00e0 Sn\u00d8, la Magnifique. Avec cette extension de The Magnificent, d\u00e9couvrez Sn\u00d8, une toute nouvelle artiste qui entre en jeu avec ses propres tuiles campement et cartes\u2026","_links":{"self":[{"href":"https:\/\/meeplendice.net\/index.php?rest_route=\/wp\/v2\/pages\/8061","targetHints":{"allow":["GET"]}}],"collection":[{"href":"https:\/\/meeplendice.net\/index.php?rest_route=\/wp\/v2\/pages"}],"about":[{"href":"https:\/\/meeplendice.net\/index.php?rest_route=\/wp\/v2\/types\/page"}],"author":[{"embeddable":true,"href":"https:\/\/meeplendice.net\/index.php?rest_route=\/wp\/v2\/users\/2"}],"replies":[{"embeddable":true,"href":"https:\/\/meeplendice.net\/index.php?rest_route=%2Fwp%2Fv2%2Fcomments&post=8061"}],"version-history":[{"count":1,"href":"https:\/\/meeplendice.net\/index.php?rest_route=\/wp\/v2\/pages\/8061\/revisions"}],"predecessor-version":[{"id":8062,"href":"https:\/\/meeplendice.net\/index.php?rest_route=\/wp\/v2\/pages\/8061\/revisions\/8062"}],"up":[{"embeddable":true,"href":"https:\/\/meeplendice.net\/index.php?rest_route=\/wp\/v2\/pages\/7005"}],"wp:featuredmedia":[{"embeddable":true,"href":"https:\/\/meeplendice.net\/index.php?rest_route=\/wp\/v2\/media\/7995"}],"wp:attachment":[{"href":"https:\/\/meeplendice.net\/index.php?rest_route=%2Fwp%2Fv2%2Fmedia&parent=8061"}],"curies":[{"name":"wp","href":"https:\/\/api.w.org\/{rel}","templated":true}]}}