{"id":8066,"date":"2021-03-07T11:51:13","date_gmt":"2021-03-07T10:51:13","guid":{"rendered":"http:\/\/meeplendice.net\/?page_id=8066"},"modified":"2021-03-07T11:51:13","modified_gmt":"2021-03-07T10:51:13","slug":"la-voie-des-pandas","status":"publish","type":"page","link":"https:\/\/meeplendice.net\/?page_id=8066","title":{"rendered":"La Voie des Pandas"},"content":{"rendered":"<div id=\"pl-8066\"  class=\"panel-layout\" ><div id=\"pg-8066-0\"  class=\"panel-grid panel-no-style\" ><div id=\"pgc-8066-0-0\"  class=\"panel-grid-cell\" ><div id=\"panel-8066-0-0-0\" class=\"so-panel widget widget_sow-editor panel-first-child panel-last-child\" data-index=\"0\" ><div\n\t\t\t\n\t\t\tclass=\"so-widget-sow-editor so-widget-sow-editor-base\"\n\t\t\t\n\t\t>\n<div class=\"siteorigin-widget-tinymce textwidget\">\n\t<p style=\"text-align: center;\"><strong>Nombre de joueurs :<\/strong><br \/>\n2 - 4<\/p>\n<\/div>\n<\/div><\/div><\/div><div id=\"pgc-8066-0-1\"  class=\"panel-grid-cell\" ><div id=\"panel-8066-0-1-0\" class=\"so-panel widget widget_sow-editor panel-first-child panel-last-child\" data-index=\"1\" ><div\n\t\t\t\n\t\t\tclass=\"so-widget-sow-editor so-widget-sow-editor-base\"\n\t\t\t\n\t\t>\n<div class=\"siteorigin-widget-tinymce textwidget\">\n\t<p style=\"text-align: center;\"><strong>Dur\u00e9e moyenne :<\/strong><br \/>\n90 min<\/p>\n<\/div>\n<\/div><\/div><\/div><div id=\"pgc-8066-0-2\"  class=\"panel-grid-cell\" ><div id=\"panel-8066-0-2-0\" class=\"so-panel widget widget_sow-editor panel-first-child panel-last-child\" data-index=\"2\" ><div\n\t\t\t\n\t\t\tclass=\"so-widget-sow-editor so-widget-sow-editor-base\"\n\t\t\t\n\t\t>\n<div class=\"siteorigin-widget-tinymce textwidget\">\n\t<p style=\"text-align: center;\"><strong>Age :<\/strong><br \/>\n14 ans et plus<\/p>\n<\/div>\n<\/div><\/div><\/div><\/div><div id=\"pg-8066-1\"  class=\"panel-grid panel-no-style\" ><div id=\"pgc-8066-1-0\"  class=\"panel-grid-cell\" ><div id=\"panel-8066-1-0-0\" class=\"so-panel widget widget_sow-editor panel-first-child panel-last-child\" data-index=\"3\" ><div\n\t\t\t\n\t\t\tclass=\"so-widget-sow-editor so-widget-sow-editor-base\"\n\t\t\t\n\t\t>\n<div class=\"siteorigin-widget-tinymce textwidget\">\n\t<p style=\"text-align: center;\"><strong>Auteur(s) :<br \/>\n<\/strong>Alberto Vendramini<br \/>\nWalter Obert<br \/>\nAndrea Mainini<\/p>\n<\/div>\n<\/div><\/div><\/div><div id=\"pgc-8066-1-1\"  class=\"panel-grid-cell\" ><div id=\"panel-8066-1-1-0\" class=\"so-panel widget widget_sow-editor panel-first-child panel-last-child\" data-index=\"4\" ><div\n\t\t\t\n\t\t\tclass=\"so-widget-sow-editor so-widget-sow-editor-base\"\n\t\t\t\n\t\t>\n<div class=\"siteorigin-widget-tinymce textwidget\">\n\t<p style=\"text-align: center;\"><strong>Illustrations :<\/strong><br \/>\nDavide Corsi<br \/>\nSaeed Jalabi<br \/>\nGiovanna Guimarares<\/p>\n<\/div>\n<\/div><\/div><\/div><div id=\"pgc-8066-1-2\"  class=\"panel-grid-cell\" ><div id=\"panel-8066-1-2-0\" class=\"so-panel widget widget_sow-editor panel-first-child panel-last-child\" data-index=\"5\" ><div\n\t\t\t\n\t\t\tclass=\"so-widget-sow-editor so-widget-sow-editor-base\"\n\t\t\t\n\t\t>\n<div class=\"siteorigin-widget-tinymce textwidget\">\n\t<p style=\"text-align: center;\"><strong>\u00c9dition :<\/strong><br \/>\nPendragon Game Studio<br \/>\nEdge Entertainment<br \/>\n2018<\/p>\n<\/div>\n<\/div><\/div><\/div><div id=\"pgc-8066-1-3\"  class=\"panel-grid-cell\" ><div id=\"panel-8066-1-3-0\" class=\"so-panel widget widget_sow-editor panel-first-child panel-last-child\" data-index=\"6\" ><div\n\t\t\t\n\t\t\tclass=\"so-widget-sow-editor so-widget-sow-editor-base\"\n\t\t\t\n\t\t>\n<div class=\"siteorigin-widget-tinymce textwidget\">\n\t<p style=\"text-align: center;\"><strong>Version :<\/strong><br \/>\nFran\u00e7aise<\/p>\n<\/div>\n<\/div><\/div><\/div><\/div><div id=\"pg-8066-2\"  class=\"panel-grid panel-no-style\" ><div id=\"pgc-8066-2-0\"  class=\"panel-grid-cell\" ><div id=\"panel-8066-2-0-0\" class=\"so-panel widget widget_sow-editor panel-first-child panel-last-child\" data-index=\"7\" ><div\n\t\t\t\n\t\t\tclass=\"so-widget-sow-editor so-widget-sow-editor-base\"\n\t\t\t\n\t\t>\n<div class=\"siteorigin-widget-tinymce textwidget\">\n\t<hr \/>\n<p><em>Depuis des si\u00e8cles, les terres ancestrales des Pandas sont occup\u00e9es et pill\u00e9es par une impitoyable confr\u00e9rie de ninjas. Mais les grands clans des Pandas ont d\u00e9cid\u00e9 d'agir, et de mettre fin \u00e0 ces exactions. Lorsque ces brigands seront vaincus, le clan qui se sera le plus distingu\u00e9 par ses actions au cours des combats deviendra le gouverneur de la province et bras droit de l'Empereur !<\/em><\/p>\n<p>Dans La Voie des Pandas, vous dirigez l'un des 4 grands clans de Pandas. Vous devrez envoyer vos Champions dans les terres ravag\u00e9es, o\u00f9 ils accompliront de nobles qu\u00eates, am\u00e9lioreront leurs capacit\u00e9s et reconstruiront les villes en ruines. Vos Gardes joueront un r\u00f4le essentiel pour faciliter la t\u00e2che de vos Champions face aux dangereux Ninjas.<br \/>\nRassemblez des tuiles Force et Qu\u00eates, faites face aux brigands qui infestent les Routes et construisez des B\u00e2timents, et m\u00eame des Villes enti\u00e8res !<br \/>\nRestez attentif \u00e0 votre position sur la Piste des points d'Action, car seul le clan de Pandas le plus judicieux saura utiliser ses Gardes efficacement et ses Champions assez subtilement !<\/p>\n<\/div>\n<\/div><\/div><\/div><\/div><div id=\"pg-8066-3\"  class=\"panel-grid panel-no-style\" ><div id=\"pgc-8066-3-0\"  class=\"panel-grid-cell\" ><div id=\"panel-8066-3-0-0\" class=\"so-panel widget widget_sow-editor panel-first-child panel-last-child\" data-index=\"8\" ><div\n\t\t\t\n\t\t\tclass=\"so-widget-sow-editor so-widget-sow-editor-base\"\n\t\t\t\n\t\t>\n<div class=\"siteorigin-widget-tinymce textwidget\">\n\t<hr \/>\n<p style=\"text-align: center;\"><strong>En vid\u00e9o<\/strong><\/p>\n<\/div>\n<\/div><\/div><\/div><\/div><div id=\"pg-8066-4\"  class=\"panel-grid panel-no-style\" ><div id=\"pgc-8066-4-0\"  class=\"panel-grid-cell\" ><div id=\"panel-8066-4-0-0\" class=\"so-panel widget widget_sow-editor panel-first-child panel-last-child\" data-index=\"9\" ><div\n\t\t\t\n\t\t\tclass=\"so-widget-sow-editor so-widget-sow-editor-base\"\n\t\t\t\n\t\t>\n<div class=\"siteorigin-widget-tinymce textwidget\">\n\t<hr \/>\n<p style=\"text-align: center;\"><strong>Pour aller plus loin<\/strong><\/p>\n<\/div>\n<\/div><\/div><\/div><\/div><\/div>","protected":false},"excerpt":{"rendered":"<p>Nombre de joueurs : 2 &#8211; 4 Dur\u00e9e moyenne : 90 min Age : 14 ans et plus Auteur(s) : Alberto Vendramini Walter Obert Andrea Mainini Illustrations : Davide Corsi Saeed Jalabi Giovanna Guimarares \u00c9dition : Pendragon Game Studio Edge Entertainment 2018 Version : Fran\u00e7aise<\/p>\n","protected":false},"author":2,"featured_media":7985,"parent":0,"menu_order":0,"comment_status":"closed","ping_status":"closed","template":"","meta":{"footnotes":""},"class_list":["post-8066","page","type-page","status-publish","has-post-thumbnail","hentry"],"acf":[],"rttpg_featured_image_url":{"full":["https:\/\/meeplendice.net\/wp-content\/uploads\/2021\/03\/La_voix_des_pandas.png",350,350,false],"landscape":["https:\/\/meeplendice.net\/wp-content\/uploads\/2021\/03\/La_voix_des_pandas.png",350,350,false],"portraits":["https:\/\/meeplendice.net\/wp-content\/uploads\/2021\/03\/La_voix_des_pandas.png",350,350,false],"thumbnail":["https:\/\/meeplendice.net\/wp-content\/uploads\/2021\/03\/La_voix_des_pandas-150x150.png",150,150,true],"medium":["https:\/\/meeplendice.net\/wp-content\/uploads\/2021\/03\/La_voix_des_pandas-300x300.png",300,300,true],"large":["https:\/\/meeplendice.net\/wp-content\/uploads\/2021\/03\/La_voix_des_pandas.png",350,350,false],"ug_big":["https:\/\/meeplendice.net\/wp-content\/uploads\/2021\/03\/La_voix_des_pandas.png",350,350,false],"1536x1536":["https:\/\/meeplendice.net\/wp-content\/uploads\/2021\/03\/La_voix_des_pandas.png",350,350,false],"2048x2048":["https:\/\/meeplendice.net\/wp-content\/uploads\/2021\/03\/La_voix_des_pandas.png",350,350,false],"ashe-slider-grid-thumbnail":["https:\/\/meeplendice.net\/wp-content\/uploads\/2021\/03\/La_voix_des_pandas.png",350,350,false],"ashe-full-thumbnail":["https:\/\/meeplendice.net\/wp-content\/uploads\/2021\/03\/La_voix_des_pandas.png",350,350,false],"ashe-grid-thumbnail":["https:\/\/meeplendice.net\/wp-content\/uploads\/2021\/03\/La_voix_des_pandas-350x330.png",350,330,true],"ashe-list-thumbnail":["https:\/\/meeplendice.net\/wp-content\/uploads\/2021\/03\/La_voix_des_pandas-300x300.png",300,300,true],"ashe-single-navigation":["https:\/\/meeplendice.net\/wp-content\/uploads\/2021\/03\/La_voix_des_pandas-75x75.png",75,75,true],"mailpoet_newsletter_max":["https:\/\/meeplendice.net\/wp-content\/uploads\/2021\/03\/La_voix_des_pandas.png",350,350,false],"rpwe-thumbnail":["https:\/\/meeplendice.net\/wp-content\/uploads\/2021\/03\/La_voix_des_pandas-45x45.png",45,45,true],"sow-carousel-default":["https:\/\/meeplendice.net\/wp-content\/uploads\/2021\/03\/La_voix_des_pandas-272x182.png",272,182,true],"rt_custom":["https:\/\/meeplendice.net\/wp-content\/uploads\/2021\/03\/La_voix_des_pandas.png",350,350,false]},"rttpg_author":{"display_name":"Karnby","author_link":"https:\/\/meeplendice.net\/?author=2"},"rttpg_comment":0,"rttpg_category":null,"rttpg_excerpt":"Nombre de joueurs : 2 - 4 Dur\u00e9e moyenne : 90 min Age : 14 ans et plus Auteur(s) : Alberto Vendramini Walter Obert Andrea Mainini Illustrations : Davide Corsi Saeed Jalabi Giovanna Guimarares \u00c9dition : Pendragon Game Studio Edge Entertainment 2018 Version : Fran\u00e7aise","_links":{"self":[{"href":"https:\/\/meeplendice.net\/index.php?rest_route=\/wp\/v2\/pages\/8066","targetHints":{"allow":["GET"]}}],"collection":[{"href":"https:\/\/meeplendice.net\/index.php?rest_route=\/wp\/v2\/pages"}],"about":[{"href":"https:\/\/meeplendice.net\/index.php?rest_route=\/wp\/v2\/types\/page"}],"author":[{"embeddable":true,"href":"https:\/\/meeplendice.net\/index.php?rest_route=\/wp\/v2\/users\/2"}],"replies":[{"embeddable":true,"href":"https:\/\/meeplendice.net\/index.php?rest_route=%2Fwp%2Fv2%2Fcomments&post=8066"}],"version-history":[{"count":3,"href":"https:\/\/meeplendice.net\/index.php?rest_route=\/wp\/v2\/pages\/8066\/revisions"}],"predecessor-version":[{"id":8070,"href":"https:\/\/meeplendice.net\/index.php?rest_route=\/wp\/v2\/pages\/8066\/revisions\/8070"}],"wp:featuredmedia":[{"embeddable":true,"href":"https:\/\/meeplendice.net\/index.php?rest_route=\/wp\/v2\/media\/7985"}],"wp:attachment":[{"href":"https:\/\/meeplendice.net\/index.php?rest_route=%2Fwp%2Fv2%2Fmedia&parent=8066"}],"curies":[{"name":"wp","href":"https:\/\/api.w.org\/{rel}","templated":true}]}}