{"id":8071,"date":"2021-03-08T11:48:11","date_gmt":"2021-03-08T10:48:11","guid":{"rendered":"http:\/\/meeplendice.net\/?page_id=8071"},"modified":"2022-01-24T16:11:06","modified_gmt":"2022-01-24T15:11:06","slug":"blackout-hong-kong","status":"publish","type":"page","link":"https:\/\/meeplendice.net\/?page_id=8071","title":{"rendered":"Blackout &#8211; Hong Kong"},"content":{"rendered":"<div id=\"pl-8071\"  class=\"panel-layout\" ><div id=\"pg-8071-0\"  class=\"panel-grid panel-no-style\" ><div id=\"pgc-8071-0-0\"  class=\"panel-grid-cell\" ><div id=\"panel-8071-0-0-0\" class=\"so-panel widget widget_sow-editor panel-first-child panel-last-child\" data-index=\"0\" ><div\n\t\t\t\n\t\t\tclass=\"so-widget-sow-editor so-widget-sow-editor-base\"\n\t\t\t\n\t\t>\n<div class=\"siteorigin-widget-tinymce textwidget\">\n\t<p style=\"text-align: center;\"><strong>Nombre de joueurs :<\/strong><br \/>\n1 - 4<\/p>\n<\/div>\n<\/div><\/div><\/div><div id=\"pgc-8071-0-1\"  class=\"panel-grid-cell\" ><div id=\"panel-8071-0-1-0\" class=\"so-panel widget widget_sow-editor panel-first-child panel-last-child\" data-index=\"1\" ><div\n\t\t\t\n\t\t\tclass=\"so-widget-sow-editor so-widget-sow-editor-base\"\n\t\t\t\n\t\t>\n<div class=\"siteorigin-widget-tinymce textwidget\">\n\t<p style=\"text-align: center;\"><strong>Dur\u00e9e moyenne :<\/strong><br \/>\n150 min<\/p>\n<\/div>\n<\/div><\/div><\/div><div id=\"pgc-8071-0-2\"  class=\"panel-grid-cell\" ><div id=\"panel-8071-0-2-0\" class=\"so-panel widget widget_sow-editor panel-first-child panel-last-child\" data-index=\"2\" ><div\n\t\t\t\n\t\t\tclass=\"so-widget-sow-editor so-widget-sow-editor-base\"\n\t\t\t\n\t\t>\n<div class=\"siteorigin-widget-tinymce textwidget\">\n\t<p style=\"text-align: center;\"><strong>Age :<\/strong><br \/>\n14 ans et plus<\/p>\n<\/div>\n<\/div><\/div><\/div><\/div><div id=\"pg-8071-1\"  class=\"panel-grid panel-no-style\" ><div id=\"pgc-8071-1-0\"  class=\"panel-grid-cell\" ><div id=\"panel-8071-1-0-0\" class=\"so-panel widget widget_sow-editor panel-first-child panel-last-child\" data-index=\"3\" ><div\n\t\t\t\n\t\t\tclass=\"so-widget-sow-editor so-widget-sow-editor-base\"\n\t\t\t\n\t\t>\n<div class=\"siteorigin-widget-tinymce textwidget\">\n\t<p style=\"text-align: center;\"><strong>Auteur(s) :<br \/>\n<\/strong>Alexander Pfister<\/p>\n<\/div>\n<\/div><\/div><\/div><div id=\"pgc-8071-1-1\"  class=\"panel-grid-cell\" ><div id=\"panel-8071-1-1-0\" class=\"so-panel widget widget_sow-editor panel-first-child panel-last-child\" data-index=\"4\" ><div\n\t\t\t\n\t\t\tclass=\"so-widget-sow-editor so-widget-sow-editor-base\"\n\t\t\t\n\t\t>\n<div class=\"siteorigin-widget-tinymce textwidget\">\n\t<p style=\"text-align: center;\"><strong>Illustrations :<br \/>\n<\/strong>Chris Quilliams<\/p>\n<\/div>\n<\/div><\/div><\/div><div id=\"pgc-8071-1-2\"  class=\"panel-grid-cell\" ><div id=\"panel-8071-1-2-0\" class=\"so-panel widget widget_sow-editor panel-first-child panel-last-child\" data-index=\"5\" ><div\n\t\t\t\n\t\t\tclass=\"so-widget-sow-editor so-widget-sow-editor-base\"\n\t\t\t\n\t\t>\n<div class=\"siteorigin-widget-tinymce textwidget\">\n\t<p style=\"text-align: center;\"><strong>\u00c9dition :<\/strong><br \/>\nEggertspiele<br \/>\n2019<\/p>\n<\/div>\n<\/div><\/div><\/div><div id=\"pgc-8071-1-3\"  class=\"panel-grid-cell\" ><div id=\"panel-8071-1-3-0\" class=\"so-panel widget widget_sow-editor panel-first-child panel-last-child\" data-index=\"6\" ><div\n\t\t\t\n\t\t\tclass=\"so-widget-sow-editor so-widget-sow-editor-base\"\n\t\t\t\n\t\t>\n<div class=\"siteorigin-widget-tinymce textwidget\">\n\t<p style=\"text-align: center;\"><strong>Version :<\/strong><br \/>\nFran\u00e7aise<\/p>\n<\/div>\n<\/div><\/div><\/div><\/div><div id=\"pg-8071-2\"  class=\"panel-grid panel-no-style\" ><div id=\"pgc-8071-2-0\"  class=\"panel-grid-cell\" ><div id=\"panel-8071-2-0-0\" class=\"so-panel widget widget_sow-editor panel-first-child panel-last-child\" data-index=\"7\" ><div\n\t\t\t\n\t\t\tclass=\"so-widget-sow-editor so-widget-sow-editor-base\"\n\t\t\t\n\t\t>\n<div class=\"siteorigin-widget-tinymce textwidget\">\n\t<hr \/>\n<p><em>Imaginez la ville la plus illumin\u00e9e du monde sombrer dans les t\u00e9n\u00e8bres !<\/em><\/p>\n<p><em>Bienvenue dans Blackout - Hong Kong !<\/em><\/p>\n<p><em>La ville de Hong Kong a \u00e9t\u00e9 frapp\u00e9e par une panne d'\u00e9lectricit\u00e9 de grande envergure dont l'origine est inconnue. Alors que le gouvernement lutte afin de garder le contr\u00f4le des \u00e9v\u00e8nements, vous prenez la situation en main pour ramener un peu d'ordre dans la m\u00e9tropole ! <\/em><br \/>\n<em>La vie quotidienne \u00e0 laquelle vous \u00e9tiez habitu\u00e9s cesse peu \u00e0 peu d'exister. Les activit\u00e9s les plus banales sont devenues plus difficiles \u00e0 r\u00e9aliser par manque d'\u00e9lectricit\u00e9. Celui qui g\u00e9rera le mieux cette crise en r\u00e9tablissant l'ordre aura s\u00fbrement une position avantageuse lorsque la ville \u00e9mergera de la noirceur !<\/em><\/p>\n<p>Dans Blackout - Hong Kong !, vous \u00eates \u00e0 la t\u00eate d'une \u00e9quipe d'intervenants et de sp\u00e9cialistes qui tentent de r\u00e9partir au mieux des ressources dont la disponibilit\u00e9 est incertaine. Emp\u00eachez Hong Kong de sombrer dans le chaos et prenez l'avance sur vos adversaires.<\/p>\n<\/div>\n<\/div><\/div><\/div><\/div><div id=\"pg-8071-3\"  class=\"panel-grid panel-no-style\" ><div id=\"pgc-8071-3-0\"  class=\"panel-grid-cell\" ><div id=\"panel-8071-3-0-0\" class=\"so-panel widget widget_sow-editor panel-first-child panel-last-child\" data-index=\"8\" ><div\n\t\t\t\n\t\t\tclass=\"so-widget-sow-editor so-widget-sow-editor-base\"\n\t\t\t\n\t\t>\n<div class=\"siteorigin-widget-tinymce textwidget\">\n\t<hr \/>\n<h3 style=\"text-align: center;\">En vid\u00e9o<\/h3>\n<\/div>\n<\/div><\/div><\/div><\/div><div id=\"pg-8071-4\"  class=\"panel-grid panel-no-style\" ><div id=\"pgc-8071-4-0\"  class=\"panel-grid-cell\" ><div id=\"panel-8071-4-0-0\" class=\"so-panel widget widget_sow-editor panel-first-child panel-last-child\" data-index=\"9\" ><div\n\t\t\t\n\t\t\tclass=\"so-widget-sow-editor so-widget-sow-editor-base\"\n\t\t\t\n\t\t>\n<div class=\"siteorigin-widget-tinymce textwidget\">\n\t<hr \/>\n<h3 style=\"text-align: center;\">Pour aller plus loin<\/h3>\n<\/div>\n<\/div><\/div><\/div><\/div><\/div>","protected":false},"excerpt":{"rendered":"<p>Nombre de joueurs : 1 &#8211; 4 Dur\u00e9e moyenne : 150 min Age : 14 ans et plus Auteur(s) : Alexander Pfister Illustrations : Chris Quilliams \u00c9dition : Eggertspiele 2019 Version : Fran\u00e7aise<\/p>\n","protected":false},"author":2,"featured_media":7986,"parent":0,"menu_order":0,"comment_status":"closed","ping_status":"closed","template":"","meta":{"footnotes":""},"class_list":["post-8071","page","type-page","status-publish","has-post-thumbnail","hentry"],"acf":[],"rttpg_featured_image_url":{"full":["https:\/\/meeplendice.net\/wp-content\/uploads\/2021\/03\/Blackout_Hong_Kong.png",350,350,false],"landscape":["https:\/\/meeplendice.net\/wp-content\/uploads\/2021\/03\/Blackout_Hong_Kong.png",350,350,false],"portraits":["https:\/\/meeplendice.net\/wp-content\/uploads\/2021\/03\/Blackout_Hong_Kong.png",350,350,false],"thumbnail":["https:\/\/meeplendice.net\/wp-content\/uploads\/2021\/03\/Blackout_Hong_Kong-150x150.png",150,150,true],"medium":["https:\/\/meeplendice.net\/wp-content\/uploads\/2021\/03\/Blackout_Hong_Kong-300x300.png",300,300,true],"large":["https:\/\/meeplendice.net\/wp-content\/uploads\/2021\/03\/Blackout_Hong_Kong.png",350,350,false],"ug_big":["https:\/\/meeplendice.net\/wp-content\/uploads\/2021\/03\/Blackout_Hong_Kong.png",350,350,false],"1536x1536":["https:\/\/meeplendice.net\/wp-content\/uploads\/2021\/03\/Blackout_Hong_Kong.png",350,350,false],"2048x2048":["https:\/\/meeplendice.net\/wp-content\/uploads\/2021\/03\/Blackout_Hong_Kong.png",350,350,false],"ashe-slider-grid-thumbnail":["https:\/\/meeplendice.net\/wp-content\/uploads\/2021\/03\/Blackout_Hong_Kong.png",350,350,false],"ashe-full-thumbnail":["https:\/\/meeplendice.net\/wp-content\/uploads\/2021\/03\/Blackout_Hong_Kong.png",350,350,false],"ashe-grid-thumbnail":["https:\/\/meeplendice.net\/wp-content\/uploads\/2021\/03\/Blackout_Hong_Kong-350x330.png",350,330,true],"ashe-list-thumbnail":["https:\/\/meeplendice.net\/wp-content\/uploads\/2021\/03\/Blackout_Hong_Kong-300x300.png",300,300,true],"ashe-single-navigation":["https:\/\/meeplendice.net\/wp-content\/uploads\/2021\/03\/Blackout_Hong_Kong-75x75.png",75,75,true],"mailpoet_newsletter_max":["https:\/\/meeplendice.net\/wp-content\/uploads\/2021\/03\/Blackout_Hong_Kong.png",350,350,false],"rpwe-thumbnail":["https:\/\/meeplendice.net\/wp-content\/uploads\/2021\/03\/Blackout_Hong_Kong-45x45.png",45,45,true],"sow-carousel-default":["https:\/\/meeplendice.net\/wp-content\/uploads\/2021\/03\/Blackout_Hong_Kong-272x182.png",272,182,true],"rt_custom":["https:\/\/meeplendice.net\/wp-content\/uploads\/2021\/03\/Blackout_Hong_Kong.png",350,350,false]},"rttpg_author":{"display_name":"Karnby","author_link":"https:\/\/meeplendice.net\/?author=2"},"rttpg_comment":0,"rttpg_category":null,"rttpg_excerpt":"Nombre de joueurs : 1 - 4 Dur\u00e9e moyenne : 150 min Age : 14 ans et plus Auteur(s) : Alexander Pfister Illustrations : Chris Quilliams \u00c9dition : Eggertspiele 2019 Version : Fran\u00e7aise","_links":{"self":[{"href":"https:\/\/meeplendice.net\/index.php?rest_route=\/wp\/v2\/pages\/8071","targetHints":{"allow":["GET"]}}],"collection":[{"href":"https:\/\/meeplendice.net\/index.php?rest_route=\/wp\/v2\/pages"}],"about":[{"href":"https:\/\/meeplendice.net\/index.php?rest_route=\/wp\/v2\/types\/page"}],"author":[{"embeddable":true,"href":"https:\/\/meeplendice.net\/index.php?rest_route=\/wp\/v2\/users\/2"}],"replies":[{"embeddable":true,"href":"https:\/\/meeplendice.net\/index.php?rest_route=%2Fwp%2Fv2%2Fcomments&post=8071"}],"version-history":[{"count":4,"href":"https:\/\/meeplendice.net\/index.php?rest_route=\/wp\/v2\/pages\/8071\/revisions"}],"predecessor-version":[{"id":9523,"href":"https:\/\/meeplendice.net\/index.php?rest_route=\/wp\/v2\/pages\/8071\/revisions\/9523"}],"wp:featuredmedia":[{"embeddable":true,"href":"https:\/\/meeplendice.net\/index.php?rest_route=\/wp\/v2\/media\/7986"}],"wp:attachment":[{"href":"https:\/\/meeplendice.net\/index.php?rest_route=%2Fwp%2Fv2%2Fmedia&parent=8071"}],"curies":[{"name":"wp","href":"https:\/\/api.w.org\/{rel}","templated":true}]}}