{"id":8076,"date":"2021-03-08T12:12:35","date_gmt":"2021-03-08T11:12:35","guid":{"rendered":"http:\/\/meeplendice.net\/?page_id=8076"},"modified":"2021-04-04T19:26:02","modified_gmt":"2021-04-04T18:26:02","slug":"unicorn-fever","status":"publish","type":"page","link":"https:\/\/meeplendice.net\/?page_id=8076","title":{"rendered":"Unicorn Fever"},"content":{"rendered":"<div id=\"pl-8076\"  class=\"panel-layout\" ><div id=\"pg-8076-0\"  class=\"panel-grid panel-no-style\" ><div id=\"pgc-8076-0-0\"  class=\"panel-grid-cell\" ><div id=\"panel-8076-0-0-0\" class=\"so-panel widget widget_sow-editor panel-first-child panel-last-child\" data-index=\"0\" ><div\n\t\t\t\n\t\t\tclass=\"so-widget-sow-editor so-widget-sow-editor-base\"\n\t\t\t\n\t\t>\n<div class=\"siteorigin-widget-tinymce textwidget\">\n\t<p style=\"text-align: center;\"><strong>Nombre de joueurs :<\/strong><br \/>\n2 - 6<\/p>\n<\/div>\n<\/div><\/div><\/div><div id=\"pgc-8076-0-1\"  class=\"panel-grid-cell\" ><div id=\"panel-8076-0-1-0\" class=\"so-panel widget widget_sow-editor panel-first-child panel-last-child\" data-index=\"1\" ><div\n\t\t\t\n\t\t\tclass=\"so-widget-sow-editor so-widget-sow-editor-base\"\n\t\t\t\n\t\t>\n<div class=\"siteorigin-widget-tinymce textwidget\">\n\t<p style=\"text-align: center;\"><strong>Dur\u00e9e moyenne :<\/strong><br \/>\n45 min<\/p>\n<\/div>\n<\/div><\/div><\/div><div id=\"pgc-8076-0-2\"  class=\"panel-grid-cell\" ><div id=\"panel-8076-0-2-0\" class=\"so-panel widget widget_sow-editor panel-first-child panel-last-child\" data-index=\"2\" ><div\n\t\t\t\n\t\t\tclass=\"so-widget-sow-editor so-widget-sow-editor-base\"\n\t\t\t\n\t\t>\n<div class=\"siteorigin-widget-tinymce textwidget\">\n\t<p style=\"text-align: center;\"><strong>Age :<\/strong><br \/>\n10 ans et plus<\/p>\n<\/div>\n<\/div><\/div><\/div><\/div><div id=\"pg-8076-1\"  class=\"panel-grid panel-no-style\" ><div id=\"pgc-8076-1-0\"  class=\"panel-grid-cell\" ><div id=\"panel-8076-1-0-0\" class=\"so-panel widget widget_sow-editor panel-first-child panel-last-child\" data-index=\"3\" ><div\n\t\t\t\n\t\t\tclass=\"so-widget-sow-editor so-widget-sow-editor-base\"\n\t\t\t\n\t\t>\n<div class=\"siteorigin-widget-tinymce textwidget\">\n\t<p style=\"text-align: center;\"><strong>Auteur(s) :<br \/>\n<\/strong>Lorenzo Silva<br \/>\nLorenzo Tucci Sorrentino<\/p>\n<\/div>\n<\/div><\/div><\/div><div id=\"pgc-8076-1-1\"  class=\"panel-grid-cell\" ><div id=\"panel-8076-1-1-0\" class=\"so-panel widget widget_sow-editor panel-first-child panel-last-child\" data-index=\"4\" ><div\n\t\t\t\n\t\t\tclass=\"so-widget-sow-editor so-widget-sow-editor-base\"\n\t\t\t\n\t\t>\n<div class=\"siteorigin-widget-tinymce textwidget\">\n\t<p style=\"text-align: center;\"><strong>Illustrations :<\/strong><br \/>\nGiulia Ghigini<\/p>\n<\/div>\n<\/div><\/div><\/div><div id=\"pgc-8076-1-2\"  class=\"panel-grid-cell\" ><div id=\"panel-8076-1-2-0\" class=\"so-panel widget widget_sow-editor panel-first-child panel-last-child\" data-index=\"5\" ><div\n\t\t\t\n\t\t\tclass=\"so-widget-sow-editor so-widget-sow-editor-base\"\n\t\t\t\n\t\t>\n<div class=\"siteorigin-widget-tinymce textwidget\">\n\t<p style=\"text-align: center;\"><strong>\u00c9dition :<\/strong><br \/>\nIello<br \/>\n2020<\/p>\n<\/div>\n<\/div><\/div><\/div><div id=\"pgc-8076-1-3\"  class=\"panel-grid-cell\" ><div id=\"panel-8076-1-3-0\" class=\"so-panel widget widget_sow-editor panel-first-child panel-last-child\" data-index=\"6\" ><div\n\t\t\t\n\t\t\tclass=\"so-widget-sow-editor so-widget-sow-editor-base\"\n\t\t\t\n\t\t>\n<div class=\"siteorigin-widget-tinymce textwidget\">\n\t<p style=\"text-align: center;\"><strong>Version :<\/strong><br \/>\nFran\u00e7aise<\/p>\n<\/div>\n<\/div><\/div><\/div><\/div><div id=\"pg-8076-2\"  class=\"panel-grid panel-no-style\" ><div id=\"pgc-8076-2-0\"  class=\"panel-grid-cell\" ><div id=\"panel-8076-2-0-0\" class=\"so-panel widget widget_sow-editor panel-first-child panel-last-child\" data-index=\"7\" ><div\n\t\t\t\n\t\t\tclass=\"so-widget-sow-editor so-widget-sow-editor-base\"\n\t\t\t\n\t\t>\n<div class=\"siteorigin-widget-tinymce textwidget\">\n\t<hr \/>\n<p>Votre objectif : miser sur la bonne Licorne et tout faire pour r\u00e9ussir votre pari !<\/p>\n<p>A l'insu des \u00eatres non magiques, d\u00e9s qu'un arc-en-ciel apparait, toutes les licornes cessent imm\u00e9diatement leurs activit\u00e9s et se ruent sur ce dernier dans une course effr\u00e9n\u00e9e pour se jeter dans la marmite d'or qui repose \u00e0 son extr\u00e9mit\u00e9.<br \/>\nMais certains esprits \u00e0 la moralit\u00e9 douteuse r\u00e9alis\u00e8rent\u00a0 que les Courses de Licornes constituaient un moyen ais\u00e9 de gagner des quantit\u00e9s faramineuses d'or, au d\u00e9triment de ces \u00eatres purs et innocent...<\/p>\n<p>Vous incarnez de riches parieurs du Royaume de la Magie, d\u00e9termin\u00e9s \u00e0 miser sur la bonne Licorne pour obtenir le l'Or et de la Gloire.<br \/>\nPour y parvenir, signez des contrats avec des citoyens peu scrupuleux du Royaume de la Magie afin de vous offrir leurs service et de modifier les cotes de vos Licornes favorites. Jouez \u00e9galement des cartes Magie vous permettant d'influencer la Course, tout en \u00e9vitant de gaspiller l'Or que vous vous serez donn\u00e9 tans de mal \u00e0 gagner. Si vous vous retrouvez \u00e0 sec, vous devrez demander un pr\u00eat \u00e0 la P\u00e8gre Elfique...<\/p>\n<p>A la fin du Championnat, le joueur qui aura amass\u00e9 le plus de Gloire gagnera la partie ! (Enfin, s'il n'est pas trop endett\u00e9 aupr\u00e8s de la P\u00e8gre Elfique... )<\/p>\n<\/div>\n<\/div><\/div><\/div><\/div><div id=\"pg-8076-3\"  class=\"panel-grid panel-no-style\" ><div id=\"pgc-8076-3-0\"  class=\"panel-grid-cell\" ><div id=\"panel-8076-3-0-0\" class=\"so-panel widget widget_sow-editor panel-first-child panel-last-child\" data-index=\"8\" ><div\n\t\t\t\n\t\t\tclass=\"so-widget-sow-editor so-widget-sow-editor-base\"\n\t\t\t\n\t\t>\n<div class=\"siteorigin-widget-tinymce textwidget\">\n\t<hr \/>\n<p style=\"text-align: center;\"><strong>En vid\u00e9o<\/strong><\/p>\n<\/div>\n<\/div><\/div><\/div><\/div><div id=\"pg-8076-4\"  class=\"panel-grid panel-no-style\" ><div id=\"pgc-8076-4-0\"  class=\"panel-grid-cell\" ><div id=\"panel-8076-4-0-0\" class=\"so-panel widget widget_sow-editor panel-first-child panel-last-child\" data-index=\"9\" ><div\n\t\t\t\n\t\t\tclass=\"so-widget-sow-editor so-widget-sow-editor-base\"\n\t\t\t\n\t\t>\n<div class=\"siteorigin-widget-tinymce textwidget\">\n\t<hr \/>\n<p style=\"text-align: center;\"><strong>Pour aller plus loin<\/strong><\/p>\n<\/div>\n<\/div><\/div><\/div><\/div><\/div>","protected":false},"excerpt":{"rendered":"<p>Nombre de joueurs : 2 &#8211; 6 Dur\u00e9e moyenne : 45 min Age : 10 ans et plus Auteur(s) : Lorenzo Silva Lorenzo Tucci Sorrentino Illustrations : Giulia Ghigini \u00c9dition : Iello 2020 Version : Fran\u00e7aise<\/p>\n","protected":false},"author":2,"featured_media":7982,"parent":0,"menu_order":0,"comment_status":"closed","ping_status":"closed","template":"","meta":{"footnotes":""},"class_list":["post-8076","page","type-page","status-publish","has-post-thumbnail","hentry"],"acf":[],"rttpg_featured_image_url":{"full":["https:\/\/meeplendice.net\/wp-content\/uploads\/2021\/03\/Unicorn_Fever.png",350,350,false],"landscape":["https:\/\/meeplendice.net\/wp-content\/uploads\/2021\/03\/Unicorn_Fever.png",350,350,false],"portraits":["https:\/\/meeplendice.net\/wp-content\/uploads\/2021\/03\/Unicorn_Fever.png",350,350,false],"thumbnail":["https:\/\/meeplendice.net\/wp-content\/uploads\/2021\/03\/Unicorn_Fever-150x150.png",150,150,true],"medium":["https:\/\/meeplendice.net\/wp-content\/uploads\/2021\/03\/Unicorn_Fever-300x300.png",300,300,true],"large":["https:\/\/meeplendice.net\/wp-content\/uploads\/2021\/03\/Unicorn_Fever.png",350,350,false],"ug_big":["https:\/\/meeplendice.net\/wp-content\/uploads\/2021\/03\/Unicorn_Fever.png",350,350,false],"1536x1536":["https:\/\/meeplendice.net\/wp-content\/uploads\/2021\/03\/Unicorn_Fever.png",350,350,false],"2048x2048":["https:\/\/meeplendice.net\/wp-content\/uploads\/2021\/03\/Unicorn_Fever.png",350,350,false],"ashe-slider-grid-thumbnail":["https:\/\/meeplendice.net\/wp-content\/uploads\/2021\/03\/Unicorn_Fever.png",350,350,false],"ashe-full-thumbnail":["https:\/\/meeplendice.net\/wp-content\/uploads\/2021\/03\/Unicorn_Fever.png",350,350,false],"ashe-grid-thumbnail":["https:\/\/meeplendice.net\/wp-content\/uploads\/2021\/03\/Unicorn_Fever-350x330.png",350,330,true],"ashe-list-thumbnail":["https:\/\/meeplendice.net\/wp-content\/uploads\/2021\/03\/Unicorn_Fever-300x300.png",300,300,true],"ashe-single-navigation":["https:\/\/meeplendice.net\/wp-content\/uploads\/2021\/03\/Unicorn_Fever-75x75.png",75,75,true],"mailpoet_newsletter_max":["https:\/\/meeplendice.net\/wp-content\/uploads\/2021\/03\/Unicorn_Fever.png",350,350,false],"rpwe-thumbnail":["https:\/\/meeplendice.net\/wp-content\/uploads\/2021\/03\/Unicorn_Fever-45x45.png",45,45,true],"sow-carousel-default":["https:\/\/meeplendice.net\/wp-content\/uploads\/2021\/03\/Unicorn_Fever-272x182.png",272,182,true],"rt_custom":["https:\/\/meeplendice.net\/wp-content\/uploads\/2021\/03\/Unicorn_Fever.png",350,350,false]},"rttpg_author":{"display_name":"Karnby","author_link":"https:\/\/meeplendice.net\/?author=2"},"rttpg_comment":0,"rttpg_category":null,"rttpg_excerpt":"Nombre de joueurs : 2 - 6 Dur\u00e9e moyenne : 45 min Age : 10 ans et plus Auteur(s) : Lorenzo Silva Lorenzo Tucci Sorrentino Illustrations : Giulia Ghigini \u00c9dition : Iello 2020 Version : Fran\u00e7aise","_links":{"self":[{"href":"https:\/\/meeplendice.net\/index.php?rest_route=\/wp\/v2\/pages\/8076","targetHints":{"allow":["GET"]}}],"collection":[{"href":"https:\/\/meeplendice.net\/index.php?rest_route=\/wp\/v2\/pages"}],"about":[{"href":"https:\/\/meeplendice.net\/index.php?rest_route=\/wp\/v2\/types\/page"}],"author":[{"embeddable":true,"href":"https:\/\/meeplendice.net\/index.php?rest_route=\/wp\/v2\/users\/2"}],"replies":[{"embeddable":true,"href":"https:\/\/meeplendice.net\/index.php?rest_route=%2Fwp%2Fv2%2Fcomments&post=8076"}],"version-history":[{"count":5,"href":"https:\/\/meeplendice.net\/index.php?rest_route=\/wp\/v2\/pages\/8076\/revisions"}],"predecessor-version":[{"id":8321,"href":"https:\/\/meeplendice.net\/index.php?rest_route=\/wp\/v2\/pages\/8076\/revisions\/8321"}],"wp:featuredmedia":[{"embeddable":true,"href":"https:\/\/meeplendice.net\/index.php?rest_route=\/wp\/v2\/media\/7982"}],"wp:attachment":[{"href":"https:\/\/meeplendice.net\/index.php?rest_route=%2Fwp%2Fv2%2Fmedia&parent=8076"}],"curies":[{"name":"wp","href":"https:\/\/api.w.org\/{rel}","templated":true}]}}