{"id":8089,"date":"2021-03-08T13:31:28","date_gmt":"2021-03-08T12:31:28","guid":{"rendered":"http:\/\/meeplendice.net\/?page_id=8089"},"modified":"2021-03-08T13:32:44","modified_gmt":"2021-03-08T12:32:44","slug":"on-mars","status":"publish","type":"page","link":"https:\/\/meeplendice.net\/?page_id=8089","title":{"rendered":"On Mars"},"content":{"rendered":"<div id=\"pl-8089\"  class=\"panel-layout\" ><div id=\"pg-8089-0\"  class=\"panel-grid panel-no-style\" ><div id=\"pgc-8089-0-0\"  class=\"panel-grid-cell\" ><div id=\"panel-8089-0-0-0\" class=\"so-panel widget widget_sow-editor panel-first-child panel-last-child\" data-index=\"0\" ><div\n\t\t\t\n\t\t\tclass=\"so-widget-sow-editor so-widget-sow-editor-base\"\n\t\t\t\n\t\t>\n<div class=\"siteorigin-widget-tinymce textwidget\">\n\t<p style=\"text-align: center;\"><strong>Nombre de joueurs :<\/strong><br \/>\n1 - 4<\/p>\n<\/div>\n<\/div><\/div><\/div><div id=\"pgc-8089-0-1\"  class=\"panel-grid-cell\" ><div id=\"panel-8089-0-1-0\" class=\"so-panel widget widget_sow-editor panel-first-child panel-last-child\" data-index=\"1\" ><div\n\t\t\t\n\t\t\tclass=\"so-widget-sow-editor so-widget-sow-editor-base\"\n\t\t\t\n\t\t>\n<div class=\"siteorigin-widget-tinymce textwidget\">\n\t<p style=\"text-align: center;\"><strong>Dur\u00e9e moyenne :<\/strong><br \/>\n150 min<\/p>\n<\/div>\n<\/div><\/div><\/div><div id=\"pgc-8089-0-2\"  class=\"panel-grid-cell\" ><div id=\"panel-8089-0-2-0\" class=\"so-panel widget widget_sow-editor panel-first-child panel-last-child\" data-index=\"2\" ><div\n\t\t\t\n\t\t\tclass=\"so-widget-sow-editor so-widget-sow-editor-base\"\n\t\t\t\n\t\t>\n<div class=\"siteorigin-widget-tinymce textwidget\">\n\t<p style=\"text-align: center;\"><strong>Age :<\/strong><br \/>\n14 ans et plus<\/p>\n<\/div>\n<\/div><\/div><\/div><\/div><div id=\"pg-8089-1\"  class=\"panel-grid panel-no-style\" ><div id=\"pgc-8089-1-0\"  class=\"panel-grid-cell\" ><div id=\"panel-8089-1-0-0\" class=\"so-panel widget widget_sow-editor panel-first-child panel-last-child\" data-index=\"3\" ><div\n\t\t\t\n\t\t\tclass=\"so-widget-sow-editor so-widget-sow-editor-base\"\n\t\t\t\n\t\t>\n<div class=\"siteorigin-widget-tinymce textwidget\">\n\t<p style=\"text-align: center;\"><strong>Auteur(s) :<br \/>\n<\/strong>Vital Lacerda<\/p>\n<\/div>\n<\/div><\/div><\/div><div id=\"pgc-8089-1-1\"  class=\"panel-grid-cell\" ><div id=\"panel-8089-1-1-0\" class=\"so-panel widget widget_sow-editor panel-first-child panel-last-child\" data-index=\"4\" ><div\n\t\t\t\n\t\t\tclass=\"so-widget-sow-editor so-widget-sow-editor-base\"\n\t\t\t\n\t\t>\n<div class=\"siteorigin-widget-tinymce textwidget\">\n\t<p style=\"text-align: center;\"><strong>Illustrations :<\/strong><br \/>\nIan O'Toole<\/p>\n<\/div>\n<\/div><\/div><\/div><div id=\"pgc-8089-1-2\"  class=\"panel-grid-cell\" ><div id=\"panel-8089-1-2-0\" class=\"so-panel widget widget_sow-editor panel-first-child panel-last-child\" data-index=\"5\" ><div\n\t\t\t\n\t\t\tclass=\"so-widget-sow-editor so-widget-sow-editor-base\"\n\t\t\t\n\t\t>\n<div class=\"siteorigin-widget-tinymce textwidget\">\n\t<p style=\"text-align: center;\"><strong>\u00c9dition :<\/strong><br \/>\nEagle-Gryphon Games<br \/>\n2019<\/p>\n<\/div>\n<\/div><\/div><\/div><div id=\"pgc-8089-1-3\"  class=\"panel-grid-cell\" ><div id=\"panel-8089-1-3-0\" class=\"so-panel widget widget_sow-editor panel-first-child panel-last-child\" data-index=\"6\" ><div\n\t\t\t\n\t\t\tclass=\"so-widget-sow-editor so-widget-sow-editor-base\"\n\t\t\t\n\t\t>\n<div class=\"siteorigin-widget-tinymce textwidget\">\n\t<p style=\"text-align: center;\"><strong>Version :<\/strong><br \/>\nFran\u00e7aise<\/p>\n<\/div>\n<\/div><\/div><\/div><\/div><div id=\"pg-8089-2\"  class=\"panel-grid panel-no-style\" ><div id=\"pgc-8089-2-0\"  class=\"panel-grid-cell\" ><div id=\"panel-8089-2-0-0\" class=\"so-panel widget widget_sow-editor panel-first-child panel-last-child\" data-index=\"7\" ><div\n\t\t\t\n\t\t\tclass=\"so-widget-sow-editor so-widget-sow-editor-base\"\n\t\t\t\n\t\t>\n<div class=\"siteorigin-widget-tinymce textwidget\">\n\t<hr \/>\n<p>La prochaine fronti\u00e8re pour l'humanit\u00e9 !<\/p>\n<p>Les premiers colons sont arriv\u00e9s sur Mars en 2037. Dans les d\u00e9cennies qui ont suivi l'\u00e9tablissement du camp de base sur Mars, des soci\u00e9t\u00e9s d\u2019exploitation priv\u00e9es ont commenc\u00e9 \u00e0 travailler \u00e0 la cr\u00e9ation d'une colonie autosuffisante.<br \/>\nEn tant que chef astronaute d'une de ces compagnies, vous \u00eates un pionner pour d\u00e9velopper la colonie la plus avanc\u00e9e de Mars. Au d\u00e9but, vous serez tr\u00e8s d\u00e9pendant des ravitaillements de la Terre et vous devrez souvent voyager entre les Station spatiale de Mars et la surface de la plan\u00e8te. Vous devrez construire des mines, des g\u00e9n\u00e9rateurs \u00e9lectriques, des extracteurs d'eau, des serres, des condensateurs d'oxyg\u00e8ne et des abris. Votre objectif est de devenir une colonie autosuffisante, ind\u00e9pendante de toute organisation terrienne.<\/p>\n<p>Pour ce faire, il faudra trouver un juste \u00e9quilibre entre l'importance de l'eau, de l'air, de l'\u00e9lectricit\u00e9 et de la nourriture - les \u00e9l\u00e9ments vitaux \u00e0 votre survie.<\/p>\n<p>Oserez-vous prendre part au plus grand d\u00e9fi de l'esp\u00e8ce humaine ?<\/p>\n<\/div>\n<\/div><\/div><\/div><\/div><div id=\"pg-8089-3\"  class=\"panel-grid panel-no-style\" ><div id=\"pgc-8089-3-0\"  class=\"panel-grid-cell\" ><div id=\"panel-8089-3-0-0\" class=\"so-panel widget widget_sow-editor panel-first-child panel-last-child\" data-index=\"8\" ><div\n\t\t\t\n\t\t\tclass=\"so-widget-sow-editor so-widget-sow-editor-base\"\n\t\t\t\n\t\t>\n<div class=\"siteorigin-widget-tinymce textwidget\">\n\t<hr \/>\n<p style=\"text-align: center;\"><strong>En vid\u00e9o<\/strong><\/p>\n<\/div>\n<\/div><\/div><\/div><\/div><div id=\"pg-8089-4\"  class=\"panel-grid panel-no-style\" ><div id=\"pgc-8089-4-0\"  class=\"panel-grid-cell\" ><div id=\"panel-8089-4-0-0\" class=\"so-panel widget widget_sow-editor panel-first-child panel-last-child\" data-index=\"9\" ><div\n\t\t\t\n\t\t\tclass=\"so-widget-sow-editor so-widget-sow-editor-base\"\n\t\t\t\n\t\t>\n<div class=\"siteorigin-widget-tinymce textwidget\">\n\t<hr \/>\n<p style=\"text-align: center;\"><strong>Pour aller plus loin<\/strong><\/p>\n<\/div>\n<\/div><\/div><\/div><\/div><\/div>","protected":false},"excerpt":{"rendered":"<p>Nombre de joueurs : 1 &#8211; 4 Dur\u00e9e moyenne : 150 min Age : 14 ans et plus Auteur(s) : Vital Lacerda Illustrations : Ian O&rsquo;Toole \u00c9dition : Eagle-Gryphon Games 2019 Version : Fran\u00e7aise<\/p>\n","protected":false},"author":2,"featured_media":7988,"parent":0,"menu_order":0,"comment_status":"closed","ping_status":"closed","template":"","meta":{"footnotes":""},"class_list":["post-8089","page","type-page","status-publish","has-post-thumbnail","hentry"],"acf":[],"rttpg_featured_image_url":{"full":["https:\/\/meeplendice.net\/wp-content\/uploads\/2021\/03\/On_mars.png",350,350,false],"landscape":["https:\/\/meeplendice.net\/wp-content\/uploads\/2021\/03\/On_mars.png",350,350,false],"portraits":["https:\/\/meeplendice.net\/wp-content\/uploads\/2021\/03\/On_mars.png",350,350,false],"thumbnail":["https:\/\/meeplendice.net\/wp-content\/uploads\/2021\/03\/On_mars-150x150.png",150,150,true],"medium":["https:\/\/meeplendice.net\/wp-content\/uploads\/2021\/03\/On_mars-300x300.png",300,300,true],"large":["https:\/\/meeplendice.net\/wp-content\/uploads\/2021\/03\/On_mars.png",350,350,false],"ug_big":["https:\/\/meeplendice.net\/wp-content\/uploads\/2021\/03\/On_mars.png",350,350,false],"1536x1536":["https:\/\/meeplendice.net\/wp-content\/uploads\/2021\/03\/On_mars.png",350,350,false],"2048x2048":["https:\/\/meeplendice.net\/wp-content\/uploads\/2021\/03\/On_mars.png",350,350,false],"ashe-slider-grid-thumbnail":["https:\/\/meeplendice.net\/wp-content\/uploads\/2021\/03\/On_mars.png",350,350,false],"ashe-full-thumbnail":["https:\/\/meeplendice.net\/wp-content\/uploads\/2021\/03\/On_mars.png",350,350,false],"ashe-grid-thumbnail":["https:\/\/meeplendice.net\/wp-content\/uploads\/2021\/03\/On_mars-350x330.png",350,330,true],"ashe-list-thumbnail":["https:\/\/meeplendice.net\/wp-content\/uploads\/2021\/03\/On_mars-300x300.png",300,300,true],"ashe-single-navigation":["https:\/\/meeplendice.net\/wp-content\/uploads\/2021\/03\/On_mars-75x75.png",75,75,true],"mailpoet_newsletter_max":["https:\/\/meeplendice.net\/wp-content\/uploads\/2021\/03\/On_mars.png",350,350,false],"rpwe-thumbnail":["https:\/\/meeplendice.net\/wp-content\/uploads\/2021\/03\/On_mars-45x45.png",45,45,true],"sow-carousel-default":["https:\/\/meeplendice.net\/wp-content\/uploads\/2021\/03\/On_mars-272x182.png",272,182,true],"rt_custom":["https:\/\/meeplendice.net\/wp-content\/uploads\/2021\/03\/On_mars.png",350,350,false]},"rttpg_author":{"display_name":"Karnby","author_link":"https:\/\/meeplendice.net\/?author=2"},"rttpg_comment":0,"rttpg_category":null,"rttpg_excerpt":"Nombre de joueurs : 1 - 4 Dur\u00e9e moyenne : 150 min Age : 14 ans et plus Auteur(s) : Vital Lacerda Illustrations : Ian O'Toole \u00c9dition : Eagle-Gryphon Games 2019 Version : Fran\u00e7aise","_links":{"self":[{"href":"https:\/\/meeplendice.net\/index.php?rest_route=\/wp\/v2\/pages\/8089","targetHints":{"allow":["GET"]}}],"collection":[{"href":"https:\/\/meeplendice.net\/index.php?rest_route=\/wp\/v2\/pages"}],"about":[{"href":"https:\/\/meeplendice.net\/index.php?rest_route=\/wp\/v2\/types\/page"}],"author":[{"embeddable":true,"href":"https:\/\/meeplendice.net\/index.php?rest_route=\/wp\/v2\/users\/2"}],"replies":[{"embeddable":true,"href":"https:\/\/meeplendice.net\/index.php?rest_route=%2Fwp%2Fv2%2Fcomments&post=8089"}],"version-history":[{"count":4,"href":"https:\/\/meeplendice.net\/index.php?rest_route=\/wp\/v2\/pages\/8089\/revisions"}],"predecessor-version":[{"id":8094,"href":"https:\/\/meeplendice.net\/index.php?rest_route=\/wp\/v2\/pages\/8089\/revisions\/8094"}],"wp:featuredmedia":[{"embeddable":true,"href":"https:\/\/meeplendice.net\/index.php?rest_route=\/wp\/v2\/media\/7988"}],"wp:attachment":[{"href":"https:\/\/meeplendice.net\/index.php?rest_route=%2Fwp%2Fv2%2Fmedia&parent=8089"}],"curies":[{"name":"wp","href":"https:\/\/api.w.org\/{rel}","templated":true}]}}