{"id":8095,"date":"2021-03-08T13:37:21","date_gmt":"2021-03-08T12:37:21","guid":{"rendered":"http:\/\/meeplendice.net\/?page_id=8095"},"modified":"2024-07-16T23:37:59","modified_gmt":"2024-07-16T21:37:59","slug":"solstice","status":"publish","type":"page","link":"https:\/\/meeplendice.net\/?page_id=8095","title":{"rendered":"Solstice"},"content":{"rendered":"<p><em>Les d\u00e9cennies ont pass\u00e9s, l&rsquo;ambition et la convoitise d&rsquo;autres Nations ont \u00e9merg\u00e9. Les voiles gonfl\u00e9es par les vents stellaires, leurs Vaisseaux s&rsquo;\u00e9l\u00e8vent vers la vo\u00fbte c\u00e9leste&#8230;<\/em><\/p>\n<p>Cette extension vous permet de jouer au mode Free for All \u00e0 4 joueurs et de prendre le commandement des flottes de 3 nouvelles Nations.<\/p>\n","protected":false},"excerpt":{"rendered":"<p>Les d\u00e9cennies ont pass\u00e9s, l&rsquo;ambition et la convoitise d&rsquo;autres Nations ont \u00e9merg\u00e9. Les voiles gonfl\u00e9es par les vents stellaires, leurs Vaisseaux s&rsquo;\u00e9l\u00e8vent vers la vo\u00fbte c\u00e9leste&#8230; Cette extension vous permet de jouer au mode Free for All \u00e0 4 joueurs et de prendre le commandement des flottes de 3 nouvelles Nations.<\/p>\n","protected":false},"author":2,"featured_media":7994,"parent":7054,"menu_order":1,"comment_status":"closed","ping_status":"closed","template":"","meta":{"footnotes":""},"class_list":["post-8095","page","type-page","status-publish","has-post-thumbnail","hentry"],"acf":[],"rttpg_featured_image_url":{"full":["https:\/\/meeplendice.net\/wp-content\/uploads\/2021\/03\/Efemeris_Solstice.png",350,350,false],"landscape":["https:\/\/meeplendice.net\/wp-content\/uploads\/2021\/03\/Efemeris_Solstice.png",350,350,false],"portraits":["https:\/\/meeplendice.net\/wp-content\/uploads\/2021\/03\/Efemeris_Solstice.png",350,350,false],"thumbnail":["https:\/\/meeplendice.net\/wp-content\/uploads\/2021\/03\/Efemeris_Solstice-150x150.png",150,150,true],"medium":["https:\/\/meeplendice.net\/wp-content\/uploads\/2021\/03\/Efemeris_Solstice-300x300.png",300,300,true],"large":["https:\/\/meeplendice.net\/wp-content\/uploads\/2021\/03\/Efemeris_Solstice.png",350,350,false],"ug_big":["https:\/\/meeplendice.net\/wp-content\/uploads\/2021\/03\/Efemeris_Solstice.png",350,350,false],"1536x1536":["https:\/\/meeplendice.net\/wp-content\/uploads\/2021\/03\/Efemeris_Solstice.png",350,350,false],"2048x2048":["https:\/\/meeplendice.net\/wp-content\/uploads\/2021\/03\/Efemeris_Solstice.png",350,350,false],"ashe-slider-grid-thumbnail":["https:\/\/meeplendice.net\/wp-content\/uploads\/2021\/03\/Efemeris_Solstice.png",350,350,false],"ashe-full-thumbnail":["https:\/\/meeplendice.net\/wp-content\/uploads\/2021\/03\/Efemeris_Solstice.png",350,350,false],"ashe-grid-thumbnail":["https:\/\/meeplendice.net\/wp-content\/uploads\/2021\/03\/Efemeris_Solstice-350x330.png",350,330,true],"ashe-list-thumbnail":["https:\/\/meeplendice.net\/wp-content\/uploads\/2021\/03\/Efemeris_Solstice-300x300.png",300,300,true],"ashe-single-navigation":["https:\/\/meeplendice.net\/wp-content\/uploads\/2021\/03\/Efemeris_Solstice-75x75.png",75,75,true],"mailpoet_newsletter_max":["https:\/\/meeplendice.net\/wp-content\/uploads\/2021\/03\/Efemeris_Solstice.png",350,350,false],"rpwe-thumbnail":["https:\/\/meeplendice.net\/wp-content\/uploads\/2021\/03\/Efemeris_Solstice-45x45.png",45,45,true],"sow-carousel-default":["https:\/\/meeplendice.net\/wp-content\/uploads\/2021\/03\/Efemeris_Solstice-272x182.png",272,182,true],"rt_custom":["https:\/\/meeplendice.net\/wp-content\/uploads\/2021\/03\/Efemeris_Solstice.png",350,350,false]},"rttpg_author":{"display_name":"Karnby","author_link":"https:\/\/meeplendice.net\/?author=2"},"rttpg_comment":0,"rttpg_category":null,"rttpg_excerpt":"Les d\u00e9cennies ont pass\u00e9s, l&rsquo;ambition et la convoitise d&rsquo;autres Nations ont \u00e9merg\u00e9. Les voiles gonfl\u00e9es par les vents stellaires, leurs Vaisseaux s&rsquo;\u00e9l\u00e8vent vers la vo\u00fbte c\u00e9leste&#8230; Cette extension vous permet de jouer au mode Free for All \u00e0 4 joueurs et de prendre le commandement des flottes de 3 nouvelles Nations.","_links":{"self":[{"href":"https:\/\/meeplendice.net\/index.php?rest_route=\/wp\/v2\/pages\/8095","targetHints":{"allow":["GET"]}}],"collection":[{"href":"https:\/\/meeplendice.net\/index.php?rest_route=\/wp\/v2\/pages"}],"about":[{"href":"https:\/\/meeplendice.net\/index.php?rest_route=\/wp\/v2\/types\/page"}],"author":[{"embeddable":true,"href":"https:\/\/meeplendice.net\/index.php?rest_route=\/wp\/v2\/users\/2"}],"replies":[{"embeddable":true,"href":"https:\/\/meeplendice.net\/index.php?rest_route=%2Fwp%2Fv2%2Fcomments&post=8095"}],"version-history":[{"count":2,"href":"https:\/\/meeplendice.net\/index.php?rest_route=\/wp\/v2\/pages\/8095\/revisions"}],"predecessor-version":[{"id":12339,"href":"https:\/\/meeplendice.net\/index.php?rest_route=\/wp\/v2\/pages\/8095\/revisions\/12339"}],"up":[{"embeddable":true,"href":"https:\/\/meeplendice.net\/index.php?rest_route=\/wp\/v2\/pages\/7054"}],"wp:featuredmedia":[{"embeddable":true,"href":"https:\/\/meeplendice.net\/index.php?rest_route=\/wp\/v2\/media\/7994"}],"wp:attachment":[{"href":"https:\/\/meeplendice.net\/index.php?rest_route=%2Fwp%2Fv2%2Fmedia&parent=8095"}],"curies":[{"name":"wp","href":"https:\/\/api.w.org\/{rel}","templated":true}]}}