{"id":8117,"date":"2021-03-09T14:38:19","date_gmt":"2021-03-09T13:38:19","guid":{"rendered":"http:\/\/meeplendice.net\/?page_id=8117"},"modified":"2021-03-09T14:38:19","modified_gmt":"2021-03-09T13:38:19","slug":"nos-amis-les-machines","status":"publish","type":"page","link":"https:\/\/meeplendice.net\/?page_id=8117","title":{"rendered":"Nos Amis les Machines"},"content":{"rendered":"<p>Des jouets d\u00e9veloppant soudain une conscience. Une myst\u00e9rieuse momie r\u00f4dant sur les plages. Des \u00e9v\u00e9nements \u00e9tranges au vid\u00e9oclub local. Une compil\u2019 pleine de myst\u00e8res. Quatre merveilleuses machines. Un guide pour cr\u00e9er votre propre cadre de jeu. Tout cela, et bien plus, vous attend dans ce suppl\u00e9ment con\u00e7u pour \u00eatre utilis\u00e9 avec le jeu de r\u00f4le Tales from the Loop.<\/p>\n<p>Cet ouvrage inclut :<\/p>\n<p>\u25a0 Nos Amies les Machines. Un Myst\u00e8re articul\u00e9 autour du lancement d\u2019une nouvelle gamme de jouets qui va prendre une tournure pour le moins \u00e9trange.<\/p>\n<p>\u25a0 Pagaille et film d\u2019horreur. Les ann\u00e9es 80 furent une \u00e9poque de panique morale. Tout ce qui \u00e9tait nouveau \u00e9tait consid\u00e9r\u00e9 comme dangereux et \u00e0 m\u00eame de corrompre les jeunes esprits. Dans ce Myst\u00e8re, les Enfants m\u00e8neront l\u2019enqu\u00eate pour d\u00e9couvrir ce qui se passe vraiment autour du vid\u00e9oclub local.<\/p>\n<p>\u25a0 Momie dans la brume. Des rumeurs pr\u00e9tendent qu\u2019elle est de retour. Elle, c\u2019est la momie pr\u00e8s du lac. Elle r\u00f4de sur la plage \u00e0 la nuit tomb\u00e9e, cherchant quelque chose, affam\u00e9e. Les Enfants vont devoir r\u00e9soudre ce Myst\u00e8re.<\/p>\n<p>\u25a0 Une compilation pleine de myst\u00e8res. Huit courts Myst\u00e8res inspir\u00e9s de grands classiques de la musique pop des ann\u00e9es 80.<\/p>\n<p>\u25a0 Les plans, historiques et accroches de Myst\u00e8res de quatre machines iconiques dans l\u2019univers du Loop.<\/p>\n<p>\u25a0 Adapter votre ville. Un guide permettant de cr\u00e9er votre propre cadre de jeu, accompagn\u00e9 des Norfolk Broads, le Loop anglais.<\/p>\n","protected":false},"excerpt":{"rendered":"<p>Des jouets d\u00e9veloppant soudain une conscience. Une myst\u00e9rieuse momie r\u00f4dant sur les plages. Des \u00e9v\u00e9nements \u00e9tranges au vid\u00e9oclub local. Une compil\u2019 pleine de myst\u00e8res. Quatre merveilleuses machines. Un guide pour cr\u00e9er votre propre cadre de jeu. Tout cela, et bien plus, vous attend dans ce suppl\u00e9ment con\u00e7u pour \u00eatre utilis\u00e9 avec le jeu de r\u00f4le Tales from the Loop. Cet ouvrage inclut : \u25a0 Nos Amies les Machines. Un Myst\u00e8re articul\u00e9 autour du lancement d\u2019une nouvelle gamme de jouets qui va prendre une tournure pour le moins \u00e9trange. \u25a0 Pagaille et film d\u2019horreur. Les ann\u00e9es 80 furent une \u00e9poque de panique morale. Tout ce qui \u00e9tait nouveau \u00e9tait consid\u00e9r\u00e9 comme dangereux et \u00e0 m\u00eame de corrompre les jeunes esprits. Dans ce Myst\u00e8re, les Enfants m\u00e8neront l\u2019enqu\u00eate pour d\u00e9couvrir ce qui se passe vraiment autour du vid\u00e9oclub local. \u25a0 Momie dans la brume. Des rumeurs pr\u00e9tendent qu\u2019elle est de retour. Elle, c\u2019est la momie pr\u00e8s du lac. Elle r\u00f4de sur la plage \u00e0 la nuit tomb\u00e9e, cherchant quelque chose, affam\u00e9e. Les Enfants vont devoir r\u00e9soudre ce Myst\u00e8re. \u25a0 Une compilation pleine de myst\u00e8res. Huit courts Myst\u00e8res inspir\u00e9s de grands classiques de la musique pop des ann\u00e9es 80. \u25a0 Les plans, historiques et accroches de Myst\u00e8res de quatre machines iconiques dans l\u2019univers du Loop. \u25a0 Adapter votre ville. Un guide permettant de cr\u00e9er votre propre cadre de jeu, accompagn\u00e9 des Norfolk Broads, le Loop anglais.<\/p>\n","protected":false},"author":2,"featured_media":8111,"parent":7747,"menu_order":2,"comment_status":"closed","ping_status":"closed","template":"","meta":{"footnotes":""},"class_list":["post-8117","page","type-page","status-publish","has-post-thumbnail","hentry"],"acf":[],"rttpg_featured_image_url":{"full":["https:\/\/meeplendice.net\/wp-content\/uploads\/2021\/03\/TFTL_Amiesmachines.png",350,350,false],"landscape":["https:\/\/meeplendice.net\/wp-content\/uploads\/2021\/03\/TFTL_Amiesmachines.png",350,350,false],"portraits":["https:\/\/meeplendice.net\/wp-content\/uploads\/2021\/03\/TFTL_Amiesmachines.png",350,350,false],"thumbnail":["https:\/\/meeplendice.net\/wp-content\/uploads\/2021\/03\/TFTL_Amiesmachines-150x150.png",150,150,true],"medium":["https:\/\/meeplendice.net\/wp-content\/uploads\/2021\/03\/TFTL_Amiesmachines-300x300.png",300,300,true],"large":["https:\/\/meeplendice.net\/wp-content\/uploads\/2021\/03\/TFTL_Amiesmachines.png",350,350,false],"ug_big":["https:\/\/meeplendice.net\/wp-content\/uploads\/2021\/03\/TFTL_Amiesmachines.png",350,350,false],"1536x1536":["https:\/\/meeplendice.net\/wp-content\/uploads\/2021\/03\/TFTL_Amiesmachines.png",350,350,false],"2048x2048":["https:\/\/meeplendice.net\/wp-content\/uploads\/2021\/03\/TFTL_Amiesmachines.png",350,350,false],"ashe-slider-grid-thumbnail":["https:\/\/meeplendice.net\/wp-content\/uploads\/2021\/03\/TFTL_Amiesmachines.png",350,350,false],"ashe-full-thumbnail":["https:\/\/meeplendice.net\/wp-content\/uploads\/2021\/03\/TFTL_Amiesmachines.png",350,350,false],"ashe-grid-thumbnail":["https:\/\/meeplendice.net\/wp-content\/uploads\/2021\/03\/TFTL_Amiesmachines-350x330.png",350,330,true],"ashe-list-thumbnail":["https:\/\/meeplendice.net\/wp-content\/uploads\/2021\/03\/TFTL_Amiesmachines-300x300.png",300,300,true],"ashe-single-navigation":["https:\/\/meeplendice.net\/wp-content\/uploads\/2021\/03\/TFTL_Amiesmachines-75x75.png",75,75,true],"mailpoet_newsletter_max":["https:\/\/meeplendice.net\/wp-content\/uploads\/2021\/03\/TFTL_Amiesmachines.png",350,350,false],"rpwe-thumbnail":["https:\/\/meeplendice.net\/wp-content\/uploads\/2021\/03\/TFTL_Amiesmachines-45x45.png",45,45,true],"sow-carousel-default":["https:\/\/meeplendice.net\/wp-content\/uploads\/2021\/03\/TFTL_Amiesmachines-272x182.png",272,182,true],"rt_custom":["https:\/\/meeplendice.net\/wp-content\/uploads\/2021\/03\/TFTL_Amiesmachines.png",350,350,false]},"rttpg_author":{"display_name":"Karnby","author_link":"https:\/\/meeplendice.net\/?author=2"},"rttpg_comment":0,"rttpg_category":null,"rttpg_excerpt":"Des jouets d\u00e9veloppant soudain une conscience. Une myst\u00e9rieuse momie r\u00f4dant sur les plages. Des \u00e9v\u00e9nements \u00e9tranges au vid\u00e9oclub local. Une compil\u2019 pleine de myst\u00e8res. Quatre merveilleuses machines. Un guide pour cr\u00e9er votre propre cadre de jeu. Tout cela, et bien plus, vous attend dans ce suppl\u00e9ment con\u00e7u pour \u00eatre utilis\u00e9 avec le jeu de r\u00f4le\u2026","_links":{"self":[{"href":"https:\/\/meeplendice.net\/index.php?rest_route=\/wp\/v2\/pages\/8117","targetHints":{"allow":["GET"]}}],"collection":[{"href":"https:\/\/meeplendice.net\/index.php?rest_route=\/wp\/v2\/pages"}],"about":[{"href":"https:\/\/meeplendice.net\/index.php?rest_route=\/wp\/v2\/types\/page"}],"author":[{"embeddable":true,"href":"https:\/\/meeplendice.net\/index.php?rest_route=\/wp\/v2\/users\/2"}],"replies":[{"embeddable":true,"href":"https:\/\/meeplendice.net\/index.php?rest_route=%2Fwp%2Fv2%2Fcomments&post=8117"}],"version-history":[{"count":1,"href":"https:\/\/meeplendice.net\/index.php?rest_route=\/wp\/v2\/pages\/8117\/revisions"}],"predecessor-version":[{"id":8118,"href":"https:\/\/meeplendice.net\/index.php?rest_route=\/wp\/v2\/pages\/8117\/revisions\/8118"}],"up":[{"embeddable":true,"href":"https:\/\/meeplendice.net\/index.php?rest_route=\/wp\/v2\/pages\/7747"}],"wp:featuredmedia":[{"embeddable":true,"href":"https:\/\/meeplendice.net\/index.php?rest_route=\/wp\/v2\/media\/8111"}],"wp:attachment":[{"href":"https:\/\/meeplendice.net\/index.php?rest_route=%2Fwp%2Fv2%2Fmedia&parent=8117"}],"curies":[{"name":"wp","href":"https:\/\/api.w.org\/{rel}","templated":true}]}}