{"id":8122,"date":"2021-03-09T14:45:58","date_gmt":"2021-03-09T13:45:58","guid":{"rendered":"http:\/\/meeplendice.net\/?page_id=8122"},"modified":"2021-03-09T14:45:58","modified_gmt":"2021-03-09T13:45:58","slug":"france-90","status":"publish","type":"page","link":"https:\/\/meeplendice.net\/?page_id=8122","title":{"rendered":"France 90"},"content":{"rendered":"<p>Bienvenue \u00e0 Caen. La cit\u00e9 de Guillaume le Conqu\u00e9rant, joyau du patrimoine fran\u00e7ais, est victime d\u2019une catastrophe sans pr\u00e9c\u00e9dent dans la seconde moiti\u00e9 des ann\u00e9es 90.<\/p>\n<p>Abritant l\u2019un des acc\u00e9l\u00e9rateurs lin\u00e9aires de l\u2019hexagone, la ville aux cent clochers fait la dure exp\u00e9rience du revers technologique, alors qu\u2019une grande partie de l\u2019agglom\u00e9ration est d\u00e9vast\u00e9e et que des eaux noir\u00e2tres, dont l\u2019origine reste \u00e0 d\u00e9terminer, investissent les niveaux inf\u00e9rieurs. L\u2019insouciance des ann\u00e9es 80 est bel et bien r\u00e9volue et la nouvelle d\u00e9cennie, plac\u00e9e sous le signe de la d\u00e9g\u00e9n\u00e9rescence, s\u2019annonce comme celle de tous les dangers.<\/p>\n<p>La France des ann\u00e9es 90 inclut un contexte de jeu complet pour Things from the Flood et Tales from the Loop (la ville de Caen, en Normandie), trois nouveaux st\u00e9r\u00e9otypes et quatre sc\u00e9narios in\u00e9dits.<\/p>\n<p>Ce suppl\u00e9ment comprend :<\/p>\n<p>\u25a0 Un descriptif complet de la ville de Caen et de ses principaux PNJ pour Things from the Flood.<\/p>\n<p>\u25a0 De nombreuses accroches de Myst\u00e8res.<\/p>\n<p>\u25a0 Le plan de Caen et de sa banlieue.<\/p>\n<p>\u25a0 Trois nouveaux St\u00e9r\u00e9otypes : l\u2019Activiste, le Militant et le Survivaliste.<\/p>\n<p>\u25a0 Quatre nouveaux Myst\u00e8res : Confide in me, Le syndrome du Jabberwock, Trajectoires de collision et Glitch.<\/p>\n<p>&nbsp;<\/p>\n","protected":false},"excerpt":{"rendered":"<p>Bienvenue \u00e0 Caen. La cit\u00e9 de Guillaume le Conqu\u00e9rant, joyau du patrimoine fran\u00e7ais, est victime d\u2019une catastrophe sans pr\u00e9c\u00e9dent dans la seconde moiti\u00e9 des ann\u00e9es 90. Abritant l\u2019un des acc\u00e9l\u00e9rateurs lin\u00e9aires de l\u2019hexagone, la ville aux cent clochers fait la dure exp\u00e9rience du revers technologique, alors qu\u2019une grande partie de l\u2019agglom\u00e9ration est d\u00e9vast\u00e9e et que des eaux noir\u00e2tres, dont l\u2019origine reste \u00e0 d\u00e9terminer, investissent les niveaux inf\u00e9rieurs. L\u2019insouciance des ann\u00e9es 80 est bel et bien r\u00e9volue et la nouvelle d\u00e9cennie, plac\u00e9e sous le signe de la d\u00e9g\u00e9n\u00e9rescence, s\u2019annonce comme celle de tous les dangers. La France des ann\u00e9es 90 inclut un contexte de jeu complet pour Things from the Flood et Tales from the Loop (la ville de Caen, en Normandie), trois nouveaux st\u00e9r\u00e9otypes et quatre sc\u00e9narios in\u00e9dits. Ce suppl\u00e9ment comprend : \u25a0 Un descriptif complet de la ville de Caen et de ses principaux PNJ pour Things from the Flood. \u25a0 De nombreuses accroches de Myst\u00e8res. \u25a0 Le plan de Caen et de sa banlieue. \u25a0 Trois nouveaux St\u00e9r\u00e9otypes : l\u2019Activiste, le Militant et le Survivaliste. \u25a0 Quatre nouveaux Myst\u00e8res : Confide in me, Le syndrome du Jabberwock, Trajectoires de collision et Glitch. &nbsp;<\/p>\n","protected":false},"author":2,"featured_media":8110,"parent":7749,"menu_order":1,"comment_status":"closed","ping_status":"closed","template":"","meta":{"footnotes":""},"class_list":["post-8122","page","type-page","status-publish","has-post-thumbnail","hentry"],"acf":[],"rttpg_featured_image_url":{"full":["https:\/\/meeplendice.net\/wp-content\/uploads\/2021\/03\/TFTF_France90.png",350,350,false],"landscape":["https:\/\/meeplendice.net\/wp-content\/uploads\/2021\/03\/TFTF_France90.png",350,350,false],"portraits":["https:\/\/meeplendice.net\/wp-content\/uploads\/2021\/03\/TFTF_France90.png",350,350,false],"thumbnail":["https:\/\/meeplendice.net\/wp-content\/uploads\/2021\/03\/TFTF_France90-150x150.png",150,150,true],"medium":["https:\/\/meeplendice.net\/wp-content\/uploads\/2021\/03\/TFTF_France90-300x300.png",300,300,true],"large":["https:\/\/meeplendice.net\/wp-content\/uploads\/2021\/03\/TFTF_France90.png",350,350,false],"ug_big":["https:\/\/meeplendice.net\/wp-content\/uploads\/2021\/03\/TFTF_France90.png",350,350,false],"1536x1536":["https:\/\/meeplendice.net\/wp-content\/uploads\/2021\/03\/TFTF_France90.png",350,350,false],"2048x2048":["https:\/\/meeplendice.net\/wp-content\/uploads\/2021\/03\/TFTF_France90.png",350,350,false],"ashe-slider-grid-thumbnail":["https:\/\/meeplendice.net\/wp-content\/uploads\/2021\/03\/TFTF_France90.png",350,350,false],"ashe-full-thumbnail":["https:\/\/meeplendice.net\/wp-content\/uploads\/2021\/03\/TFTF_France90.png",350,350,false],"ashe-grid-thumbnail":["https:\/\/meeplendice.net\/wp-content\/uploads\/2021\/03\/TFTF_France90-350x330.png",350,330,true],"ashe-list-thumbnail":["https:\/\/meeplendice.net\/wp-content\/uploads\/2021\/03\/TFTF_France90-300x300.png",300,300,true],"ashe-single-navigation":["https:\/\/meeplendice.net\/wp-content\/uploads\/2021\/03\/TFTF_France90-75x75.png",75,75,true],"mailpoet_newsletter_max":["https:\/\/meeplendice.net\/wp-content\/uploads\/2021\/03\/TFTF_France90.png",350,350,false],"rpwe-thumbnail":["https:\/\/meeplendice.net\/wp-content\/uploads\/2021\/03\/TFTF_France90-45x45.png",45,45,true],"sow-carousel-default":["https:\/\/meeplendice.net\/wp-content\/uploads\/2021\/03\/TFTF_France90-272x182.png",272,182,true],"rt_custom":["https:\/\/meeplendice.net\/wp-content\/uploads\/2021\/03\/TFTF_France90.png",350,350,false]},"rttpg_author":{"display_name":"Karnby","author_link":"https:\/\/meeplendice.net\/?author=2"},"rttpg_comment":0,"rttpg_category":null,"rttpg_excerpt":"Bienvenue \u00e0 Caen. La cit\u00e9 de Guillaume le Conqu\u00e9rant, joyau du patrimoine fran\u00e7ais, est victime d\u2019une catastrophe sans pr\u00e9c\u00e9dent dans la seconde moiti\u00e9 des ann\u00e9es 90. Abritant l\u2019un des acc\u00e9l\u00e9rateurs lin\u00e9aires de l\u2019hexagone, la ville aux cent clochers fait la dure exp\u00e9rience du revers technologique, alors qu\u2019une grande partie de l\u2019agglom\u00e9ration est d\u00e9vast\u00e9e et que\u2026","_links":{"self":[{"href":"https:\/\/meeplendice.net\/index.php?rest_route=\/wp\/v2\/pages\/8122","targetHints":{"allow":["GET"]}}],"collection":[{"href":"https:\/\/meeplendice.net\/index.php?rest_route=\/wp\/v2\/pages"}],"about":[{"href":"https:\/\/meeplendice.net\/index.php?rest_route=\/wp\/v2\/types\/page"}],"author":[{"embeddable":true,"href":"https:\/\/meeplendice.net\/index.php?rest_route=\/wp\/v2\/users\/2"}],"replies":[{"embeddable":true,"href":"https:\/\/meeplendice.net\/index.php?rest_route=%2Fwp%2Fv2%2Fcomments&post=8122"}],"version-history":[{"count":1,"href":"https:\/\/meeplendice.net\/index.php?rest_route=\/wp\/v2\/pages\/8122\/revisions"}],"predecessor-version":[{"id":8123,"href":"https:\/\/meeplendice.net\/index.php?rest_route=\/wp\/v2\/pages\/8122\/revisions\/8123"}],"up":[{"embeddable":true,"href":"https:\/\/meeplendice.net\/index.php?rest_route=\/wp\/v2\/pages\/7749"}],"wp:featuredmedia":[{"embeddable":true,"href":"https:\/\/meeplendice.net\/index.php?rest_route=\/wp\/v2\/media\/8110"}],"wp:attachment":[{"href":"https:\/\/meeplendice.net\/index.php?rest_route=%2Fwp%2Fv2%2Fmedia&parent=8122"}],"curies":[{"name":"wp","href":"https:\/\/api.w.org\/{rel}","templated":true}]}}