{"id":8450,"date":"2021-07-06T14:49:18","date_gmt":"2021-07-06T13:49:18","guid":{"rendered":"http:\/\/meeplendice.net\/?page_id=8450"},"modified":"2021-07-06T15:04:37","modified_gmt":"2021-07-06T14:04:37","slug":"dreamscape-2","status":"publish","type":"page","link":"https:\/\/meeplendice.net\/?page_id=8450","title":{"rendered":"Dreamscape"},"content":{"rendered":"<div id=\"pl-8450\"  class=\"panel-layout\" ><div id=\"pg-8450-0\"  class=\"panel-grid panel-no-style\" ><div id=\"pgc-8450-0-0\"  class=\"panel-grid-cell\" ><div id=\"panel-8450-0-0-0\" class=\"so-panel widget widget_sow-editor panel-first-child panel-last-child\" data-index=\"0\" ><div\n\t\t\t\n\t\t\tclass=\"so-widget-sow-editor so-widget-sow-editor-base\"\n\t\t\t\n\t\t>\n<div class=\"siteorigin-widget-tinymce textwidget\">\n\t<p style=\"text-align: center;\"><strong>Nombre de joueurs :<\/strong><br \/>\n1 - 4<\/p>\n<\/div>\n<\/div><\/div><\/div><div id=\"pgc-8450-0-1\"  class=\"panel-grid-cell\" ><div id=\"panel-8450-0-1-0\" class=\"so-panel widget widget_sow-editor panel-first-child panel-last-child\" data-index=\"1\" ><div\n\t\t\t\n\t\t\tclass=\"so-widget-sow-editor so-widget-sow-editor-base\"\n\t\t\t\n\t\t>\n<div class=\"siteorigin-widget-tinymce textwidget\">\n\t<p style=\"text-align: center;\"><strong>Dur\u00e9e moyenne :<\/strong><br \/>\n120 min<\/p>\n<\/div>\n<\/div><\/div><\/div><div id=\"pgc-8450-0-2\"  class=\"panel-grid-cell\" ><div id=\"panel-8450-0-2-0\" class=\"so-panel widget widget_sow-editor panel-first-child panel-last-child\" data-index=\"2\" ><div\n\t\t\t\n\t\t\tclass=\"so-widget-sow-editor so-widget-sow-editor-base\"\n\t\t\t\n\t\t>\n<div class=\"siteorigin-widget-tinymce textwidget\">\n\t<p style=\"text-align: center;\"><strong>Age :<\/strong><br \/>\n12 ans et plus<\/p>\n<\/div>\n<\/div><\/div><\/div><\/div><div id=\"pg-8450-1\"  class=\"panel-grid panel-no-style\" ><div id=\"pgc-8450-1-0\"  class=\"panel-grid-cell\" ><div id=\"panel-8450-1-0-0\" class=\"so-panel widget widget_sow-editor panel-first-child panel-last-child\" data-index=\"3\" ><div\n\t\t\t\n\t\t\tclass=\"so-widget-sow-editor so-widget-sow-editor-base\"\n\t\t\t\n\t\t>\n<div class=\"siteorigin-widget-tinymce textwidget\">\n\t<p style=\"text-align: center;\"><strong>Auteur(s) :<br \/>\n<\/strong>David Ausloos<\/p>\n<\/div>\n<\/div><\/div><\/div><div id=\"pgc-8450-1-1\"  class=\"panel-grid-cell\" ><div id=\"panel-8450-1-1-0\" class=\"so-panel widget widget_sow-editor panel-first-child panel-last-child\" data-index=\"4\" ><div\n\t\t\t\n\t\t\tclass=\"so-widget-sow-editor so-widget-sow-editor-base\"\n\t\t\t\n\t\t>\n<div class=\"siteorigin-widget-tinymce textwidget\">\n\t<p style=\"text-align: center;\"><strong>Illustrations :<\/strong><br \/>\nDavid Ausloos<br \/>\nPierre Steenebruggen<\/p>\n<\/div>\n<\/div><\/div><\/div><div id=\"pgc-8450-1-2\"  class=\"panel-grid-cell\" ><div id=\"panel-8450-1-2-0\" class=\"so-panel widget widget_sow-editor panel-first-child panel-last-child\" data-index=\"5\" ><div\n\t\t\t\n\t\t\tclass=\"so-widget-sow-editor so-widget-sow-editor-base\"\n\t\t\t\n\t\t>\n<div class=\"siteorigin-widget-tinymce textwidget\">\n\t<p style=\"text-align: center;\"><strong>\u00c9dition :<\/strong><br \/>\nSylex Edition<br \/>\n2019<\/p>\n<\/div>\n<\/div><\/div><\/div><div id=\"pgc-8450-1-3\"  class=\"panel-grid-cell\" ><div id=\"panel-8450-1-3-0\" class=\"so-panel widget widget_sow-editor panel-first-child panel-last-child\" data-index=\"6\" ><div\n\t\t\t\n\t\t\tclass=\"so-widget-sow-editor so-widget-sow-editor-base\"\n\t\t\t\n\t\t>\n<div class=\"siteorigin-widget-tinymce textwidget\">\n\t<p style=\"text-align: center;\"><strong>Version :<\/strong><br \/>\nFran\u00e7aise<\/p>\n<\/div>\n<\/div><\/div><\/div><\/div><div id=\"pg-8450-2\"  class=\"panel-grid panel-no-style\" ><div id=\"pgc-8450-2-0\"  class=\"panel-grid-cell\" ><div id=\"panel-8450-2-0-0\" class=\"so-panel widget widget_sow-editor panel-first-child panel-last-child\" data-index=\"7\" ><div\n\t\t\t\n\t\t\tclass=\"so-widget-sow-editor so-widget-sow-editor-base\"\n\t\t\t\n\t\t>\n<div class=\"siteorigin-widget-tinymce textwidget\">\n\t<hr \/>\n<p><em>Vous avez du mal \u00e0 dormir..<\/em><\/p>\n<p><em>Perdu dans les m\u00e9andres de vos nuits de veille, en qu\u00eate d'un moyen de reprendre le contr\u00f4le de vos songes, votre esprit finit par divaguer et vous emm\u00e8ne aux confins d'un monde inexplor\u00e9, o\u00f9 le mouvement des paysages est perp\u00e9tuel. Avide de d\u00e9couvrir ce qui se cache dans ces lieux myst\u00e9rieux, vous d\u00e9cidez de plonger dans cette exp\u00e9rience de r\u00eave \u00e9veill\u00e9.<\/em><\/p>\n<p>Dans Dreamscape, vous voyagez \u00e0 travers 6 lieux de r\u00eave et collectez des fragments de r\u00eave vous permettant de construire votre propre paysage de r\u00eave, votre Dreamscape. Ce paysage est constitu\u00e9 d\u2019\u00e9l\u00e9ments qui offrent la s\u00e9r\u00e9nit\u00e9, et par dessus tout, une bonne nuit de sommeil. D'\u00e9trange pouvoir vous aideront \u00e0 modeler votre Dreamscape et y d\u00e9placer votre r\u00eaveur qui pourra observer les paysages construits et vous faire gagner des points de sommeil.<\/p>\n<p>Mais Monsieur Cauchemar r\u00f4de, pr\u00eat \u00e0 infest\u00e9 vos songes, alors essayez d'optimiser vos coups pour repousser son influence n\u00e9faste. Alors seulement serez-vous capable de rassembler la collection id\u00e9ale de fragments pour cr\u00e9er le plus beau des r\u00eaves, et passer enfin de reposantes et paisibles nuits dans votre Dreamscape.<\/p>\n<\/div>\n<\/div><\/div><\/div><\/div><div id=\"pg-8450-3\"  class=\"panel-grid panel-no-style\" ><div id=\"pgc-8450-3-0\"  class=\"panel-grid-cell\" ><div id=\"panel-8450-3-0-0\" class=\"so-panel widget widget_sow-editor panel-first-child panel-last-child\" data-index=\"8\" ><div\n\t\t\t\n\t\t\tclass=\"so-widget-sow-editor so-widget-sow-editor-base\"\n\t\t\t\n\t\t>\n<div class=\"siteorigin-widget-tinymce textwidget\">\n\t<hr \/>\n<p style=\"text-align: center;\"><strong>En vid\u00e9o<\/strong><\/p>\n<p>De l'explication des r\u00e8gles :<\/p>\n<ul>\n<li>Tric Trac<\/li>\n<\/ul>\n<p><a href=\"https:\/\/www.trictrac.net\/video\/Dreamscape_De_Lexplication\" target=\"_blank\" rel=\"noopener noreferrer\"><img loading=\"lazy\" decoding=\"async\" class=\"alignnone size-full wp-image-107\" src=\"http:\/\/meeplendice.net\/wp-content\/uploads\/2016\/08\/TT_explication.png\" alt=\"TT_explication\" width=\"200\" height=\"170\" \/><\/a><\/p>\n<p>De la partie :<\/p>\n<ul>\n<li>Tric Trac<\/li>\n<\/ul>\n<p><a href=\"https:\/\/www.trictrac.net\/video\/Dreamscape_De_La_Partie\" target=\"_blank\" rel=\"noopener noreferrer\"><img loading=\"lazy\" decoding=\"async\" class=\"alignnone size-full wp-image-117\" src=\"http:\/\/meeplendice.net\/wp-content\/uploads\/2016\/08\/TT_partie_1.png\" alt=\"TT_partie_1\" width=\"200\" height=\"170\" \/><\/a><\/p>\n<\/div>\n<\/div><\/div><\/div><div id=\"pgc-8450-3-1\"  class=\"panel-grid-cell\" ><div id=\"panel-8450-3-1-0\" class=\"so-panel widget widget_sow-editor panel-first-child panel-last-child\" data-index=\"9\" ><div\n\t\t\t\n\t\t\tclass=\"so-widget-sow-editor so-widget-sow-editor-base\"\n\t\t\t\n\t\t>\n<div class=\"siteorigin-widget-tinymce textwidget\">\n\t<hr \/>\n<p style=\"text-align: center;\"><strong>Extension(s)<\/strong><\/p>\n<style type='text\/css' media='all'>#rt-tpg-container-1580039651 .read-more a{border-radius:px;}#rt-tpg-container-1580039651 .rt-img-holder img.rt-img-responsive,#rt-tpg-container-1580039651 .rt-img-holder,\n\t\t\t\t\t#rt-tpg-container-1580039651 .rt-post-overlay .post-img,\n\t\t\t\t\t#rt-tpg-container-1580039651 .post-sm .post-img,\n\t\t\t\t\t#rt-tpg-container-1580039651 .rt-post-grid .post-img,\n\t\t\t\t\t#rt-tpg-container-1580039651 .post-img img {border-radius:px;}#rt-tpg-container-1580039651 .layout9 .rt-holder h2.entry-title,\n\t\t\t\t\t#rt-tpg-container-1580039651 .layout9 .rt-holder h3.entry-title,\n\t\t\t\t\t#rt-tpg-container-1580039651 .layout9 .rt-holder h4.entry-title,\n\t\t\t\t\t#rt-tpg-container-1580039651 .layout9 .rt-holder h2.entry-title a,\n\t\t\t\t\t#rt-tpg-container-1580039651 .layout9 .rt-holder h3.entry-title a,\n\t\t\t\t\t#rt-tpg-container-1580039651 .layout9 .rt-holder h4.entry-title a,\n\t\t\t\t\t#rt-tpg-container-1580039651 .rt-holder .rt-woo-info h2 a,\n\t\t\t\t\t#rt-tpg-container-1580039651 .rt-holder .rt-woo-info h3 a,\n\t\t\t\t\t#rt-tpg-container-1580039651 .rt-holder .rt-woo-info h4 a,\n\t\t\t\t\t#rt-tpg-container-1580039651 .post-content .post-title,\n\t\t\t\t\t#rt-tpg-container-1580039651 .rt-post-grid .post-title,\n\t\t\t\t\t#rt-tpg-container-1580039651 .rt-post-grid .post-title a,\n\t\t\t\t\t#rt-tpg-container-1580039651 .post-content .post-title a,\n\t\t\t\t\t#rt-tpg-container-1580039651 .rt-holder .rt-woo-info h2,\n\t\t\t\t\t#rt-tpg-container-1580039651 .rt-holder .rt-woo-info h3,\n\t\t\t\t\t#rt-tpg-container-1580039651 .rt-holder .rt-woo-info h4{font-size:16px;line-height:26px;font-weight:normal;text-align:center;}#rt-tpg-container-1580039651 .post-grid-lg-style-1 .post-title,\n\t\t\t\t\t\t#rt-tpg-container-1580039651 .post-grid-lg-style-1 .post-title a,\n\t\t\t\t\t\t#rt-tpg-container-1580039651 .big-layout .post-title,\n\t\t\t\t\t\t#rt-tpg-container-1580039651 .big-layout .post-title a,\n\t\t\t\t\t\t#rt-tpg-container-1580039651 .post-grid-lg-style-1 .post-title,\n\t\t\t\t\t\t#rt-tpg-container-1580039651 .post-grid-lg-style-1 .post-title a {font-size:24px;line-height:34px;}<\/style><div class='rt-container-fluid rt-tpg-container tpg-shortcode-main-wrapper ' id='rt-tpg-container-1580039651'   data-layout='layout9' data-grid-style='even' data-desktop-col='3'  data-tab-col='2'  data-mobile-col='1' data-sc-id='8453'><div data-title='Loading ...' class='rt-row rt-content-loader   layout9 tpg-even '><div class=\"rt-col-md-4 rt-col-sm-6 rt-col-xs-12 even-grid-item rt-grid-item img_zoom_in\" data-id=\"8455\"><div class=\"rt-holder\"><div class='overlay'><a data-id='8455' class=' tpg-single-popup' href='https:\/\/meeplendice.net\/?page_id=8455'><img loading=\"lazy\" decoding=\"async\" width=\"350\" height=\"350\" src=\"https:\/\/meeplendice.net\/wp-content\/uploads\/2021\/07\/Dreamscape_Feux.png\" class=\"rt-img-responsive \" alt=\"\" \/><\/a><\/div><div class='post-info'><h2 class=\"entry-title\"><a data-id=\"8455\" class=\" tpg-single-popup\" href=\"https:\/\/meeplendice.net\/?page_id=8455\">Feux Follets<\/a><\/h2><div class='post-meta-user '><\/div><\/div><\/div><\/div><div class=\"rt-col-md-4 rt-col-sm-6 rt-col-xs-12 even-grid-item rt-grid-item img_zoom_in\" data-id=\"8458\"><div class=\"rt-holder\"><div class='overlay'><a data-id='8458' class=' tpg-single-popup' href='https:\/\/meeplendice.net\/?page_id=8458'><img loading=\"lazy\" decoding=\"async\" width=\"350\" height=\"350\" src=\"https:\/\/meeplendice.net\/wp-content\/uploads\/2021\/07\/Dreamscape_Corneille.png\" class=\"rt-img-responsive \" alt=\"\" \/><\/a><\/div><div class='post-info'><h2 class=\"entry-title\"><a data-id=\"8458\" class=\" tpg-single-popup\" href=\"https:\/\/meeplendice.net\/?page_id=8458\">La Corneille Rouge<\/a><\/h2><div class='post-meta-user '><\/div><\/div><\/div><\/div><div class=\"rt-col-md-4 rt-col-sm-6 rt-col-xs-12 even-grid-item rt-grid-item img_zoom_in\" data-id=\"8460\"><div class=\"rt-holder\"><div class='overlay'><a data-id='8460' class=' tpg-single-popup' href='https:\/\/meeplendice.net\/?page_id=8460'><img loading=\"lazy\" decoding=\"async\" width=\"350\" height=\"350\" src=\"https:\/\/meeplendice.net\/wp-content\/uploads\/2021\/07\/Dreamscape_Blanc.png\" class=\"rt-img-responsive \" alt=\"\" \/><\/a><\/div><div class='post-info'><h2 class=\"entry-title\"><a data-id=\"8460\" class=\" tpg-single-popup\" href=\"https:\/\/meeplendice.net\/?page_id=8460\">Blanc comme Neige<\/a><\/h2><div class='post-meta-user '><\/div><\/div><\/div><\/div><\/div><div class='rt-pagination-wrap' data-total-pages='2' data-posts-per-page='3' data-type='pagination_ajax'  ><div class='rt-page-numbers'><\/div><\/div><\/div>\n<p>&nbsp;<\/p>\n<\/div>\n<\/div><\/div><\/div><\/div><div id=\"pg-8450-4\"  class=\"panel-grid panel-no-style\" ><div id=\"pgc-8450-4-0\"  class=\"panel-grid-cell\" ><div id=\"panel-8450-4-0-0\" class=\"so-panel widget widget_sow-editor panel-first-child panel-last-child\" data-index=\"10\" ><div\n\t\t\t\n\t\t\tclass=\"so-widget-sow-editor so-widget-sow-editor-base\"\n\t\t\t\n\t\t>\n<div class=\"siteorigin-widget-tinymce textwidget\">\n\t<hr \/>\n<p style=\"text-align: center;\"><strong>Pour aller plus loin<\/strong><\/p>\n<\/div>\n<\/div><\/div><\/div><\/div><\/div>","protected":false},"excerpt":{"rendered":"<p>Nombre de joueurs : 1 &#8211; 4 Dur\u00e9e moyenne : 120 min Age : 12 ans et plus Auteur(s) : David Ausloos Illustrations : David Ausloos Pierre Steenebruggen \u00c9dition : Sylex Edition 2019 Version : Fran\u00e7aise<\/p>\n","protected":false},"author":2,"featured_media":8449,"parent":0,"menu_order":0,"comment_status":"closed","ping_status":"closed","template":"","meta":{"footnotes":""},"class_list":["post-8450","page","type-page","status-publish","has-post-thumbnail","hentry"],"acf":[],"rttpg_featured_image_url":{"full":["https:\/\/meeplendice.net\/wp-content\/uploads\/2021\/07\/Dreamscape.png",350,350,false],"landscape":["https:\/\/meeplendice.net\/wp-content\/uploads\/2021\/07\/Dreamscape.png",350,350,false],"portraits":["https:\/\/meeplendice.net\/wp-content\/uploads\/2021\/07\/Dreamscape.png",350,350,false],"thumbnail":["https:\/\/meeplendice.net\/wp-content\/uploads\/2021\/07\/Dreamscape-150x150.png",150,150,true],"medium":["https:\/\/meeplendice.net\/wp-content\/uploads\/2021\/07\/Dreamscape-300x300.png",300,300,true],"large":["https:\/\/meeplendice.net\/wp-content\/uploads\/2021\/07\/Dreamscape.png",350,350,false],"ug_big":["https:\/\/meeplendice.net\/wp-content\/uploads\/2021\/07\/Dreamscape.png",350,350,false],"1536x1536":["https:\/\/meeplendice.net\/wp-content\/uploads\/2021\/07\/Dreamscape.png",350,350,false],"2048x2048":["https:\/\/meeplendice.net\/wp-content\/uploads\/2021\/07\/Dreamscape.png",350,350,false],"ashe-slider-grid-thumbnail":["https:\/\/meeplendice.net\/wp-content\/uploads\/2021\/07\/Dreamscape.png",350,350,false],"ashe-full-thumbnail":["https:\/\/meeplendice.net\/wp-content\/uploads\/2021\/07\/Dreamscape.png",350,350,false],"ashe-grid-thumbnail":["https:\/\/meeplendice.net\/wp-content\/uploads\/2021\/07\/Dreamscape-350x330.png",350,330,true],"ashe-list-thumbnail":["https:\/\/meeplendice.net\/wp-content\/uploads\/2021\/07\/Dreamscape-300x300.png",300,300,true],"ashe-single-navigation":["https:\/\/meeplendice.net\/wp-content\/uploads\/2021\/07\/Dreamscape-75x75.png",75,75,true],"mailpoet_newsletter_max":["https:\/\/meeplendice.net\/wp-content\/uploads\/2021\/07\/Dreamscape.png",350,350,false],"rpwe-thumbnail":["https:\/\/meeplendice.net\/wp-content\/uploads\/2021\/07\/Dreamscape-45x45.png",45,45,true],"sow-carousel-default":["https:\/\/meeplendice.net\/wp-content\/uploads\/2021\/07\/Dreamscape-272x182.png",272,182,true],"rt_custom":["https:\/\/meeplendice.net\/wp-content\/uploads\/2021\/07\/Dreamscape.png",350,350,false]},"rttpg_author":{"display_name":"Karnby","author_link":"https:\/\/meeplendice.net\/?author=2"},"rttpg_comment":0,"rttpg_category":null,"rttpg_excerpt":"Nombre de joueurs : 1 - 4 Dur\u00e9e moyenne : 120 min Age : 12 ans et plus Auteur(s) : David Ausloos Illustrations : David Ausloos Pierre Steenebruggen \u00c9dition : Sylex Edition 2019 Version : Fran\u00e7aise","_links":{"self":[{"href":"https:\/\/meeplendice.net\/index.php?rest_route=\/wp\/v2\/pages\/8450","targetHints":{"allow":["GET"]}}],"collection":[{"href":"https:\/\/meeplendice.net\/index.php?rest_route=\/wp\/v2\/pages"}],"about":[{"href":"https:\/\/meeplendice.net\/index.php?rest_route=\/wp\/v2\/types\/page"}],"author":[{"embeddable":true,"href":"https:\/\/meeplendice.net\/index.php?rest_route=\/wp\/v2\/users\/2"}],"replies":[{"embeddable":true,"href":"https:\/\/meeplendice.net\/index.php?rest_route=%2Fwp%2Fv2%2Fcomments&post=8450"}],"version-history":[{"count":4,"href":"https:\/\/meeplendice.net\/index.php?rest_route=\/wp\/v2\/pages\/8450\/revisions"}],"predecessor-version":[{"id":8464,"href":"https:\/\/meeplendice.net\/index.php?rest_route=\/wp\/v2\/pages\/8450\/revisions\/8464"}],"wp:featuredmedia":[{"embeddable":true,"href":"https:\/\/meeplendice.net\/index.php?rest_route=\/wp\/v2\/media\/8449"}],"wp:attachment":[{"href":"https:\/\/meeplendice.net\/index.php?rest_route=%2Fwp%2Fv2%2Fmedia&parent=8450"}],"curies":[{"name":"wp","href":"https:\/\/api.w.org\/{rel}","templated":true}]}}