{"id":8455,"date":"2021-07-06T14:53:02","date_gmt":"2021-07-06T13:53:02","guid":{"rendered":"http:\/\/meeplendice.net\/?page_id=8455"},"modified":"2021-07-06T14:53:16","modified_gmt":"2021-07-06T13:53:16","slug":"8455-2","status":"publish","type":"page","link":"https:\/\/meeplendice.net\/?page_id=8455","title":{"rendered":"Feux Follets"},"content":{"rendered":"<p>Des r\u00e9cits anciens font mention de petites cr\u00e9atures perdues dans le Monde des R\u00eaves, pr\u00eates \u00e0 exaucer les souhaits de la bonne \u00e2me qui les recueillera&#8230;<\/p>\n","protected":false},"excerpt":{"rendered":"<p>Des r\u00e9cits anciens font mention de petites cr\u00e9atures perdues dans le Monde des R\u00eaves, pr\u00eates \u00e0 exaucer les souhaits de la bonne \u00e2me qui les recueillera&#8230;<\/p>\n","protected":false},"author":2,"featured_media":8422,"parent":8450,"menu_order":1,"comment_status":"closed","ping_status":"closed","template":"","meta":{"footnotes":""},"class_list":["post-8455","page","type-page","status-publish","has-post-thumbnail","hentry"],"acf":[],"rttpg_featured_image_url":{"full":["https:\/\/meeplendice.net\/wp-content\/uploads\/2021\/07\/Dreamscape_Feux.png",350,350,false],"landscape":["https:\/\/meeplendice.net\/wp-content\/uploads\/2021\/07\/Dreamscape_Feux.png",350,350,false],"portraits":["https:\/\/meeplendice.net\/wp-content\/uploads\/2021\/07\/Dreamscape_Feux.png",350,350,false],"thumbnail":["https:\/\/meeplendice.net\/wp-content\/uploads\/2021\/07\/Dreamscape_Feux-150x150.png",150,150,true],"medium":["https:\/\/meeplendice.net\/wp-content\/uploads\/2021\/07\/Dreamscape_Feux-300x300.png",300,300,true],"large":["https:\/\/meeplendice.net\/wp-content\/uploads\/2021\/07\/Dreamscape_Feux.png",350,350,false],"ug_big":["https:\/\/meeplendice.net\/wp-content\/uploads\/2021\/07\/Dreamscape_Feux.png",350,350,false],"1536x1536":["https:\/\/meeplendice.net\/wp-content\/uploads\/2021\/07\/Dreamscape_Feux.png",350,350,false],"2048x2048":["https:\/\/meeplendice.net\/wp-content\/uploads\/2021\/07\/Dreamscape_Feux.png",350,350,false],"ashe-slider-grid-thumbnail":["https:\/\/meeplendice.net\/wp-content\/uploads\/2021\/07\/Dreamscape_Feux.png",350,350,false],"ashe-full-thumbnail":["https:\/\/meeplendice.net\/wp-content\/uploads\/2021\/07\/Dreamscape_Feux.png",350,350,false],"ashe-grid-thumbnail":["https:\/\/meeplendice.net\/wp-content\/uploads\/2021\/07\/Dreamscape_Feux-350x330.png",350,330,true],"ashe-list-thumbnail":["https:\/\/meeplendice.net\/wp-content\/uploads\/2021\/07\/Dreamscape_Feux-300x300.png",300,300,true],"ashe-single-navigation":["https:\/\/meeplendice.net\/wp-content\/uploads\/2021\/07\/Dreamscape_Feux-75x75.png",75,75,true],"mailpoet_newsletter_max":["https:\/\/meeplendice.net\/wp-content\/uploads\/2021\/07\/Dreamscape_Feux.png",350,350,false],"rpwe-thumbnail":["https:\/\/meeplendice.net\/wp-content\/uploads\/2021\/07\/Dreamscape_Feux-45x45.png",45,45,true],"sow-carousel-default":["https:\/\/meeplendice.net\/wp-content\/uploads\/2021\/07\/Dreamscape_Feux-272x182.png",272,182,true],"rt_custom":["https:\/\/meeplendice.net\/wp-content\/uploads\/2021\/07\/Dreamscape_Feux.png",350,350,false]},"rttpg_author":{"display_name":"Karnby","author_link":"https:\/\/meeplendice.net\/?author=2"},"rttpg_comment":0,"rttpg_category":null,"rttpg_excerpt":"Des r\u00e9cits anciens font mention de petites cr\u00e9atures perdues dans le Monde des R\u00eaves, pr\u00eates \u00e0 exaucer les souhaits de la bonne \u00e2me qui les recueillera&#8230;","_links":{"self":[{"href":"https:\/\/meeplendice.net\/index.php?rest_route=\/wp\/v2\/pages\/8455","targetHints":{"allow":["GET"]}}],"collection":[{"href":"https:\/\/meeplendice.net\/index.php?rest_route=\/wp\/v2\/pages"}],"about":[{"href":"https:\/\/meeplendice.net\/index.php?rest_route=\/wp\/v2\/types\/page"}],"author":[{"embeddable":true,"href":"https:\/\/meeplendice.net\/index.php?rest_route=\/wp\/v2\/users\/2"}],"replies":[{"embeddable":true,"href":"https:\/\/meeplendice.net\/index.php?rest_route=%2Fwp%2Fv2%2Fcomments&post=8455"}],"version-history":[{"count":2,"href":"https:\/\/meeplendice.net\/index.php?rest_route=\/wp\/v2\/pages\/8455\/revisions"}],"predecessor-version":[{"id":8457,"href":"https:\/\/meeplendice.net\/index.php?rest_route=\/wp\/v2\/pages\/8455\/revisions\/8457"}],"up":[{"embeddable":true,"href":"https:\/\/meeplendice.net\/index.php?rest_route=\/wp\/v2\/pages\/8450"}],"wp:featuredmedia":[{"embeddable":true,"href":"https:\/\/meeplendice.net\/index.php?rest_route=\/wp\/v2\/media\/8422"}],"wp:attachment":[{"href":"https:\/\/meeplendice.net\/index.php?rest_route=%2Fwp%2Fv2%2Fmedia&parent=8455"}],"curies":[{"name":"wp","href":"https:\/\/api.w.org\/{rel}","templated":true}]}}