{"id":8462,"date":"2021-07-06T15:00:04","date_gmt":"2021-07-06T14:00:04","guid":{"rendered":"http:\/\/meeplendice.net\/?page_id=8462"},"modified":"2021-07-06T15:00:31","modified_gmt":"2021-07-06T14:00:31","slug":"creatures-de-reves","status":"publish","type":"page","link":"https:\/\/meeplendice.net\/?page_id=8462","title":{"rendered":"Cr\u00e9atures de R\u00eaves"},"content":{"rendered":"<p>Parfois malignes, parfois taquines, et toutes diff\u00e9rentes, les Cr\u00e9atures de R\u00eave sont souvent d&rsquo;une aide pr\u00e9cieuse.Vous sentez-vous pr\u00eats \u00e0 les attirer ?<\/p>\n","protected":false},"excerpt":{"rendered":"<p>Parfois malignes, parfois taquines, et toutes diff\u00e9rentes, les Cr\u00e9atures de R\u00eave sont souvent d&rsquo;une aide pr\u00e9cieuse.Vous sentez-vous pr\u00eats \u00e0 les attirer ?<\/p>\n","protected":false},"author":2,"featured_media":8424,"parent":8450,"menu_order":4,"comment_status":"closed","ping_status":"closed","template":"","meta":{"footnotes":""},"class_list":["post-8462","page","type-page","status-publish","has-post-thumbnail","hentry"],"acf":[],"rttpg_featured_image_url":{"full":["https:\/\/meeplendice.net\/wp-content\/uploads\/2021\/07\/Dreamscape_Creatures.png",350,350,false],"landscape":["https:\/\/meeplendice.net\/wp-content\/uploads\/2021\/07\/Dreamscape_Creatures.png",350,350,false],"portraits":["https:\/\/meeplendice.net\/wp-content\/uploads\/2021\/07\/Dreamscape_Creatures.png",350,350,false],"thumbnail":["https:\/\/meeplendice.net\/wp-content\/uploads\/2021\/07\/Dreamscape_Creatures-150x150.png",150,150,true],"medium":["https:\/\/meeplendice.net\/wp-content\/uploads\/2021\/07\/Dreamscape_Creatures-300x300.png",300,300,true],"large":["https:\/\/meeplendice.net\/wp-content\/uploads\/2021\/07\/Dreamscape_Creatures.png",350,350,false],"ug_big":["https:\/\/meeplendice.net\/wp-content\/uploads\/2021\/07\/Dreamscape_Creatures.png",350,350,false],"1536x1536":["https:\/\/meeplendice.net\/wp-content\/uploads\/2021\/07\/Dreamscape_Creatures.png",350,350,false],"2048x2048":["https:\/\/meeplendice.net\/wp-content\/uploads\/2021\/07\/Dreamscape_Creatures.png",350,350,false],"ashe-slider-grid-thumbnail":["https:\/\/meeplendice.net\/wp-content\/uploads\/2021\/07\/Dreamscape_Creatures.png",350,350,false],"ashe-full-thumbnail":["https:\/\/meeplendice.net\/wp-content\/uploads\/2021\/07\/Dreamscape_Creatures.png",350,350,false],"ashe-grid-thumbnail":["https:\/\/meeplendice.net\/wp-content\/uploads\/2021\/07\/Dreamscape_Creatures-350x330.png",350,330,true],"ashe-list-thumbnail":["https:\/\/meeplendice.net\/wp-content\/uploads\/2021\/07\/Dreamscape_Creatures-300x300.png",300,300,true],"ashe-single-navigation":["https:\/\/meeplendice.net\/wp-content\/uploads\/2021\/07\/Dreamscape_Creatures-75x75.png",75,75,true],"mailpoet_newsletter_max":["https:\/\/meeplendice.net\/wp-content\/uploads\/2021\/07\/Dreamscape_Creatures.png",350,350,false],"rpwe-thumbnail":["https:\/\/meeplendice.net\/wp-content\/uploads\/2021\/07\/Dreamscape_Creatures-45x45.png",45,45,true],"sow-carousel-default":["https:\/\/meeplendice.net\/wp-content\/uploads\/2021\/07\/Dreamscape_Creatures-272x182.png",272,182,true],"rt_custom":["https:\/\/meeplendice.net\/wp-content\/uploads\/2021\/07\/Dreamscape_Creatures.png",350,350,false]},"rttpg_author":{"display_name":"Karnby","author_link":"https:\/\/meeplendice.net\/?author=2"},"rttpg_comment":0,"rttpg_category":null,"rttpg_excerpt":"Parfois malignes, parfois taquines, et toutes diff\u00e9rentes, les Cr\u00e9atures de R\u00eave sont souvent d&rsquo;une aide pr\u00e9cieuse.Vous sentez-vous pr\u00eats \u00e0 les attirer ?","_links":{"self":[{"href":"https:\/\/meeplendice.net\/index.php?rest_route=\/wp\/v2\/pages\/8462","targetHints":{"allow":["GET"]}}],"collection":[{"href":"https:\/\/meeplendice.net\/index.php?rest_route=\/wp\/v2\/pages"}],"about":[{"href":"https:\/\/meeplendice.net\/index.php?rest_route=\/wp\/v2\/types\/page"}],"author":[{"embeddable":true,"href":"https:\/\/meeplendice.net\/index.php?rest_route=\/wp\/v2\/users\/2"}],"replies":[{"embeddable":true,"href":"https:\/\/meeplendice.net\/index.php?rest_route=%2Fwp%2Fv2%2Fcomments&post=8462"}],"version-history":[{"count":1,"href":"https:\/\/meeplendice.net\/index.php?rest_route=\/wp\/v2\/pages\/8462\/revisions"}],"predecessor-version":[{"id":8463,"href":"https:\/\/meeplendice.net\/index.php?rest_route=\/wp\/v2\/pages\/8462\/revisions\/8463"}],"up":[{"embeddable":true,"href":"https:\/\/meeplendice.net\/index.php?rest_route=\/wp\/v2\/pages\/8450"}],"wp:featuredmedia":[{"embeddable":true,"href":"https:\/\/meeplendice.net\/index.php?rest_route=\/wp\/v2\/media\/8424"}],"wp:attachment":[{"href":"https:\/\/meeplendice.net\/index.php?rest_route=%2Fwp%2Fv2%2Fmedia&parent=8462"}],"curies":[{"name":"wp","href":"https:\/\/api.w.org\/{rel}","templated":true}]}}