{"id":8483,"date":"2021-07-06T16:24:42","date_gmt":"2021-07-06T15:24:42","guid":{"rendered":"http:\/\/meeplendice.net\/?page_id=8483"},"modified":"2023-02-02T11:11:34","modified_gmt":"2023-02-02T10:11:34","slug":"sobek-2","status":"publish","type":"page","link":"https:\/\/meeplendice.net\/?page_id=8483","title":{"rendered":"Sobek"},"content":{"rendered":"<div id=\"pl-8483\"  class=\"panel-layout\" ><div id=\"pg-8483-0\"  class=\"panel-grid panel-no-style\" ><div id=\"pgc-8483-0-0\"  class=\"panel-grid-cell\" ><div id=\"panel-8483-0-0-0\" class=\"so-panel widget widget_sow-editor panel-first-child panel-last-child\" data-index=\"0\" ><div\n\t\t\t\n\t\t\tclass=\"so-widget-sow-editor so-widget-sow-editor-base\"\n\t\t\t\n\t\t>\n<div class=\"siteorigin-widget-tinymce textwidget\">\n\t<p style=\"text-align: center;\"><strong>Nombre de joueurs :<\/strong><br \/>\n2 - 2<\/p>\n<\/div>\n<\/div><\/div><\/div><div id=\"pgc-8483-0-1\"  class=\"panel-grid-cell\" ><div id=\"panel-8483-0-1-0\" class=\"so-panel widget widget_sow-editor panel-first-child panel-last-child\" data-index=\"1\" ><div\n\t\t\t\n\t\t\tclass=\"so-widget-sow-editor so-widget-sow-editor-base\"\n\t\t\t\n\t\t>\n<div class=\"siteorigin-widget-tinymce textwidget\">\n\t<p style=\"text-align: center;\"><strong>Dur\u00e9e moyenne :<\/strong><br \/>\n20 min<\/p>\n<\/div>\n<\/div><\/div><\/div><div id=\"pgc-8483-0-2\"  class=\"panel-grid-cell\" ><div id=\"panel-8483-0-2-0\" class=\"so-panel widget widget_sow-editor panel-first-child panel-last-child\" data-index=\"2\" ><div\n\t\t\t\n\t\t\tclass=\"so-widget-sow-editor so-widget-sow-editor-base\"\n\t\t\t\n\t\t>\n<div class=\"siteorigin-widget-tinymce textwidget\">\n\t<p style=\"text-align: center;\"><strong>Age :<\/strong><br \/>\n10 ans et plus<\/p>\n<\/div>\n<\/div><\/div><\/div><\/div><div id=\"pg-8483-1\"  class=\"panel-grid panel-no-style\" ><div id=\"pgc-8483-1-0\"  class=\"panel-grid-cell\" ><div id=\"panel-8483-1-0-0\" class=\"so-panel widget widget_sow-editor panel-first-child panel-last-child\" data-index=\"3\" ><div\n\t\t\t\n\t\t\tclass=\"so-widget-sow-editor so-widget-sow-editor-base\"\n\t\t\t\n\t\t>\n<div class=\"siteorigin-widget-tinymce textwidget\">\n\t<p style=\"text-align: center;\"><strong>Auteur(s) :<br \/>\n<\/strong>Bruno Cathala<br \/>\nS\u00e9bastien Pauchon<\/p>\n<\/div>\n<\/div><\/div><\/div><div id=\"pgc-8483-1-1\"  class=\"panel-grid-cell\" ><div id=\"panel-8483-1-1-0\" class=\"so-panel widget widget_sow-editor panel-first-child panel-last-child\" data-index=\"4\" ><div\n\t\t\t\n\t\t\tclass=\"so-widget-sow-editor so-widget-sow-editor-base\"\n\t\t\t\n\t\t>\n<div class=\"siteorigin-widget-tinymce textwidget\">\n\t<p style=\"text-align: center;\"><strong>Illustrations :<br \/>\n<\/strong>Na\u00efade<\/p>\n<\/div>\n<\/div><\/div><\/div><div id=\"pgc-8483-1-2\"  class=\"panel-grid-cell\" ><div id=\"panel-8483-1-2-0\" class=\"so-panel widget widget_sow-editor panel-first-child panel-last-child\" data-index=\"5\" ><div\n\t\t\t\n\t\t\tclass=\"so-widget-sow-editor so-widget-sow-editor-base\"\n\t\t\t\n\t\t>\n<div class=\"siteorigin-widget-tinymce textwidget\">\n\t<p style=\"text-align: center;\"><strong>\u00c9dition :<\/strong><br \/>\nCatch Up Games<br \/>\n2021<\/p>\n<\/div>\n<\/div><\/div><\/div><div id=\"pgc-8483-1-3\"  class=\"panel-grid-cell\" ><div id=\"panel-8483-1-3-0\" class=\"so-panel widget widget_sow-editor panel-first-child panel-last-child\" data-index=\"6\" ><div\n\t\t\t\n\t\t\tclass=\"so-widget-sow-editor so-widget-sow-editor-base\"\n\t\t\t\n\t\t>\n<div class=\"siteorigin-widget-tinymce textwidget\">\n\t<p style=\"text-align: center;\"><strong>Version :<\/strong><br \/>\nFran\u00e7aise<\/p>\n<\/div>\n<\/div><\/div><\/div><\/div><div id=\"pg-8483-2\"  class=\"panel-grid panel-no-style\" ><div id=\"pgc-8483-2-0\"  class=\"panel-grid-cell\" ><div id=\"panel-8483-2-0-0\" class=\"so-panel widget widget_sow-editor panel-first-child panel-last-child\" data-index=\"7\" ><div\n\t\t\t\n\t\t\tclass=\"so-widget-sow-editor so-widget-sow-editor-base\"\n\t\t\t\n\t\t>\n<div class=\"siteorigin-widget-tinymce textwidget\">\n\t<hr \/>\n<p><em>La construction du temple d\u00e9di\u00e9 \u00e0 Sobek bat son plein. Un \u00e9norme march\u00e9 voit le jour juste \u00e0 c\u00f4t\u00e9, approvisionn\u00e9 par le balai incessant des felouques et pirogues sur le Nil. Votre guilde marchande et celle de votre adversaire sont bien d\u00e9termin\u00e9es \u00e0 tirer profit de cette incroyable opportunit\u00e9. Le dieu Sobek pourrait bien faire pencher la balance, en apportant ses faveurs au marchand le moins corrompu.<\/em><\/p>\n<p>Une nouvelle version, pour deux, du classique de Bruno Cathala ! Soyez malin, voire fourbe, pour vendre les meilleurs lots de Marchandises tout en contr\u00f4lant votre adversaire. Mais attention, vos choix peuvent vous corrompre. Et la corruption a un prix\u2026.<\/p>\n<\/div>\n<\/div><\/div><\/div><\/div><div id=\"pg-8483-3\"  class=\"panel-grid panel-no-style\" ><div id=\"pgc-8483-3-0\"  class=\"panel-grid-cell\" ><div id=\"panel-8483-3-0-0\" class=\"so-panel widget widget_sow-editor panel-first-child panel-last-child\" data-index=\"8\" ><div\n\t\t\t\n\t\t\tclass=\"so-widget-sow-editor so-widget-sow-editor-base\"\n\t\t\t\n\t\t>\n<div class=\"siteorigin-widget-tinymce textwidget\">\n\t<hr \/>\n<h3 style=\"text-align: center;\">En vid\u00e9o<\/h3>\n<\/div>\n<\/div><\/div><\/div><\/div><div id=\"pg-8483-4\"  class=\"panel-grid panel-no-style\" ><div id=\"pgc-8483-4-0\"  class=\"panel-grid-cell\" ><div id=\"panel-8483-4-0-0\" class=\"so-panel widget widget_sow-editor panel-first-child panel-last-child\" data-index=\"9\" ><div\n\t\t\t\n\t\t\tclass=\"so-widget-sow-editor so-widget-sow-editor-base\"\n\t\t\t\n\t\t>\n<div class=\"siteorigin-widget-tinymce textwidget\">\n\t<hr \/>\n<h3 style=\"text-align: center;\">Extension(s)<\/h3>\n<style type='text\/css' media='all'>#rt-tpg-container-917305748 .read-more a{border-radius:px;}#rt-tpg-container-917305748 .rt-img-holder img.rt-img-responsive,#rt-tpg-container-917305748 .rt-img-holder,\n\t\t\t\t\t#rt-tpg-container-917305748 .rt-post-overlay .post-img,\n\t\t\t\t\t#rt-tpg-container-917305748 .post-sm .post-img,\n\t\t\t\t\t#rt-tpg-container-917305748 .rt-post-grid .post-img,\n\t\t\t\t\t#rt-tpg-container-917305748 .post-img img {border-radius:px;}#rt-tpg-container-917305748 .layout9 .rt-holder h2.entry-title,\n\t\t\t\t\t#rt-tpg-container-917305748 .layout9 .rt-holder h3.entry-title,\n\t\t\t\t\t#rt-tpg-container-917305748 .layout9 .rt-holder h4.entry-title,\n\t\t\t\t\t#rt-tpg-container-917305748 .layout9 .rt-holder h2.entry-title a,\n\t\t\t\t\t#rt-tpg-container-917305748 .layout9 .rt-holder h3.entry-title a,\n\t\t\t\t\t#rt-tpg-container-917305748 .layout9 .rt-holder h4.entry-title a,\n\t\t\t\t\t#rt-tpg-container-917305748 .rt-holder .rt-woo-info h2 a,\n\t\t\t\t\t#rt-tpg-container-917305748 .rt-holder .rt-woo-info h3 a,\n\t\t\t\t\t#rt-tpg-container-917305748 .rt-holder .rt-woo-info h4 a,\n\t\t\t\t\t#rt-tpg-container-917305748 .post-content .post-title,\n\t\t\t\t\t#rt-tpg-container-917305748 .rt-post-grid .post-title,\n\t\t\t\t\t#rt-tpg-container-917305748 .rt-post-grid .post-title a,\n\t\t\t\t\t#rt-tpg-container-917305748 .post-content .post-title a,\n\t\t\t\t\t#rt-tpg-container-917305748 .rt-holder .rt-woo-info h2,\n\t\t\t\t\t#rt-tpg-container-917305748 .rt-holder .rt-woo-info h3,\n\t\t\t\t\t#rt-tpg-container-917305748 .rt-holder .rt-woo-info h4{font-size:16px;line-height:26px;font-weight:normal;text-align:center;}#rt-tpg-container-917305748 .post-grid-lg-style-1 .post-title,\n\t\t\t\t\t\t#rt-tpg-container-917305748 .post-grid-lg-style-1 .post-title a,\n\t\t\t\t\t\t#rt-tpg-container-917305748 .big-layout .post-title,\n\t\t\t\t\t\t#rt-tpg-container-917305748 .big-layout .post-title a,\n\t\t\t\t\t\t#rt-tpg-container-917305748 .post-grid-lg-style-1 .post-title,\n\t\t\t\t\t\t#rt-tpg-container-917305748 .post-grid-lg-style-1 .post-title a {font-size:24px;line-height:34px;}<\/style><div class='rt-container-fluid rt-tpg-container tpg-shortcode-main-wrapper ' id='rt-tpg-container-917305748'   data-layout='layout9' data-grid-style='masonry' data-desktop-col='3'  data-tab-col='2'  data-mobile-col='1' data-sc-id='10601'><div data-title='Loading ...' class='rt-row rt-content-loader   layout9 tpg-masonry '><div class=\"rt-col-md-4 rt-col-sm-6 rt-col-xs-12 masonry-grid-item rt-grid-item img_zoom_in\" data-id=\"10593\"><div class=\"rt-holder\"><div class='overlay'><a data-id='10593' class=' tpg-single-popup' href='https:\/\/meeplendice.net\/?page_id=10593'><img loading=\"lazy\" decoding=\"async\" width=\"350\" height=\"350\" src=\"https:\/\/meeplendice.net\/wp-content\/uploads\/2023\/02\/Sobek_TresorsPharaon.png\" class=\"rt-img-responsive \" alt=\"\" \/><\/a><\/div><div class='post-info'><h3 class=\"entry-title\"><a data-id=\"10593\" class=\" tpg-single-popup\" href=\"https:\/\/meeplendice.net\/?page_id=10593\">Les Tr\u00e9sors de Pharaon<\/a><\/h3><div class='post-meta-user '><\/div><\/div><\/div><\/div><\/div><div class='rt-pagination-wrap' data-total-pages='1' data-posts-per-page='3' data-type='pagination_ajax'  ><div class='rt-page-numbers'><\/div><\/div><\/div>\n<\/div>\n<\/div><\/div><\/div><\/div><div id=\"pg-8483-5\"  class=\"panel-grid panel-no-style\" ><div id=\"pgc-8483-5-0\"  class=\"panel-grid-cell\" ><div id=\"panel-8483-5-0-0\" class=\"so-panel widget widget_sow-editor panel-first-child panel-last-child\" data-index=\"10\" ><div\n\t\t\t\n\t\t\tclass=\"so-widget-sow-editor so-widget-sow-editor-base\"\n\t\t\t\n\t\t>\n<div class=\"siteorigin-widget-tinymce textwidget\">\n\t<hr \/>\n<h3 style=\"text-align: center;\">Pour aller plus loin<\/h3>\n<\/div>\n<\/div><\/div><\/div><\/div><\/div>","protected":false},"excerpt":{"rendered":"<p>Nombre de joueurs : 2 &#8211; 2 Dur\u00e9e moyenne : 20 min Age : 10 ans et plus Auteur(s) : Bruno Cathala S\u00e9bastien Pauchon Illustrations : Na\u00efade \u00c9dition : Catch Up Games 2021 Version : Fran\u00e7aise<\/p>\n","protected":false},"author":2,"featured_media":8439,"parent":0,"menu_order":0,"comment_status":"closed","ping_status":"closed","template":"","meta":{"footnotes":""},"class_list":["post-8483","page","type-page","status-publish","has-post-thumbnail","hentry"],"acf":[],"rttpg_featured_image_url":{"full":["https:\/\/meeplendice.net\/wp-content\/uploads\/2021\/07\/Sobek.png",350,350,false],"landscape":["https:\/\/meeplendice.net\/wp-content\/uploads\/2021\/07\/Sobek.png",350,350,false],"portraits":["https:\/\/meeplendice.net\/wp-content\/uploads\/2021\/07\/Sobek.png",350,350,false],"thumbnail":["https:\/\/meeplendice.net\/wp-content\/uploads\/2021\/07\/Sobek-150x150.png",150,150,true],"medium":["https:\/\/meeplendice.net\/wp-content\/uploads\/2021\/07\/Sobek-300x300.png",300,300,true],"large":["https:\/\/meeplendice.net\/wp-content\/uploads\/2021\/07\/Sobek.png",350,350,false],"ug_big":["https:\/\/meeplendice.net\/wp-content\/uploads\/2021\/07\/Sobek.png",350,350,false],"1536x1536":["https:\/\/meeplendice.net\/wp-content\/uploads\/2021\/07\/Sobek.png",350,350,false],"2048x2048":["https:\/\/meeplendice.net\/wp-content\/uploads\/2021\/07\/Sobek.png",350,350,false],"ashe-slider-grid-thumbnail":["https:\/\/meeplendice.net\/wp-content\/uploads\/2021\/07\/Sobek.png",350,350,false],"ashe-full-thumbnail":["https:\/\/meeplendice.net\/wp-content\/uploads\/2021\/07\/Sobek.png",350,350,false],"ashe-grid-thumbnail":["https:\/\/meeplendice.net\/wp-content\/uploads\/2021\/07\/Sobek-350x330.png",350,330,true],"ashe-list-thumbnail":["https:\/\/meeplendice.net\/wp-content\/uploads\/2021\/07\/Sobek-300x300.png",300,300,true],"ashe-single-navigation":["https:\/\/meeplendice.net\/wp-content\/uploads\/2021\/07\/Sobek-75x75.png",75,75,true],"mailpoet_newsletter_max":["https:\/\/meeplendice.net\/wp-content\/uploads\/2021\/07\/Sobek.png",350,350,false],"rpwe-thumbnail":["https:\/\/meeplendice.net\/wp-content\/uploads\/2021\/07\/Sobek-45x45.png",45,45,true],"sow-carousel-default":["https:\/\/meeplendice.net\/wp-content\/uploads\/2021\/07\/Sobek-272x182.png",272,182,true],"rt_custom":["https:\/\/meeplendice.net\/wp-content\/uploads\/2021\/07\/Sobek.png",350,350,false]},"rttpg_author":{"display_name":"Karnby","author_link":"https:\/\/meeplendice.net\/?author=2"},"rttpg_comment":0,"rttpg_category":null,"rttpg_excerpt":"Nombre de joueurs : 2 - 2 Dur\u00e9e moyenne : 20 min Age : 10 ans et plus Auteur(s) : Bruno Cathala S\u00e9bastien Pauchon Illustrations : Na\u00efade \u00c9dition : Catch Up Games 2021 Version : Fran\u00e7aise","_links":{"self":[{"href":"https:\/\/meeplendice.net\/index.php?rest_route=\/wp\/v2\/pages\/8483","targetHints":{"allow":["GET"]}}],"collection":[{"href":"https:\/\/meeplendice.net\/index.php?rest_route=\/wp\/v2\/pages"}],"about":[{"href":"https:\/\/meeplendice.net\/index.php?rest_route=\/wp\/v2\/types\/page"}],"author":[{"embeddable":true,"href":"https:\/\/meeplendice.net\/index.php?rest_route=\/wp\/v2\/users\/2"}],"replies":[{"embeddable":true,"href":"https:\/\/meeplendice.net\/index.php?rest_route=%2Fwp%2Fv2%2Fcomments&post=8483"}],"version-history":[{"count":6,"href":"https:\/\/meeplendice.net\/index.php?rest_route=\/wp\/v2\/pages\/8483\/revisions"}],"predecessor-version":[{"id":10602,"href":"https:\/\/meeplendice.net\/index.php?rest_route=\/wp\/v2\/pages\/8483\/revisions\/10602"}],"wp:featuredmedia":[{"embeddable":true,"href":"https:\/\/meeplendice.net\/index.php?rest_route=\/wp\/v2\/media\/8439"}],"wp:attachment":[{"href":"https:\/\/meeplendice.net\/index.php?rest_route=%2Fwp%2Fv2%2Fmedia&parent=8483"}],"curies":[{"name":"wp","href":"https:\/\/api.w.org\/{rel}","templated":true}]}}