{"id":8491,"date":"2021-07-06T17:46:50","date_gmt":"2021-07-06T16:46:50","guid":{"rendered":"http:\/\/meeplendice.net\/?page_id=8491"},"modified":"2022-01-24T16:26:41","modified_gmt":"2022-01-24T15:26:41","slug":"botanik-2","status":"publish","type":"page","link":"https:\/\/meeplendice.net\/?page_id=8491","title":{"rendered":"Botanik"},"content":{"rendered":"<div id=\"pl-8491\"  class=\"panel-layout\" ><div id=\"pg-8491-0\"  class=\"panel-grid panel-no-style\" ><div id=\"pgc-8491-0-0\"  class=\"panel-grid-cell\" ><div id=\"panel-8491-0-0-0\" class=\"so-panel widget widget_sow-editor panel-first-child panel-last-child\" data-index=\"0\" ><div\n\t\t\t\n\t\t\tclass=\"so-widget-sow-editor so-widget-sow-editor-base\"\n\t\t\t\n\t\t>\n<div class=\"siteorigin-widget-tinymce textwidget\">\n\t<p style=\"text-align: center;\"><strong>Nombre de joueurs :<\/strong><br \/>\n2 - 2<\/p>\n<\/div>\n<\/div><\/div><\/div><div id=\"pgc-8491-0-1\"  class=\"panel-grid-cell\" ><div id=\"panel-8491-0-1-0\" class=\"so-panel widget widget_sow-editor panel-first-child panel-last-child\" data-index=\"1\" ><div\n\t\t\t\n\t\t\tclass=\"so-widget-sow-editor so-widget-sow-editor-base\"\n\t\t\t\n\t\t>\n<div class=\"siteorigin-widget-tinymce textwidget\">\n\t<p style=\"text-align: center;\"><strong>Dur\u00e9e moyenne :<\/strong><br \/>\n30 min<\/p>\n<\/div>\n<\/div><\/div><\/div><div id=\"pgc-8491-0-2\"  class=\"panel-grid-cell\" ><div id=\"panel-8491-0-2-0\" class=\"so-panel widget widget_sow-editor panel-first-child panel-last-child\" data-index=\"2\" ><div\n\t\t\t\n\t\t\tclass=\"so-widget-sow-editor so-widget-sow-editor-base\"\n\t\t\t\n\t\t>\n<div class=\"siteorigin-widget-tinymce textwidget\">\n\t<p style=\"text-align: center;\"><strong>Age :<\/strong><br \/>\n10 ans et plus<\/p>\n<\/div>\n<\/div><\/div><\/div><\/div><div id=\"pg-8491-1\"  class=\"panel-grid panel-no-style\" ><div id=\"pgc-8491-1-0\"  class=\"panel-grid-cell\" ><div id=\"panel-8491-1-0-0\" class=\"so-panel widget widget_sow-editor panel-first-child panel-last-child\" data-index=\"3\" ><div\n\t\t\t\n\t\t\tclass=\"so-widget-sow-editor so-widget-sow-editor-base\"\n\t\t\t\n\t\t>\n<div class=\"siteorigin-widget-tinymce textwidget\">\n\t<p style=\"text-align: center;\"><strong>Auteur(s) :<br \/>\n<\/strong>S\u00e9bastien Pauchon<br \/>\nGr\u00e9goire Largey<br \/>\nFrank Crittin<\/p>\n<\/div>\n<\/div><\/div><\/div><div id=\"pgc-8491-1-1\"  class=\"panel-grid-cell\" ><div id=\"panel-8491-1-1-0\" class=\"so-panel widget widget_sow-editor panel-first-child panel-last-child\" data-index=\"4\" ><div\n\t\t\t\n\t\t\tclass=\"so-widget-sow-editor so-widget-sow-editor-base\"\n\t\t\t\n\t\t>\n<div class=\"siteorigin-widget-tinymce textwidget\">\n\t<p style=\"text-align: center;\"><strong>Illustrations :<br \/>\n<\/strong>Franck Dion<\/p>\n<\/div>\n<\/div><\/div><\/div><div id=\"pgc-8491-1-2\"  class=\"panel-grid-cell\" ><div id=\"panel-8491-1-2-0\" class=\"so-panel widget widget_sow-editor panel-first-child panel-last-child\" data-index=\"5\" ><div\n\t\t\t\n\t\t\tclass=\"so-widget-sow-editor so-widget-sow-editor-base\"\n\t\t\t\n\t\t>\n<div class=\"siteorigin-widget-tinymce textwidget\">\n\t<p style=\"text-align: center;\"><strong>\u00c9dition :<\/strong><br \/>\nSpace Cowboys<br \/>\n2021<\/p>\n<\/div>\n<\/div><\/div><\/div><div id=\"pgc-8491-1-3\"  class=\"panel-grid-cell\" ><div id=\"panel-8491-1-3-0\" class=\"so-panel widget widget_sow-editor panel-first-child panel-last-child\" data-index=\"6\" ><div\n\t\t\t\n\t\t\tclass=\"so-widget-sow-editor so-widget-sow-editor-base\"\n\t\t\t\n\t\t>\n<div class=\"siteorigin-widget-tinymce textwidget\">\n\t<p style=\"text-align: center;\"><strong>Version :<\/strong><br \/>\nFran\u00e7aise<\/p>\n<\/div>\n<\/div><\/div><\/div><\/div><div id=\"pg-8491-2\"  class=\"panel-grid panel-no-style\" ><div id=\"pgc-8491-2-0\"  class=\"panel-grid-cell\" ><div id=\"panel-8491-2-0-0\" class=\"so-panel widget widget_sow-editor panel-first-child panel-last-child\" data-index=\"7\" ><div\n\t\t\t\n\t\t\tclass=\"so-widget-sow-editor so-widget-sow-editor-base\"\n\t\t\t\n\t\t>\n<div class=\"siteorigin-widget-tinymce textwidget\">\n\t<hr \/>\n<p>Dans l\u2019intimit\u00e9 feutr\u00e9e de son laboratoire, l\u2019\u00e9minente chercheuse Beatrix Bury vient d\u2019\u00e9laborer une technologie qui permet de g\u00e9n\u00e9rer m\u00e9caniquement toutes sortes de v\u00e9g\u00e9taux. Plantes subtropicales, pommes de terre stellaires, mandarines d\u2019Orion, le proc\u00e9d\u00e9 ouvre une voie pour sauver le peuple Katbra, prisonnier d\u2019une plan\u00e8te faite de m\u00e9tal rouill\u00e9 et de vapeurs toxiques.<br \/>\nC\u2019est dans l\u2019urgence d\u2019un monde menac\u00e9 d\u2019extinction que la scientifique charge deux de ses meilleures \u00e9quipes de M\u00e9ca-botaniciens de mettre en \u0153uvre ses plans\u2026 qui sont parfois bien retors. Chaque \u00e9quipe prend sa mission \u00e0 c\u0153ur et le laboratoire de Beatrix est alors le th\u00e9\u00e2tre d\u2019une lutte acharn\u00e9e pour produire la machine la plus performante. Promu \u00e0 la t\u00eate d\u2019une des deux \u00e9quipes, il vous appartient de relever le d\u00e9fi !<\/p>\n<\/div>\n<\/div><\/div><\/div><\/div><div id=\"pg-8491-3\"  class=\"panel-grid panel-no-style\" ><div id=\"pgc-8491-3-0\"  class=\"panel-grid-cell\" ><div id=\"panel-8491-3-0-0\" class=\"so-panel widget widget_sow-editor panel-first-child panel-last-child\" data-index=\"8\" ><div\n\t\t\t\n\t\t\tclass=\"so-widget-sow-editor so-widget-sow-editor-base\"\n\t\t\t\n\t\t>\n<div class=\"siteorigin-widget-tinymce textwidget\">\n\t<hr \/>\n<h3 style=\"text-align: center;\">En vid\u00e9o<\/h3>\n<p><a href=\"https:\/\/www.trictrac.net\/video\/Explipartie_Botanik\" target=\"_blank\" rel=\"noopener\"><img loading=\"lazy\" decoding=\"async\" class=\"alignnone size-full wp-image-9090\" src=\"https:\/\/meeplendice.net\/wp-content\/uploads\/2022\/01\/Link_CJ_v2.png\" alt=\"\" width=\"200\" height=\"170\" \/><\/a><\/p>\n<\/div>\n<\/div><\/div><\/div><\/div><div id=\"pg-8491-4\"  class=\"panel-grid panel-no-style\" ><div id=\"pgc-8491-4-0\"  class=\"panel-grid-cell\" ><div id=\"panel-8491-4-0-0\" class=\"so-panel widget widget_sow-editor panel-first-child panel-last-child\" data-index=\"9\" ><div\n\t\t\t\n\t\t\tclass=\"so-widget-sow-editor so-widget-sow-editor-base\"\n\t\t\t\n\t\t>\n<div class=\"siteorigin-widget-tinymce textwidget\">\n\t<hr \/>\n<h3 style=\"text-align: center;\">Pour aller plus loin<\/h3>\n<\/div>\n<\/div><\/div><\/div><\/div><\/div>","protected":false},"excerpt":{"rendered":"<p>Nombre de joueurs : 2 &#8211; 2 Dur\u00e9e moyenne : 30 min Age : 10 ans et plus Auteur(s) : S\u00e9bastien Pauchon Gr\u00e9goire Largey Frank Crittin Illustrations : Franck Dion \u00c9dition : Space Cowboys 2021 Version : Fran\u00e7aise<\/p>\n","protected":false},"author":2,"featured_media":8436,"parent":0,"menu_order":0,"comment_status":"closed","ping_status":"closed","template":"","meta":{"footnotes":""},"class_list":["post-8491","page","type-page","status-publish","has-post-thumbnail","hentry"],"acf":[],"rttpg_featured_image_url":{"full":["https:\/\/meeplendice.net\/wp-content\/uploads\/2021\/07\/Botanik.png",350,350,false],"landscape":["https:\/\/meeplendice.net\/wp-content\/uploads\/2021\/07\/Botanik.png",350,350,false],"portraits":["https:\/\/meeplendice.net\/wp-content\/uploads\/2021\/07\/Botanik.png",350,350,false],"thumbnail":["https:\/\/meeplendice.net\/wp-content\/uploads\/2021\/07\/Botanik-150x150.png",150,150,true],"medium":["https:\/\/meeplendice.net\/wp-content\/uploads\/2021\/07\/Botanik-300x300.png",300,300,true],"large":["https:\/\/meeplendice.net\/wp-content\/uploads\/2021\/07\/Botanik.png",350,350,false],"ug_big":["https:\/\/meeplendice.net\/wp-content\/uploads\/2021\/07\/Botanik.png",350,350,false],"1536x1536":["https:\/\/meeplendice.net\/wp-content\/uploads\/2021\/07\/Botanik.png",350,350,false],"2048x2048":["https:\/\/meeplendice.net\/wp-content\/uploads\/2021\/07\/Botanik.png",350,350,false],"ashe-slider-grid-thumbnail":["https:\/\/meeplendice.net\/wp-content\/uploads\/2021\/07\/Botanik.png",350,350,false],"ashe-full-thumbnail":["https:\/\/meeplendice.net\/wp-content\/uploads\/2021\/07\/Botanik.png",350,350,false],"ashe-grid-thumbnail":["https:\/\/meeplendice.net\/wp-content\/uploads\/2021\/07\/Botanik-350x330.png",350,330,true],"ashe-list-thumbnail":["https:\/\/meeplendice.net\/wp-content\/uploads\/2021\/07\/Botanik-300x300.png",300,300,true],"ashe-single-navigation":["https:\/\/meeplendice.net\/wp-content\/uploads\/2021\/07\/Botanik-75x75.png",75,75,true],"mailpoet_newsletter_max":["https:\/\/meeplendice.net\/wp-content\/uploads\/2021\/07\/Botanik.png",350,350,false],"rpwe-thumbnail":["https:\/\/meeplendice.net\/wp-content\/uploads\/2021\/07\/Botanik-45x45.png",45,45,true],"sow-carousel-default":["https:\/\/meeplendice.net\/wp-content\/uploads\/2021\/07\/Botanik-272x182.png",272,182,true],"rt_custom":["https:\/\/meeplendice.net\/wp-content\/uploads\/2021\/07\/Botanik.png",350,350,false]},"rttpg_author":{"display_name":"Karnby","author_link":"https:\/\/meeplendice.net\/?author=2"},"rttpg_comment":0,"rttpg_category":null,"rttpg_excerpt":"Nombre de joueurs : 2 - 2 Dur\u00e9e moyenne : 30 min Age : 10 ans et plus Auteur(s) : S\u00e9bastien Pauchon Gr\u00e9goire Largey Frank Crittin Illustrations : Franck Dion \u00c9dition : Space Cowboys 2021 Version : Fran\u00e7aise","_links":{"self":[{"href":"https:\/\/meeplendice.net\/index.php?rest_route=\/wp\/v2\/pages\/8491","targetHints":{"allow":["GET"]}}],"collection":[{"href":"https:\/\/meeplendice.net\/index.php?rest_route=\/wp\/v2\/pages"}],"about":[{"href":"https:\/\/meeplendice.net\/index.php?rest_route=\/wp\/v2\/types\/page"}],"author":[{"embeddable":true,"href":"https:\/\/meeplendice.net\/index.php?rest_route=\/wp\/v2\/users\/2"}],"replies":[{"embeddable":true,"href":"https:\/\/meeplendice.net\/index.php?rest_route=%2Fwp%2Fv2%2Fcomments&post=8491"}],"version-history":[{"count":9,"href":"https:\/\/meeplendice.net\/index.php?rest_route=\/wp\/v2\/pages\/8491\/revisions"}],"predecessor-version":[{"id":9526,"href":"https:\/\/meeplendice.net\/index.php?rest_route=\/wp\/v2\/pages\/8491\/revisions\/9526"}],"wp:featuredmedia":[{"embeddable":true,"href":"https:\/\/meeplendice.net\/index.php?rest_route=\/wp\/v2\/media\/8436"}],"wp:attachment":[{"href":"https:\/\/meeplendice.net\/index.php?rest_route=%2Fwp%2Fv2%2Fmedia&parent=8491"}],"curies":[{"name":"wp","href":"https:\/\/api.w.org\/{rel}","templated":true}]}}