{"id":8508,"date":"2021-07-06T18:36:46","date_gmt":"2021-07-06T17:36:46","guid":{"rendered":"http:\/\/meeplendice.net\/?page_id=8508"},"modified":"2021-07-06T18:51:46","modified_gmt":"2021-07-06T17:51:46","slug":"gorinto-2","status":"publish","type":"page","link":"https:\/\/meeplendice.net\/?page_id=8508","title":{"rendered":"Gorinto"},"content":{"rendered":"<div id=\"pl-8508\"  class=\"panel-layout\" ><div id=\"pg-8508-0\"  class=\"panel-grid panel-no-style\" ><div id=\"pgc-8508-0-0\"  class=\"panel-grid-cell\" ><div id=\"panel-8508-0-0-0\" class=\"so-panel widget widget_sow-editor panel-first-child panel-last-child\" data-index=\"0\" ><div\n\t\t\t\n\t\t\tclass=\"so-widget-sow-editor so-widget-sow-editor-base\"\n\t\t\t\n\t\t>\n<div class=\"siteorigin-widget-tinymce textwidget\">\n\t<p style=\"text-align: center;\"><strong>Nombre de joueurs :<\/strong><br \/>\n1 - 4 (5 avec extension)<\/p>\n<\/div>\n<\/div><\/div><\/div><div id=\"pgc-8508-0-1\"  class=\"panel-grid-cell\" ><div id=\"panel-8508-0-1-0\" class=\"so-panel widget widget_sow-editor panel-first-child panel-last-child\" data-index=\"1\" ><div\n\t\t\t\n\t\t\tclass=\"so-widget-sow-editor so-widget-sow-editor-base\"\n\t\t\t\n\t\t>\n<div class=\"siteorigin-widget-tinymce textwidget\">\n\t<p style=\"text-align: center;\"><strong>Dur\u00e9e moyenne :<\/strong><br \/>\n30 min<\/p>\n<\/div>\n<\/div><\/div><\/div><div id=\"pgc-8508-0-2\"  class=\"panel-grid-cell\" ><div id=\"panel-8508-0-2-0\" class=\"so-panel widget widget_sow-editor panel-first-child panel-last-child\" data-index=\"2\" ><div\n\t\t\t\n\t\t\tclass=\"so-widget-sow-editor so-widget-sow-editor-base\"\n\t\t\t\n\t\t>\n<div class=\"siteorigin-widget-tinymce textwidget\">\n\t<p style=\"text-align: center;\"><strong>Age :<\/strong><br \/>\n14 ans et plus<\/p>\n<\/div>\n<\/div><\/div><\/div><\/div><div id=\"pg-8508-1\"  class=\"panel-grid panel-no-style\" ><div id=\"pgc-8508-1-0\"  class=\"panel-grid-cell\" ><div id=\"panel-8508-1-0-0\" class=\"so-panel widget widget_sow-editor panel-first-child panel-last-child\" data-index=\"3\" ><div\n\t\t\t\n\t\t\tclass=\"so-widget-sow-editor so-widget-sow-editor-base\"\n\t\t\t\n\t\t>\n<div class=\"siteorigin-widget-tinymce textwidget\">\n\t<p style=\"text-align: center;\"><strong>Auteur(s) :<br \/>\n<\/strong>Richard Yaner<\/p>\n<\/div>\n<\/div><\/div><\/div><div id=\"pgc-8508-1-1\"  class=\"panel-grid-cell\" ><div id=\"panel-8508-1-1-0\" class=\"so-panel widget widget_sow-editor panel-first-child panel-last-child\" data-index=\"4\" ><div\n\t\t\t\n\t\t\tclass=\"so-widget-sow-editor so-widget-sow-editor-base\"\n\t\t\t\n\t\t>\n<div class=\"siteorigin-widget-tinymce textwidget\">\n\t<p style=\"text-align: center;\"><strong>Illustrations :<\/strong><br \/>\nJoshua Cappel<\/p>\n<\/div>\n<\/div><\/div><\/div><div id=\"pgc-8508-1-2\"  class=\"panel-grid-cell\" ><div id=\"panel-8508-1-2-0\" class=\"so-panel widget widget_sow-editor panel-first-child panel-last-child\" data-index=\"5\" ><div\n\t\t\t\n\t\t\tclass=\"so-widget-sow-editor so-widget-sow-editor-base\"\n\t\t\t\n\t\t>\n<div class=\"siteorigin-widget-tinymce textwidget\">\n\t<p style=\"text-align: center;\"><strong>\u00c9dition :<\/strong><br \/>\nSuper Meeple<br \/>\n2021<\/p>\n<\/div>\n<\/div><\/div><\/div><div id=\"pgc-8508-1-3\"  class=\"panel-grid-cell\" ><div id=\"panel-8508-1-3-0\" class=\"so-panel widget widget_sow-editor panel-first-child panel-last-child\" data-index=\"6\" ><div\n\t\t\t\n\t\t\tclass=\"so-widget-sow-editor so-widget-sow-editor-base\"\n\t\t\t\n\t\t>\n<div class=\"siteorigin-widget-tinymce textwidget\">\n\t<p style=\"text-align: center;\"><strong>Version :<\/strong><br \/>\nFran\u00e7aise<\/p>\n<\/div>\n<\/div><\/div><\/div><\/div><div id=\"pg-8508-2\"  class=\"panel-grid panel-no-style\" ><div id=\"pgc-8508-2-0\"  class=\"panel-grid-cell\" ><div id=\"panel-8508-2-0-0\" class=\"so-panel widget widget_sow-editor panel-first-child panel-last-child\" data-index=\"7\" ><div\n\t\t\t\n\t\t\tclass=\"so-widget-sow-editor so-widget-sow-editor-base\"\n\t\t\t\n\t\t>\n<div class=\"siteorigin-widget-tinymce textwidget\">\n\t<hr \/>\n<p><em>Un Gorinto est un sanctuaire comm\u00e9moratif japonais. Ses cinq niveaux symbolisent les cinq \u00e9l\u00e9ments qui se combinent pour former une compr\u00e9hension parfaite. Les \u00e9l\u00e9ments collectent l\u2019\u00e9nergie dans des sch\u00e9mas uniques, vous mettant au d\u00e9fi de trouver la voie id\u00e9ale vers l\u2019\u00e9quilibre et l\u2019harmonie. La terre creuse profond\u00e9ment, l\u2019eau coule en abondance, le feu monte haut, le vent souffle librement et le vide se glisse entre les autres. Pouvez-vous acqu\u00e9rir la connaissance dont vous avez besoin pour d\u00e9couvrir la vraie sagesse ?<\/em><\/p>\n<p>Collectez des tuiles pour construire un Gorinto sur votre plateau qui cr\u00e9era la plus grande sagesse en fonction des deux objectifs et des deux \u00e9l\u00e9ments cl\u00e9s.<br \/>\n\u00c0 chaque tour, vous d\u00e9placerez une tuile du Chemin vers la Montagne et vous collecterez de nouvelles tuiles en fonction de celle que vous avez d\u00e9plac\u00e9e et de la connaissance que vous avez acquise de cet \u00e9l\u00e9ment. \u00c0 la fin de chaque saison, les joueurs gagneront de la sagesse en fonction des cartes Objectif. \u00c0 la fin de la partie, les joueurs gagneront \u00e9galement de la sagesse pour les \u00e9l\u00e9ments cl\u00e9s du jeu. Le joueur qui a accumul\u00e9 le plus de sagesse remportera la partie !<\/p>\n<\/div>\n<\/div><\/div><\/div><\/div><div id=\"pg-8508-3\"  class=\"panel-grid panel-no-style\" ><div id=\"pgc-8508-3-0\"  class=\"panel-grid-cell\" ><div id=\"panel-8508-3-0-0\" class=\"so-panel widget widget_sow-editor panel-first-child panel-last-child\" data-index=\"8\" ><div\n\t\t\t\n\t\t\tclass=\"so-widget-sow-editor so-widget-sow-editor-base\"\n\t\t\t\n\t\t>\n<div class=\"siteorigin-widget-tinymce textwidget\">\n\t<hr \/>\n<p style=\"text-align: center;\"><strong>En vid\u00e9o<\/strong><\/p>\n<\/div>\n<\/div><\/div><\/div><div id=\"pgc-8508-3-1\"  class=\"panel-grid-cell\" ><div id=\"panel-8508-3-1-0\" class=\"so-panel widget widget_sow-editor panel-first-child panel-last-child\" data-index=\"9\" ><div\n\t\t\t\n\t\t\tclass=\"so-widget-sow-editor so-widget-sow-editor-base\"\n\t\t\t\n\t\t>\n<div class=\"siteorigin-widget-tinymce textwidget\">\n\t<hr \/>\n<p style=\"text-align: center;\"><strong>Extension(s)<\/strong><\/p>\n<style type='text\/css' media='all'>#rt-tpg-container-3090321332 .read-more a{border-radius:px;}#rt-tpg-container-3090321332 .rt-img-holder img.rt-img-responsive,#rt-tpg-container-3090321332 .rt-img-holder,\n\t\t\t\t\t#rt-tpg-container-3090321332 .rt-post-overlay .post-img,\n\t\t\t\t\t#rt-tpg-container-3090321332 .post-sm .post-img,\n\t\t\t\t\t#rt-tpg-container-3090321332 .rt-post-grid .post-img,\n\t\t\t\t\t#rt-tpg-container-3090321332 .post-img img {border-radius:px;}#rt-tpg-container-3090321332 .layout9 .rt-holder h2.entry-title,\n\t\t\t\t\t#rt-tpg-container-3090321332 .layout9 .rt-holder h3.entry-title,\n\t\t\t\t\t#rt-tpg-container-3090321332 .layout9 .rt-holder h4.entry-title,\n\t\t\t\t\t#rt-tpg-container-3090321332 .layout9 .rt-holder h2.entry-title a,\n\t\t\t\t\t#rt-tpg-container-3090321332 .layout9 .rt-holder h3.entry-title a,\n\t\t\t\t\t#rt-tpg-container-3090321332 .layout9 .rt-holder h4.entry-title a,\n\t\t\t\t\t#rt-tpg-container-3090321332 .rt-holder .rt-woo-info h2 a,\n\t\t\t\t\t#rt-tpg-container-3090321332 .rt-holder .rt-woo-info h3 a,\n\t\t\t\t\t#rt-tpg-container-3090321332 .rt-holder .rt-woo-info h4 a,\n\t\t\t\t\t#rt-tpg-container-3090321332 .post-content .post-title,\n\t\t\t\t\t#rt-tpg-container-3090321332 .rt-post-grid .post-title,\n\t\t\t\t\t#rt-tpg-container-3090321332 .rt-post-grid .post-title a,\n\t\t\t\t\t#rt-tpg-container-3090321332 .post-content .post-title a,\n\t\t\t\t\t#rt-tpg-container-3090321332 .rt-holder .rt-woo-info h2,\n\t\t\t\t\t#rt-tpg-container-3090321332 .rt-holder .rt-woo-info h3,\n\t\t\t\t\t#rt-tpg-container-3090321332 .rt-holder .rt-woo-info h4{font-size:16px;line-height:26px;font-weight:normal;text-align:center;}#rt-tpg-container-3090321332 .post-grid-lg-style-1 .post-title,\n\t\t\t\t\t\t#rt-tpg-container-3090321332 .post-grid-lg-style-1 .post-title a,\n\t\t\t\t\t\t#rt-tpg-container-3090321332 .big-layout .post-title,\n\t\t\t\t\t\t#rt-tpg-container-3090321332 .big-layout .post-title a,\n\t\t\t\t\t\t#rt-tpg-container-3090321332 .post-grid-lg-style-1 .post-title,\n\t\t\t\t\t\t#rt-tpg-container-3090321332 .post-grid-lg-style-1 .post-title a {font-size:24px;line-height:34px;}<\/style><div class='rt-container-fluid rt-tpg-container tpg-shortcode-main-wrapper ' id='rt-tpg-container-3090321332'   data-layout='layout9' data-grid-style='even' data-desktop-col='3'  data-tab-col='2'  data-mobile-col='1' data-sc-id='8515'><div data-title='Loading ...' class='rt-row rt-content-loader   layout9 tpg-even '><div class=\"rt-col-md-4 rt-col-sm-6 rt-col-xs-12 even-grid-item rt-grid-item img_zoom_in\" data-id=\"8512\"><div class=\"rt-holder\"><div class='overlay'><a data-id='8512' class=' tpg-single-popup' href='https:\/\/meeplendice.net\/?page_id=8512'><img loading=\"lazy\" decoding=\"async\" width=\"350\" height=\"350\" src=\"https:\/\/meeplendice.net\/wp-content\/uploads\/2021\/07\/Gorinto_5eme.png\" class=\"rt-img-responsive \" alt=\"\" \/><\/a><\/div><div class='post-info'><h2 class=\"entry-title\"><a data-id=\"8512\" class=\" tpg-single-popup\" href=\"https:\/\/meeplendice.net\/?page_id=8512\">Extension du cinqui\u00e8me joueur<\/a><\/h2><div class='post-meta-user '><\/div><\/div><\/div><\/div><div class=\"rt-col-md-4 rt-col-sm-6 rt-col-xs-12 even-grid-item rt-grid-item img_zoom_in\" data-id=\"8517\"><div class=\"rt-holder\"><div class='overlay'><a data-id='8517' class=' tpg-single-popup' href='https:\/\/meeplendice.net\/?page_id=8517'><img loading=\"lazy\" decoding=\"async\" width=\"350\" height=\"350\" src=\"https:\/\/meeplendice.net\/wp-content\/uploads\/2021\/07\/Gorinto_Dragon.png\" class=\"rt-img-responsive \" alt=\"\" \/><\/a><\/div><div class='post-info'><h2 class=\"entry-title\"><a data-id=\"8517\" class=\" tpg-single-popup\" href=\"https:\/\/meeplendice.net\/?page_id=8517\">Extension du Dragon<\/a><\/h2><div class='post-meta-user '><\/div><\/div><\/div><\/div><\/div><div class='rt-pagination-wrap' data-total-pages='1' data-posts-per-page='3' data-type='pagination_ajax'  ><div class='rt-page-numbers'><\/div><\/div><\/div>\n<\/div>\n<\/div><\/div><\/div><\/div><div id=\"pg-8508-4\"  class=\"panel-grid panel-no-style\" ><div id=\"pgc-8508-4-0\"  class=\"panel-grid-cell\" ><div id=\"panel-8508-4-0-0\" class=\"so-panel widget widget_sow-editor panel-first-child panel-last-child\" data-index=\"10\" ><div\n\t\t\t\n\t\t\tclass=\"so-widget-sow-editor so-widget-sow-editor-base\"\n\t\t\t\n\t\t>\n<div class=\"siteorigin-widget-tinymce textwidget\">\n\t<hr \/>\n<p style=\"text-align: center;\"><strong>Pour aller plus loin<\/strong><\/p>\n<\/div>\n<\/div><\/div><\/div><\/div><\/div>","protected":false},"excerpt":{"rendered":"<p>Nombre de joueurs : 1 &#8211; 4 (5 avec extension) Dur\u00e9e moyenne : 30 min Age : 14 ans et plus Auteur(s) : Richard Yaner Illustrations : Joshua Cappel \u00c9dition : Super Meeple 2021 Version : Fran\u00e7aise<\/p>\n","protected":false},"author":2,"featured_media":8445,"parent":0,"menu_order":0,"comment_status":"closed","ping_status":"closed","template":"","meta":{"footnotes":""},"class_list":["post-8508","page","type-page","status-publish","has-post-thumbnail","hentry"],"acf":[],"rttpg_featured_image_url":{"full":["https:\/\/meeplendice.net\/wp-content\/uploads\/2021\/07\/Gorinto.png",350,350,false],"landscape":["https:\/\/meeplendice.net\/wp-content\/uploads\/2021\/07\/Gorinto.png",350,350,false],"portraits":["https:\/\/meeplendice.net\/wp-content\/uploads\/2021\/07\/Gorinto.png",350,350,false],"thumbnail":["https:\/\/meeplendice.net\/wp-content\/uploads\/2021\/07\/Gorinto-150x150.png",150,150,true],"medium":["https:\/\/meeplendice.net\/wp-content\/uploads\/2021\/07\/Gorinto-300x300.png",300,300,true],"large":["https:\/\/meeplendice.net\/wp-content\/uploads\/2021\/07\/Gorinto.png",350,350,false],"ug_big":["https:\/\/meeplendice.net\/wp-content\/uploads\/2021\/07\/Gorinto.png",350,350,false],"1536x1536":["https:\/\/meeplendice.net\/wp-content\/uploads\/2021\/07\/Gorinto.png",350,350,false],"2048x2048":["https:\/\/meeplendice.net\/wp-content\/uploads\/2021\/07\/Gorinto.png",350,350,false],"ashe-slider-grid-thumbnail":["https:\/\/meeplendice.net\/wp-content\/uploads\/2021\/07\/Gorinto.png",350,350,false],"ashe-full-thumbnail":["https:\/\/meeplendice.net\/wp-content\/uploads\/2021\/07\/Gorinto.png",350,350,false],"ashe-grid-thumbnail":["https:\/\/meeplendice.net\/wp-content\/uploads\/2021\/07\/Gorinto-350x330.png",350,330,true],"ashe-list-thumbnail":["https:\/\/meeplendice.net\/wp-content\/uploads\/2021\/07\/Gorinto-300x300.png",300,300,true],"ashe-single-navigation":["https:\/\/meeplendice.net\/wp-content\/uploads\/2021\/07\/Gorinto-75x75.png",75,75,true],"mailpoet_newsletter_max":["https:\/\/meeplendice.net\/wp-content\/uploads\/2021\/07\/Gorinto.png",350,350,false],"rpwe-thumbnail":["https:\/\/meeplendice.net\/wp-content\/uploads\/2021\/07\/Gorinto-45x45.png",45,45,true],"sow-carousel-default":["https:\/\/meeplendice.net\/wp-content\/uploads\/2021\/07\/Gorinto-272x182.png",272,182,true],"rt_custom":["https:\/\/meeplendice.net\/wp-content\/uploads\/2021\/07\/Gorinto.png",350,350,false]},"rttpg_author":{"display_name":"Karnby","author_link":"https:\/\/meeplendice.net\/?author=2"},"rttpg_comment":0,"rttpg_category":null,"rttpg_excerpt":"Nombre de joueurs : 1 - 4 (5 avec extension) Dur\u00e9e moyenne : 30 min Age : 14 ans et plus Auteur(s) : Richard Yaner Illustrations : Joshua Cappel \u00c9dition : Super Meeple 2021 Version : Fran\u00e7aise","_links":{"self":[{"href":"https:\/\/meeplendice.net\/index.php?rest_route=\/wp\/v2\/pages\/8508","targetHints":{"allow":["GET"]}}],"collection":[{"href":"https:\/\/meeplendice.net\/index.php?rest_route=\/wp\/v2\/pages"}],"about":[{"href":"https:\/\/meeplendice.net\/index.php?rest_route=\/wp\/v2\/types\/page"}],"author":[{"embeddable":true,"href":"https:\/\/meeplendice.net\/index.php?rest_route=\/wp\/v2\/users\/2"}],"replies":[{"embeddable":true,"href":"https:\/\/meeplendice.net\/index.php?rest_route=%2Fwp%2Fv2%2Fcomments&post=8508"}],"version-history":[{"count":6,"href":"https:\/\/meeplendice.net\/index.php?rest_route=\/wp\/v2\/pages\/8508\/revisions"}],"predecessor-version":[{"id":8522,"href":"https:\/\/meeplendice.net\/index.php?rest_route=\/wp\/v2\/pages\/8508\/revisions\/8522"}],"wp:featuredmedia":[{"embeddable":true,"href":"https:\/\/meeplendice.net\/index.php?rest_route=\/wp\/v2\/media\/8445"}],"wp:attachment":[{"href":"https:\/\/meeplendice.net\/index.php?rest_route=%2Fwp%2Fv2%2Fmedia&parent=8508"}],"curies":[{"name":"wp","href":"https:\/\/api.w.org\/{rel}","templated":true}]}}