{"id":8512,"date":"2021-07-06T18:48:06","date_gmt":"2021-07-06T17:48:06","guid":{"rendered":"http:\/\/meeplendice.net\/?page_id=8512"},"modified":"2021-07-06T18:48:06","modified_gmt":"2021-07-06T17:48:06","slug":"extension-du-cinquieme-joueur","status":"publish","type":"page","link":"https:\/\/meeplendice.net\/?page_id=8512","title":{"rendered":"Extension du cinqui\u00e8me joueur"},"content":{"rendered":"<p>Cette extension comprend tous les \u00e9l\u00e9ments n\u00e9cessaires pour ajouter un cinqui\u00e8me joueur \u00e0 vos parties de Gorinto.<br \/>\nElle contient donc 25 tuiles \u00e9l\u00e9ment (5 de chaque \u00e9l\u00e9ment), un plateau joueur, un marqueur de Sagesse et un marqueur de Grande Sagesse.<\/p>\n","protected":false},"excerpt":{"rendered":"<p>Cette extension comprend tous les \u00e9l\u00e9ments n\u00e9cessaires pour ajouter un cinqui\u00e8me joueur \u00e0 vos parties de Gorinto. Elle contient donc 25 tuiles \u00e9l\u00e9ment (5 de chaque \u00e9l\u00e9ment), un plateau joueur, un marqueur de Sagesse et un marqueur de Grande Sagesse.<\/p>\n","protected":false},"author":2,"featured_media":8513,"parent":8508,"menu_order":1,"comment_status":"closed","ping_status":"closed","template":"","meta":{"footnotes":""},"class_list":["post-8512","page","type-page","status-publish","has-post-thumbnail","hentry"],"acf":[],"rttpg_featured_image_url":{"full":["https:\/\/meeplendice.net\/wp-content\/uploads\/2021\/07\/Gorinto_5eme.png",350,350,false],"landscape":["https:\/\/meeplendice.net\/wp-content\/uploads\/2021\/07\/Gorinto_5eme.png",350,350,false],"portraits":["https:\/\/meeplendice.net\/wp-content\/uploads\/2021\/07\/Gorinto_5eme.png",350,350,false],"thumbnail":["https:\/\/meeplendice.net\/wp-content\/uploads\/2021\/07\/Gorinto_5eme-150x150.png",150,150,true],"medium":["https:\/\/meeplendice.net\/wp-content\/uploads\/2021\/07\/Gorinto_5eme-300x300.png",300,300,true],"large":["https:\/\/meeplendice.net\/wp-content\/uploads\/2021\/07\/Gorinto_5eme.png",350,350,false],"ug_big":["https:\/\/meeplendice.net\/wp-content\/uploads\/2021\/07\/Gorinto_5eme.png",350,350,false],"1536x1536":["https:\/\/meeplendice.net\/wp-content\/uploads\/2021\/07\/Gorinto_5eme.png",350,350,false],"2048x2048":["https:\/\/meeplendice.net\/wp-content\/uploads\/2021\/07\/Gorinto_5eme.png",350,350,false],"ashe-slider-grid-thumbnail":["https:\/\/meeplendice.net\/wp-content\/uploads\/2021\/07\/Gorinto_5eme.png",350,350,false],"ashe-full-thumbnail":["https:\/\/meeplendice.net\/wp-content\/uploads\/2021\/07\/Gorinto_5eme.png",350,350,false],"ashe-grid-thumbnail":["https:\/\/meeplendice.net\/wp-content\/uploads\/2021\/07\/Gorinto_5eme-350x330.png",350,330,true],"ashe-list-thumbnail":["https:\/\/meeplendice.net\/wp-content\/uploads\/2021\/07\/Gorinto_5eme-300x300.png",300,300,true],"ashe-single-navigation":["https:\/\/meeplendice.net\/wp-content\/uploads\/2021\/07\/Gorinto_5eme-75x75.png",75,75,true],"mailpoet_newsletter_max":["https:\/\/meeplendice.net\/wp-content\/uploads\/2021\/07\/Gorinto_5eme.png",350,350,false],"rpwe-thumbnail":["https:\/\/meeplendice.net\/wp-content\/uploads\/2021\/07\/Gorinto_5eme-45x45.png",45,45,true],"sow-carousel-default":["https:\/\/meeplendice.net\/wp-content\/uploads\/2021\/07\/Gorinto_5eme-272x182.png",272,182,true],"rt_custom":["https:\/\/meeplendice.net\/wp-content\/uploads\/2021\/07\/Gorinto_5eme.png",350,350,false]},"rttpg_author":{"display_name":"Karnby","author_link":"https:\/\/meeplendice.net\/?author=2"},"rttpg_comment":0,"rttpg_category":null,"rttpg_excerpt":"Cette extension comprend tous les \u00e9l\u00e9ments n\u00e9cessaires pour ajouter un cinqui\u00e8me joueur \u00e0 vos parties de Gorinto. Elle contient donc 25 tuiles \u00e9l\u00e9ment (5 de chaque \u00e9l\u00e9ment), un plateau joueur, un marqueur de Sagesse et un marqueur de Grande Sagesse.","_links":{"self":[{"href":"https:\/\/meeplendice.net\/index.php?rest_route=\/wp\/v2\/pages\/8512","targetHints":{"allow":["GET"]}}],"collection":[{"href":"https:\/\/meeplendice.net\/index.php?rest_route=\/wp\/v2\/pages"}],"about":[{"href":"https:\/\/meeplendice.net\/index.php?rest_route=\/wp\/v2\/types\/page"}],"author":[{"embeddable":true,"href":"https:\/\/meeplendice.net\/index.php?rest_route=\/wp\/v2\/users\/2"}],"replies":[{"embeddable":true,"href":"https:\/\/meeplendice.net\/index.php?rest_route=%2Fwp%2Fv2%2Fcomments&post=8512"}],"version-history":[{"count":1,"href":"https:\/\/meeplendice.net\/index.php?rest_route=\/wp\/v2\/pages\/8512\/revisions"}],"predecessor-version":[{"id":8514,"href":"https:\/\/meeplendice.net\/index.php?rest_route=\/wp\/v2\/pages\/8512\/revisions\/8514"}],"up":[{"embeddable":true,"href":"https:\/\/meeplendice.net\/index.php?rest_route=\/wp\/v2\/pages\/8508"}],"wp:featuredmedia":[{"embeddable":true,"href":"https:\/\/meeplendice.net\/index.php?rest_route=\/wp\/v2\/media\/8513"}],"wp:attachment":[{"href":"https:\/\/meeplendice.net\/index.php?rest_route=%2Fwp%2Fv2%2Fmedia&parent=8512"}],"curies":[{"name":"wp","href":"https:\/\/api.w.org\/{rel}","templated":true}]}}