{"id":8523,"date":"2021-07-06T19:14:31","date_gmt":"2021-07-06T18:14:31","guid":{"rendered":"http:\/\/meeplendice.net\/?page_id=8523"},"modified":"2021-07-06T19:21:59","modified_gmt":"2021-07-06T18:21:59","slug":"renature-2","status":"publish","type":"page","link":"https:\/\/meeplendice.net\/?page_id=8523","title":{"rendered":"Renature"},"content":{"rendered":"<div id=\"pl-8523\"  class=\"panel-layout\" ><div id=\"pg-8523-0\"  class=\"panel-grid panel-no-style\" ><div id=\"pgc-8523-0-0\"  class=\"panel-grid-cell\" ><div id=\"panel-8523-0-0-0\" class=\"so-panel widget widget_sow-editor panel-first-child panel-last-child\" data-index=\"0\" ><div\n\t\t\t\n\t\t\tclass=\"so-widget-sow-editor so-widget-sow-editor-base\"\n\t\t\t\n\t\t>\n<div class=\"siteorigin-widget-tinymce textwidget\">\n\t<p style=\"text-align: center;\"><strong>Nombre de joueurs :<\/strong><br \/>\n2 - 4<\/p>\n<\/div>\n<\/div><\/div><\/div><div id=\"pgc-8523-0-1\"  class=\"panel-grid-cell\" ><div id=\"panel-8523-0-1-0\" class=\"so-panel widget widget_sow-editor panel-first-child panel-last-child\" data-index=\"1\" ><div\n\t\t\t\n\t\t\tclass=\"so-widget-sow-editor so-widget-sow-editor-base\"\n\t\t\t\n\t\t>\n<div class=\"siteorigin-widget-tinymce textwidget\">\n\t<p style=\"text-align: center;\"><strong>Dur\u00e9e moyenne :<\/strong><br \/>\n45 min<\/p>\n<\/div>\n<\/div><\/div><\/div><div id=\"pgc-8523-0-2\"  class=\"panel-grid-cell\" ><div id=\"panel-8523-0-2-0\" class=\"so-panel widget widget_sow-editor panel-first-child panel-last-child\" data-index=\"2\" ><div\n\t\t\t\n\t\t\tclass=\"so-widget-sow-editor so-widget-sow-editor-base\"\n\t\t\t\n\t\t>\n<div class=\"siteorigin-widget-tinymce textwidget\">\n\t<p style=\"text-align: center;\"><strong>Age :<\/strong><br \/>\n8 ans et plus<\/p>\n<\/div>\n<\/div><\/div><\/div><\/div><div id=\"pg-8523-1\"  class=\"panel-grid panel-no-style\" ><div id=\"pgc-8523-1-0\"  class=\"panel-grid-cell\" ><div id=\"panel-8523-1-0-0\" class=\"so-panel widget widget_sow-editor panel-first-child panel-last-child\" data-index=\"3\" ><div\n\t\t\t\n\t\t\tclass=\"so-widget-sow-editor so-widget-sow-editor-base\"\n\t\t\t\n\t\t>\n<div class=\"siteorigin-widget-tinymce textwidget\">\n\t<p style=\"text-align: center;\"><strong>Auteur(s) :<br \/>\n<\/strong>Michael Kiesling<br \/>\nWolfgang Kramer<\/p>\n<\/div>\n<\/div><\/div><\/div><div id=\"pgc-8523-1-1\"  class=\"panel-grid-cell\" ><div id=\"panel-8523-1-1-0\" class=\"so-panel widget widget_sow-editor panel-first-child panel-last-child\" data-index=\"4\" ><div\n\t\t\t\n\t\t\tclass=\"so-widget-sow-editor so-widget-sow-editor-base\"\n\t\t\t\n\t\t>\n<div class=\"siteorigin-widget-tinymce textwidget\">\n\t<p style=\"text-align: center;\"><strong>Illustrations :<\/strong><br \/>\nDennis Lohausen<\/p>\n<\/div>\n<\/div><\/div><\/div><div id=\"pgc-8523-1-2\"  class=\"panel-grid-cell\" ><div id=\"panel-8523-1-2-0\" class=\"so-panel widget widget_sow-editor panel-first-child panel-last-child\" data-index=\"5\" ><div\n\t\t\t\n\t\t\tclass=\"so-widget-sow-editor so-widget-sow-editor-base\"\n\t\t\t\n\t\t>\n<div class=\"siteorigin-widget-tinymce textwidget\">\n\t<p style=\"text-align: center;\"><strong>\u00c9dition :<br \/>\n<\/strong>Matagot<br \/>\n2021<\/p>\n<\/div>\n<\/div><\/div><\/div><div id=\"pgc-8523-1-3\"  class=\"panel-grid-cell\" ><div id=\"panel-8523-1-3-0\" class=\"so-panel widget widget_sow-editor panel-first-child panel-last-child\" data-index=\"6\" ><div\n\t\t\t\n\t\t\tclass=\"so-widget-sow-editor so-widget-sow-editor-base\"\n\t\t\t\n\t\t>\n<div class=\"siteorigin-widget-tinymce textwidget\">\n\t<p style=\"text-align: center;\"><strong>Version :<\/strong><br \/>\nFran\u00e7aise<\/p>\n<\/div>\n<\/div><\/div><\/div><\/div><div id=\"pg-8523-2\"  class=\"panel-grid panel-no-style\" ><div id=\"pgc-8523-2-0\"  class=\"panel-grid-cell\" ><div id=\"panel-8523-2-0-0\" class=\"so-panel widget widget_sow-editor panel-first-child panel-last-child\" data-index=\"7\" ><div\n\t\t\t\n\t\t\tclass=\"so-widget-sow-editor so-widget-sow-editor-base\"\n\t\t\t\n\t\t>\n<div class=\"siteorigin-widget-tinymce textwidget\">\n\t<hr \/>\n<p><em>Au c\u0153ur d\u2019une vall\u00e9e us\u00e9e par l\u2019activit\u00e9 humaine, aidez la nature \u00e0 r\u00e9cup\u00e9rer de son panache ! Vous suivrez le cours d\u2019un ruisseau, tout en redonnant sa place \u00e0 la vie sauvage et aux animaux et en replantant diff\u00e9rents types d\u2019arbres et de fleurs. \u00c9cureuils, grenouilles, blaireaux ou encore salamandre, escargots ou chauves-souris vous permettront d\u2019aider la for\u00eat \u00e0 grandir et la nature \u00e0 reprendre ses droits.<\/em><\/p>\n<p>Vous vous \u00eates donn\u00e9 pour mission d'aider la nature \u00e0 reprendre ses droits dans une vall\u00e9e pollu\u00e9e. Le long du cours d'un ruisseau, placez des dominos dot\u00e9s d'animaux et replantez les zones adjacentes pour marquer des points.<\/p>\n<p>Une fois que tous les dominos ont \u00e9t\u00e9 jou\u00e9s, la partie prend fin et le joueur avec le plus de points remporte la victoire.<\/p>\n<\/div>\n<\/div><\/div><\/div><\/div><div id=\"pg-8523-3\"  class=\"panel-grid panel-no-style\" ><div id=\"pgc-8523-3-0\"  class=\"panel-grid-cell\" ><div id=\"panel-8523-3-0-0\" class=\"so-panel widget widget_sow-editor panel-first-child panel-last-child\" data-index=\"8\" ><div\n\t\t\t\n\t\t\tclass=\"so-widget-sow-editor so-widget-sow-editor-base\"\n\t\t\t\n\t\t>\n<div class=\"siteorigin-widget-tinymce textwidget\">\n\t<hr \/>\n<p style=\"text-align: center;\"><strong>En vid\u00e9o<\/strong><\/p>\n<\/div>\n<\/div><\/div><\/div><\/div><div id=\"pg-8523-4\"  class=\"panel-grid panel-no-style\" ><div id=\"pgc-8523-4-0\"  class=\"panel-grid-cell\" ><div id=\"panel-8523-4-0-0\" class=\"so-panel widget widget_sow-editor panel-first-child panel-last-child\" data-index=\"9\" ><div\n\t\t\t\n\t\t\tclass=\"so-widget-sow-editor so-widget-sow-editor-base\"\n\t\t\t\n\t\t>\n<div class=\"siteorigin-widget-tinymce textwidget\">\n\t<hr \/>\n<p style=\"text-align: center;\"><strong>Pour aller plus loin<\/strong><\/p>\n<\/div>\n<\/div><\/div><\/div><\/div><\/div>","protected":false},"excerpt":{"rendered":"<p>Nombre de joueurs : 2 &#8211; 4 Dur\u00e9e moyenne : 45 min Age : 8 ans et plus Auteur(s) : Michael Kiesling Wolfgang Kramer Illustrations : Dennis Lohausen \u00c9dition : Matagot 2021 Version : Fran\u00e7aise<\/p>\n","protected":false},"author":2,"featured_media":8440,"parent":0,"menu_order":0,"comment_status":"closed","ping_status":"closed","template":"","meta":{"footnotes":""},"class_list":["post-8523","page","type-page","status-publish","has-post-thumbnail","hentry"],"acf":[],"rttpg_featured_image_url":{"full":["https:\/\/meeplendice.net\/wp-content\/uploads\/2021\/07\/Renature.png",350,350,false],"landscape":["https:\/\/meeplendice.net\/wp-content\/uploads\/2021\/07\/Renature.png",350,350,false],"portraits":["https:\/\/meeplendice.net\/wp-content\/uploads\/2021\/07\/Renature.png",350,350,false],"thumbnail":["https:\/\/meeplendice.net\/wp-content\/uploads\/2021\/07\/Renature-150x150.png",150,150,true],"medium":["https:\/\/meeplendice.net\/wp-content\/uploads\/2021\/07\/Renature-300x300.png",300,300,true],"large":["https:\/\/meeplendice.net\/wp-content\/uploads\/2021\/07\/Renature.png",350,350,false],"ug_big":["https:\/\/meeplendice.net\/wp-content\/uploads\/2021\/07\/Renature.png",350,350,false],"1536x1536":["https:\/\/meeplendice.net\/wp-content\/uploads\/2021\/07\/Renature.png",350,350,false],"2048x2048":["https:\/\/meeplendice.net\/wp-content\/uploads\/2021\/07\/Renature.png",350,350,false],"ashe-slider-grid-thumbnail":["https:\/\/meeplendice.net\/wp-content\/uploads\/2021\/07\/Renature.png",350,350,false],"ashe-full-thumbnail":["https:\/\/meeplendice.net\/wp-content\/uploads\/2021\/07\/Renature.png",350,350,false],"ashe-grid-thumbnail":["https:\/\/meeplendice.net\/wp-content\/uploads\/2021\/07\/Renature-350x330.png",350,330,true],"ashe-list-thumbnail":["https:\/\/meeplendice.net\/wp-content\/uploads\/2021\/07\/Renature-300x300.png",300,300,true],"ashe-single-navigation":["https:\/\/meeplendice.net\/wp-content\/uploads\/2021\/07\/Renature-75x75.png",75,75,true],"mailpoet_newsletter_max":["https:\/\/meeplendice.net\/wp-content\/uploads\/2021\/07\/Renature.png",350,350,false],"rpwe-thumbnail":["https:\/\/meeplendice.net\/wp-content\/uploads\/2021\/07\/Renature-45x45.png",45,45,true],"sow-carousel-default":["https:\/\/meeplendice.net\/wp-content\/uploads\/2021\/07\/Renature-272x182.png",272,182,true],"rt_custom":["https:\/\/meeplendice.net\/wp-content\/uploads\/2021\/07\/Renature.png",350,350,false]},"rttpg_author":{"display_name":"Karnby","author_link":"https:\/\/meeplendice.net\/?author=2"},"rttpg_comment":0,"rttpg_category":null,"rttpg_excerpt":"Nombre de joueurs : 2 - 4 Dur\u00e9e moyenne : 45 min Age : 8 ans et plus Auteur(s) : Michael Kiesling Wolfgang Kramer Illustrations : Dennis Lohausen \u00c9dition : Matagot 2021 Version : Fran\u00e7aise","_links":{"self":[{"href":"https:\/\/meeplendice.net\/index.php?rest_route=\/wp\/v2\/pages\/8523","targetHints":{"allow":["GET"]}}],"collection":[{"href":"https:\/\/meeplendice.net\/index.php?rest_route=\/wp\/v2\/pages"}],"about":[{"href":"https:\/\/meeplendice.net\/index.php?rest_route=\/wp\/v2\/types\/page"}],"author":[{"embeddable":true,"href":"https:\/\/meeplendice.net\/index.php?rest_route=\/wp\/v2\/users\/2"}],"replies":[{"embeddable":true,"href":"https:\/\/meeplendice.net\/index.php?rest_route=%2Fwp%2Fv2%2Fcomments&post=8523"}],"version-history":[{"count":3,"href":"https:\/\/meeplendice.net\/index.php?rest_route=\/wp\/v2\/pages\/8523\/revisions"}],"predecessor-version":[{"id":8527,"href":"https:\/\/meeplendice.net\/index.php?rest_route=\/wp\/v2\/pages\/8523\/revisions\/8527"}],"wp:featuredmedia":[{"embeddable":true,"href":"https:\/\/meeplendice.net\/index.php?rest_route=\/wp\/v2\/media\/8440"}],"wp:attachment":[{"href":"https:\/\/meeplendice.net\/index.php?rest_route=%2Fwp%2Fv2%2Fmedia&parent=8523"}],"curies":[{"name":"wp","href":"https:\/\/api.w.org\/{rel}","templated":true}]}}