{"id":8528,"date":"2021-07-06T19:24:46","date_gmt":"2021-07-06T18:24:46","guid":{"rendered":"http:\/\/meeplendice.net\/?page_id=8528"},"modified":"2021-08-30T09:04:05","modified_gmt":"2021-08-30T08:04:05","slug":"rapa-nui","status":"publish","type":"page","link":"https:\/\/meeplendice.net\/?page_id=8528","title":{"rendered":"Rapa Nui"},"content":{"rendered":"<div id=\"pl-8528\"  class=\"panel-layout\" ><div id=\"pg-8528-0\"  class=\"panel-grid panel-no-style\" ><div id=\"pgc-8528-0-0\"  class=\"panel-grid-cell\" ><div id=\"panel-8528-0-0-0\" class=\"so-panel widget widget_sow-editor panel-first-child panel-last-child\" data-index=\"0\" ><div\n\t\t\t\n\t\t\tclass=\"so-widget-sow-editor so-widget-sow-editor-base\"\n\t\t\t\n\t\t>\n<div class=\"siteorigin-widget-tinymce textwidget\">\n\t<p style=\"text-align: center;\"><strong>Nombre de joueurs :<\/strong><br \/>\n2 - 4<\/p>\n<\/div>\n<\/div><\/div><\/div><div id=\"pgc-8528-0-1\"  class=\"panel-grid-cell\" ><div id=\"panel-8528-0-1-0\" class=\"so-panel widget widget_sow-editor panel-first-child panel-last-child\" data-index=\"1\" ><div\n\t\t\t\n\t\t\tclass=\"so-widget-sow-editor so-widget-sow-editor-base\"\n\t\t\t\n\t\t>\n<div class=\"siteorigin-widget-tinymce textwidget\">\n\t<p style=\"text-align: center;\"><strong>Dur\u00e9e moyenne :<\/strong><br \/>\n45 min<\/p>\n<\/div>\n<\/div><\/div><\/div><div id=\"pgc-8528-0-2\"  class=\"panel-grid-cell\" ><div id=\"panel-8528-0-2-0\" class=\"so-panel widget widget_sow-editor panel-first-child panel-last-child\" data-index=\"2\" ><div\n\t\t\t\n\t\t\tclass=\"so-widget-sow-editor so-widget-sow-editor-base\"\n\t\t\t\n\t\t>\n<div class=\"siteorigin-widget-tinymce textwidget\">\n\t<p style=\"text-align: center;\"><strong>Age :<\/strong><br \/>\n10 ans et plus<\/p>\n<\/div>\n<\/div><\/div><\/div><\/div><div id=\"pg-8528-1\"  class=\"panel-grid panel-no-style\" ><div id=\"pgc-8528-1-0\"  class=\"panel-grid-cell\" ><div id=\"panel-8528-1-0-0\" class=\"so-panel widget widget_sow-editor panel-first-child panel-last-child\" data-index=\"3\" ><div\n\t\t\t\n\t\t\tclass=\"so-widget-sow-editor so-widget-sow-editor-base\"\n\t\t\t\n\t\t>\n<div class=\"siteorigin-widget-tinymce textwidget\">\n\t<p style=\"text-align: center;\"><strong>Auteur(s) :<br \/>\n<\/strong>Fabrice Besson<br \/>\nGuillaume Montiage<\/p>\n<\/div>\n<\/div><\/div><\/div><div id=\"pgc-8528-1-1\"  class=\"panel-grid-cell\" ><div id=\"panel-8528-1-1-0\" class=\"so-panel widget widget_sow-editor panel-first-child panel-last-child\" data-index=\"4\" ><div\n\t\t\t\n\t\t\tclass=\"so-widget-sow-editor so-widget-sow-editor-base\"\n\t\t\t\n\t\t>\n<div class=\"siteorigin-widget-tinymce textwidget\">\n\t<p style=\"text-align: center;\"><strong>Illustrations :<br \/>\n<\/strong>Miguel Co\u00efmbra<\/p>\n<\/div>\n<\/div><\/div><\/div><div id=\"pgc-8528-1-2\"  class=\"panel-grid-cell\" ><div id=\"panel-8528-1-2-0\" class=\"so-panel widget widget_sow-editor panel-first-child panel-last-child\" data-index=\"5\" ><div\n\t\t\t\n\t\t\tclass=\"so-widget-sow-editor so-widget-sow-editor-base\"\n\t\t\t\n\t\t>\n<div class=\"siteorigin-widget-tinymce textwidget\">\n\t<p style=\"text-align: center;\"><strong>\u00c9dition :<br \/>\n<\/strong>Matagot<br \/>\n2020<\/p>\n<\/div>\n<\/div><\/div><\/div><div id=\"pgc-8528-1-3\"  class=\"panel-grid-cell\" ><div id=\"panel-8528-1-3-0\" class=\"so-panel widget widget_sow-editor panel-first-child panel-last-child\" data-index=\"6\" ><div\n\t\t\t\n\t\t\tclass=\"so-widget-sow-editor so-widget-sow-editor-base\"\n\t\t\t\n\t\t>\n<div class=\"siteorigin-widget-tinymce textwidget\">\n\t<p style=\"text-align: center;\"><strong>Version :<\/strong><br \/>\nFran\u00e7aise<\/p>\n<\/div>\n<\/div><\/div><\/div><\/div><div id=\"pg-8528-2\"  class=\"panel-grid panel-no-style\" ><div id=\"pgc-8528-2-0\"  class=\"panel-grid-cell\" ><div id=\"panel-8528-2-0-0\" class=\"so-panel widget widget_sow-editor panel-first-child panel-last-child\" data-index=\"7\" ><div\n\t\t\t\n\t\t\tclass=\"so-widget-sow-editor so-widget-sow-editor-base\"\n\t\t\t\n\t\t>\n<div class=\"siteorigin-widget-tinymce textwidget\">\n\t<hr \/>\n<p><em>Entre le XIIIe et le XVIIe si\u00e8cle, plus de 900 statues monumentales, les moa\u00ef, furent \u00e9rig\u00e9es sur l'ile polyn\u00e9sienne de Rapa Nui. Dispos\u00e9s le long des c\u00f4tes, le regard tourn\u00e9 vers les terres, se tenant sur d'immenses terrasses en pierre, les moa\u00ef t\u00e9moignent encore aujourd'hui du raffinement de cette civilisation disparue.<\/em><\/p>\n<p>Incarnez un\u00a0 chef de clan de Rapa Nui et participez \u00e0 la grande aventure des b\u00e2tisseurs de moa\u00ef ! Guidez avec sagesse et comp\u00e9tence les villageois qui sculptent, transportent et \u00e9rigent les moa\u00ef avant de les coiffer avec les pukao de pierre rouge. Obtenez de pr\u00e9cieuses ressources en \u00e9change de votre labeur et transformez-les en de prestigieuses offrandes qui feront de vous le plus acclam\u00e9 des chefs de l'ile !<\/p>\n<\/div>\n<\/div><\/div><\/div><\/div><div id=\"pg-8528-3\"  class=\"panel-grid panel-no-style\" ><div id=\"pgc-8528-3-0\"  class=\"panel-grid-cell\" ><div id=\"panel-8528-3-0-0\" class=\"so-panel widget widget_sow-editor panel-first-child panel-last-child\" data-index=\"8\" ><div\n\t\t\t\n\t\t\tclass=\"so-widget-sow-editor so-widget-sow-editor-base\"\n\t\t\t\n\t\t>\n<div class=\"siteorigin-widget-tinymce textwidget\">\n\t<hr \/>\n<p style=\"text-align: center;\"><strong>En vid\u00e9o<\/strong><\/p>\n<\/div>\n<\/div><\/div><\/div><div id=\"pgc-8528-3-1\"  class=\"panel-grid-cell\" ><div id=\"panel-8528-3-1-0\" class=\"so-panel widget widget_sow-editor panel-first-child panel-last-child\" data-index=\"9\" ><div\n\t\t\t\n\t\t\tclass=\"so-widget-sow-editor so-widget-sow-editor-base\"\n\t\t\t\n\t\t>\n<div class=\"siteorigin-widget-tinymce textwidget\">\n\t<hr \/>\n<p style=\"text-align: center;\"><strong>Extension(s)<\/strong><\/p>\n<p>&nbsp;<\/p>\n<style type='text\/css' media='all'>#rt-tpg-container-832866561 .read-more a{border-radius:px;}#rt-tpg-container-832866561 .rt-img-holder img.rt-img-responsive,#rt-tpg-container-832866561 .rt-img-holder,\n\t\t\t\t\t#rt-tpg-container-832866561 .rt-post-overlay .post-img,\n\t\t\t\t\t#rt-tpg-container-832866561 .post-sm .post-img,\n\t\t\t\t\t#rt-tpg-container-832866561 .rt-post-grid .post-img,\n\t\t\t\t\t#rt-tpg-container-832866561 .post-img img {border-radius:px;}#rt-tpg-container-832866561 .layout9 .rt-holder h2.entry-title,\n\t\t\t\t\t#rt-tpg-container-832866561 .layout9 .rt-holder h3.entry-title,\n\t\t\t\t\t#rt-tpg-container-832866561 .layout9 .rt-holder h4.entry-title,\n\t\t\t\t\t#rt-tpg-container-832866561 .layout9 .rt-holder h2.entry-title a,\n\t\t\t\t\t#rt-tpg-container-832866561 .layout9 .rt-holder h3.entry-title a,\n\t\t\t\t\t#rt-tpg-container-832866561 .layout9 .rt-holder h4.entry-title a,\n\t\t\t\t\t#rt-tpg-container-832866561 .rt-holder .rt-woo-info h2 a,\n\t\t\t\t\t#rt-tpg-container-832866561 .rt-holder .rt-woo-info h3 a,\n\t\t\t\t\t#rt-tpg-container-832866561 .rt-holder .rt-woo-info h4 a,\n\t\t\t\t\t#rt-tpg-container-832866561 .post-content .post-title,\n\t\t\t\t\t#rt-tpg-container-832866561 .rt-post-grid .post-title,\n\t\t\t\t\t#rt-tpg-container-832866561 .rt-post-grid .post-title a,\n\t\t\t\t\t#rt-tpg-container-832866561 .post-content .post-title a,\n\t\t\t\t\t#rt-tpg-container-832866561 .rt-holder .rt-woo-info h2,\n\t\t\t\t\t#rt-tpg-container-832866561 .rt-holder .rt-woo-info h3,\n\t\t\t\t\t#rt-tpg-container-832866561 .rt-holder .rt-woo-info h4{font-size:16px;line-height:26px;font-weight:normal;text-align:center;}#rt-tpg-container-832866561 .post-grid-lg-style-1 .post-title,\n\t\t\t\t\t\t#rt-tpg-container-832866561 .post-grid-lg-style-1 .post-title a,\n\t\t\t\t\t\t#rt-tpg-container-832866561 .big-layout .post-title,\n\t\t\t\t\t\t#rt-tpg-container-832866561 .big-layout .post-title a,\n\t\t\t\t\t\t#rt-tpg-container-832866561 .post-grid-lg-style-1 .post-title,\n\t\t\t\t\t\t#rt-tpg-container-832866561 .post-grid-lg-style-1 .post-title a {font-size:24px;line-height:34px;}<\/style><div class='rt-container-fluid rt-tpg-container tpg-shortcode-main-wrapper ' id='rt-tpg-container-832866561'   data-layout='layout9' data-grid-style='even' data-desktop-col='3'  data-tab-col='2'  data-mobile-col='1' data-sc-id='8708'><div data-title='Loading ...' class='rt-row rt-content-loader   layout9 tpg-even '><div class=\"rt-col-md-4 rt-col-sm-6 rt-col-xs-12 even-grid-item rt-grid-item img_zoom_in\" data-id=\"8710\"><div class=\"rt-holder\"><div class='overlay'><a data-id='8710' class=' tpg-single-popup' href='https:\/\/meeplendice.net\/?page_id=8710'><img loading=\"lazy\" decoding=\"async\" width=\"350\" height=\"350\" src=\"https:\/\/meeplendice.net\/wp-content\/uploads\/2021\/08\/RapaNui_ClanWars.png\" class=\"rt-img-responsive \" alt=\"\" \/><\/a><\/div><div class='post-info'><h3 class=\"entry-title\"><a data-id=\"8710\" class=\" tpg-single-popup\" href=\"https:\/\/meeplendice.net\/?page_id=8710\">Clan wars<\/a><\/h3><div class='post-meta-user '><\/div><\/div><\/div><\/div><\/div><div class='rt-pagination-wrap' data-total-pages='1' data-posts-per-page='3' data-type='pagination_ajax'  ><div class='rt-page-numbers'><\/div><\/div><\/div>\n<\/div>\n<\/div><\/div><\/div><\/div><div id=\"pg-8528-4\"  class=\"panel-grid panel-no-style\" ><div id=\"pgc-8528-4-0\"  class=\"panel-grid-cell\" ><div id=\"panel-8528-4-0-0\" class=\"so-panel widget widget_sow-editor panel-first-child panel-last-child\" data-index=\"10\" ><div\n\t\t\t\n\t\t\tclass=\"so-widget-sow-editor so-widget-sow-editor-base\"\n\t\t\t\n\t\t>\n<div class=\"siteorigin-widget-tinymce textwidget\">\n\t<hr \/>\n<p style=\"text-align: center;\"><strong>Pour aller plus loin<\/strong><\/p>\n<\/div>\n<\/div><\/div><\/div><\/div><\/div>","protected":false},"excerpt":{"rendered":"<p>Nombre de joueurs : 2 &#8211; 4 Dur\u00e9e moyenne : 45 min Age : 10 ans et plus Auteur(s) : Fabrice Besson Guillaume Montiage Illustrations : Miguel Co\u00efmbra \u00c9dition : Matagot 2020 Version : Fran\u00e7aise<\/p>\n","protected":false},"author":2,"featured_media":8441,"parent":0,"menu_order":0,"comment_status":"closed","ping_status":"closed","template":"","meta":{"footnotes":""},"class_list":["post-8528","page","type-page","status-publish","has-post-thumbnail","hentry"],"acf":[],"rttpg_featured_image_url":{"full":["https:\/\/meeplendice.net\/wp-content\/uploads\/2021\/07\/Rapanui.png",350,350,false],"landscape":["https:\/\/meeplendice.net\/wp-content\/uploads\/2021\/07\/Rapanui.png",350,350,false],"portraits":["https:\/\/meeplendice.net\/wp-content\/uploads\/2021\/07\/Rapanui.png",350,350,false],"thumbnail":["https:\/\/meeplendice.net\/wp-content\/uploads\/2021\/07\/Rapanui-150x150.png",150,150,true],"medium":["https:\/\/meeplendice.net\/wp-content\/uploads\/2021\/07\/Rapanui-300x300.png",300,300,true],"large":["https:\/\/meeplendice.net\/wp-content\/uploads\/2021\/07\/Rapanui.png",350,350,false],"ug_big":["https:\/\/meeplendice.net\/wp-content\/uploads\/2021\/07\/Rapanui.png",350,350,false],"1536x1536":["https:\/\/meeplendice.net\/wp-content\/uploads\/2021\/07\/Rapanui.png",350,350,false],"2048x2048":["https:\/\/meeplendice.net\/wp-content\/uploads\/2021\/07\/Rapanui.png",350,350,false],"ashe-slider-grid-thumbnail":["https:\/\/meeplendice.net\/wp-content\/uploads\/2021\/07\/Rapanui.png",350,350,false],"ashe-full-thumbnail":["https:\/\/meeplendice.net\/wp-content\/uploads\/2021\/07\/Rapanui.png",350,350,false],"ashe-grid-thumbnail":["https:\/\/meeplendice.net\/wp-content\/uploads\/2021\/07\/Rapanui-350x330.png",350,330,true],"ashe-list-thumbnail":["https:\/\/meeplendice.net\/wp-content\/uploads\/2021\/07\/Rapanui-300x300.png",300,300,true],"ashe-single-navigation":["https:\/\/meeplendice.net\/wp-content\/uploads\/2021\/07\/Rapanui-75x75.png",75,75,true],"mailpoet_newsletter_max":["https:\/\/meeplendice.net\/wp-content\/uploads\/2021\/07\/Rapanui.png",350,350,false],"rpwe-thumbnail":["https:\/\/meeplendice.net\/wp-content\/uploads\/2021\/07\/Rapanui-45x45.png",45,45,true],"sow-carousel-default":["https:\/\/meeplendice.net\/wp-content\/uploads\/2021\/07\/Rapanui-272x182.png",272,182,true],"rt_custom":["https:\/\/meeplendice.net\/wp-content\/uploads\/2021\/07\/Rapanui.png",350,350,false]},"rttpg_author":{"display_name":"Karnby","author_link":"https:\/\/meeplendice.net\/?author=2"},"rttpg_comment":0,"rttpg_category":null,"rttpg_excerpt":"Nombre de joueurs : 2 - 4 Dur\u00e9e moyenne : 45 min Age : 10 ans et plus Auteur(s) : Fabrice Besson Guillaume Montiage Illustrations : Miguel Co\u00efmbra \u00c9dition : Matagot 2020 Version : Fran\u00e7aise","_links":{"self":[{"href":"https:\/\/meeplendice.net\/index.php?rest_route=\/wp\/v2\/pages\/8528","targetHints":{"allow":["GET"]}}],"collection":[{"href":"https:\/\/meeplendice.net\/index.php?rest_route=\/wp\/v2\/pages"}],"about":[{"href":"https:\/\/meeplendice.net\/index.php?rest_route=\/wp\/v2\/types\/page"}],"author":[{"embeddable":true,"href":"https:\/\/meeplendice.net\/index.php?rest_route=\/wp\/v2\/users\/2"}],"replies":[{"embeddable":true,"href":"https:\/\/meeplendice.net\/index.php?rest_route=%2Fwp%2Fv2%2Fcomments&post=8528"}],"version-history":[{"count":6,"href":"https:\/\/meeplendice.net\/index.php?rest_route=\/wp\/v2\/pages\/8528\/revisions"}],"predecessor-version":[{"id":8709,"href":"https:\/\/meeplendice.net\/index.php?rest_route=\/wp\/v2\/pages\/8528\/revisions\/8709"}],"wp:featuredmedia":[{"embeddable":true,"href":"https:\/\/meeplendice.net\/index.php?rest_route=\/wp\/v2\/media\/8441"}],"wp:attachment":[{"href":"https:\/\/meeplendice.net\/index.php?rest_route=%2Fwp%2Fv2%2Fmedia&parent=8528"}],"curies":[{"name":"wp","href":"https:\/\/api.w.org\/{rel}","templated":true}]}}