{"id":8561,"date":"2021-07-06T22:02:30","date_gmt":"2021-07-06T21:02:30","guid":{"rendered":"http:\/\/meeplendice.net\/?page_id=8561"},"modified":"2021-07-06T22:12:24","modified_gmt":"2021-07-06T21:12:24","slug":"megacity-oceania","status":"publish","type":"page","link":"https:\/\/meeplendice.net\/?page_id=8561","title":{"rendered":"Megacity : Oceania"},"content":{"rendered":"<div id=\"pl-8561\"  class=\"panel-layout\" ><div id=\"pg-8561-0\"  class=\"panel-grid panel-no-style\" ><div id=\"pgc-8561-0-0\"  class=\"panel-grid-cell\" ><div id=\"panel-8561-0-0-0\" class=\"so-panel widget widget_sow-editor panel-first-child panel-last-child\" data-index=\"0\" ><div\n\t\t\t\n\t\t\tclass=\"so-widget-sow-editor so-widget-sow-editor-base\"\n\t\t\t\n\t\t>\n<div class=\"siteorigin-widget-tinymce textwidget\">\n\t<p style=\"text-align: center;\"><strong>Nombre de joueurs :<\/strong><br \/>\n2 - 4<\/p>\n<\/div>\n<\/div><\/div><\/div><div id=\"pgc-8561-0-1\"  class=\"panel-grid-cell\" ><div id=\"panel-8561-0-1-0\" class=\"so-panel widget widget_sow-editor panel-first-child panel-last-child\" data-index=\"1\" ><div\n\t\t\t\n\t\t\tclass=\"so-widget-sow-editor so-widget-sow-editor-base\"\n\t\t\t\n\t\t>\n<div class=\"siteorigin-widget-tinymce textwidget\">\n\t<p style=\"text-align: center;\"><strong>Dur\u00e9e moyenne :<\/strong><br \/>\n60 min<\/p>\n<\/div>\n<\/div><\/div><\/div><div id=\"pgc-8561-0-2\"  class=\"panel-grid-cell\" ><div id=\"panel-8561-0-2-0\" class=\"so-panel widget widget_sow-editor panel-first-child panel-last-child\" data-index=\"2\" ><div\n\t\t\t\n\t\t\tclass=\"so-widget-sow-editor so-widget-sow-editor-base\"\n\t\t\t\n\t\t>\n<div class=\"siteorigin-widget-tinymce textwidget\">\n\t<p style=\"text-align: center;\"><strong>Age :<\/strong><br \/>\n8 ans et plus<\/p>\n<\/div>\n<\/div><\/div><\/div><\/div><div id=\"pg-8561-1\"  class=\"panel-grid panel-no-style\" ><div id=\"pgc-8561-1-0\"  class=\"panel-grid-cell\" ><div id=\"panel-8561-1-0-0\" class=\"so-panel widget widget_sow-editor panel-first-child panel-last-child\" data-index=\"3\" ><div\n\t\t\t\n\t\t\tclass=\"so-widget-sow-editor so-widget-sow-editor-base\"\n\t\t\t\n\t\t>\n<div class=\"siteorigin-widget-tinymce textwidget\">\n\t<p style=\"text-align: center;\"><strong>Auteur(s) :<br \/>\n<\/strong>Michael Fox<br \/>\nJordan Draper<\/p>\n<\/div>\n<\/div><\/div><\/div><div id=\"pgc-8561-1-1\"  class=\"panel-grid-cell\" ><div id=\"panel-8561-1-1-0\" class=\"so-panel widget widget_sow-editor panel-first-child panel-last-child\" data-index=\"4\" ><div\n\t\t\t\n\t\t\tclass=\"so-widget-sow-editor so-widget-sow-editor-base\"\n\t\t\t\n\t\t>\n<div class=\"siteorigin-widget-tinymce textwidget\">\n\t<p style=\"text-align: center;\"><strong>Illustrations :<\/strong><br \/>\nMike Best<br \/>\nWinnie Shek<br \/>\nCliona McKeown-Bittles<\/p>\n<\/div>\n<\/div><\/div><\/div><div id=\"pgc-8561-1-2\"  class=\"panel-grid-cell\" ><div id=\"panel-8561-1-2-0\" class=\"so-panel widget widget_sow-editor panel-first-child panel-last-child\" data-index=\"5\" ><div\n\t\t\t\n\t\t\tclass=\"so-widget-sow-editor so-widget-sow-editor-base\"\n\t\t\t\n\t\t>\n<div class=\"siteorigin-widget-tinymce textwidget\">\n\t<p style=\"text-align: center;\"><strong>\u00c9dition :<br \/>\n<\/strong>Hub Games<\/p>\n<\/div>\n<\/div><\/div><\/div><div id=\"pgc-8561-1-3\"  class=\"panel-grid-cell\" ><div id=\"panel-8561-1-3-0\" class=\"so-panel widget widget_sow-editor panel-first-child panel-last-child\" data-index=\"6\" ><div\n\t\t\t\n\t\t\tclass=\"so-widget-sow-editor so-widget-sow-editor-base\"\n\t\t\t\n\t\t>\n<div class=\"siteorigin-widget-tinymce textwidget\">\n\t<p style=\"text-align: center;\"><strong>Version :<\/strong><br \/>\nFran\u00e7aise<\/p>\n<\/div>\n<\/div><\/div><\/div><\/div><div id=\"pg-8561-2\"  class=\"panel-grid panel-no-style\" ><div id=\"pgc-8561-2-0\"  class=\"panel-grid-cell\" ><div id=\"panel-8561-2-0-0\" class=\"so-panel widget widget_sow-editor panel-first-child panel-last-child\" data-index=\"7\" ><div\n\t\t\t\n\t\t\tclass=\"so-widget-sow-editor so-widget-sow-editor-base\"\n\t\t\t\n\t\t>\n<div class=\"siteorigin-widget-tinymce textwidget\">\n\t<hr \/>\n<p>Construisez la ville du futur !<\/p>\n<p>Gold Coast, Australie, an 2100. La construction de la premi\u00e8re MegaCity oc\u00e9anique va commencer. G\u00e9rer la surpopulation et la mont\u00e9e du niveau de le mer sont d\u00e9sormais les priorit\u00e9s de la plan\u00e8te.<br \/>\nLes progr\u00e8s technologiques permettent d'\u00e9difier des superstructures vertigineuses sur d'immenses Plateformes flottantes. Vous incarnez une nouvelle g\u00e9n\u00e9ration d\u2019architectes, missionn\u00e9s pour construire ces merveilles d'ing\u00e9nierie structurelle.<\/p>\n<p>Votre but ?<br \/>\nDevenir l'architecte le plus renomm\u00e9 de la nouvelle MegaCity en y construisant concr\u00e8tement des b\u00e2timents, en r\u00e9alisant des Contrats et en marquant le plus possible de points de prestige.<\/p>\n<\/div>\n<\/div><\/div><\/div><\/div><div id=\"pg-8561-3\"  class=\"panel-grid panel-no-style\" ><div id=\"pgc-8561-3-0\"  class=\"panel-grid-cell\" ><div id=\"panel-8561-3-0-0\" class=\"so-panel widget widget_sow-editor panel-first-child panel-last-child\" data-index=\"8\" ><div\n\t\t\t\n\t\t\tclass=\"so-widget-sow-editor so-widget-sow-editor-base\"\n\t\t\t\n\t\t>\n<div class=\"siteorigin-widget-tinymce textwidget\">\n\t<hr \/>\n<p style=\"text-align: center;\"><strong>En vid\u00e9o<\/strong><\/p>\n<\/div>\n<\/div><\/div><\/div><\/div><div id=\"pg-8561-4\"  class=\"panel-grid panel-no-style\" ><div id=\"pgc-8561-4-0\"  class=\"panel-grid-cell\" ><div id=\"panel-8561-4-0-0\" class=\"so-panel widget widget_sow-editor panel-first-child panel-last-child\" data-index=\"9\" ><div\n\t\t\t\n\t\t\tclass=\"so-widget-sow-editor so-widget-sow-editor-base\"\n\t\t\t\n\t\t>\n<div class=\"siteorigin-widget-tinymce textwidget\">\n\t<hr \/>\n<p style=\"text-align: center;\"><strong>Pour aller plus loin<\/strong><\/p>\n<\/div>\n<\/div><\/div><\/div><\/div><\/div>","protected":false},"excerpt":{"rendered":"<p>Nombre de joueurs : 2 &#8211; 4 Dur\u00e9e moyenne : 60 min Age : 8 ans et plus Auteur(s) : Michael Fox Jordan Draper Illustrations : Mike Best Winnie Shek Cliona McKeown-Bittles \u00c9dition : Hub Games Version : Fran\u00e7aise<\/p>\n","protected":false},"author":2,"featured_media":8443,"parent":0,"menu_order":0,"comment_status":"closed","ping_status":"closed","template":"","meta":{"footnotes":""},"class_list":["post-8561","page","type-page","status-publish","has-post-thumbnail","hentry"],"acf":[],"rttpg_featured_image_url":{"full":["https:\/\/meeplendice.net\/wp-content\/uploads\/2021\/07\/Megacity_oceania.png",350,350,false],"landscape":["https:\/\/meeplendice.net\/wp-content\/uploads\/2021\/07\/Megacity_oceania.png",350,350,false],"portraits":["https:\/\/meeplendice.net\/wp-content\/uploads\/2021\/07\/Megacity_oceania.png",350,350,false],"thumbnail":["https:\/\/meeplendice.net\/wp-content\/uploads\/2021\/07\/Megacity_oceania-150x150.png",150,150,true],"medium":["https:\/\/meeplendice.net\/wp-content\/uploads\/2021\/07\/Megacity_oceania-300x300.png",300,300,true],"large":["https:\/\/meeplendice.net\/wp-content\/uploads\/2021\/07\/Megacity_oceania.png",350,350,false],"ug_big":["https:\/\/meeplendice.net\/wp-content\/uploads\/2021\/07\/Megacity_oceania.png",350,350,false],"1536x1536":["https:\/\/meeplendice.net\/wp-content\/uploads\/2021\/07\/Megacity_oceania.png",350,350,false],"2048x2048":["https:\/\/meeplendice.net\/wp-content\/uploads\/2021\/07\/Megacity_oceania.png",350,350,false],"ashe-slider-grid-thumbnail":["https:\/\/meeplendice.net\/wp-content\/uploads\/2021\/07\/Megacity_oceania.png",350,350,false],"ashe-full-thumbnail":["https:\/\/meeplendice.net\/wp-content\/uploads\/2021\/07\/Megacity_oceania.png",350,350,false],"ashe-grid-thumbnail":["https:\/\/meeplendice.net\/wp-content\/uploads\/2021\/07\/Megacity_oceania-350x330.png",350,330,true],"ashe-list-thumbnail":["https:\/\/meeplendice.net\/wp-content\/uploads\/2021\/07\/Megacity_oceania-300x300.png",300,300,true],"ashe-single-navigation":["https:\/\/meeplendice.net\/wp-content\/uploads\/2021\/07\/Megacity_oceania-75x75.png",75,75,true],"mailpoet_newsletter_max":["https:\/\/meeplendice.net\/wp-content\/uploads\/2021\/07\/Megacity_oceania.png",350,350,false],"rpwe-thumbnail":["https:\/\/meeplendice.net\/wp-content\/uploads\/2021\/07\/Megacity_oceania-45x45.png",45,45,true],"sow-carousel-default":["https:\/\/meeplendice.net\/wp-content\/uploads\/2021\/07\/Megacity_oceania-272x182.png",272,182,true],"rt_custom":["https:\/\/meeplendice.net\/wp-content\/uploads\/2021\/07\/Megacity_oceania.png",350,350,false]},"rttpg_author":{"display_name":"Karnby","author_link":"https:\/\/meeplendice.net\/?author=2"},"rttpg_comment":0,"rttpg_category":null,"rttpg_excerpt":"Nombre de joueurs : 2 - 4 Dur\u00e9e moyenne : 60 min Age : 8 ans et plus Auteur(s) : Michael Fox Jordan Draper Illustrations : Mike Best Winnie Shek Cliona McKeown-Bittles \u00c9dition : Hub Games Version : Fran\u00e7aise","_links":{"self":[{"href":"https:\/\/meeplendice.net\/index.php?rest_route=\/wp\/v2\/pages\/8561","targetHints":{"allow":["GET"]}}],"collection":[{"href":"https:\/\/meeplendice.net\/index.php?rest_route=\/wp\/v2\/pages"}],"about":[{"href":"https:\/\/meeplendice.net\/index.php?rest_route=\/wp\/v2\/types\/page"}],"author":[{"embeddable":true,"href":"https:\/\/meeplendice.net\/index.php?rest_route=\/wp\/v2\/users\/2"}],"replies":[{"embeddable":true,"href":"https:\/\/meeplendice.net\/index.php?rest_route=%2Fwp%2Fv2%2Fcomments&post=8561"}],"version-history":[{"count":5,"href":"https:\/\/meeplendice.net\/index.php?rest_route=\/wp\/v2\/pages\/8561\/revisions"}],"predecessor-version":[{"id":8566,"href":"https:\/\/meeplendice.net\/index.php?rest_route=\/wp\/v2\/pages\/8561\/revisions\/8566"}],"wp:featuredmedia":[{"embeddable":true,"href":"https:\/\/meeplendice.net\/index.php?rest_route=\/wp\/v2\/media\/8443"}],"wp:attachment":[{"href":"https:\/\/meeplendice.net\/index.php?rest_route=%2Fwp%2Fv2%2Fmedia&parent=8561"}],"curies":[{"name":"wp","href":"https:\/\/api.w.org\/{rel}","templated":true}]}}