{"id":8568,"date":"2021-07-06T22:14:04","date_gmt":"2021-07-06T21:14:04","guid":{"rendered":"http:\/\/meeplendice.net\/?page_id=8568"},"modified":"2023-08-05T00:49:36","modified_gmt":"2023-08-04T23:49:36","slug":"everdell-2","status":"publish","type":"page","link":"https:\/\/meeplendice.net\/?page_id=8568","title":{"rendered":"Everdell"},"content":{"rendered":"<div id=\"pl-8568\"  class=\"panel-layout\" ><div id=\"pg-8568-0\"  class=\"panel-grid panel-no-style\" ><div id=\"pgc-8568-0-0\"  class=\"panel-grid-cell\" ><div id=\"panel-8568-0-0-0\" class=\"so-panel widget widget_sow-editor panel-first-child panel-last-child\" data-index=\"0\" ><div\n\t\t\t\n\t\t\tclass=\"so-widget-sow-editor so-widget-sow-editor-base\"\n\t\t\t\n\t\t>\n<div class=\"siteorigin-widget-tinymce textwidget\">\n\t<p style=\"text-align: center;\"><strong>Nombre de joueurs :<\/strong><br \/>\n1 - 4<\/p>\n<\/div>\n<\/div><\/div><\/div><div id=\"pgc-8568-0-1\"  class=\"panel-grid-cell\" ><div id=\"panel-8568-0-1-0\" class=\"so-panel widget widget_sow-editor panel-first-child panel-last-child\" data-index=\"1\" ><div\n\t\t\t\n\t\t\tclass=\"so-widget-sow-editor so-widget-sow-editor-base\"\n\t\t\t\n\t\t>\n<div class=\"siteorigin-widget-tinymce textwidget\">\n\t<p style=\"text-align: center;\"><strong>Dur\u00e9e moyenne :<\/strong><br \/>\n80 min<\/p>\n<\/div>\n<\/div><\/div><\/div><div id=\"pgc-8568-0-2\"  class=\"panel-grid-cell\" ><div id=\"panel-8568-0-2-0\" class=\"so-panel widget widget_sow-editor panel-first-child panel-last-child\" data-index=\"2\" ><div\n\t\t\t\n\t\t\tclass=\"so-widget-sow-editor so-widget-sow-editor-base\"\n\t\t\t\n\t\t>\n<div class=\"siteorigin-widget-tinymce textwidget\">\n\t<p style=\"text-align: center;\"><strong>Age :<\/strong><br \/>\n10 ans et plus<\/p>\n<\/div>\n<\/div><\/div><\/div><\/div><div id=\"pg-8568-1\"  class=\"panel-grid panel-no-style\" ><div id=\"pgc-8568-1-0\"  class=\"panel-grid-cell\" ><div id=\"panel-8568-1-0-0\" class=\"so-panel widget widget_sow-editor panel-first-child panel-last-child\" data-index=\"3\" ><div\n\t\t\t\n\t\t\tclass=\"so-widget-sow-editor so-widget-sow-editor-base\"\n\t\t\t\n\t\t>\n<div class=\"siteorigin-widget-tinymce textwidget\">\n\t<p style=\"text-align: center;\"><strong>Auteur(s) :<br \/>\n<\/strong>James A. Wilson<\/p>\n<\/div>\n<\/div><\/div><\/div><div id=\"pgc-8568-1-1\"  class=\"panel-grid-cell\" ><div id=\"panel-8568-1-1-0\" class=\"so-panel widget widget_sow-editor panel-first-child panel-last-child\" data-index=\"4\" ><div\n\t\t\t\n\t\t\tclass=\"so-widget-sow-editor so-widget-sow-editor-base\"\n\t\t\t\n\t\t>\n<div class=\"siteorigin-widget-tinymce textwidget\">\n\t<p style=\"text-align: center;\"><strong>Illustrations :<br \/>\n<\/strong>Andrew Bosley<\/p>\n<\/div>\n<\/div><\/div><\/div><div id=\"pgc-8568-1-2\"  class=\"panel-grid-cell\" ><div id=\"panel-8568-1-2-0\" class=\"so-panel widget widget_sow-editor panel-first-child panel-last-child\" data-index=\"5\" ><div\n\t\t\t\n\t\t\tclass=\"so-widget-sow-editor so-widget-sow-editor-base\"\n\t\t\t\n\t\t>\n<div class=\"siteorigin-widget-tinymce textwidget\">\n\t<p style=\"text-align: center;\"><strong>\u00c9dition :<\/strong><br \/>\nStarling Games<br \/>\n2020<\/p>\n<\/div>\n<\/div><\/div><\/div><div id=\"pgc-8568-1-3\"  class=\"panel-grid-cell\" ><div id=\"panel-8568-1-3-0\" class=\"so-panel widget widget_sow-editor panel-first-child panel-last-child\" data-index=\"6\" ><div\n\t\t\t\n\t\t\tclass=\"so-widget-sow-editor so-widget-sow-editor-base\"\n\t\t\t\n\t\t>\n<div class=\"siteorigin-widget-tinymce textwidget\">\n\t<p style=\"text-align: center;\"><strong>Version :<\/strong><br \/>\nFran\u00e7aise<\/p>\n<\/div>\n<\/div><\/div><\/div><\/div><div id=\"pg-8568-2\"  class=\"panel-grid panel-no-style\" ><div id=\"pgc-8568-2-0\"  class=\"panel-grid-cell\" ><div id=\"panel-8568-2-0-0\" class=\"so-panel widget widget_sow-editor panel-first-child panel-last-child\" data-index=\"7\" ><div\n\t\t\t\n\t\t\tclass=\"so-widget-sow-editor so-widget-sow-editor-base\"\n\t\t\t\n\t\t>\n<div class=\"siteorigin-widget-tinymce textwidget\">\n\t<hr \/>\n<p><em>Au fin fond du royaume d'Everdell, se trouve une petite ville habit\u00e9e par des animaux forestiers qui se d\u00e9veloppe et prosp\u00e8re \u00e0 travers les \u00e2ges.<\/em><br \/>\n<em>Malgr\u00e9 un cadre idyllique, la vie n'y est pas facile. Les hivers sont rudes et tous les habitants d'Everdell luttent chaque ann\u00e9e pour construire le n\u00e9cessaire pour tenir jusqu'au retour du printemps.<\/em><\/p>\n<p>Dans ce jeu de placement d'ouvriers et de construction de tableaux, vous aurez des b\u00e2timents \u00e0 construire, des personnages passionnants \u00e0 rencontrer et des \u00e9v\u00e9nements \u00e0 g\u00e9rer. Vous l'aurez compris, vous ne vous ennuierez pas \u00e0 Everdell.<\/p>\n<\/div>\n<\/div><\/div><\/div><\/div><div id=\"pg-8568-3\"  class=\"panel-grid panel-no-style\" ><div id=\"pgc-8568-3-0\"  class=\"panel-grid-cell\" ><div id=\"panel-8568-3-0-0\" class=\"so-panel widget widget_sow-editor panel-first-child panel-last-child\" data-index=\"8\" ><div\n\t\t\t\n\t\t\tclass=\"so-widget-sow-editor so-widget-sow-editor-base\"\n\t\t\t\n\t\t>\n<div class=\"siteorigin-widget-tinymce textwidget\">\n\t<hr \/>\n<h3 style=\"text-align: center;\">En vid\u00e9o<\/h3>\n<p><a href=\"https:\/\/www.youtube.com\/embed\/9fxREP0KluI\" target=\"_blank\" rel=\"noopener\"><img loading=\"lazy\" decoding=\"async\" class=\"alignnone size-full wp-image-9090\" src=\"https:\/\/meeplendice.net\/wp-content\/uploads\/2022\/01\/Link_CJ_v2.png\" alt=\"\" width=\"200\" height=\"170\" \/><\/a><\/p>\n<\/div>\n<\/div><\/div><\/div><\/div><div id=\"pg-8568-4\"  class=\"panel-grid panel-no-style\" ><div id=\"pgc-8568-4-0\"  class=\"panel-grid-cell\" ><div id=\"panel-8568-4-0-0\" class=\"so-panel widget widget_sow-editor panel-first-child panel-last-child\" data-index=\"9\" ><div\n\t\t\t\n\t\t\tclass=\"so-widget-sow-editor so-widget-sow-editor-base\"\n\t\t\t\n\t\t>\n<div class=\"siteorigin-widget-tinymce textwidget\">\n\t<hr \/>\n<h3 style=\"text-align: center;\">Extension(s)<\/h3>\n<style type='text\/css' media='all'>#rt-tpg-container-2025482740 .read-more a{border-radius:px;}#rt-tpg-container-2025482740 .rt-img-holder img.rt-img-responsive,#rt-tpg-container-2025482740 .rt-img-holder,\n\t\t\t\t\t#rt-tpg-container-2025482740 .rt-post-overlay .post-img,\n\t\t\t\t\t#rt-tpg-container-2025482740 .post-sm .post-img,\n\t\t\t\t\t#rt-tpg-container-2025482740 .rt-post-grid .post-img,\n\t\t\t\t\t#rt-tpg-container-2025482740 .post-img img {border-radius:px;}#rt-tpg-container-2025482740 .layout9 .rt-holder h2.entry-title,\n\t\t\t\t\t#rt-tpg-container-2025482740 .layout9 .rt-holder h3.entry-title,\n\t\t\t\t\t#rt-tpg-container-2025482740 .layout9 .rt-holder h4.entry-title,\n\t\t\t\t\t#rt-tpg-container-2025482740 .layout9 .rt-holder h2.entry-title a,\n\t\t\t\t\t#rt-tpg-container-2025482740 .layout9 .rt-holder h3.entry-title a,\n\t\t\t\t\t#rt-tpg-container-2025482740 .layout9 .rt-holder h4.entry-title a,\n\t\t\t\t\t#rt-tpg-container-2025482740 .rt-holder .rt-woo-info h2 a,\n\t\t\t\t\t#rt-tpg-container-2025482740 .rt-holder .rt-woo-info h3 a,\n\t\t\t\t\t#rt-tpg-container-2025482740 .rt-holder .rt-woo-info h4 a,\n\t\t\t\t\t#rt-tpg-container-2025482740 .post-content .post-title,\n\t\t\t\t\t#rt-tpg-container-2025482740 .rt-post-grid .post-title,\n\t\t\t\t\t#rt-tpg-container-2025482740 .rt-post-grid .post-title a,\n\t\t\t\t\t#rt-tpg-container-2025482740 .post-content .post-title a,\n\t\t\t\t\t#rt-tpg-container-2025482740 .rt-holder .rt-woo-info h2,\n\t\t\t\t\t#rt-tpg-container-2025482740 .rt-holder .rt-woo-info h3,\n\t\t\t\t\t#rt-tpg-container-2025482740 .rt-holder .rt-woo-info h4{font-size:16px;line-height:26px;font-weight:normal;text-align:center;}#rt-tpg-container-2025482740 .post-grid-lg-style-1 .post-title,\n\t\t\t\t\t\t#rt-tpg-container-2025482740 .post-grid-lg-style-1 .post-title a,\n\t\t\t\t\t\t#rt-tpg-container-2025482740 .big-layout .post-title,\n\t\t\t\t\t\t#rt-tpg-container-2025482740 .big-layout .post-title a,\n\t\t\t\t\t\t#rt-tpg-container-2025482740 .post-grid-lg-style-1 .post-title,\n\t\t\t\t\t\t#rt-tpg-container-2025482740 .post-grid-lg-style-1 .post-title a {font-size:24px;line-height:34px;}<\/style><div class='rt-container-fluid rt-tpg-container tpg-shortcode-main-wrapper ' id='rt-tpg-container-2025482740'   data-layout='layout9' data-grid-style='even' data-desktop-col='3'  data-tab-col='2'  data-mobile-col='1' data-sc-id='8713'><div data-title='Loading ...' class='rt-row rt-content-loader   layout9 tpg-even '><div class=\"rt-col-md-4 rt-col-sm-6 rt-col-xs-12 even-grid-item rt-grid-item img_zoom_in\" data-id=\"8712\"><div class=\"rt-holder\"><div class='overlay'><a data-id='8712' class=' tpg-single-popup' href='https:\/\/meeplendice.net\/?page_id=8712'><img loading=\"lazy\" decoding=\"async\" width=\"350\" height=\"350\" src=\"https:\/\/meeplendice.net\/wp-content\/uploads\/2022\/05\/Everdell_Pearlbrook.png\" class=\"rt-img-responsive \" alt=\"\" \/><\/a><\/div><div class='post-info'><h3 class=\"entry-title\"><a data-id=\"8712\" class=\" tpg-single-popup\" href=\"https:\/\/meeplendice.net\/?page_id=8712\">Pearlbrook<\/a><\/h3><div class='post-meta-user '><\/div><\/div><\/div><\/div><div class=\"rt-col-md-4 rt-col-sm-6 rt-col-xs-12 even-grid-item rt-grid-item img_zoom_in\" data-id=\"9761\"><div class=\"rt-holder\"><div class='overlay'><a data-id='9761' class=' tpg-single-popup' href='https:\/\/meeplendice.net\/?page_id=9761'><img loading=\"lazy\" decoding=\"async\" width=\"350\" height=\"350\" src=\"https:\/\/meeplendice.net\/wp-content\/uploads\/2022\/05\/Everdell_Bellfaire.png\" class=\"rt-img-responsive \" alt=\"\" \/><\/a><\/div><div class='post-info'><h3 class=\"entry-title\"><a data-id=\"9761\" class=\" tpg-single-popup\" href=\"https:\/\/meeplendice.net\/?page_id=9761\">Bellfaire<\/a><\/h3><div class='post-meta-user '><\/div><\/div><\/div><\/div><div class=\"rt-col-md-4 rt-col-sm-6 rt-col-xs-12 even-grid-item rt-grid-item img_zoom_in\" data-id=\"9763\"><div class=\"rt-holder\"><div class='overlay'><a data-id='9763' class=' tpg-single-popup' href='https:\/\/meeplendice.net\/?page_id=9763'><img loading=\"lazy\" decoding=\"async\" width=\"350\" height=\"350\" src=\"https:\/\/meeplendice.net\/wp-content\/uploads\/2022\/05\/Everdell_Spirecrest.png\" class=\"rt-img-responsive \" alt=\"\" \/><\/a><\/div><div class='post-info'><h3 class=\"entry-title\"><a data-id=\"9763\" class=\" tpg-single-popup\" href=\"https:\/\/meeplendice.net\/?page_id=9763\">Spirecrest<\/a><\/h3><div class='post-meta-user '><\/div><\/div><\/div><\/div><\/div><div class='rt-pagination-wrap' data-total-pages='2' data-posts-per-page='3' data-type='pagination_ajax'  ><div class='rt-page-numbers'><\/div><\/div><\/div>\n<\/div>\n<\/div><\/div><\/div><\/div><div id=\"pg-8568-5\"  class=\"panel-grid panel-no-style\" ><div id=\"pgc-8568-5-0\"  class=\"panel-grid-cell\" ><div id=\"panel-8568-5-0-0\" class=\"so-panel widget widget_sow-editor panel-first-child panel-last-child\" data-index=\"10\" ><div\n\t\t\t\n\t\t\tclass=\"so-widget-sow-editor so-widget-sow-editor-base\"\n\t\t\t\n\t\t>\n<div class=\"siteorigin-widget-tinymce textwidget\">\n\t<hr \/>\n<h3 style=\"text-align: center;\">Pour aller plus loin<\/h3>\n<\/div>\n<\/div><\/div><\/div><\/div><\/div>","protected":false},"excerpt":{"rendered":"<p>Nombre de joueurs : 1 &#8211; 4 Dur\u00e9e moyenne : 80 min Age : 10 ans et plus Auteur(s) : James A. Wilson Illustrations : Andrew Bosley \u00c9dition : Starling Games 2020 Version : Fran\u00e7aise<\/p>\n","protected":false},"author":2,"featured_media":8447,"parent":0,"menu_order":0,"comment_status":"closed","ping_status":"closed","template":"","meta":{"footnotes":""},"class_list":["post-8568","page","type-page","status-publish","has-post-thumbnail","hentry"],"acf":[],"rttpg_featured_image_url":{"full":["https:\/\/meeplendice.net\/wp-content\/uploads\/2021\/07\/Everdell.png",350,350,false],"landscape":["https:\/\/meeplendice.net\/wp-content\/uploads\/2021\/07\/Everdell.png",350,350,false],"portraits":["https:\/\/meeplendice.net\/wp-content\/uploads\/2021\/07\/Everdell.png",350,350,false],"thumbnail":["https:\/\/meeplendice.net\/wp-content\/uploads\/2021\/07\/Everdell-150x150.png",150,150,true],"medium":["https:\/\/meeplendice.net\/wp-content\/uploads\/2021\/07\/Everdell-300x300.png",300,300,true],"large":["https:\/\/meeplendice.net\/wp-content\/uploads\/2021\/07\/Everdell.png",350,350,false],"ug_big":["https:\/\/meeplendice.net\/wp-content\/uploads\/2021\/07\/Everdell.png",350,350,false],"1536x1536":["https:\/\/meeplendice.net\/wp-content\/uploads\/2021\/07\/Everdell.png",350,350,false],"2048x2048":["https:\/\/meeplendice.net\/wp-content\/uploads\/2021\/07\/Everdell.png",350,350,false],"ashe-slider-grid-thumbnail":["https:\/\/meeplendice.net\/wp-content\/uploads\/2021\/07\/Everdell.png",350,350,false],"ashe-full-thumbnail":["https:\/\/meeplendice.net\/wp-content\/uploads\/2021\/07\/Everdell.png",350,350,false],"ashe-grid-thumbnail":["https:\/\/meeplendice.net\/wp-content\/uploads\/2021\/07\/Everdell-350x330.png",350,330,true],"ashe-list-thumbnail":["https:\/\/meeplendice.net\/wp-content\/uploads\/2021\/07\/Everdell-300x300.png",300,300,true],"ashe-single-navigation":["https:\/\/meeplendice.net\/wp-content\/uploads\/2021\/07\/Everdell-75x75.png",75,75,true],"mailpoet_newsletter_max":["https:\/\/meeplendice.net\/wp-content\/uploads\/2021\/07\/Everdell.png",350,350,false],"rpwe-thumbnail":["https:\/\/meeplendice.net\/wp-content\/uploads\/2021\/07\/Everdell-45x45.png",45,45,true],"sow-carousel-default":["https:\/\/meeplendice.net\/wp-content\/uploads\/2021\/07\/Everdell-272x182.png",272,182,true],"rt_custom":["https:\/\/meeplendice.net\/wp-content\/uploads\/2021\/07\/Everdell.png",350,350,false]},"rttpg_author":{"display_name":"Karnby","author_link":"https:\/\/meeplendice.net\/?author=2"},"rttpg_comment":0,"rttpg_category":null,"rttpg_excerpt":"Nombre de joueurs : 1 - 4 Dur\u00e9e moyenne : 80 min Age : 10 ans et plus Auteur(s) : James A. Wilson Illustrations : Andrew Bosley \u00c9dition : Starling Games 2020 Version : Fran\u00e7aise","_links":{"self":[{"href":"https:\/\/meeplendice.net\/index.php?rest_route=\/wp\/v2\/pages\/8568","targetHints":{"allow":["GET"]}}],"collection":[{"href":"https:\/\/meeplendice.net\/index.php?rest_route=\/wp\/v2\/pages"}],"about":[{"href":"https:\/\/meeplendice.net\/index.php?rest_route=\/wp\/v2\/types\/page"}],"author":[{"embeddable":true,"href":"https:\/\/meeplendice.net\/index.php?rest_route=\/wp\/v2\/users\/2"}],"replies":[{"embeddable":true,"href":"https:\/\/meeplendice.net\/index.php?rest_route=%2Fwp%2Fv2%2Fcomments&post=8568"}],"version-history":[{"count":9,"href":"https:\/\/meeplendice.net\/index.php?rest_route=\/wp\/v2\/pages\/8568\/revisions"}],"predecessor-version":[{"id":11121,"href":"https:\/\/meeplendice.net\/index.php?rest_route=\/wp\/v2\/pages\/8568\/revisions\/11121"}],"wp:featuredmedia":[{"embeddable":true,"href":"https:\/\/meeplendice.net\/index.php?rest_route=\/wp\/v2\/media\/8447"}],"wp:attachment":[{"href":"https:\/\/meeplendice.net\/index.php?rest_route=%2Fwp%2Fv2%2Fmedia&parent=8568"}],"curies":[{"name":"wp","href":"https:\/\/api.w.org\/{rel}","templated":true}]}}