{"id":8576,"date":"2021-07-06T22:23:08","date_gmt":"2021-07-06T21:23:08","guid":{"rendered":"http:\/\/meeplendice.net\/?page_id=8576"},"modified":"2021-07-06T22:41:28","modified_gmt":"2021-07-06T21:41:28","slug":"flotilla-2","status":"publish","type":"page","link":"https:\/\/meeplendice.net\/?page_id=8576","title":{"rendered":"Flotilla"},"content":{"rendered":"<div id=\"pl-8576\"  class=\"panel-layout\" ><div id=\"pg-8576-0\"  class=\"panel-grid panel-no-style\" ><div id=\"pgc-8576-0-0\"  class=\"panel-grid-cell\" ><div id=\"panel-8576-0-0-0\" class=\"so-panel widget widget_sow-editor panel-first-child panel-last-child\" data-index=\"0\" ><div\n\t\t\t\n\t\t\tclass=\"so-widget-sow-editor so-widget-sow-editor-base\"\n\t\t\t\n\t\t>\n<div class=\"siteorigin-widget-tinymce textwidget\">\n\t<p style=\"text-align: center;\"><strong>Nombre de joueurs :<\/strong><br \/>\n3 - 5<\/p>\n<\/div>\n<\/div><\/div><\/div><div id=\"pgc-8576-0-1\"  class=\"panel-grid-cell\" ><div id=\"panel-8576-0-1-0\" class=\"so-panel widget widget_sow-editor panel-first-child panel-last-child\" data-index=\"1\" ><div\n\t\t\t\n\t\t\tclass=\"so-widget-sow-editor so-widget-sow-editor-base\"\n\t\t\t\n\t\t>\n<div class=\"siteorigin-widget-tinymce textwidget\">\n\t<p style=\"text-align: center;\"><strong>Dur\u00e9e moyenne :<\/strong><br \/>\n120 min<\/p>\n<\/div>\n<\/div><\/div><\/div><div id=\"pgc-8576-0-2\"  class=\"panel-grid-cell\" ><div id=\"panel-8576-0-2-0\" class=\"so-panel widget widget_sow-editor panel-first-child panel-last-child\" data-index=\"2\" ><div\n\t\t\t\n\t\t\tclass=\"so-widget-sow-editor so-widget-sow-editor-base\"\n\t\t\t\n\t\t>\n<div class=\"siteorigin-widget-tinymce textwidget\">\n\t<p style=\"text-align: center;\"><strong>Age :<\/strong><br \/>\n14 ans et plus<\/p>\n<\/div>\n<\/div><\/div><\/div><\/div><div id=\"pg-8576-1\"  class=\"panel-grid panel-no-style\" ><div id=\"pgc-8576-1-0\"  class=\"panel-grid-cell\" ><div id=\"panel-8576-1-0-0\" class=\"so-panel widget widget_sow-editor panel-first-child panel-last-child\" data-index=\"3\" ><div\n\t\t\t\n\t\t\tclass=\"so-widget-sow-editor so-widget-sow-editor-base\"\n\t\t\t\n\t\t>\n<div class=\"siteorigin-widget-tinymce textwidget\">\n\t<p style=\"text-align: center;\"><strong>Auteur(s) :<br \/>\n<\/strong>J.B Howell<br \/>\nMichael Mihealsick<\/p>\n<\/div>\n<\/div><\/div><\/div><div id=\"pgc-8576-1-1\"  class=\"panel-grid-cell\" ><div id=\"panel-8576-1-1-0\" class=\"so-panel widget widget_sow-editor panel-first-child panel-last-child\" data-index=\"4\" ><div\n\t\t\t\n\t\t\tclass=\"so-widget-sow-editor so-widget-sow-editor-base\"\n\t\t\t\n\t\t>\n<div class=\"siteorigin-widget-tinymce textwidget\">\n\t<p style=\"text-align: center;\"><strong>Illustrations :<\/strong><br \/>\nBartek Fedyczak<br \/>\nGong Studios<\/p>\n<\/div>\n<\/div><\/div><\/div><div id=\"pgc-8576-1-2\"  class=\"panel-grid-cell\" ><div id=\"panel-8576-1-2-0\" class=\"so-panel widget widget_sow-editor panel-first-child panel-last-child\" data-index=\"5\" ><div\n\t\t\t\n\t\t\tclass=\"so-widget-sow-editor so-widget-sow-editor-base\"\n\t\t\t\n\t\t>\n<div class=\"siteorigin-widget-tinymce textwidget\">\n\t<p style=\"text-align: center;\"><strong>\u00c9dition :<\/strong><br \/>\nWizKids<br \/>\nIntrafin Games<br \/>\n2020<\/p>\n<\/div>\n<\/div><\/div><\/div><div id=\"pgc-8576-1-3\"  class=\"panel-grid-cell\" ><div id=\"panel-8576-1-3-0\" class=\"so-panel widget widget_sow-editor panel-first-child panel-last-child\" data-index=\"6\" ><div\n\t\t\t\n\t\t\tclass=\"so-widget-sow-editor so-widget-sow-editor-base\"\n\t\t\t\n\t\t>\n<div class=\"siteorigin-widget-tinymce textwidget\">\n\t<p style=\"text-align: center;\"><strong>Version :<\/strong><br \/>\nFran\u00e7aise<\/p>\n<\/div>\n<\/div><\/div><\/div><\/div><div id=\"pg-8576-2\"  class=\"panel-grid panel-no-style\" ><div id=\"pgc-8576-2-0\"  class=\"panel-grid-cell\" ><div id=\"panel-8576-2-0-0\" class=\"so-panel widget widget_sow-editor panel-first-child panel-last-child\" data-index=\"7\" ><div\n\t\t\t\n\t\t\tclass=\"so-widget-sow-editor so-widget-sow-editor-base\"\n\t\t\t\n\t\t>\n<div class=\"siteorigin-widget-tinymce textwidget\">\n\t<hr \/>\n<p><em>1954 - Une catastrophe inattendue lors d'un essai d'arme nucl\u00e9aire a d\u00e9clench\u00e9 un d\u00e9sastre \u00e9cologique mondial causant une mont\u00e9e des eaux telle que seules les plus hautes montagnes \u00e9mergent encore.<br \/>\nAujourd'hui, 10 ans apr\u00e8s le d\u00e9sastre, la Flottille abrite les tout derniers d'entre nous.<\/em><\/p>\n<p>En tant qu'un des derniers grands capitaines, vous \u0153uvrez \u00e0 la prosp\u00e9rit\u00e9 de la Flottille qui abrite les trop rares survivants de la civilisation humaine. Vous explorez le nouveau visage des l'oc\u00e9an, r\u00e9cup\u00e9rez des profondeurs ce qui peut encore l'\u00eatre, portez secours aux survivants que vous rencontrez, constituez votre \u00e9quipage, gagnez en influence au sein des Guildes gouvernantes de la Flottille... pour peut-\u00eatre finir par rejoindre la Flottille elle-m\u00eame avec votre navire en y incorporant tout ce que vous avez r\u00e9cup\u00e9r\u00e9 et ainsi poursuivre la construction de ce Nouveau Monde !<\/p>\n<p>Flotilla s'articule autour de 2 modes de jeux distincts - la face Abysse et la face C\u00e9leste. Tous les joueurs commencent la partie en tant qu'Abyssiens, mais ils pourront \"basculer\" C\u00e9lestiens \u00e0 tout moment. Lorsque vous basculez, nombre d'\u00e9l\u00e9ments sont physiquement retourn\u00e9s et remplissent un r\u00f4le diff\u00e9rent pour le reste de la partie !<\/p>\n<\/div>\n<\/div><\/div><\/div><\/div><div id=\"pg-8576-3\"  class=\"panel-grid panel-no-style\" ><div id=\"pgc-8576-3-0\"  class=\"panel-grid-cell\" ><div id=\"panel-8576-3-0-0\" class=\"so-panel widget widget_sow-editor panel-first-child panel-last-child\" data-index=\"8\" ><div\n\t\t\t\n\t\t\tclass=\"so-widget-sow-editor so-widget-sow-editor-base\"\n\t\t\t\n\t\t>\n<div class=\"siteorigin-widget-tinymce textwidget\">\n\t<hr \/>\n<p style=\"text-align: center;\"><strong>En vid\u00e9o<\/strong><\/p>\n<\/div>\n<\/div><\/div><\/div><\/div><div id=\"pg-8576-4\"  class=\"panel-grid panel-no-style\" ><div id=\"pgc-8576-4-0\"  class=\"panel-grid-cell\" ><div id=\"panel-8576-4-0-0\" class=\"so-panel widget widget_sow-editor panel-first-child panel-last-child\" data-index=\"9\" ><div\n\t\t\t\n\t\t\tclass=\"so-widget-sow-editor so-widget-sow-editor-base\"\n\t\t\t\n\t\t>\n<div class=\"siteorigin-widget-tinymce textwidget\">\n\t<hr \/>\n<p style=\"text-align: center;\"><strong>Pour aller plus loin<\/strong><\/p>\n<\/div>\n<\/div><\/div><\/div><\/div><\/div>","protected":false},"excerpt":{"rendered":"<p>Nombre de joueurs : 3 &#8211; 5 Dur\u00e9e moyenne : 120 min Age : 14 ans et plus Auteur(s) : J.B Howell Michael Mihealsick Illustrations : Bartek Fedyczak Gong Studios \u00c9dition : WizKids Intrafin Games 2020 Version : Fran\u00e7aise<\/p>\n","protected":false},"author":2,"featured_media":8446,"parent":0,"menu_order":0,"comment_status":"closed","ping_status":"closed","template":"","meta":{"footnotes":""},"class_list":["post-8576","page","type-page","status-publish","has-post-thumbnail","hentry"],"acf":[],"rttpg_featured_image_url":{"full":["https:\/\/meeplendice.net\/wp-content\/uploads\/2021\/07\/Flotilla.png",350,350,false],"landscape":["https:\/\/meeplendice.net\/wp-content\/uploads\/2021\/07\/Flotilla.png",350,350,false],"portraits":["https:\/\/meeplendice.net\/wp-content\/uploads\/2021\/07\/Flotilla.png",350,350,false],"thumbnail":["https:\/\/meeplendice.net\/wp-content\/uploads\/2021\/07\/Flotilla-150x150.png",150,150,true],"medium":["https:\/\/meeplendice.net\/wp-content\/uploads\/2021\/07\/Flotilla-300x300.png",300,300,true],"large":["https:\/\/meeplendice.net\/wp-content\/uploads\/2021\/07\/Flotilla.png",350,350,false],"ug_big":["https:\/\/meeplendice.net\/wp-content\/uploads\/2021\/07\/Flotilla.png",350,350,false],"1536x1536":["https:\/\/meeplendice.net\/wp-content\/uploads\/2021\/07\/Flotilla.png",350,350,false],"2048x2048":["https:\/\/meeplendice.net\/wp-content\/uploads\/2021\/07\/Flotilla.png",350,350,false],"ashe-slider-grid-thumbnail":["https:\/\/meeplendice.net\/wp-content\/uploads\/2021\/07\/Flotilla.png",350,350,false],"ashe-full-thumbnail":["https:\/\/meeplendice.net\/wp-content\/uploads\/2021\/07\/Flotilla.png",350,350,false],"ashe-grid-thumbnail":["https:\/\/meeplendice.net\/wp-content\/uploads\/2021\/07\/Flotilla-350x330.png",350,330,true],"ashe-list-thumbnail":["https:\/\/meeplendice.net\/wp-content\/uploads\/2021\/07\/Flotilla-300x300.png",300,300,true],"ashe-single-navigation":["https:\/\/meeplendice.net\/wp-content\/uploads\/2021\/07\/Flotilla-75x75.png",75,75,true],"mailpoet_newsletter_max":["https:\/\/meeplendice.net\/wp-content\/uploads\/2021\/07\/Flotilla.png",350,350,false],"rpwe-thumbnail":["https:\/\/meeplendice.net\/wp-content\/uploads\/2021\/07\/Flotilla-45x45.png",45,45,true],"sow-carousel-default":["https:\/\/meeplendice.net\/wp-content\/uploads\/2021\/07\/Flotilla-272x182.png",272,182,true],"rt_custom":["https:\/\/meeplendice.net\/wp-content\/uploads\/2021\/07\/Flotilla.png",350,350,false]},"rttpg_author":{"display_name":"Karnby","author_link":"https:\/\/meeplendice.net\/?author=2"},"rttpg_comment":0,"rttpg_category":null,"rttpg_excerpt":"Nombre de joueurs : 3 - 5 Dur\u00e9e moyenne : 120 min Age : 14 ans et plus Auteur(s) : J.B Howell Michael Mihealsick Illustrations : Bartek Fedyczak Gong Studios \u00c9dition : WizKids Intrafin Games 2020 Version : Fran\u00e7aise","_links":{"self":[{"href":"https:\/\/meeplendice.net\/index.php?rest_route=\/wp\/v2\/pages\/8576","targetHints":{"allow":["GET"]}}],"collection":[{"href":"https:\/\/meeplendice.net\/index.php?rest_route=\/wp\/v2\/pages"}],"about":[{"href":"https:\/\/meeplendice.net\/index.php?rest_route=\/wp\/v2\/types\/page"}],"author":[{"embeddable":true,"href":"https:\/\/meeplendice.net\/index.php?rest_route=\/wp\/v2\/users\/2"}],"replies":[{"embeddable":true,"href":"https:\/\/meeplendice.net\/index.php?rest_route=%2Fwp%2Fv2%2Fcomments&post=8576"}],"version-history":[{"count":6,"href":"https:\/\/meeplendice.net\/index.php?rest_route=\/wp\/v2\/pages\/8576\/revisions"}],"predecessor-version":[{"id":8583,"href":"https:\/\/meeplendice.net\/index.php?rest_route=\/wp\/v2\/pages\/8576\/revisions\/8583"}],"wp:featuredmedia":[{"embeddable":true,"href":"https:\/\/meeplendice.net\/index.php?rest_route=\/wp\/v2\/media\/8446"}],"wp:attachment":[{"href":"https:\/\/meeplendice.net\/index.php?rest_route=%2Fwp%2Fv2%2Fmedia&parent=8576"}],"curies":[{"name":"wp","href":"https:\/\/api.w.org\/{rel}","templated":true}]}}