{"id":8585,"date":"2021-07-06T22:53:27","date_gmt":"2021-07-06T21:53:27","guid":{"rendered":"http:\/\/meeplendice.net\/?page_id=8585"},"modified":"2021-07-06T23:04:48","modified_gmt":"2021-07-06T22:04:48","slug":"the-specialists","status":"publish","type":"page","link":"https:\/\/meeplendice.net\/?page_id=8585","title":{"rendered":"The Specialists"},"content":{"rendered":"<div id=\"pl-8585\"  class=\"panel-layout\" ><div id=\"pg-8585-0\"  class=\"panel-grid panel-no-style\" ><div id=\"pgc-8585-0-0\"  class=\"panel-grid-cell\" ><div id=\"panel-8585-0-0-0\" class=\"so-panel widget widget_sow-editor panel-first-child panel-last-child\" data-index=\"0\" ><div\n\t\t\t\n\t\t\tclass=\"so-widget-sow-editor so-widget-sow-editor-base\"\n\t\t\t\n\t\t>\n<div class=\"siteorigin-widget-tinymce textwidget\">\n\t<p style=\"text-align: center;\"><strong>Nombre de joueurs :<\/strong><br \/>\n1 - 4<\/p>\n<\/div>\n<\/div><\/div><\/div><div id=\"pgc-8585-0-1\"  class=\"panel-grid-cell\" ><div id=\"panel-8585-0-1-0\" class=\"so-panel widget widget_sow-editor panel-first-child panel-last-child\" data-index=\"1\" ><div\n\t\t\t\n\t\t\tclass=\"so-widget-sow-editor so-widget-sow-editor-base\"\n\t\t\t\n\t\t>\n<div class=\"siteorigin-widget-tinymce textwidget\">\n\t<p style=\"text-align: center;\"><strong>Dur\u00e9e moyenne :<\/strong><br \/>\n60 min<\/p>\n<\/div>\n<\/div><\/div><\/div><div id=\"pgc-8585-0-2\"  class=\"panel-grid-cell\" ><div id=\"panel-8585-0-2-0\" class=\"so-panel widget widget_sow-editor panel-first-child panel-last-child\" data-index=\"2\" ><div\n\t\t\t\n\t\t\tclass=\"so-widget-sow-editor so-widget-sow-editor-base\"\n\t\t\t\n\t\t>\n<div class=\"siteorigin-widget-tinymce textwidget\">\n\t<p style=\"text-align: center;\"><strong>Age :<\/strong><br \/>\n14 ans et plus<\/p>\n<\/div>\n<\/div><\/div><\/div><\/div><div id=\"pg-8585-1\"  class=\"panel-grid panel-no-style\" ><div id=\"pgc-8585-1-0\"  class=\"panel-grid-cell\" ><div id=\"panel-8585-1-0-0\" class=\"so-panel widget widget_sow-editor panel-first-child panel-last-child\" data-index=\"3\" ><div\n\t\t\t\n\t\t\tclass=\"so-widget-sow-editor so-widget-sow-editor-base\"\n\t\t\t\n\t\t>\n<div class=\"siteorigin-widget-tinymce textwidget\">\n\t<p style=\"text-align: center;\"><strong>Auteur(s) :<br \/>\n<\/strong>Stefania Niccolini<br \/>\nAnne-Catherine Perrier<br \/>\nMarco Canetta<br \/>\nDimitri Perrier<\/p>\n<\/div>\n<\/div><\/div><\/div><div id=\"pgc-8585-1-1\"  class=\"panel-grid-cell\" ><div id=\"panel-8585-1-1-0\" class=\"so-panel widget widget_sow-editor panel-first-child panel-last-child\" data-index=\"4\" ><div\n\t\t\t\n\t\t\tclass=\"so-widget-sow-editor so-widget-sow-editor-base\"\n\t\t\t\n\t\t>\n<div class=\"siteorigin-widget-tinymce textwidget\">\n\t<p style=\"text-align: center;\"><strong>Illustrations :<\/strong><br \/>\nChristine Alcouffe<\/p>\n<\/div>\n<\/div><\/div><\/div><div id=\"pgc-8585-1-2\"  class=\"panel-grid-cell\" ><div id=\"panel-8585-1-2-0\" class=\"so-panel widget widget_sow-editor panel-first-child panel-last-child\" data-index=\"5\" ><div\n\t\t\t\n\t\t\tclass=\"so-widget-sow-editor so-widget-sow-editor-base\"\n\t\t\t\n\t\t>\n<div class=\"siteorigin-widget-tinymce textwidget\">\n\t<p style=\"text-align: center;\"><strong>\u00c9dition :<\/strong><br \/>\nExplor8<br \/>\n2021<\/p>\n<\/div>\n<\/div><\/div><\/div><div id=\"pgc-8585-1-3\"  class=\"panel-grid-cell\" ><div id=\"panel-8585-1-3-0\" class=\"so-panel widget widget_sow-editor panel-first-child panel-last-child\" data-index=\"6\" ><div\n\t\t\t\n\t\t\tclass=\"so-widget-sow-editor so-widget-sow-editor-base\"\n\t\t\t\n\t\t>\n<div class=\"siteorigin-widget-tinymce textwidget\">\n\t<p style=\"text-align: center;\"><strong>Version :<\/strong><br \/>\nFran\u00e7aise<\/p>\n<\/div>\n<\/div><\/div><\/div><\/div><div id=\"pg-8585-2\"  class=\"panel-grid panel-no-style\" ><div id=\"pgc-8585-2-0\"  class=\"panel-grid-cell\" ><div id=\"panel-8585-2-0-0\" class=\"so-panel widget widget_sow-editor panel-first-child panel-last-child\" data-index=\"7\" ><div\n\t\t\t\n\t\t\tclass=\"so-widget-sow-editor so-widget-sow-editor-base\"\n\t\t\t\n\t\t>\n<div class=\"siteorigin-widget-tinymce textwidget\">\n\t<hr \/>\n<p><em>Histoire d'un gang...<\/em><\/p>\n<p>7 casses pour entrer dans la l\u00e9gende... Le d\u00e9fie de toute une vie !<\/p>\n<p><em>Pour mener \u00e0 bien votre plan, rep\u00e9rez soigneusement les lieux, recrutez des sp\u00e9cialistes aux comp\u00e9tences vari\u00e9es et pr\u00e9parez vos \u00e9quipements.<br \/>\nAccumulez un maximum de million en vous appuyant sur les comp\u00e9tences de vos sp\u00e9cialistes, en devan\u00e7ant les gangs rivaux pour remporter les meilleures primes et en r\u00e9alisant des casses aux 4 coins de la plan\u00e8te. Attention, une r\u00e8gle d'or, ne jamais r\u00e9aliser 2 cases dans une m\u00eame ville.<\/em><\/p>\n<p><em>Et maintenant, les d\u00e9s doivent \u00eatre jet\u00e9s !<\/em><\/p>\n<\/div>\n<\/div><\/div><\/div><\/div><div id=\"pg-8585-3\"  class=\"panel-grid panel-no-style\" ><div id=\"pgc-8585-3-0\"  class=\"panel-grid-cell\" ><div id=\"panel-8585-3-0-0\" class=\"so-panel widget widget_sow-editor panel-first-child panel-last-child\" data-index=\"8\" ><div\n\t\t\t\n\t\t\tclass=\"so-widget-sow-editor so-widget-sow-editor-base\"\n\t\t\t\n\t\t>\n<div class=\"siteorigin-widget-tinymce textwidget\">\n\t<hr \/>\n<p style=\"text-align: center;\"><strong>En vid\u00e9o<\/strong><\/p>\n<\/div>\n<\/div><\/div><\/div><\/div><div id=\"pg-8585-4\"  class=\"panel-grid panel-no-style\" ><div id=\"pgc-8585-4-0\"  class=\"panel-grid-cell\" ><div id=\"panel-8585-4-0-0\" class=\"so-panel widget widget_sow-editor panel-first-child panel-last-child\" data-index=\"9\" ><div\n\t\t\t\n\t\t\tclass=\"so-widget-sow-editor so-widget-sow-editor-base\"\n\t\t\t\n\t\t>\n<div class=\"siteorigin-widget-tinymce textwidget\">\n\t<hr \/>\n<p style=\"text-align: center;\"><strong>Pour aller plus loin<\/strong><\/p>\n<\/div>\n<\/div><\/div><\/div><\/div><\/div>","protected":false},"excerpt":{"rendered":"<p>Nombre de joueurs : 1 &#8211; 4 Dur\u00e9e moyenne : 60 min Age : 14 ans et plus Auteur(s) : Stefania Niccolini Anne-Catherine Perrier Marco Canetta Dimitri Perrier Illustrations : Christine Alcouffe \u00c9dition : Explor8 2021 Version : Fran\u00e7aise<\/p>\n","protected":false},"author":2,"featured_media":8586,"parent":0,"menu_order":0,"comment_status":"closed","ping_status":"closed","template":"","meta":{"footnotes":""},"class_list":["post-8585","page","type-page","status-publish","has-post-thumbnail","hentry"],"acf":[],"rttpg_featured_image_url":{"full":["https:\/\/meeplendice.net\/wp-content\/uploads\/2021\/07\/The_Specialits.png",350,350,false],"landscape":["https:\/\/meeplendice.net\/wp-content\/uploads\/2021\/07\/The_Specialits.png",350,350,false],"portraits":["https:\/\/meeplendice.net\/wp-content\/uploads\/2021\/07\/The_Specialits.png",350,350,false],"thumbnail":["https:\/\/meeplendice.net\/wp-content\/uploads\/2021\/07\/The_Specialits-150x150.png",150,150,true],"medium":["https:\/\/meeplendice.net\/wp-content\/uploads\/2021\/07\/The_Specialits-300x300.png",300,300,true],"large":["https:\/\/meeplendice.net\/wp-content\/uploads\/2021\/07\/The_Specialits.png",350,350,false],"ug_big":["https:\/\/meeplendice.net\/wp-content\/uploads\/2021\/07\/The_Specialits.png",350,350,false],"1536x1536":["https:\/\/meeplendice.net\/wp-content\/uploads\/2021\/07\/The_Specialits.png",350,350,false],"2048x2048":["https:\/\/meeplendice.net\/wp-content\/uploads\/2021\/07\/The_Specialits.png",350,350,false],"ashe-slider-grid-thumbnail":["https:\/\/meeplendice.net\/wp-content\/uploads\/2021\/07\/The_Specialits.png",350,350,false],"ashe-full-thumbnail":["https:\/\/meeplendice.net\/wp-content\/uploads\/2021\/07\/The_Specialits.png",350,350,false],"ashe-grid-thumbnail":["https:\/\/meeplendice.net\/wp-content\/uploads\/2021\/07\/The_Specialits-350x330.png",350,330,true],"ashe-list-thumbnail":["https:\/\/meeplendice.net\/wp-content\/uploads\/2021\/07\/The_Specialits-300x300.png",300,300,true],"ashe-single-navigation":["https:\/\/meeplendice.net\/wp-content\/uploads\/2021\/07\/The_Specialits-75x75.png",75,75,true],"mailpoet_newsletter_max":["https:\/\/meeplendice.net\/wp-content\/uploads\/2021\/07\/The_Specialits.png",350,350,false],"rpwe-thumbnail":["https:\/\/meeplendice.net\/wp-content\/uploads\/2021\/07\/The_Specialits-45x45.png",45,45,true],"sow-carousel-default":["https:\/\/meeplendice.net\/wp-content\/uploads\/2021\/07\/The_Specialits-272x182.png",272,182,true],"rt_custom":["https:\/\/meeplendice.net\/wp-content\/uploads\/2021\/07\/The_Specialits.png",350,350,false]},"rttpg_author":{"display_name":"Karnby","author_link":"https:\/\/meeplendice.net\/?author=2"},"rttpg_comment":0,"rttpg_category":null,"rttpg_excerpt":"Nombre de joueurs : 1 - 4 Dur\u00e9e moyenne : 60 min Age : 14 ans et plus Auteur(s) : Stefania Niccolini Anne-Catherine Perrier Marco Canetta Dimitri Perrier Illustrations : Christine Alcouffe \u00c9dition : Explor8 2021 Version : Fran\u00e7aise","_links":{"self":[{"href":"https:\/\/meeplendice.net\/index.php?rest_route=\/wp\/v2\/pages\/8585","targetHints":{"allow":["GET"]}}],"collection":[{"href":"https:\/\/meeplendice.net\/index.php?rest_route=\/wp\/v2\/pages"}],"about":[{"href":"https:\/\/meeplendice.net\/index.php?rest_route=\/wp\/v2\/types\/page"}],"author":[{"embeddable":true,"href":"https:\/\/meeplendice.net\/index.php?rest_route=\/wp\/v2\/users\/2"}],"replies":[{"embeddable":true,"href":"https:\/\/meeplendice.net\/index.php?rest_route=%2Fwp%2Fv2%2Fcomments&post=8585"}],"version-history":[{"count":4,"href":"https:\/\/meeplendice.net\/index.php?rest_route=\/wp\/v2\/pages\/8585\/revisions"}],"predecessor-version":[{"id":8591,"href":"https:\/\/meeplendice.net\/index.php?rest_route=\/wp\/v2\/pages\/8585\/revisions\/8591"}],"wp:featuredmedia":[{"embeddable":true,"href":"https:\/\/meeplendice.net\/index.php?rest_route=\/wp\/v2\/media\/8586"}],"wp:attachment":[{"href":"https:\/\/meeplendice.net\/index.php?rest_route=%2Fwp%2Fv2%2Fmedia&parent=8585"}],"curies":[{"name":"wp","href":"https:\/\/api.w.org\/{rel}","templated":true}]}}