{"id":8627,"date":"2021-07-08T13:30:32","date_gmt":"2021-07-08T12:30:32","guid":{"rendered":"http:\/\/meeplendice.net\/?page_id=8627"},"modified":"2024-10-01T23:18:17","modified_gmt":"2024-10-01T21:18:17","slug":"dune-imperium","status":"publish","type":"page","link":"https:\/\/meeplendice.net\/?page_id=8627","title":{"rendered":"Dune : Imperium"},"content":{"rendered":"<div id=\"pl-8627\"  class=\"panel-layout\" ><div id=\"pg-8627-0\"  class=\"panel-grid panel-no-style\" ><div id=\"pgc-8627-0-0\"  class=\"panel-grid-cell\" ><div id=\"panel-8627-0-0-0\" class=\"so-panel widget widget_sow-editor panel-first-child panel-last-child\" data-index=\"0\" ><div\n\t\t\t\n\t\t\tclass=\"so-widget-sow-editor so-widget-sow-editor-base\"\n\t\t\t\n\t\t>\n<div class=\"siteorigin-widget-tinymce textwidget\">\n\t<p style=\"text-align: center;\"><strong>Nombre de joueurs :<\/strong><br \/>\n1 - 4<\/p>\n<\/div>\n<\/div><\/div><\/div><div id=\"pgc-8627-0-1\"  class=\"panel-grid-cell\" ><div id=\"panel-8627-0-1-0\" class=\"so-panel widget widget_sow-editor panel-first-child panel-last-child\" data-index=\"1\" ><div\n\t\t\t\n\t\t\tclass=\"so-widget-sow-editor so-widget-sow-editor-base\"\n\t\t\t\n\t\t>\n<div class=\"siteorigin-widget-tinymce textwidget\">\n\t<p style=\"text-align: center;\"><strong>Dur\u00e9e moyenne :<\/strong><br \/>\n120 min<\/p>\n<\/div>\n<\/div><\/div><\/div><div id=\"pgc-8627-0-2\"  class=\"panel-grid-cell\" ><div id=\"panel-8627-0-2-0\" class=\"so-panel widget widget_sow-editor panel-first-child panel-last-child\" data-index=\"2\" ><div\n\t\t\t\n\t\t\tclass=\"so-widget-sow-editor so-widget-sow-editor-base\"\n\t\t\t\n\t\t>\n<div class=\"siteorigin-widget-tinymce textwidget\">\n\t<p style=\"text-align: center;\"><strong>Age :<\/strong><br \/>\n13 ans et plus<\/p>\n<\/div>\n<\/div><\/div><\/div><\/div><div id=\"pg-8627-1\"  class=\"panel-grid panel-no-style\" ><div id=\"pgc-8627-1-0\"  class=\"panel-grid-cell\" ><div id=\"panel-8627-1-0-0\" class=\"so-panel widget widget_sow-editor panel-first-child panel-last-child\" data-index=\"3\" ><div\n\t\t\t\n\t\t\tclass=\"so-widget-sow-editor so-widget-sow-editor-base\"\n\t\t\t\n\t\t>\n<div class=\"siteorigin-widget-tinymce textwidget\">\n\t<p style=\"text-align: center;\"><strong>Auteur(s) :<br \/>\n<\/strong>Paul Dennen<\/p>\n<\/div>\n<\/div><\/div><\/div><div id=\"pgc-8627-1-1\"  class=\"panel-grid-cell\" ><div id=\"panel-8627-1-1-0\" class=\"so-panel widget widget_sow-editor panel-first-child panel-last-child\" data-index=\"4\" ><div\n\t\t\t\n\t\t\tclass=\"so-widget-sow-editor so-widget-sow-editor-base\"\n\t\t\t\n\t\t>\n<div class=\"siteorigin-widget-tinymce textwidget\">\n\t<p style=\"text-align: center;\"><strong>Illustrations :<\/strong><br \/>\nClay Brooks<br \/>\nRaul Ramos<br \/>\nNate Storm<br \/>\nDerek Herring<\/p>\n<\/div>\n<\/div><\/div><\/div><div id=\"pgc-8627-1-2\"  class=\"panel-grid-cell\" ><div id=\"panel-8627-1-2-0\" class=\"so-panel widget widget_sow-editor panel-first-child panel-last-child\" data-index=\"5\" ><div\n\t\t\t\n\t\t\tclass=\"so-widget-sow-editor so-widget-sow-editor-base\"\n\t\t\t\n\t\t>\n<div class=\"siteorigin-widget-tinymce textwidget\">\n\t<p style=\"text-align: center;\"><strong>\u00c9dition :<\/strong><br \/>\nLucky Duck Games<br \/>\n2020<\/p>\n<\/div>\n<\/div><\/div><\/div><div id=\"pgc-8627-1-3\"  class=\"panel-grid-cell\" ><div id=\"panel-8627-1-3-0\" class=\"so-panel widget widget_sow-editor panel-first-child panel-last-child\" data-index=\"6\" ><div\n\t\t\t\n\t\t\tclass=\"so-widget-sow-editor so-widget-sow-editor-base\"\n\t\t\t\n\t\t>\n<div class=\"siteorigin-widget-tinymce textwidget\">\n\t<p style=\"text-align: center;\"><strong>Version :<\/strong><br \/>\nFran\u00e7aise<\/p>\n<\/div>\n<\/div><\/div><\/div><\/div><div id=\"pg-8627-2\"  class=\"panel-grid panel-no-style\" ><div id=\"pgc-8627-2-0\"  class=\"panel-grid-cell\" ><div id=\"panel-8627-2-0-0\" class=\"so-panel widget widget_sow-editor panel-first-child panel-last-child\" data-index=\"7\" ><div\n\t\t\t\n\t\t\tclass=\"so-widget-sow-editor so-widget-sow-editor-base\"\n\t\t\t\n\t\t>\n<div class=\"siteorigin-widget-tinymce textwidget\">\n\t<hr \/>\n<p><em>Il n'est dans tout l'Univers Connu de ressource plus pr\u00e9cieuse que le M\u00e9lange, ou \u00c9pice. Pr\u00e9sente uniquement sur la rude plan\u00e8te d\u00e9sertique Arrakis (connue \u00e9galement sous le nom de Dune), c'est en effet autour du contr\u00f4le de l'Epice que s'articulent nombre de conflits opposant les Grandes Maisons de l'Imperium. Ceux qui convoitent le pouvoir par son biais recherchent alliances et soutien afin de consolider leur position. Les conseillers si\u00e9geant au Landsraad. La CHOM et sa soit insatiable de profit. Le Bene Gesserit, au regard tourn\u00e9 vers l'avenir. La Guilde spatiale et son monopole sur le voyage \u00e0 travers l'espace pliss\u00e9. Les Fremen, guerriers endurcis du d\u00e9sert. M\u00eame l'Empereur n'est pas au-dessus de la lutte pour la domination. Le conflit est in\u00e9vitable, et l'issue incertaine. Une chose est certaine, cependant :<\/em><\/p>\n<p><em>Qui contr\u00f4le l\u2019\u00c9pice, contr\u00f4le l'Univers...<\/em><\/p>\n<p><em>Dune : Imperium<\/em> m\u00e9lange deckbuilding et placement d'ouvriers dans un nouveau jeu de strat\u00e9gie profond\u00e9ment th\u00e9matique o\u00f9 le destin de l'Empire repose sur vos d\u00e9cisions. Rechercherez-vous des alliances politiques, ou vous reposerez-vous sur la puissance militaire ?<br \/>\nForce \u00e9conomique ou intrigues insidieuses ? Un si\u00e8ge au conseil... ou une lame ac\u00e9r\u00e9e ?<\/p>\n<p>Vous avez les cartes en main. Le choix vous appartient. L'Imperium attend.<\/p>\n<\/div>\n<\/div><\/div><\/div><\/div><div id=\"pg-8627-3\"  class=\"panel-grid panel-no-style\" ><div id=\"pgc-8627-3-0\"  class=\"panel-grid-cell\" ><div id=\"panel-8627-3-0-0\" class=\"so-panel widget widget_sow-editor panel-first-child panel-last-child\" data-index=\"8\" ><div\n\t\t\t\n\t\t\tclass=\"so-widget-sow-editor so-widget-sow-editor-base\"\n\t\t\t\n\t\t>\n<div class=\"siteorigin-widget-tinymce textwidget\">\n\t<hr \/>\n<h3 style=\"text-align: center;\">En vid\u00e9o<\/h3>\n<\/div>\n<\/div><\/div><\/div><\/div><div id=\"pg-8627-4\"  class=\"panel-grid panel-no-style\" ><div id=\"pgc-8627-4-0\"  class=\"panel-grid-cell\" ><div id=\"panel-8627-4-0-0\" class=\"so-panel widget widget_sow-editor panel-first-child panel-last-child\" data-index=\"9\" ><div\n\t\t\t\n\t\t\tclass=\"so-widget-sow-editor so-widget-sow-editor-base\"\n\t\t\t\n\t\t>\n<div class=\"siteorigin-widget-tinymce textwidget\">\n\t<hr \/>\n<h3 style=\"text-align: center;\">Extension(s)<\/h3>\n<style type='text\/css' media='all'>#rt-tpg-container-2639198403 .read-more a{border-radius:px;}#rt-tpg-container-2639198403 .rt-img-holder img.rt-img-responsive,#rt-tpg-container-2639198403 .rt-img-holder,\n\t\t\t\t\t#rt-tpg-container-2639198403 .rt-post-overlay .post-img,\n\t\t\t\t\t#rt-tpg-container-2639198403 .post-sm .post-img,\n\t\t\t\t\t#rt-tpg-container-2639198403 .rt-post-grid .post-img,\n\t\t\t\t\t#rt-tpg-container-2639198403 .post-img img {border-radius:px;}#rt-tpg-container-2639198403 .layout9 .rt-holder h2.entry-title,\n\t\t\t\t\t#rt-tpg-container-2639198403 .layout9 .rt-holder h3.entry-title,\n\t\t\t\t\t#rt-tpg-container-2639198403 .layout9 .rt-holder h4.entry-title,\n\t\t\t\t\t#rt-tpg-container-2639198403 .layout9 .rt-holder h2.entry-title a,\n\t\t\t\t\t#rt-tpg-container-2639198403 .layout9 .rt-holder h3.entry-title a,\n\t\t\t\t\t#rt-tpg-container-2639198403 .layout9 .rt-holder h4.entry-title a,\n\t\t\t\t\t#rt-tpg-container-2639198403 .rt-holder .rt-woo-info h2 a,\n\t\t\t\t\t#rt-tpg-container-2639198403 .rt-holder .rt-woo-info h3 a,\n\t\t\t\t\t#rt-tpg-container-2639198403 .rt-holder .rt-woo-info h4 a,\n\t\t\t\t\t#rt-tpg-container-2639198403 .post-content .post-title,\n\t\t\t\t\t#rt-tpg-container-2639198403 .rt-post-grid .post-title,\n\t\t\t\t\t#rt-tpg-container-2639198403 .rt-post-grid .post-title a,\n\t\t\t\t\t#rt-tpg-container-2639198403 .post-content .post-title a,\n\t\t\t\t\t#rt-tpg-container-2639198403 .rt-holder .rt-woo-info h2,\n\t\t\t\t\t#rt-tpg-container-2639198403 .rt-holder .rt-woo-info h3,\n\t\t\t\t\t#rt-tpg-container-2639198403 .rt-holder .rt-woo-info h4{font-size:16px;line-height:26px;font-weight:normal;text-align:center;}#rt-tpg-container-2639198403 .post-grid-lg-style-1 .post-title,\n\t\t\t\t\t\t#rt-tpg-container-2639198403 .post-grid-lg-style-1 .post-title a,\n\t\t\t\t\t\t#rt-tpg-container-2639198403 .big-layout .post-title,\n\t\t\t\t\t\t#rt-tpg-container-2639198403 .big-layout .post-title a,\n\t\t\t\t\t\t#rt-tpg-container-2639198403 .post-grid-lg-style-1 .post-title,\n\t\t\t\t\t\t#rt-tpg-container-2639198403 .post-grid-lg-style-1 .post-title a {font-size:24px;line-height:34px;}<\/style><div class='rt-container-fluid rt-tpg-container tpg-shortcode-main-wrapper ' id='rt-tpg-container-2639198403'   data-layout='layout9' data-grid-style='masonry' data-desktop-col='3'  data-tab-col='2'  data-mobile-col='1' data-sc-id='9904'><div data-title='Loading ...' class='rt-row rt-content-loader   layout9 tpg-masonry '><div class=\"rt-col-md-4 rt-col-sm-6 rt-col-xs-12 masonry-grid-item rt-grid-item img_zoom_in\" data-id=\"9902\"><div class=\"rt-holder\"><div class='overlay'><a data-id='9902' class=' tpg-single-popup' href='https:\/\/meeplendice.net\/?page_id=9902'><img loading=\"lazy\" decoding=\"async\" width=\"350\" height=\"350\" src=\"https:\/\/meeplendice.net\/wp-content\/uploads\/2022\/05\/DI_AvenementIx.png\" class=\"rt-img-responsive \" alt=\"\" \/><\/a><\/div><div class='post-info'><h3 class=\"entry-title\"><a data-id=\"9902\" class=\" tpg-single-popup\" href=\"https:\/\/meeplendice.net\/?page_id=9902\">L&rsquo;Av\u00e8nement d&rsquo;Ix<\/a><\/h3><div class='post-meta-user '><\/div><\/div><\/div><\/div><div class=\"rt-col-md-4 rt-col-sm-6 rt-col-xs-12 masonry-grid-item rt-grid-item img_zoom_in\" data-id=\"10867\"><div class=\"rt-holder\"><div class='overlay'><a data-id='10867' class=' tpg-single-popup' href='https:\/\/meeplendice.net\/?page_id=10867'><img loading=\"lazy\" decoding=\"async\" width=\"350\" height=\"350\" src=\"https:\/\/meeplendice.net\/wp-content\/uploads\/2023\/06\/DI_Immortalite.png\" class=\"rt-img-responsive \" alt=\"\" \/><\/a><\/div><div class='post-info'><h3 class=\"entry-title\"><a data-id=\"10867\" class=\" tpg-single-popup\" href=\"https:\/\/meeplendice.net\/?page_id=10867\">Immortali\u00e9<\/a><\/h3><div class='post-meta-user '><\/div><\/div><\/div><\/div><\/div><div class='rt-pagination-wrap' data-total-pages='1' data-posts-per-page='3' data-type='pagination_ajax'  ><div class='rt-page-numbers'><\/div><\/div><\/div>\n<\/div>\n<\/div><\/div><\/div><\/div><div id=\"pg-8627-5\"  class=\"panel-grid panel-no-style\" ><div id=\"pgc-8627-5-0\"  class=\"panel-grid-cell\" ><div id=\"panel-8627-5-0-0\" class=\"so-panel widget widget_sow-editor panel-first-child panel-last-child\" data-index=\"10\" ><div\n\t\t\t\n\t\t\tclass=\"so-widget-sow-editor so-widget-sow-editor-base\"\n\t\t\t\n\t\t>\n<div class=\"siteorigin-widget-tinymce textwidget\">\n\t<hr \/>\n<h3 style=\"text-align: center;\">Pour aller plus loin<\/h3>\n<\/div>\n<\/div><\/div><\/div><\/div><\/div>","protected":false},"excerpt":{"rendered":"<p>Nombre de joueurs : 1 &#8211; 4 Dur\u00e9e moyenne : 120 min Age : 13 ans et plus Auteur(s) : Paul Dennen Illustrations : Clay Brooks Raul Ramos Nate Storm Derek Herring \u00c9dition : Lucky Duck Games 2020 Version : Fran\u00e7aise<\/p>\n","protected":false},"author":2,"featured_media":8593,"parent":0,"menu_order":0,"comment_status":"closed","ping_status":"closed","template":"","meta":{"footnotes":""},"class_list":["post-8627","page","type-page","status-publish","has-post-thumbnail","hentry"],"acf":[],"rttpg_featured_image_url":{"full":["https:\/\/meeplendice.net\/wp-content\/uploads\/2021\/07\/Dune_Imperium.png",350,350,false],"landscape":["https:\/\/meeplendice.net\/wp-content\/uploads\/2021\/07\/Dune_Imperium.png",350,350,false],"portraits":["https:\/\/meeplendice.net\/wp-content\/uploads\/2021\/07\/Dune_Imperium.png",350,350,false],"thumbnail":["https:\/\/meeplendice.net\/wp-content\/uploads\/2021\/07\/Dune_Imperium-150x150.png",150,150,true],"medium":["https:\/\/meeplendice.net\/wp-content\/uploads\/2021\/07\/Dune_Imperium-300x300.png",300,300,true],"large":["https:\/\/meeplendice.net\/wp-content\/uploads\/2021\/07\/Dune_Imperium.png",350,350,false],"ug_big":["https:\/\/meeplendice.net\/wp-content\/uploads\/2021\/07\/Dune_Imperium.png",350,350,false],"1536x1536":["https:\/\/meeplendice.net\/wp-content\/uploads\/2021\/07\/Dune_Imperium.png",350,350,false],"2048x2048":["https:\/\/meeplendice.net\/wp-content\/uploads\/2021\/07\/Dune_Imperium.png",350,350,false],"ashe-slider-grid-thumbnail":["https:\/\/meeplendice.net\/wp-content\/uploads\/2021\/07\/Dune_Imperium.png",350,350,false],"ashe-full-thumbnail":["https:\/\/meeplendice.net\/wp-content\/uploads\/2021\/07\/Dune_Imperium.png",350,350,false],"ashe-grid-thumbnail":["https:\/\/meeplendice.net\/wp-content\/uploads\/2021\/07\/Dune_Imperium-350x330.png",350,330,true],"ashe-list-thumbnail":["https:\/\/meeplendice.net\/wp-content\/uploads\/2021\/07\/Dune_Imperium-300x300.png",300,300,true],"ashe-single-navigation":["https:\/\/meeplendice.net\/wp-content\/uploads\/2021\/07\/Dune_Imperium-75x75.png",75,75,true],"mailpoet_newsletter_max":["https:\/\/meeplendice.net\/wp-content\/uploads\/2021\/07\/Dune_Imperium.png",350,350,false],"rpwe-thumbnail":["https:\/\/meeplendice.net\/wp-content\/uploads\/2021\/07\/Dune_Imperium-45x45.png",45,45,true],"sow-carousel-default":["https:\/\/meeplendice.net\/wp-content\/uploads\/2021\/07\/Dune_Imperium-272x182.png",272,182,true],"rt_custom":["https:\/\/meeplendice.net\/wp-content\/uploads\/2021\/07\/Dune_Imperium.png",350,350,false]},"rttpg_author":{"display_name":"Karnby","author_link":"https:\/\/meeplendice.net\/?author=2"},"rttpg_comment":0,"rttpg_category":null,"rttpg_excerpt":"Nombre de joueurs : 1 - 4 Dur\u00e9e moyenne : 120 min Age : 13 ans et plus Auteur(s) : Paul Dennen Illustrations : Clay Brooks Raul Ramos Nate Storm Derek Herring \u00c9dition : Lucky Duck Games 2020 Version : Fran\u00e7aise","_links":{"self":[{"href":"https:\/\/meeplendice.net\/index.php?rest_route=\/wp\/v2\/pages\/8627","targetHints":{"allow":["GET"]}}],"collection":[{"href":"https:\/\/meeplendice.net\/index.php?rest_route=\/wp\/v2\/pages"}],"about":[{"href":"https:\/\/meeplendice.net\/index.php?rest_route=\/wp\/v2\/types\/page"}],"author":[{"embeddable":true,"href":"https:\/\/meeplendice.net\/index.php?rest_route=\/wp\/v2\/users\/2"}],"replies":[{"embeddable":true,"href":"https:\/\/meeplendice.net\/index.php?rest_route=%2Fwp%2Fv2%2Fcomments&post=8627"}],"version-history":[{"count":14,"href":"https:\/\/meeplendice.net\/index.php?rest_route=\/wp\/v2\/pages\/8627\/revisions"}],"predecessor-version":[{"id":12677,"href":"https:\/\/meeplendice.net\/index.php?rest_route=\/wp\/v2\/pages\/8627\/revisions\/12677"}],"wp:featuredmedia":[{"embeddable":true,"href":"https:\/\/meeplendice.net\/index.php?rest_route=\/wp\/v2\/media\/8593"}],"wp:attachment":[{"href":"https:\/\/meeplendice.net\/index.php?rest_route=%2Fwp%2Fv2%2Fmedia&parent=8627"}],"curies":[{"name":"wp","href":"https:\/\/api.w.org\/{rel}","templated":true}]}}