{"id":8639,"date":"2021-07-09T18:07:36","date_gmt":"2021-07-09T17:07:36","guid":{"rendered":"http:\/\/meeplendice.net\/?page_id=8639"},"modified":"2021-07-09T18:23:51","modified_gmt":"2021-07-09T17:23:51","slug":"pavillon-etincellant","status":"publish","type":"page","link":"https:\/\/meeplendice.net\/?page_id=8639","title":{"rendered":"Pavillon Etincellant"},"content":{"rendered":"<div class=\"p_collection\">\n<div class=\"p_collection\">Cette extension Pavillon \u00c9tincelant offre aux joueurs deux particularit\u00e9s tr\u00e8s sp\u00e9ciales !<\/div>\n<div><\/div>\n<div>Tout d&rsquo;abord, les joueurs d\u00e9couvriront des rev\u00eatements transparents et robustes qui ajoutent esth\u00e9tisme et solidit\u00e9 pour fixer vos tuiles dans une forme parfaite.<\/div>\n<\/div>\n<div><\/div>\n<div>Ensuite, les joueurs avertis appr\u00e9cieront les nouveaux plateaux Joueurs et de score, leur offrant de nouvelles strat\u00e9gies uniques \u00e0 maitriser.<\/div>\n<div><\/div>\n<div>Tous les fan d&rsquo;Azul : Pavillon d&rsquo;Et\u00e9 sauront appr\u00e9cier cette merveilleuse extension !<\/div>\n","protected":false},"excerpt":{"rendered":"<p>Cette extension Pavillon \u00c9tincelant offre aux joueurs deux particularit\u00e9s tr\u00e8s sp\u00e9ciales ! Tout d&rsquo;abord, les joueurs d\u00e9couvriront des rev\u00eatements transparents et robustes qui ajoutent esth\u00e9tisme et solidit\u00e9 pour fixer vos tuiles dans une forme parfaite. Ensuite, les joueurs avertis appr\u00e9cieront les nouveaux plateaux Joueurs et de score, leur offrant de nouvelles strat\u00e9gies uniques \u00e0 maitriser. Tous les fan d&rsquo;Azul : Pavillon d&rsquo;Et\u00e9 sauront appr\u00e9cier cette merveilleuse extension !<\/p>\n","protected":false},"author":2,"featured_media":8432,"parent":5444,"menu_order":1,"comment_status":"closed","ping_status":"closed","template":"","meta":{"footnotes":""},"class_list":["post-8639","page","type-page","status-publish","has-post-thumbnail","hentry"],"acf":[],"rttpg_featured_image_url":{"full":["https:\/\/meeplendice.net\/wp-content\/uploads\/2021\/07\/Azul_Pavillon_Etincellant.png",350,350,false],"landscape":["https:\/\/meeplendice.net\/wp-content\/uploads\/2021\/07\/Azul_Pavillon_Etincellant.png",350,350,false],"portraits":["https:\/\/meeplendice.net\/wp-content\/uploads\/2021\/07\/Azul_Pavillon_Etincellant.png",350,350,false],"thumbnail":["https:\/\/meeplendice.net\/wp-content\/uploads\/2021\/07\/Azul_Pavillon_Etincellant-150x150.png",150,150,true],"medium":["https:\/\/meeplendice.net\/wp-content\/uploads\/2021\/07\/Azul_Pavillon_Etincellant-300x300.png",300,300,true],"large":["https:\/\/meeplendice.net\/wp-content\/uploads\/2021\/07\/Azul_Pavillon_Etincellant.png",350,350,false],"ug_big":["https:\/\/meeplendice.net\/wp-content\/uploads\/2021\/07\/Azul_Pavillon_Etincellant.png",350,350,false],"1536x1536":["https:\/\/meeplendice.net\/wp-content\/uploads\/2021\/07\/Azul_Pavillon_Etincellant.png",350,350,false],"2048x2048":["https:\/\/meeplendice.net\/wp-content\/uploads\/2021\/07\/Azul_Pavillon_Etincellant.png",350,350,false],"ashe-slider-grid-thumbnail":["https:\/\/meeplendice.net\/wp-content\/uploads\/2021\/07\/Azul_Pavillon_Etincellant.png",350,350,false],"ashe-full-thumbnail":["https:\/\/meeplendice.net\/wp-content\/uploads\/2021\/07\/Azul_Pavillon_Etincellant.png",350,350,false],"ashe-grid-thumbnail":["https:\/\/meeplendice.net\/wp-content\/uploads\/2021\/07\/Azul_Pavillon_Etincellant-350x330.png",350,330,true],"ashe-list-thumbnail":["https:\/\/meeplendice.net\/wp-content\/uploads\/2021\/07\/Azul_Pavillon_Etincellant-300x300.png",300,300,true],"ashe-single-navigation":["https:\/\/meeplendice.net\/wp-content\/uploads\/2021\/07\/Azul_Pavillon_Etincellant-75x75.png",75,75,true],"mailpoet_newsletter_max":["https:\/\/meeplendice.net\/wp-content\/uploads\/2021\/07\/Azul_Pavillon_Etincellant.png",350,350,false],"rpwe-thumbnail":["https:\/\/meeplendice.net\/wp-content\/uploads\/2021\/07\/Azul_Pavillon_Etincellant-45x45.png",45,45,true],"sow-carousel-default":["https:\/\/meeplendice.net\/wp-content\/uploads\/2021\/07\/Azul_Pavillon_Etincellant-272x182.png",272,182,true],"rt_custom":["https:\/\/meeplendice.net\/wp-content\/uploads\/2021\/07\/Azul_Pavillon_Etincellant.png",350,350,false]},"rttpg_author":{"display_name":"Karnby","author_link":"https:\/\/meeplendice.net\/?author=2"},"rttpg_comment":0,"rttpg_category":null,"rttpg_excerpt":"Cette extension Pavillon \u00c9tincelant offre aux joueurs deux particularit\u00e9s tr\u00e8s sp\u00e9ciales ! Tout d&rsquo;abord, les joueurs d\u00e9couvriront des rev\u00eatements transparents et robustes qui ajoutent esth\u00e9tisme et solidit\u00e9 pour fixer vos tuiles dans une forme parfaite. Ensuite, les joueurs avertis appr\u00e9cieront les nouveaux plateaux Joueurs et de score, leur offrant de nouvelles strat\u00e9gies uniques \u00e0 maitriser.\u2026","_links":{"self":[{"href":"https:\/\/meeplendice.net\/index.php?rest_route=\/wp\/v2\/pages\/8639","targetHints":{"allow":["GET"]}}],"collection":[{"href":"https:\/\/meeplendice.net\/index.php?rest_route=\/wp\/v2\/pages"}],"about":[{"href":"https:\/\/meeplendice.net\/index.php?rest_route=\/wp\/v2\/types\/page"}],"author":[{"embeddable":true,"href":"https:\/\/meeplendice.net\/index.php?rest_route=\/wp\/v2\/users\/2"}],"replies":[{"embeddable":true,"href":"https:\/\/meeplendice.net\/index.php?rest_route=%2Fwp%2Fv2%2Fcomments&post=8639"}],"version-history":[{"count":1,"href":"https:\/\/meeplendice.net\/index.php?rest_route=\/wp\/v2\/pages\/8639\/revisions"}],"predecessor-version":[{"id":8640,"href":"https:\/\/meeplendice.net\/index.php?rest_route=\/wp\/v2\/pages\/8639\/revisions\/8640"}],"up":[{"embeddable":true,"href":"https:\/\/meeplendice.net\/index.php?rest_route=\/wp\/v2\/pages\/5444"}],"wp:featuredmedia":[{"embeddable":true,"href":"https:\/\/meeplendice.net\/index.php?rest_route=\/wp\/v2\/media\/8432"}],"wp:attachment":[{"href":"https:\/\/meeplendice.net\/index.php?rest_route=%2Fwp%2Fv2%2Fmedia&parent=8639"}],"curies":[{"name":"wp","href":"https:\/\/api.w.org\/{rel}","templated":true}]}}