{"id":8643,"date":"2021-07-09T18:14:24","date_gmt":"2021-07-09T17:14:24","guid":{"rendered":"http:\/\/meeplendice.net\/?page_id=8643"},"modified":"2021-07-09T18:23:29","modified_gmt":"2021-07-09T17:23:29","slug":"petits-freres","status":"publish","type":"page","link":"https:\/\/meeplendice.net\/?page_id=8643","title":{"rendered":"Petit Fr\u00e8re"},"content":{"rendered":"<p>Petit fr\u00e8re est une extension pour Histoire de Peluches, un jeu Livre d&rsquo;Aventure tr\u00e8s appr\u00e9ci\u00e9 du public. Se d\u00e9roulant quelques ann\u00e9es apr\u00e8s le r\u00e9cit d&rsquo;origine, elle met en sc\u00e8ne le fr\u00e8re cadet de la fillette et sa peluche favorite : Pouic-Pouic la licorne.<br \/>\nAvec l&rsquo;aide de son ami Goliath, une figurine articul\u00e9e tout en muscles et en t\u00e9nacit\u00e9, elle pr\u00eate main-forte \u00e0 la courageuse \u00e9quipe de peluches qui se retrouve une fois de plus aspir\u00e9e dans la royaume surnaturel de la D\u00e9charge.<\/p>\n<p>Entre hordes d&rsquo;ennemis inconnus et territoires \u00e9blouissants qui ne demandent qu&rsquo;\u00e0 \u00eatre explor\u00e9s, Pataud, Peggy et leurs compagnons de longue date ou nouveaux venus s&rsquo;appr\u00eatent \u00e0 vivre une aventure extraordinaire.<br \/>\nRetrouvez les \u00e9l\u00e9ments qui font le sel du jeu de base et d\u00e9couvrez des histoires, figurines, fables et autres sujets de discussion in\u00e9dits pour toute la famille. Un mignon petit gar\u00e7on a besoin votre protection ; raccommodez vos d\u00e9chirures et attachez bien vos boutons, car une sacr\u00e9e pagaille s&rsquo;annonce !<\/p>\n<p>&nbsp;<\/p>\n","protected":false},"excerpt":{"rendered":"<p>Petit fr\u00e8re est une extension pour Histoire de Peluches, un jeu Livre d&rsquo;Aventure tr\u00e8s appr\u00e9ci\u00e9 du public. Se d\u00e9roulant quelques ann\u00e9es apr\u00e8s le r\u00e9cit d&rsquo;origine, elle met en sc\u00e8ne le fr\u00e8re cadet de la fillette et sa peluche favorite : Pouic-Pouic la licorne. Avec l&rsquo;aide de son ami Goliath, une figurine articul\u00e9e tout en muscles et en t\u00e9nacit\u00e9, elle pr\u00eate main-forte \u00e0 la courageuse \u00e9quipe de peluches qui se retrouve une fois de plus aspir\u00e9e dans la royaume surnaturel de la D\u00e9charge. Entre hordes d&rsquo;ennemis inconnus et territoires \u00e9blouissants qui ne demandent qu&rsquo;\u00e0 \u00eatre explor\u00e9s, Pataud, Peggy et leurs compagnons de longue date ou nouveaux venus s&rsquo;appr\u00eatent \u00e0 vivre une aventure extraordinaire. Retrouvez les \u00e9l\u00e9ments qui font le sel du jeu de base et d\u00e9couvrez des histoires, figurines, fables et autres sujets de discussion in\u00e9dits pour toute la famille. Un mignon petit gar\u00e7on a besoin votre protection ; raccommodez vos d\u00e9chirures et attachez bien vos boutons, car une sacr\u00e9e pagaille s&rsquo;annonce ! &nbsp;<\/p>\n","protected":false},"author":2,"featured_media":8430,"parent":4707,"menu_order":1,"comment_status":"closed","ping_status":"closed","template":"","meta":{"footnotes":""},"class_list":["post-8643","page","type-page","status-publish","has-post-thumbnail","hentry"],"acf":[],"rttpg_featured_image_url":{"full":["https:\/\/meeplendice.net\/wp-content\/uploads\/2021\/07\/HdP_Petit_Frere.png",350,350,false],"landscape":["https:\/\/meeplendice.net\/wp-content\/uploads\/2021\/07\/HdP_Petit_Frere.png",350,350,false],"portraits":["https:\/\/meeplendice.net\/wp-content\/uploads\/2021\/07\/HdP_Petit_Frere.png",350,350,false],"thumbnail":["https:\/\/meeplendice.net\/wp-content\/uploads\/2021\/07\/HdP_Petit_Frere-150x150.png",150,150,true],"medium":["https:\/\/meeplendice.net\/wp-content\/uploads\/2021\/07\/HdP_Petit_Frere-300x300.png",300,300,true],"large":["https:\/\/meeplendice.net\/wp-content\/uploads\/2021\/07\/HdP_Petit_Frere.png",350,350,false],"ug_big":["https:\/\/meeplendice.net\/wp-content\/uploads\/2021\/07\/HdP_Petit_Frere.png",350,350,false],"1536x1536":["https:\/\/meeplendice.net\/wp-content\/uploads\/2021\/07\/HdP_Petit_Frere.png",350,350,false],"2048x2048":["https:\/\/meeplendice.net\/wp-content\/uploads\/2021\/07\/HdP_Petit_Frere.png",350,350,false],"ashe-slider-grid-thumbnail":["https:\/\/meeplendice.net\/wp-content\/uploads\/2021\/07\/HdP_Petit_Frere.png",350,350,false],"ashe-full-thumbnail":["https:\/\/meeplendice.net\/wp-content\/uploads\/2021\/07\/HdP_Petit_Frere.png",350,350,false],"ashe-grid-thumbnail":["https:\/\/meeplendice.net\/wp-content\/uploads\/2021\/07\/HdP_Petit_Frere-350x330.png",350,330,true],"ashe-list-thumbnail":["https:\/\/meeplendice.net\/wp-content\/uploads\/2021\/07\/HdP_Petit_Frere-300x300.png",300,300,true],"ashe-single-navigation":["https:\/\/meeplendice.net\/wp-content\/uploads\/2021\/07\/HdP_Petit_Frere-75x75.png",75,75,true],"mailpoet_newsletter_max":["https:\/\/meeplendice.net\/wp-content\/uploads\/2021\/07\/HdP_Petit_Frere.png",350,350,false],"rpwe-thumbnail":["https:\/\/meeplendice.net\/wp-content\/uploads\/2021\/07\/HdP_Petit_Frere-45x45.png",45,45,true],"sow-carousel-default":["https:\/\/meeplendice.net\/wp-content\/uploads\/2021\/07\/HdP_Petit_Frere-272x182.png",272,182,true],"rt_custom":["https:\/\/meeplendice.net\/wp-content\/uploads\/2021\/07\/HdP_Petit_Frere.png",350,350,false]},"rttpg_author":{"display_name":"Karnby","author_link":"https:\/\/meeplendice.net\/?author=2"},"rttpg_comment":0,"rttpg_category":null,"rttpg_excerpt":"Petit fr\u00e8re est une extension pour Histoire de Peluches, un jeu Livre d&rsquo;Aventure tr\u00e8s appr\u00e9ci\u00e9 du public. Se d\u00e9roulant quelques ann\u00e9es apr\u00e8s le r\u00e9cit d&rsquo;origine, elle met en sc\u00e8ne le fr\u00e8re cadet de la fillette et sa peluche favorite : Pouic-Pouic la licorne. Avec l&rsquo;aide de son ami Goliath, une figurine articul\u00e9e tout en muscles\u2026","_links":{"self":[{"href":"https:\/\/meeplendice.net\/index.php?rest_route=\/wp\/v2\/pages\/8643","targetHints":{"allow":["GET"]}}],"collection":[{"href":"https:\/\/meeplendice.net\/index.php?rest_route=\/wp\/v2\/pages"}],"about":[{"href":"https:\/\/meeplendice.net\/index.php?rest_route=\/wp\/v2\/types\/page"}],"author":[{"embeddable":true,"href":"https:\/\/meeplendice.net\/index.php?rest_route=\/wp\/v2\/users\/2"}],"replies":[{"embeddable":true,"href":"https:\/\/meeplendice.net\/index.php?rest_route=%2Fwp%2Fv2%2Fcomments&post=8643"}],"version-history":[{"count":3,"href":"https:\/\/meeplendice.net\/index.php?rest_route=\/wp\/v2\/pages\/8643\/revisions"}],"predecessor-version":[{"id":8646,"href":"https:\/\/meeplendice.net\/index.php?rest_route=\/wp\/v2\/pages\/8643\/revisions\/8646"}],"up":[{"embeddable":true,"href":"https:\/\/meeplendice.net\/index.php?rest_route=\/wp\/v2\/pages\/4707"}],"wp:featuredmedia":[{"embeddable":true,"href":"https:\/\/meeplendice.net\/index.php?rest_route=\/wp\/v2\/media\/8430"}],"wp:attachment":[{"href":"https:\/\/meeplendice.net\/index.php?rest_route=%2Fwp%2Fv2%2Fmedia&parent=8643"}],"curies":[{"name":"wp","href":"https:\/\/api.w.org\/{rel}","templated":true}]}}